{"id":1967,"date":"2018-08-01T06:11:23","date_gmt":"2018-08-01T04:11:23","guid":{"rendered":"https:\/\/www.topohvar.at\/?page_id=1967"},"modified":"2024-11-24T15:10:21","modified_gmt":"2024-11-24T14:10:21","slug":"do-tg-02-2","status":"publish","type":"page","link":"https:\/\/www.topohvar.at\/topo\/orte\/do\/do-tg-02-2\/","title":{"rendered":"DOL &#8211; Zgrada javna \u00bbOsnovna \u0161kola\u00ab"},"content":{"rendered":"<p><a name=\"seite_oben\"><\/a><br \/>\n<img loading=\"lazy\" decoding=\"async\" class=\"alignnone wp-image-1959 size-large\" src=\"https:\/\/www.topohvar.at\/wp-content\/uploads\/2018\/08\/DO-TG-02-1-1024x503.jpg\" alt=\"\" width=\"640\" height=\"314\" srcset=\"https:\/\/www.topohvar.at\/wp-content\/uploads\/2018\/08\/DO-TG-02-1-1024x503.jpg 1024w, https:\/\/www.topohvar.at\/wp-content\/uploads\/2018\/08\/DO-TG-02-1-300x147.jpg 300w, https:\/\/www.topohvar.at\/wp-content\/uploads\/2018\/08\/DO-TG-02-1-768x377.jpg 768w\" sizes=\"auto, (max-width: 640px) 100vw, 640px\" \/><\/p>\n<p><strong>Ime \/ Name<br \/>\n<\/strong>Zgrada javna \u00bbOsnovna \u0161kola\u00ab \/ Grundschule<\/p>\n<p><strong>Code: <\/strong>DO-TG-02\u00a0 \u00a0 \u00a0 \u00a0 \u00a0 \u00a0 \u00a0 \u00a0 \u00a0 \u00a0 \u00a0 \u00a0 \u00a0 \u00a0 \u00a0 \u00a0 \u00a0 \u00a0\u00a0<strong><a href=\"https:\/\/www.topohvar.at\/orte\/do\/do-tg-01-2\/\"><img loading=\"lazy\" decoding=\"async\" class=\"alignnone wp-image-533 size-full\" src=\"https:\/\/www.topohvar.at\/wp-content\/uploads\/2018\/07\/push-l-30.jpg\" alt=\"\" width=\"61\" height=\"30\" \/><\/a> <a href=\"https:\/\/www.topohvar.at\/orte\/do\/\"><img loading=\"lazy\" decoding=\"async\" class=\"alignnone wp-image-535 size-full\" src=\"https:\/\/www.topohvar.at\/wp-content\/uploads\/2018\/07\/push-o-30.jpg\" alt=\"\" width=\"61\" height=\"30\" \/><\/a> <a href=\"https:\/\/www.topohvar.at\/orte\/do\/do-tg-08-2\/\"><img loading=\"lazy\" decoding=\"async\" class=\"alignnone wp-image-536 size-full\" src=\"https:\/\/www.topohvar.at\/wp-content\/uploads\/2018\/07\/push-r-30.jpg\" alt=\"\" width=\"61\" height=\"30\" \/><\/a><\/strong><\/p>\n<hr \/>\n<p><strong>Adresa \/ Adresse<br \/>\n<\/strong>Dol &#8211; Sv. Mihovil, Glavica 8<\/p>\n<p><strong>Lokalna polo\u017eaj \/ Position<a href=\"https:\/\/goo.gl\/maps\/tPnruqWPgaQvurSu5\"><img loading=\"lazy\" decoding=\"async\" class=\"alignright wp-image-1981\" src=\"https:\/\/www.topohvar.at\/wp-content\/uploads\/2018\/08\/0093.jpg\" alt=\"\" width=\"134\" height=\"100\" \/><\/a><br \/>\n<\/strong><span style=\"color: #3366ff;\"><a style=\"color: #3366ff;\" href=\"https:\/\/goo.gl\/maps\/tPnruqWPgaQvurSu5\">Latitude: N 43,16829\u00b0\u00a0 \u00a0Longitude: E 16,61804\u00b0<\/a> <\/span><strong><br \/>\n<\/strong>Visina \/ H\u00f6he: 122 m<\/p>\n<p><strong>Zemlji\u0161te \/ Grundst\u00fccke<br \/>\n<\/strong>*289<div class='content-column one_half'><div style=\"padding-right:6px;\"><p><strong>Datum snimanja \/ Erfassungsdatum<br \/>\n<\/strong>16.05.2015 10:32:50<\/p>\n<hr \/>\n<p><strong>Informacije<\/strong><\/p>\n<p>Podru\u010dnoj \u0161koli Petra Hektorovi\u0107a u Starom Gradu.<\/p><\/div><\/div><div class='content-column one_half last_column'><div style=\"padding-right:0px;padding-left:6px;\"><p><strong>Za\u0161titni polo\u017eaj \/ Schutzstellung<br \/>\n<\/strong>&#8211;<\/p>\n<hr \/>\n<p><strong>Info<\/strong><\/p>\n<p>Die Schule ist Au\u00dfenstelle der Schule Peter Hektorovi\u0107 in Stari Grad.<\/p><\/div><\/div><div class='clear_column'><\/div><div class='content-column one_half'><div style=\"padding-right:6px;\"><p>U Dolu je ona osnovana 1878., iako se o \u0161kolovanju djece jo\u0161 od 1834. brinuo dolski \u017eupnik. Prvi svjetovni u\u010ditelj u dolskoj \u0161koli te 1878. godine bio je Nikola Ru\u017eevi\u0107. Prva \u0161kola bila je na mjestu dana\u0161nje vjeronau\u010dne dvorane, ali zbog pove\u0107anja broja djece za vrijeme \u017eupnika don Jurja Cari\u0107a sagra\u0111ena je nova \u0161kola koja tu funkciju obavlja i danas.<\/p><\/div><\/div><div class='content-column one_half last_column'><div style=\"padding-right:0px;padding-left:6px;\"><p>In Dol wurde die Schule 1878 gegr\u00fcndet, obwohl der Pfarrer von Dol seit 1834 f\u00fcr die Erziehung von Kindern zust\u00e4ndig war. Der erste weltliche Lehrer\u00a0 war 1878 Nikolaus Ru\u017eevi\u0107. Die erste Schule befand sich auf dem Gel\u00e4nde des heutigen Pfarrsaals. Wegen der Zunahme der Kinderzahl wurde w\u00e4hrend des Pfarrers Don Jurja Cari\u0107 die neue Schule gebaut, die heute noch in Betrieb ist.<\/p><\/div><\/div><div class='clear_column'><\/div><div class='content-column one_half'><div style=\"padding-right:6px;\"><p>O brojnosti \u0161kolske djece svjedo\u010di podatak iz 1914. koji govori da je tu \u0161kolsku godinu dolsku \u0161kolu poha\u0111alo 58 mu\u0161ke i 39 \u017eenske djece u 4 razreda osnovne \u0161kole.<\/p><\/div><\/div><div class='content-column one_half last_column'><div style=\"padding-right:0px;padding-left:6px;\"><p>\u00dcber die Sch\u00fclerzahl geht aus den Daten von 1914 hervor, dass in diesem Jahr 58 Buben und 39 M\u00e4dchen in 4 Klassen der Grundschule besuchten.<\/p><\/div><\/div><div class='clear_column'><\/div><\/p>\n<p style=\"text-align: right;\"><img loading=\"lazy\" decoding=\"async\" class=\"aligncenter wp-image-50473 size-full\" src=\"https:\/\/www.topohvar.at\/wp-content\/uploads\/2021\/06\/do-tg-02-11.jpg\" alt=\"\" width=\"447\" height=\"300\" srcset=\"https:\/\/www.topohvar.at\/wp-content\/uploads\/2021\/06\/do-tg-02-11.jpg 447w, https:\/\/www.topohvar.at\/wp-content\/uploads\/2021\/06\/do-tg-02-11-300x201.jpg 300w\" sizes=\"auto, (max-width: 447px) 100vw, 447px\" \/><a href=\"#seite_oben\">natrag na vrh \/ Seitenanfang<\/a><\/p>\n<hr \/>\n<p><strong>Linkovi \/ Links<\/strong><\/p>\n<p>&#8211;<\/p>\n","protected":false},"excerpt":{"rendered":"<p>Ime \/ Name Zgrada javna \u00bbOsnovna \u0161kola\u00ab \/ Grundschule Code: DO-TG-02\u00a0 \u00a0 \u00a0 \u00a0 \u00a0 \u00a0 \u00a0 \u00a0 \u00a0 \u00a0 \u00a0 \u00a0 \u00a0 \u00a0 \u00a0 \u00a0 \u00a0 \u00a0\u00a0 Adresa \/ Adresse Dol &#8211; Sv. Mihovil, Glavica 8 Lokalna polo\u017eaj \/ &hellip; <a href=\"https:\/\/www.topohvar.at\/topo\/orte\/do\/do-tg-02-2\/\">Weiterlesen <span class=\"meta-nav\">&rarr;<\/span><\/a><\/p>\n","protected":false},"author":1,"featured_media":0,"parent":68,"menu_order":0,"comment_status":"closed","ping_status":"closed","template":"","meta":{"footnotes":""},"class_list":["post-1967","page","type-page","status-publish","hentry"],"_links":{"self":[{"href":"https:\/\/www.topohvar.at\/topo\/wp-json\/wp\/v2\/pages\/1967","targetHints":{"allow":["GET"]}}],"collection":[{"href":"https:\/\/www.topohvar.at\/topo\/wp-json\/wp\/v2\/pages"}],"about":[{"href":"https:\/\/www.topohvar.at\/topo\/wp-json\/wp\/v2\/types\/page"}],"author":[{"embeddable":true,"href":"https:\/\/www.topohvar.at\/topo\/wp-json\/wp\/v2\/users\/1"}],"replies":[{"embeddable":true,"href":"https:\/\/www.topohvar.at\/topo\/wp-json\/wp\/v2\/comments?post=1967"}],"version-history":[{"count":10,"href":"https:\/\/www.topohvar.at\/topo\/wp-json\/wp\/v2\/pages\/1967\/revisions"}],"predecessor-version":[{"id":70564,"href":"https:\/\/www.topohvar.at\/topo\/wp-json\/wp\/v2\/pages\/1967\/revisions\/70564"}],"up":[{"embeddable":true,"href":"https:\/\/www.topohvar.at\/topo\/wp-json\/wp\/v2\/pages\/68"}],"wp:attachment":[{"href":"https:\/\/www.topohvar.at\/topo\/wp-json\/wp\/v2\/media?parent=1967"}],"curies":[{"name":"wp","href":"https:\/\/api.w.org\/{rel}","templated":true}]}}