{"id":1969,"date":"2018-08-01T06:12:26","date_gmt":"2018-08-01T04:12:26","guid":{"rendered":"https:\/\/www.topohvar.at\/?page_id=1969"},"modified":"2021-06-08T18:09:38","modified_gmt":"2021-06-08T16:09:38","slug":"do-tg-03-2","status":"publish","type":"page","link":"https:\/\/www.topohvar.at\/topo\/orte\/do\/do-tg-03-2\/","title":{"rendered":"DOL &#8211; Zgrada \u00bbRodna ku\u0107a Petra Kun\u010di\u0107a\u00ab"},"content":{"rendered":"<p><img loading=\"lazy\" decoding=\"async\" class=\"alignnone wp-image-1960 size-large\" src=\"https:\/\/www.topohvar.at\/wp-content\/uploads\/2018\/08\/DO-TG-03-1-1024x503.jpg\" alt=\"\" width=\"640\" height=\"314\" srcset=\"https:\/\/www.topohvar.at\/wp-content\/uploads\/2018\/08\/DO-TG-03-1-1024x503.jpg 1024w, https:\/\/www.topohvar.at\/wp-content\/uploads\/2018\/08\/DO-TG-03-1-300x147.jpg 300w, https:\/\/www.topohvar.at\/wp-content\/uploads\/2018\/08\/DO-TG-03-1-768x377.jpg 768w\" sizes=\"auto, (max-width: 640px) 100vw, 640px\" \/><\/p>\n<p><strong>Ime \/ Name<br \/>\n<\/strong>Zgrada \u00bbRodna ku\u0107a Petra Kun\u010di\u0107a\u00ab \/ Geburtshaus des Peter Kun\u010di\u0107<\/p>\n<p><strong>Code: <\/strong>DO-TG-03\u00a0 \u00a0 \u00a0 \u00a0 \u00a0 \u00a0 \u00a0 \u00a0 \u00a0 \u00a0 \u00a0 \u00a0 \u00a0 \u00a0 \u00a0 \u00a0 \u00a0 \u00a0\u00a0<strong><a href=\"https:\/\/www.topohvar.at\/orte\/do\/do-tg-06-2\/\"><img loading=\"lazy\" decoding=\"async\" class=\"alignnone wp-image-533 size-full\" src=\"https:\/\/www.topohvar.at\/wp-content\/uploads\/2018\/07\/push-l-30.jpg\" alt=\"\" width=\"61\" height=\"30\" \/><\/a> <a href=\"https:\/\/www.topohvar.at\/orte\/do\/\"><img loading=\"lazy\" decoding=\"async\" class=\"alignnone wp-image-535 size-full\" src=\"https:\/\/www.topohvar.at\/wp-content\/uploads\/2018\/07\/push-o-30.jpg\" alt=\"\" width=\"61\" height=\"30\" \/><\/a> <a href=\"https:\/\/www.topohvar.at\/orte\/do\/do-tg-07-1\/\"><img loading=\"lazy\" decoding=\"async\" class=\"alignnone wp-image-536 size-full\" src=\"https:\/\/www.topohvar.at\/wp-content\/uploads\/2018\/07\/push-r-30.jpg\" alt=\"\" width=\"61\" height=\"30\" \/><\/a><\/strong><\/p>\n<hr \/>\n<p><strong>Adresa \/ Adresse<br \/>\n<\/strong>Dol &#8211; Sv. Marije, Sansovi\u0107a Dvor 20<\/p>\n<p><strong>Lokalna polo\u017eaj \/ Position<a href=\"https:\/\/goo.gl\/maps\/vTbVbV24s3TZaiKM9\"><img loading=\"lazy\" decoding=\"async\" class=\"alignright wp-image-1784\" src=\"https:\/\/www.topohvar.at\/wp-content\/uploads\/2018\/07\/0084.jpg\" alt=\"\" width=\"134\" height=\"100\" \/><\/a><br \/>\n<\/strong><span style=\"color: #3366ff;\"><a style=\"color: #3366ff;\" href=\"https:\/\/goo.gl\/maps\/vTbVbV24s3TZaiKM9\">Latitude: N 43,16975\u00b0\u00a0 \u00a0Longitude: E 16,61513\u00b0<\/a> <\/span><strong><br \/>\n<\/strong>Visina \/ H\u00f6he: 81 m<\/p>\n<p><strong>Zemlji\u0161te \/ Grundst\u00fccke<br \/>\n<\/strong>*109\/3<div class='content-column one_half'><div style=\"padding-right:6px;\"><p><strong>Datum snimanja \/ Erfassungsdatum<br \/>\n<\/strong>21.05.2016 10:37:00<\/p>\n<hr \/>\n<p><strong>Informacije<\/strong><\/p>\n<p>Rodna ku\u0107a u\u010ditelja, pisca i pjesnika Petra Kuni\u010di\u0107a\u00a0(1862.-1940.)<\/p><\/div><\/div><div class='content-column one_half last_column'><div style=\"padding-right:0px;padding-left:6px;\"><p><strong>Za\u0161titni polo\u017eaj \/ Schutzstellung<br \/>\n<\/strong>&#8211;<\/p>\n<hr \/>\n<p><strong>Info<\/strong><\/p>\n<p>Geburtshaus des Lehrers, Schriftstellers und Dichters Petar Kuni\u010di\u0107 (1862-1940).<\/p><\/div><\/div><div class='clear_column'><\/div><\/p>\n<hr \/>\n<p><strong>Linkovi \/ Links<\/strong><\/p>\n<p><span style=\"color: #3366ff;\"><a style=\"color: #3366ff;\" href=\"https:\/\/www.topohvar.at\/topo\/orte\/do\/do-is-02-2\/\">Spomen plo\u010da \u00bbPetra Kun\u010di\u0107a\u00ab \/ Gedenktafel Peter\u00a0Kun\u010di\u0107<\/a><\/span><\/p>\n","protected":false},"excerpt":{"rendered":"<p>Ime \/ Name Zgrada \u00bbRodna ku\u0107a Petra Kun\u010di\u0107a\u00ab \/ Geburtshaus des Peter Kun\u010di\u0107 Code: DO-TG-03\u00a0 \u00a0 \u00a0 \u00a0 \u00a0 \u00a0 \u00a0 \u00a0 \u00a0 \u00a0 \u00a0 \u00a0 \u00a0 \u00a0 \u00a0 \u00a0 \u00a0 \u00a0\u00a0 Adresa \/ Adresse Dol &#8211; Sv. Marije, Sansovi\u0107a &hellip; <a href=\"https:\/\/www.topohvar.at\/topo\/orte\/do\/do-tg-03-2\/\">Weiterlesen <span class=\"meta-nav\">&rarr;<\/span><\/a><\/p>\n","protected":false},"author":1,"featured_media":0,"parent":68,"menu_order":0,"comment_status":"closed","ping_status":"closed","template":"","meta":{"footnotes":""},"class_list":["post-1969","page","type-page","status-publish","hentry"],"_links":{"self":[{"href":"https:\/\/www.topohvar.at\/topo\/wp-json\/wp\/v2\/pages\/1969","targetHints":{"allow":["GET"]}}],"collection":[{"href":"https:\/\/www.topohvar.at\/topo\/wp-json\/wp\/v2\/pages"}],"about":[{"href":"https:\/\/www.topohvar.at\/topo\/wp-json\/wp\/v2\/types\/page"}],"author":[{"embeddable":true,"href":"https:\/\/www.topohvar.at\/topo\/wp-json\/wp\/v2\/users\/1"}],"replies":[{"embeddable":true,"href":"https:\/\/www.topohvar.at\/topo\/wp-json\/wp\/v2\/comments?post=1969"}],"version-history":[{"count":10,"href":"https:\/\/www.topohvar.at\/topo\/wp-json\/wp\/v2\/pages\/1969\/revisions"}],"predecessor-version":[{"id":49789,"href":"https:\/\/www.topohvar.at\/topo\/wp-json\/wp\/v2\/pages\/1969\/revisions\/49789"}],"up":[{"embeddable":true,"href":"https:\/\/www.topohvar.at\/topo\/wp-json\/wp\/v2\/pages\/68"}],"wp:attachment":[{"href":"https:\/\/www.topohvar.at\/topo\/wp-json\/wp\/v2\/media?parent=1969"}],"curies":[{"name":"wp","href":"https:\/\/api.w.org\/{rel}","templated":true}]}}