{"id":1971,"date":"2018-08-01T06:13:32","date_gmt":"2018-08-01T04:13:32","guid":{"rendered":"https:\/\/www.topohvar.at\/?page_id=1971"},"modified":"2024-06-06T14:58:41","modified_gmt":"2024-06-06T12:58:41","slug":"do-tg-04-2","status":"publish","type":"page","link":"https:\/\/www.topohvar.at\/topo\/orte\/do\/do-tg-04-2\/","title":{"rendered":"DOL &#8211; Zgrada \u00bbOstoji\u0107a mlin\u00ab"},"content":{"rendered":"<p><img loading=\"lazy\" decoding=\"async\" class=\"alignnone wp-image-1961 size-large\" src=\"https:\/\/www.topohvar.at\/wp-content\/uploads\/2018\/08\/DO-TG-04-1-1024x503.jpg\" alt=\"\" width=\"640\" height=\"314\" srcset=\"https:\/\/www.topohvar.at\/wp-content\/uploads\/2018\/08\/DO-TG-04-1-1024x503.jpg 1024w, https:\/\/www.topohvar.at\/wp-content\/uploads\/2018\/08\/DO-TG-04-1-300x147.jpg 300w, https:\/\/www.topohvar.at\/wp-content\/uploads\/2018\/08\/DO-TG-04-1-768x377.jpg 768w\" sizes=\"auto, (max-width: 640px) 100vw, 640px\" \/><\/p>\n<p><strong>Ime \/ Name<br \/>\n<\/strong>Zgrada \u00bbOstoji\u0107a mlin\u00ab \/ Ostoji\u0107-M\u00fchle<\/p>\n<p><strong>Code: <\/strong>DO-TG-04 (E-B5-6) \u00a0 \u00a0 \u00a0 \u00a0 \u00a0 \u00a0 \u00a0 \u00a0 \u00a0 \u00a0 \u00a0 \u00a0 \u00a0 \u00a0 \u00a0 \u00a0 \u00a0 \u00a0<strong><a href=\"https:\/\/www.topohvar.at\/orte\/do\/do-tg-07-1\/\"><img loading=\"lazy\" decoding=\"async\" class=\"alignnone wp-image-533 size-full\" src=\"https:\/\/www.topohvar.at\/wp-content\/uploads\/2018\/07\/push-l-30.jpg\" alt=\"\" width=\"61\" height=\"30\" \/><\/a> <a href=\"https:\/\/www.topohvar.at\/orte\/do\/\"><img loading=\"lazy\" decoding=\"async\" class=\"alignnone wp-image-535 size-full\" src=\"https:\/\/www.topohvar.at\/wp-content\/uploads\/2018\/07\/push-o-30.jpg\" alt=\"\" width=\"61\" height=\"30\" \/><\/a> <a href=\"https:\/\/www.topohvar.at\/orte\/do\/do-tg-05-1\/\"><img loading=\"lazy\" decoding=\"async\" class=\"alignnone wp-image-536 size-full\" src=\"https:\/\/www.topohvar.at\/wp-content\/uploads\/2018\/07\/push-r-30.jpg\" alt=\"\" width=\"61\" height=\"30\" \/><\/a><\/strong><\/p>\n<hr \/>\n<p><strong>Adresa \/ Adresse<br \/>\n<\/strong>Dol, Polje, Jorine<\/p>\n<p><strong>Lokalna polo\u017eaj \/ Position<a href=\"https:\/\/goo.gl\/maps\/YBH4dPM3zNnZtL47A\"><img loading=\"lazy\" decoding=\"async\" class=\"alignright wp-image-1974\" src=\"https:\/\/www.topohvar.at\/wp-content\/uploads\/2018\/08\/0090.jpg\" alt=\"\" width=\"134\" height=\"100\" \/><\/a><br \/>\n<\/strong><span style=\"color: #3366ff;\"><a style=\"color: #3366ff;\" href=\"https:\/\/goo.gl\/maps\/YBH4dPM3zNnZtL47A\">Latitude: N 43,17527\u00b0\u00a0 \u00a0Longitude: E 16,61358\u00b0<\/a> <\/span><strong><br \/>\n<\/strong>Visina \/ H\u00f6he: 41 m<\/p>\n<p><strong>Zemlji\u0161te \/ Grundst\u00fccke<br \/>\n<\/strong>*194\/1<div class='content-column one_half'><div style=\"padding-right:6px;\"><p><strong>Datum snimanja \/ Erfassungsdatum<br \/>\n<\/strong>14.05.2012 16:15:00<\/p>\n<hr \/>\n<p><strong>Informacije<\/strong><\/p>\n<p>Na podru\u010dju Jorine ispod Dola i danas postoje ostaci zgrade mlina zvanog Ostoji\u0107a mlin \u010diji je vlasnik po\u010detkom 19. stolje\u0107a bio dr. Ostoji\u0107. Vozio ju je potok Vir, koji je u to vrijeme kad po brdima nije bilo toliko vegetacije bila puno bogatija vodom i mogu\u0107e da je radila ve\u0107i dio godine. Drugi vodeni mlin na otoku bio je ispod Pitavskog vira kod Jelse.<\/p><\/div><\/div><div class='content-column one_half last_column'><div style=\"padding-right:0px;padding-left:6px;\"><p><strong>Za\u0161titni polo\u017eaj \/ Schutzstellung<br \/>\n<\/strong>&#8211;<\/p>\n<hr \/>\n<p><strong>Info<\/strong><\/p>\n<p>In der Gegend von Jorina unterhalb von Dol gibt es heute noch \u00dcberreste eines M\u00fchlengeb\u00e4udes namens Ostojic M\u00fchle, das einem Dr. Ostojic im fr\u00fchen 19. Jahrhundert geh\u00f6rte. Sie wurde von dem Bach Vir angetrieben, der damals, als es auf den H\u00fcgeln nicht so viel Vegetation gab, viel wasserreicher war und m\u00f6glicherweise den gr\u00f6\u00dften Teil des Jahres arbeitete. Die zweite Wasserm\u00fchle auf der Insel befand sich unterhalb der Pitava-Quelle in der N\u00e4he von Jelsa.<\/p><\/div><\/div><div class='clear_column'><\/div><\/p>\n<p style=\"text-align: center;\"><em>(Izvor \/ Quelle: Konzervatorska podloga kulturnog krajolika Starogradsko polje)<\/em><\/p>\n<div class='content-column one_half'><div style=\"padding-right:6px;\"><p>Vlasnik mlina je isti onaj dr. Ostoji\u0107 koji je posjedovao ladanjsku ku\u0107u na Budinjcu zvanu Likorova ku\u0107a. Danas samo ru\u0161evine.\u00a0Lije\u010dnik i posjednik Petra Ostoji\u0107a (1780-1851), koji je prvi na otoku 1810. (nakon smrti supruge Marijanke, ina\u010de sestre znamenitog Petra Nisitea) sagradio vodeni mlin u Jorinama (kod Dola), a koji je \u010dini se sbog smanjene koli\u010dine oborina, negdje sredinom 19. stolje\u0107a prestao s radom.<\/p><\/div><\/div><div class='content-column one_half last_column'><div style=\"padding-right:0px;padding-left:6px;\"><p>Der Besitzer der M\u00fchle war der gleiche Dr. Ostoji\u0107, dem ein Landhaus in Budinjac, genannt \u201eLikorova ku\u0107a\u201c, geh\u00f6rte. Heute nur noch eine Ruine. Der Arzt und Eigent\u00fcmer Peter Ostoji\u0107 (1780-1851), kam 1810 auf die Insel (nach dem Tod seiner Frau Marijanka, der Schwester des bedeutenden Peter Nisitea) und baute eine Wasserm\u00fchle in Jorinama (bei Dol), die aber wegen des geringen Niederschlags, irgendwo in der Mitte des 19. Jahrhunderts aufgeh\u00f6rt hatte zu arbeiten.<\/p><\/div><\/div><div class='clear_column'><\/div><div class='content-column one_half'><div style=\"padding-right:6px;\"><p>Dr. Peter Ostoji\u0107 po\u010detkom 1840-ih, na velikom posjedu ju\u017eno od crkve sv. Nikole, sagradio je malu ladanjsku ku\u0107u s kamenim bazenom u obliku broda.<\/p><\/div><\/div><div class='content-column one_half last_column'><div style=\"padding-right:0px;padding-left:6px;\"><p>Dr. Peter Ostoji\u0107 baute in den fr\u00fchen 1840er Jahren auf einem gro\u00dfen Anwesen s\u00fcdlich der Kirche zum hl. Nikolaus ein kleines Landhaus mit ein steinernes Wasserbecken in Form eines Schiffes.<\/p><\/div><\/div><div class='clear_column'><\/div><\/p>\n<p style=\"text-align: center;\"><em>(Izvor \/ Quelle: Tartajun)<\/em><\/p>\n<hr \/>\n<p><strong>Linkovi \/ Links<\/strong><\/p>\n<p><span style=\"color: #3366ff;\"><a style=\"color: #3366ff;\" href=\"https:\/\/www.topohvar.at\/topo\/orte\/sg\/sg-tg-09-1\/\">Likorova ku\u0107a \/ Haus Likorov<\/a><br \/>\n<a style=\"color: #3366ff;\" href=\"https:\/\/www.topohvar.at\/topo\/orte\/sg\/sg-op-02-2\/\">Kameni bazen \/ steinernes Wasserbecken<\/a><br \/>\n<a style=\"color: #3366ff;\" href=\"https:\/\/www.topohvar.at\/topo\/orte\/sg\/sg-tg-47-1\/\">Ladanjska ku\u0107a Ostoji\u0107a \/ Landhaus Ostoji\u0107<\/a><br \/>\n<\/span><\/p>\n","protected":false},"excerpt":{"rendered":"<p>Ime \/ Name Zgrada \u00bbOstoji\u0107a mlin\u00ab \/ Ostoji\u0107-M\u00fchle Code: DO-TG-04 (E-B5-6) \u00a0 \u00a0 \u00a0 \u00a0 \u00a0 \u00a0 \u00a0 \u00a0 \u00a0 \u00a0 \u00a0 \u00a0 \u00a0 \u00a0 \u00a0 \u00a0 \u00a0 \u00a0 Adresa \/ Adresse Dol, Polje, Jorine Lokalna polo\u017eaj \/ Position Latitude: &hellip; <a href=\"https:\/\/www.topohvar.at\/topo\/orte\/do\/do-tg-04-2\/\">Weiterlesen <span class=\"meta-nav\">&rarr;<\/span><\/a><\/p>\n","protected":false},"author":1,"featured_media":0,"parent":68,"menu_order":0,"comment_status":"closed","ping_status":"closed","template":"","meta":{"footnotes":""},"class_list":["post-1971","page","type-page","status-publish","hentry"],"_links":{"self":[{"href":"https:\/\/www.topohvar.at\/topo\/wp-json\/wp\/v2\/pages\/1971","targetHints":{"allow":["GET"]}}],"collection":[{"href":"https:\/\/www.topohvar.at\/topo\/wp-json\/wp\/v2\/pages"}],"about":[{"href":"https:\/\/www.topohvar.at\/topo\/wp-json\/wp\/v2\/types\/page"}],"author":[{"embeddable":true,"href":"https:\/\/www.topohvar.at\/topo\/wp-json\/wp\/v2\/users\/1"}],"replies":[{"embeddable":true,"href":"https:\/\/www.topohvar.at\/topo\/wp-json\/wp\/v2\/comments?post=1971"}],"version-history":[{"count":17,"href":"https:\/\/www.topohvar.at\/topo\/wp-json\/wp\/v2\/pages\/1971\/revisions"}],"predecessor-version":[{"id":68250,"href":"https:\/\/www.topohvar.at\/topo\/wp-json\/wp\/v2\/pages\/1971\/revisions\/68250"}],"up":[{"embeddable":true,"href":"https:\/\/www.topohvar.at\/topo\/wp-json\/wp\/v2\/pages\/68"}],"wp:attachment":[{"href":"https:\/\/www.topohvar.at\/topo\/wp-json\/wp\/v2\/media?parent=1971"}],"curies":[{"name":"wp","href":"https:\/\/api.w.org\/{rel}","templated":true}]}}