{"id":2010,"date":"2018-08-01T07:33:34","date_gmt":"2018-08-01T05:33:34","guid":{"rendered":"https:\/\/www.topohvar.at\/?page_id=2010"},"modified":"2022-03-14T18:04:49","modified_gmt":"2022-03-14T17:04:49","slug":"do-tr-02-2","status":"publish","type":"page","link":"https:\/\/www.topohvar.at\/topo\/orte\/do\/do-tr-02-2\/","title":{"rendered":"DOL &#8211; Trim \u00bbDO-TR-02\u00ab"},"content":{"rendered":"<p><a name=\"seite_oben\"><\/a><br \/>\n<img loading=\"lazy\" decoding=\"async\" class=\"alignnone wp-image-22346 size-large\" src=\"https:\/\/www.topohvar.at\/wp-content\/uploads\/2019\/05\/do-tr-02-2-1024x503.jpg\" alt=\"\" width=\"640\" height=\"314\" srcset=\"https:\/\/www.topohvar.at\/wp-content\/uploads\/2019\/05\/do-tr-02-2-1024x503.jpg 1024w, https:\/\/www.topohvar.at\/wp-content\/uploads\/2019\/05\/do-tr-02-2-300x147.jpg 300w, https:\/\/www.topohvar.at\/wp-content\/uploads\/2019\/05\/do-tr-02-2-768x377.jpg 768w, https:\/\/www.topohvar.at\/wp-content\/uploads\/2019\/05\/do-tr-02-2.jpg 1080w\" sizes=\"auto, (max-width: 640px) 100vw, 640px\" \/><\/p>\n<p><strong>Ime \/ Name<br \/>\n<\/strong>Trim \u00bbDO-TR-02\u00ab<\/p>\n<p><strong>Code: <\/strong>DO-TR-02\u00a0 \u00a0 \u00a0 \u00a0 \u00a0 \u00a0 \u00a0 \u00a0 \u00a0 \u00a0 \u00a0 \u00a0 \u00a0 \u00a0 \u00a0 \u00a0 \u00a0 \u00a0\u00a0<strong><a href=\"https:\/\/www.topohvar.at\/orte\/do\/do-tr-00-2\/\"><img loading=\"lazy\" decoding=\"async\" class=\"alignnone wp-image-12300 size-full\" src=\"https:\/\/www.topohvar.at\/wp-content\/uploads\/2018\/09\/push-vor-30.jpg\" alt=\"\" width=\"61\" height=\"30\" \/><\/a> <a href=\"https:\/\/www.topohvar.at\/orte\/do\/do-tr-06-2\/\"><img loading=\"lazy\" decoding=\"async\" class=\"alignnone wp-image-533 size-full\" src=\"https:\/\/www.topohvar.at\/wp-content\/uploads\/2018\/07\/push-l-30.jpg\" alt=\"\" width=\"61\" height=\"30\" \/><\/a> <a href=\"https:\/\/www.topohvar.at\/orte\/do\/\"><img loading=\"lazy\" decoding=\"async\" class=\"alignnone wp-image-535 size-full\" src=\"https:\/\/www.topohvar.at\/wp-content\/uploads\/2018\/07\/push-o-30.jpg\" alt=\"\" width=\"61\" height=\"30\" \/><\/a> <a href=\"https:\/\/www.topohvar.at\/orte\/do\/do-tr-20-1\/\"><img loading=\"lazy\" decoding=\"async\" class=\"alignnone wp-image-536 size-full\" src=\"https:\/\/www.topohvar.at\/wp-content\/uploads\/2018\/07\/push-r-30.jpg\" alt=\"\" width=\"61\" height=\"30\" \/><\/a><\/strong><\/p>\n<hr \/>\n<p><strong>Adresa \/ Adresse<br \/>\n<\/strong>Dol, na putu prema Borovika \/ am Weg nach Borovik<\/p>\n<p><strong>Lokacija \/ Position<a href=\"https:\/\/goo.gl\/maps\/6cCt1bUkrShLXzwx7\"><img loading=\"lazy\" decoding=\"async\" class=\"alignright wp-image-22355\" src=\"https:\/\/www.topohvar.at\/wp-content\/uploads\/2019\/05\/2042.jpg\" alt=\"\" width=\"134\" height=\"100\" \/><\/a><br \/>\n<\/strong><span style=\"color: #3366ff;\"><a style=\"color: #3366ff;\" href=\"https:\/\/goo.gl\/maps\/6cCt1bUkrShLXzwx7\">Latitude: N 43,16207\u00b0\u00a0 \u00a0Longitude: E 16,61183\u00b0<\/a> <\/span><strong><br \/>\n<\/strong>Visina \/ H\u00f6he: 261 m<\/p>\n<p><strong>Katastarska \u010destica \/ Grundst\u00fccke<br \/>\n<\/strong>1120\/2<div class='content-column one_half'><div style=\"padding-right:6px;\"><p><strong>Datum snimanja \/ Erfassungsdatum<br \/>\n<\/strong>30.04.2019 13:35:11<\/p>\n<hr \/>\n<p><strong>Informacije<\/strong><\/p>\n<p>Mali, improviziran trim uz putu prema Borovika izgra\u0111en je iznad stjenih pukotine.<\/p><\/div><\/div><\/p>\n<div class='content-column one_half last_column'><div style=\"padding-right:0px;padding-left:6px;\"><p><strong>Stupanj za\u0161tite \/ Schutzstellung<br \/>\n<\/strong>&#8211;<\/p>\n<hr \/>\n<p><strong>Info<\/strong><\/p>\n<p>Der kleine, behelfsm\u00e4\u00dfige Trim neben dem Weg nach Borovik wurde \u00fcber einer Felsspalte errichtet.<\/p><\/div><\/div><div class='clear_column'><\/div><div class='content-column one_half'><div style=\"padding-right:6px;\"><p>Dana 30.04.2019 trim je posje\u0107en i ustanovljeno je sljede\u0107e:<\/p>\n<p>Lokacija: \u0161uma<br \/>\nPodloga: stjenovita<br \/>\nPovezan s: nesre\u0111nom kamenom gomilom<br \/>\nUpotreba: ne koristi se<br \/>\nStanje: lo\u0161e, prekriven vegetacijom<br \/>\nBroj stepenica trima: 1<br \/>\nDodatni kameni prsten: nema kamenog prstena<br \/>\nStepeni\u0161te: nema<br \/>\nOblik kamena: zaokru\u017een<br \/>\nPodru\u010dje ispred ulaza: lako dostupno<br \/>\nOrijentacija ulaza: Z (290\u00b0)<br \/>\nPromjer trima (cm): 250<br \/>\nVisina trima (cm): 120<br \/>\nVisina stepenica (cm): stepenica 1: 120<br \/>\nDebljina zida (cm): 70<br \/>\n\u0160irina vrata (cm): 70<br \/>\nVisina vrata (cm): 110<br \/>\n\u0160irina unutra (cm): 90 &#8211; 110<br \/>\nVisina unutra (cm): 120<br \/>\nVolumen iznutra (m3): 0,81<br \/>\nNema ni\u0161e<\/p><\/div><\/div><div class='content-column one_half last_column'><div style=\"padding-right:0px;padding-left:6px;\"><p>Am 30.04.2019 wurde der Trim besucht und n\u00e4her untersucht:<\/p>\n<p>Standort: Wald<br \/>\nUntergrund: Fels<br \/>\nVerbunden mit: Steinhaufen ungeordnet<br \/>\nNutzung: ungenutzt<br \/>\nZustand: schlecht, verwachsen<br \/>\nAnzahl der Trimstufen: 1<br \/>\nZus\u00e4tzlicher Steinring: kein Steinring<br \/>\nStiege: keine<br \/>\nSteinform: rundlich<br \/>\nEingangsbereich: frei<br \/>\nEingangsseite: W (290\u00b0)<br \/>\nTrimdurchmesser (cm): 250<br \/>\nTrimh\u00f6he (cm): 120<br \/>\nH\u00f6he der Trimstufen (cm): Stufe 1: 120<br \/>\nWandst\u00e4rke (cm): 70<br \/>\nT\u00fcrbreite (cm): 70<br \/>\nT\u00fcrh\u00f6he (cm): 110<br \/>\nInnenraumbreite (cm): 90 &#8211; 110<br \/>\nInnenraumh\u00f6he (cm): 120<br \/>\nRaumvolumen (m3): 0,81<br \/>\nKeine Nische<\/p><\/div><\/div><div class='clear_column'><\/div><\/p>\n<p><img loading=\"lazy\" decoding=\"async\" class=\"alignnone size-full wp-image-23132\" src=\"https:\/\/www.topohvar.at\/wp-content\/uploads\/2019\/07\/do-tr-02-sca.jpg\" alt=\"\" width=\"640\" height=\"961\" srcset=\"https:\/\/www.topohvar.at\/wp-content\/uploads\/2019\/07\/do-tr-02-sca.jpg 640w, https:\/\/www.topohvar.at\/wp-content\/uploads\/2019\/07\/do-tr-02-sca-200x300.jpg 200w\" sizes=\"auto, (max-width: 640px) 100vw, 640px\" \/><\/p>\n<p style=\"text-align: right;\"><a href=\"#seite_oben\">natrag na vrh \/ Seitenanfang<\/a><\/p>\n<hr \/>\n<p><strong>Linkovi \/ Links<\/strong><\/p>\n<p>&#8211;<\/p>\n","protected":false},"excerpt":{"rendered":"<p>Ime \/ Name Trim \u00bbDO-TR-02\u00ab Code: DO-TR-02\u00a0 \u00a0 \u00a0 \u00a0 \u00a0 \u00a0 \u00a0 \u00a0 \u00a0 \u00a0 \u00a0 \u00a0 \u00a0 \u00a0 \u00a0 \u00a0 \u00a0 \u00a0\u00a0 Adresa \/ Adresse Dol, na putu prema Borovika \/ am Weg nach Borovik Lokacija \/ Position &hellip; <a href=\"https:\/\/www.topohvar.at\/topo\/orte\/do\/do-tr-02-2\/\">Weiterlesen <span class=\"meta-nav\">&rarr;<\/span><\/a><\/p>\n","protected":false},"author":1,"featured_media":0,"parent":68,"menu_order":0,"comment_status":"closed","ping_status":"closed","template":"","meta":{"footnotes":""},"class_list":["post-2010","page","type-page","status-publish","hentry"],"_links":{"self":[{"href":"https:\/\/www.topohvar.at\/topo\/wp-json\/wp\/v2\/pages\/2010","targetHints":{"allow":["GET"]}}],"collection":[{"href":"https:\/\/www.topohvar.at\/topo\/wp-json\/wp\/v2\/pages"}],"about":[{"href":"https:\/\/www.topohvar.at\/topo\/wp-json\/wp\/v2\/types\/page"}],"author":[{"embeddable":true,"href":"https:\/\/www.topohvar.at\/topo\/wp-json\/wp\/v2\/users\/1"}],"replies":[{"embeddable":true,"href":"https:\/\/www.topohvar.at\/topo\/wp-json\/wp\/v2\/comments?post=2010"}],"version-history":[{"count":15,"href":"https:\/\/www.topohvar.at\/topo\/wp-json\/wp\/v2\/pages\/2010\/revisions"}],"predecessor-version":[{"id":47746,"href":"https:\/\/www.topohvar.at\/topo\/wp-json\/wp\/v2\/pages\/2010\/revisions\/47746"}],"up":[{"embeddable":true,"href":"https:\/\/www.topohvar.at\/topo\/wp-json\/wp\/v2\/pages\/68"}],"wp:attachment":[{"href":"https:\/\/www.topohvar.at\/topo\/wp-json\/wp\/v2\/media?parent=2010"}],"curies":[{"name":"wp","href":"https:\/\/api.w.org\/{rel}","templated":true}]}}