{"id":2016,"date":"2018-08-01T07:34:58","date_gmt":"2018-08-01T05:34:58","guid":{"rendered":"https:\/\/www.topohvar.at\/?page_id=2016"},"modified":"2021-09-21T18:44:35","modified_gmt":"2021-09-21T16:44:35","slug":"do-tr-05-2","status":"publish","type":"page","link":"https:\/\/www.topohvar.at\/topo\/orte\/do\/do-tr-05-2\/","title":{"rendered":"DOL &#8211; Trim \u00bbDO-TR-05\u00ab"},"content":{"rendered":"<p><a name=\"seite_oben\"><\/a><br \/>\n<img loading=\"lazy\" decoding=\"async\" class=\"alignnone size-large wp-image-13109\" src=\"https:\/\/www.topohvar.at\/wp-content\/uploads\/2018\/12\/do-tr-05-15-1024x503.jpg\" alt=\"\" width=\"640\" height=\"314\" srcset=\"https:\/\/www.topohvar.at\/wp-content\/uploads\/2018\/12\/do-tr-05-15-1024x503.jpg 1024w, https:\/\/www.topohvar.at\/wp-content\/uploads\/2018\/12\/do-tr-05-15-300x147.jpg 300w, https:\/\/www.topohvar.at\/wp-content\/uploads\/2018\/12\/do-tr-05-15-768x377.jpg 768w, https:\/\/www.topohvar.at\/wp-content\/uploads\/2018\/12\/do-tr-05-15.jpg 1080w\" sizes=\"auto, (max-width: 640px) 100vw, 640px\" \/><\/p>\n<p><strong>Ime \/ Name<br \/>\n<\/strong>Trim \u00bbDO-TR-05\u00ab<\/p>\n<p><strong>Code: <\/strong>DO-TR-05\u00a0 \u00a0 \u00a0 \u00a0 \u00a0 \u00a0 \u00a0 \u00a0 \u00a0 \u00a0 \u00a0 \u00a0 \u00a0 \u00a0 \u00a0 \u00a0 \u00a0 \u00a0\u00a0<strong><a href=\"https:\/\/www.topohvar.at\/orte\/do\/do-tr-00-2\/\"><img loading=\"lazy\" decoding=\"async\" class=\"alignnone wp-image-12300 size-full\" src=\"https:\/\/www.topohvar.at\/wp-content\/uploads\/2018\/09\/push-vor-30.jpg\" alt=\"\" width=\"61\" height=\"30\" \/><\/a> <a href=\"https:\/\/www.topohvar.at\/orte\/do\/do-tr-03-2\/\"><img loading=\"lazy\" decoding=\"async\" class=\"alignnone wp-image-533 size-full\" src=\"https:\/\/www.topohvar.at\/wp-content\/uploads\/2018\/07\/push-l-30.jpg\" alt=\"\" width=\"61\" height=\"30\" \/><\/a> <a href=\"https:\/\/www.topohvar.at\/orte\/do\/\"><img loading=\"lazy\" decoding=\"async\" class=\"alignnone wp-image-535 size-full\" src=\"https:\/\/www.topohvar.at\/wp-content\/uploads\/2018\/07\/push-o-30.jpg\" alt=\"\" width=\"61\" height=\"30\" \/><\/a> <a href=\"https:\/\/www.topohvar.at\/orte\/do\/do-tr-07-2\/\"><img loading=\"lazy\" decoding=\"async\" class=\"alignnone wp-image-536 size-full\" src=\"https:\/\/www.topohvar.at\/wp-content\/uploads\/2018\/07\/push-r-30.jpg\" alt=\"\" width=\"61\" height=\"30\" \/><\/a><\/strong><\/p>\n<hr \/>\n<p><strong>Adresa \/ Adresse<br \/>\n<\/strong>Dol, na cesti Stari Grad &#8211; Vrbanj \/an der Stra\u00dfe Stari Grad &#8211; Vrbanj<\/p>\n<p><strong>Lokacija \/ Position<a href=\"https:\/\/goo.gl\/maps\/331nQWx5c8z29BMp7\"><img loading=\"lazy\" decoding=\"async\" class=\"alignright wp-image-2078\" src=\"https:\/\/www.topohvar.at\/wp-content\/uploads\/2018\/08\/0098.jpg\" alt=\"\" width=\"133\" height=\"100\" \/><\/a><br \/>\n<\/strong><span style=\"color: #3366ff;\"><a style=\"color: #3366ff;\" href=\"https:\/\/goo.gl\/maps\/331nQWx5c8z29BMp7\">Latitude: N 43,17336\u00b0\u00a0 \u00a0Longitude: E 16,62413\u00b0<\/a> <\/span><strong><br \/>\n<\/strong>Visina \/ H\u00f6he: 62 m<\/p>\n<p><strong>Katastarska \u010destica \/ Grundst\u00fccke<br \/>\n<\/strong>2184\/1<div class='content-column one_half'><div style=\"padding-right:6px;\"><p><strong>Datum snimanja \/ Erfassungsdatum<br \/>\n<\/strong>15.10.2014 09:49:19<\/p>\n<hr \/>\n<p><strong>Informacije<\/strong><\/p>\n<p>Trim se nalazi na putu od Staroga Grada pfema Vrbanja. Imao je samo jedna stepenica 2014. godine, a zatim je obnovljen. Do 2018. godine dodana je drugi prsten na krovnu povr\u0161inu. Desno od ulaza nalazi se kameni zid i sa stra\u017enja strane je hrpa kamenja. U gomilu je mala kapelica. Lijevo i desno od ulaza, fuge kamenja su \u017epukati. Visoki ulaz mo\u017ee se zatvoriti drvenim vratima. Unutra\u0161njost je vrlo mala.<\/p><\/div><\/div><div class='content-column one_half last_column'><div style=\"padding-right:0px;padding-left:6px;\"><p><strong>Stupanj za\u0161tite \/ Schutzstellung<br \/>\n<\/strong>&#8211;<\/p>\n<hr \/>\n<p><strong>Info<\/strong><\/p>\n<p>Der Trim befindet sich an der Stra\u00dfe von Stari Grad nach Vrbanj. Er war im Jahr 2014 nur einstufig und wurde dann renoviert. Bis zum Jahr 2018 wurde im Dachbereich eine zweite Stufe ausgebaut. Rechts vom Eingang schlie\u00dft eine Steinmauer an, an die R\u00fcckseite ein Steinhaufen. Im Steinhaufen befindet sich ein kleiner Bildstock. Links und rechts vom Eingang sind die Mauersteine verfugt. Der hohe Eingang ist mit einer Holzt\u00fcre verschlie\u00dfbar. Das Innere ist sehr klein.<\/p><\/div><\/div><div class='clear_column'><\/div><div class='content-column one_half'><div style=\"padding-right:6px;\"><div id=\"attachment_22222\" style=\"width: 310px\" class=\"wp-caption aligncenter\"><img loading=\"lazy\" decoding=\"async\" aria-describedby=\"caption-attachment-22222\" class=\"wp-image-22222 size-medium\" src=\"https:\/\/www.topohvar.at\/wp-content\/uploads\/2019\/04\/do-tr-05-11-300x300.jpg\" alt=\"\" width=\"300\" height=\"300\" srcset=\"https:\/\/www.topohvar.at\/wp-content\/uploads\/2019\/04\/do-tr-05-11-300x300.jpg 300w, https:\/\/www.topohvar.at\/wp-content\/uploads\/2019\/04\/do-tr-05-11-150x150.jpg 150w, https:\/\/www.topohvar.at\/wp-content\/uploads\/2019\/04\/do-tr-05-11.jpg 450w\" sizes=\"auto, (max-width: 300px) 100vw, 300px\" \/><p id=\"caption-attachment-22222\" class=\"wp-caption-text\">Ulaz \/ Eingang<\/p><\/div>\n<p>Dana 16.10.2018 trim je posje\u0107en i ustanovljeno je sljede\u0107e:<\/p>\n<p>Lokacija: maslinik<br \/>\nPodloga: ravna<br \/>\nPovezan s: ure\u0111enom kamenom gomilom<br \/>\nUpotreba: u upotrebi s mogu\u0107no\u0161\u0107u zaklju\u010davanja<br \/>\nStanje: vrlo dobro uzdr\u017eati<br \/>\nBroj stepenica trima: 2<br \/>\nDodatni kameni prsten: nema kamenog prstena<br \/>\nStepeni\u0161te: nema<br \/>\nOblik kamena: mje\u0161ovit<br \/>\nPodru\u010dje ispred ulaza: lako dostupno<br \/>\nOrijentacija ulaza: Z (280\u00b0)<br \/>\nPromjer trima (cm): 335<br \/>\nVisina trima (cm): 220<br \/>\nVisina stepenica (cm): stepenica 1: 175, stepenica 2: 220<br \/>\nDebljina zida (cm): 100<br \/>\n\u0160irina vrata (cm): 70<br \/>\nVisina vrata (cm): 155<br \/>\n\u0160irina unutra (cm): 135<br \/>\nVisina unutra (cm): 200<br \/>\nVolumen iznutra (m3): 2,11<br \/>\nNema ni\u0161e<\/p><\/div><\/div><div class='content-column one_half last_column'><div style=\"padding-right:0px;padding-left:6px;\"><div id=\"attachment_23192\" style=\"width: 310px\" class=\"wp-caption aligncenter\"><img loading=\"lazy\" decoding=\"async\" aria-describedby=\"caption-attachment-23192\" class=\"wp-image-23192 size-medium\" src=\"https:\/\/www.topohvar.at\/wp-content\/uploads\/2019\/07\/do-tr-05-25-300x300.jpg\" alt=\"\" width=\"300\" height=\"300\" srcset=\"https:\/\/www.topohvar.at\/wp-content\/uploads\/2019\/07\/do-tr-05-25-300x300.jpg 300w, https:\/\/www.topohvar.at\/wp-content\/uploads\/2019\/07\/do-tr-05-25-150x150.jpg 150w, https:\/\/www.topohvar.at\/wp-content\/uploads\/2019\/07\/do-tr-05-25.jpg 450w\" sizes=\"auto, (max-width: 300px) 100vw, 300px\" \/><p id=\"caption-attachment-23192\" class=\"wp-caption-text\">Kapelica \/ Bildstock<\/p><\/div>\n<p>Am 16.10.2018 wurde der Trim besucht und n\u00e4her untersucht:<\/p>\n<p>Standort: Olivenhain<br \/>\nUntergrund: eben<br \/>\nVerbunden mit: Steinhaufen geordnet<br \/>\nNutzung: genutzt, verschlie\u00dfbar<br \/>\nZustand: sehr gut erhalten<br \/>\nAnzahl der Trimstufen: 2<br \/>\nZus\u00e4tzlicher Steinring: kein Steinring<br \/>\nStiege: keine<br \/>\nSteinform: gemischt<br \/>\nEingangsbereich: frei<br \/>\nEingangsseite: W (280\u00b0)<br \/>\nTrimdurchmesser (cm): 335<br \/>\nTrimh\u00f6he (cm): 220<br \/>\nH\u00f6he der Trimstufen (cm): Stufe 1: 175, Stufe 2: 220<br \/>\nWandst\u00e4rke (cm): 100<br \/>\nT\u00fcrbreite (cm): 70<br \/>\nT\u00fcrh\u00f6he (cm): 155<br \/>\nInnenraumbreite (cm): 135<br \/>\nInnenraumh\u00f6he (cm): 200<br \/>\nRaumvolumen (m3): 2,11<br \/>\nKeine Nische<\/p><\/div><\/div><div class='clear_column'><\/div><img loading=\"lazy\" decoding=\"async\" class=\"alignnone wp-image-23129 size-full\" src=\"https:\/\/www.topohvar.at\/wp-content\/uploads\/2019\/07\/do-tr-05-sca.jpg\" alt=\"\" width=\"640\" height=\"960\" srcset=\"https:\/\/www.topohvar.at\/wp-content\/uploads\/2019\/07\/do-tr-05-sca.jpg 640w, https:\/\/www.topohvar.at\/wp-content\/uploads\/2019\/07\/do-tr-05-sca-200x300.jpg 200w\" sizes=\"auto, (max-width: 640px) 100vw, 640px\" \/><\/p>\n<p style=\"text-align: right;\"><a href=\"#seite_oben\">natrag na vrh \/ Seitenanfang<\/a><\/p>\n<hr \/>\n<p><strong>Linkovi \/ Links<\/strong><\/p>\n<p>&#8211;<\/p>\n","protected":false},"excerpt":{"rendered":"<p>Ime \/ Name Trim \u00bbDO-TR-05\u00ab Code: DO-TR-05\u00a0 \u00a0 \u00a0 \u00a0 \u00a0 \u00a0 \u00a0 \u00a0 \u00a0 \u00a0 \u00a0 \u00a0 \u00a0 \u00a0 \u00a0 \u00a0 \u00a0 \u00a0\u00a0 Adresa \/ Adresse Dol, na cesti Stari Grad &#8211; Vrbanj \/an der Stra\u00dfe Stari Grad &#8211; &hellip; <a href=\"https:\/\/www.topohvar.at\/topo\/orte\/do\/do-tr-05-2\/\">Weiterlesen <span class=\"meta-nav\">&rarr;<\/span><\/a><\/p>\n","protected":false},"author":1,"featured_media":0,"parent":68,"menu_order":0,"comment_status":"closed","ping_status":"closed","template":"","meta":{"footnotes":""},"class_list":["post-2016","page","type-page","status-publish","hentry"],"_links":{"self":[{"href":"https:\/\/www.topohvar.at\/topo\/wp-json\/wp\/v2\/pages\/2016","targetHints":{"allow":["GET"]}}],"collection":[{"href":"https:\/\/www.topohvar.at\/topo\/wp-json\/wp\/v2\/pages"}],"about":[{"href":"https:\/\/www.topohvar.at\/topo\/wp-json\/wp\/v2\/types\/page"}],"author":[{"embeddable":true,"href":"https:\/\/www.topohvar.at\/topo\/wp-json\/wp\/v2\/users\/1"}],"replies":[{"embeddable":true,"href":"https:\/\/www.topohvar.at\/topo\/wp-json\/wp\/v2\/comments?post=2016"}],"version-history":[{"count":19,"href":"https:\/\/www.topohvar.at\/topo\/wp-json\/wp\/v2\/pages\/2016\/revisions"}],"predecessor-version":[{"id":51828,"href":"https:\/\/www.topohvar.at\/topo\/wp-json\/wp\/v2\/pages\/2016\/revisions\/51828"}],"up":[{"embeddable":true,"href":"https:\/\/www.topohvar.at\/topo\/wp-json\/wp\/v2\/pages\/68"}],"wp:attachment":[{"href":"https:\/\/www.topohvar.at\/topo\/wp-json\/wp\/v2\/media?parent=2016"}],"curies":[{"name":"wp","href":"https:\/\/api.w.org\/{rel}","templated":true}]}}