{"id":2026,"date":"2018-08-01T07:38:10","date_gmt":"2018-08-01T05:38:10","guid":{"rendered":"https:\/\/www.topohvar.at\/?page_id=2026"},"modified":"2022-04-26T15:46:37","modified_gmt":"2022-04-26T13:46:37","slug":"sv-tr-35-1","status":"publish","type":"page","link":"https:\/\/www.topohvar.at\/topo\/orte\/sv\/sv-tr-35-1\/","title":{"rendered":"SVIR\u010cE  &#8211; Trim \u00bbSV-TR-35\u00ab"},"content":{"rendered":"<p><a name=\"seite_oben\"><\/a><br \/>\n<img loading=\"lazy\" decoding=\"async\" class=\"alignleft wp-image-24361 size-large\" src=\"https:\/\/www.topohvar.at\/wp-content\/uploads\/2019\/10\/do-tr-10-21-1024x503.jpg\" alt=\"\" width=\"640\" height=\"314\" srcset=\"https:\/\/www.topohvar.at\/wp-content\/uploads\/2019\/10\/do-tr-10-21-1024x503.jpg 1024w, https:\/\/www.topohvar.at\/wp-content\/uploads\/2019\/10\/do-tr-10-21-300x147.jpg 300w, https:\/\/www.topohvar.at\/wp-content\/uploads\/2019\/10\/do-tr-10-21-768x377.jpg 768w, https:\/\/www.topohvar.at\/wp-content\/uploads\/2019\/10\/do-tr-10-21.jpg 1080w\" sizes=\"auto, (max-width: 640px) 100vw, 640px\" \/><\/p>\n<p><strong>Ime \/ Name<br \/>\n<\/strong>Trim \u00bbSV-TR-35\u00ab<\/p>\n<p><strong>Code: <\/strong>SV-TR-35\u00a0 \u00a0 \u00a0 \u00a0 \u00a0 \u00a0 \u00a0 \u00a0 \u00a0 \u00a0 \u00a0 \u00a0 \u00a0 \u00a0 \u00a0 \u00a0 \u00a0 \u00a0 <strong><a href=\"https:\/\/www.topohvar.at\/orte\/sv\/sv-tr-00-1\/\"><img loading=\"lazy\" decoding=\"async\" class=\"alignnone wp-image-12300 size-full\" src=\"https:\/\/www.topohvar.at\/wp-content\/uploads\/2018\/09\/push-vor-30.jpg\" alt=\"\" width=\"61\" height=\"30\" \/><\/a> <a href=\"https:\/\/www.topohvar.at\/orte\/sv\/sv-tr-05-1\/\"><img loading=\"lazy\" decoding=\"async\" class=\"alignnone wp-image-533 size-full\" src=\"https:\/\/www.topohvar.at\/wp-content\/uploads\/2018\/07\/push-l-30.jpg\" alt=\"\" width=\"61\" height=\"30\" \/><\/a> <a href=\"https:\/\/www.topohvar.at\/orte\/sv\/\"><img loading=\"lazy\" decoding=\"async\" class=\"alignnone wp-image-535 size-full\" src=\"https:\/\/www.topohvar.at\/wp-content\/uploads\/2018\/07\/push-o-30.jpg\" alt=\"\" width=\"61\" height=\"30\" \/><\/a> <a href=\"https:\/\/www.topohvar.at\/orte\/sv\/sv-tr-10-1\/\"><img loading=\"lazy\" decoding=\"async\" class=\"alignnone wp-image-536 size-full\" src=\"https:\/\/www.topohvar.at\/wp-content\/uploads\/2018\/07\/push-r-30.jpg\" alt=\"\" width=\"61\" height=\"30\" \/><\/a><\/strong><\/p>\n<hr \/>\n<p><strong>Adresa \/ Adresse<br \/>\n<\/strong>Dol, u blizini vrhu Remniku \/ in der N\u00e4he des Berges Remnik<\/p>\n<p><strong>Lokacija \/ Position<a href=\"https:\/\/goo.gl\/maps\/6mSQVAJx15cu4d247\"><img loading=\"lazy\" decoding=\"async\" class=\"alignright wp-image-2063\" src=\"https:\/\/www.topohvar.at\/wp-content\/uploads\/2018\/08\/1093.jpg\" alt=\"\" width=\"133\" height=\"100\" \/><\/a><br \/>\n<\/strong><span style=\"color: #3366ff;\"><a style=\"color: #3366ff;\" href=\"https:\/\/goo.gl\/maps\/6mSQVAJx15cu4d247\">Latitude: N 43,15280\u00b0\u00a0 \u00a0Longitude: E 16,58954\u00b0<\/a> <\/span><strong><br \/>\n<\/strong>Visina \/ H\u00f6he: 498 m<\/p>\n<p><strong>Katastarska \u010destica \/ Grundst\u00fccke<br \/>\n<\/strong>5476<div class='content-column one_half'><div style=\"padding-right:6px;\"><p><strong>Datum snimanja \/ Erfassungsdatum<br \/>\n<\/strong>23.05.2016 10:50:23<\/p>\n<hr \/>\n<p><strong>Informacije<\/strong><\/p>\n<p>Stepenasti trim s dvije stepenice nalazi se iznad ceste koja ide od Dola preko Borovika prema sv. Nikola.<\/p><\/div><\/div><div class='content-column one_half last_column'><div style=\"padding-right:0px;padding-left:6px;\"><p><strong>Stupanj za\u0161tite \/ Schutzstellung<br \/>\n<\/strong>&#8211;<\/p>\n<hr \/>\n<p><strong>Info<\/strong><\/p>\n<p>Der zweistufige Trim befindet sich oberhalb der Stra\u00dfe, die von Dol \u00fcber Borovik nach Sv. Nikola f\u00fchrt.<\/p><\/div><\/div><div class='clear_column'><\/div><div class='content-column one_half'><div style=\"padding-right:6px;\"><p>Trim je dobro o\u010duvan, ali le\u0111a je o\u0161te\u0107ena. Kameni zid spaja se s njegove lijeve strane. Zidna ni\u0161a nalazi se iznad ulaza i u kru\u017enoj unutra\u0161njosti. Trim se vi\u0161e ne koristi.<\/p><\/div><\/div><div class='content-column one_half last_column'><div style=\"padding-right:0px;padding-left:6px;\"><p>Der Trim ist gut erhalten, seine R\u00fcckseite ist allerdings besch\u00e4digt. An seine linke Seite schlie\u00dft eine Steinmauer an. \u00dcber dem Eingang und im kreisrunden Inneren findet sich eine Wandnische. Der Trim wird nicht mehr genutzt.<\/p><\/div><\/div><div class='clear_column'><\/div><div class='content-column one_half'><div style=\"padding-right:6px;\"><div id=\"attachment_24831\" style=\"width: 310px\" class=\"wp-caption aligncenter\"><img loading=\"lazy\" decoding=\"async\" aria-describedby=\"caption-attachment-24831\" class=\"size-full wp-image-24831\" src=\"https:\/\/www.topohvar.at\/wp-content\/uploads\/2019\/12\/do-tr-10-20.jpg\" alt=\"\" width=\"300\" height=\"300\" srcset=\"https:\/\/www.topohvar.at\/wp-content\/uploads\/2019\/12\/do-tr-10-20.jpg 300w, https:\/\/www.topohvar.at\/wp-content\/uploads\/2019\/12\/do-tr-10-20-150x150.jpg 150w\" sizes=\"auto, (max-width: 300px) 100vw, 300px\" \/><p id=\"caption-attachment-24831\" class=\"wp-caption-text\">Ulaz \/ Eingang<\/p><\/div>\n<p>Dana 12.10.2019 trim je posje\u0107en i ustanovljeno je sljede\u0107e:<\/p>\n<p>Lokacija: livada, pa\u0161njak<br \/>\nPodloga: ravna<br \/>\nPovezan s: kamenim zidom<br \/>\nUpotreba: ne koristi se<br \/>\nStanje: mali dijelovi su se sru\u0161ili<br \/>\nBroj stepenica trima: 2<br \/>\nDodatni kameni prsten: nema kamenog prstena<br \/>\nStepeni\u0161te: nema<br \/>\nOblik kamena: uglast<br \/>\nPodru\u010dje ispred ulaza: lako dostupno<br \/>\nOrijentacija ulaza: JZ (240\u00b0)<br \/>\nPromjer trima (cm): 440<br \/>\nVisina trima (cm): 270<br \/>\nVisina stepenica (cm): stepenica 1: 160, stepenica 2: 220<br \/>\nDebljina zida (cm): 100<br \/>\n\u0160irina vrata (cm): 70<br \/>\nVisina vrata (cm): 100<br \/>\n\u0160irina unutra (cm): 220 &#8211; 240<br \/>\nVisina unutra (cm): 230<br \/>\nVolumen iznutra (m3): 5,95<br \/>\nNi\u0161a 1 (P\/\u0160\/V\/D) (cm): 75 \/ 30 \/ 25 \/ 60<\/p><\/div><\/div><div class='content-column one_half last_column'><div style=\"padding-right:0px;padding-left:6px;\"><div id=\"attachment_24832\" style=\"width: 310px\" class=\"wp-caption aligncenter\"><img loading=\"lazy\" decoding=\"async\" aria-describedby=\"caption-attachment-24832\" class=\"size-full wp-image-24832\" src=\"https:\/\/www.topohvar.at\/wp-content\/uploads\/2019\/12\/do-tr-10-24.jpg\" alt=\"\" width=\"300\" height=\"300\" srcset=\"https:\/\/www.topohvar.at\/wp-content\/uploads\/2019\/12\/do-tr-10-24.jpg 300w, https:\/\/www.topohvar.at\/wp-content\/uploads\/2019\/12\/do-tr-10-24-150x150.jpg 150w\" sizes=\"auto, (max-width: 300px) 100vw, 300px\" \/><p id=\"caption-attachment-24832\" class=\"wp-caption-text\">Pogled na istok \/ Blick nach Osten<\/p><\/div>\n<p>Am 12.10.2019 wurde der Trim besucht und n\u00e4her untersucht:<\/p>\n<p>Standort: Wiese, Weide<br \/>\nUntergrund: eben<br \/>\nVerbunden mit: Steinmauer<br \/>\nNutzung: ungenutzt<br \/>\nZustand: kleine Teile abgest\u00fcrzt<br \/>\nAnzahl der Trimstufen: 2<br \/>\nZus\u00e4tzlicher Steinring: kein Steinring<br \/>\nStiege: keine<br \/>\nSteinform: kantig<br \/>\nEingangsbereich: frei<br \/>\nEingangsseite: SW (240\u00b0)<br \/>\nTrimdurchmesser (cm): 440<br \/>\nTrimh\u00f6he (cm): 270<br \/>\nH\u00f6he der Trimstufen (cm): Stufe 1: 160, Stufe 2: 220<br \/>\nWandst\u00e4rke (cm): 100<br \/>\nT\u00fcrbreite (cm): 70<br \/>\nT\u00fcrh\u00f6he (cm): 100<br \/>\nInnenraumbreite (cm): 220 &#8211; 240<br \/>\nInnenraumh\u00f6he (cm): 230<br \/>\nRaumvolumen (m3): 5,95<\/p><\/div><\/div><div class='clear_column'><\/div><\/p>\n<p><img loading=\"lazy\" decoding=\"async\" class=\"aligncenter wp-image-59006 size-full\" src=\"https:\/\/www.topohvar.at\/wp-content\/uploads\/2022\/04\/sv-tr-35-sca-2.jpg\" alt=\"\" width=\"900\" height=\"1385\" srcset=\"https:\/\/www.topohvar.at\/wp-content\/uploads\/2022\/04\/sv-tr-35-sca-2.jpg 900w, https:\/\/www.topohvar.at\/wp-content\/uploads\/2022\/04\/sv-tr-35-sca-2-195x300.jpg 195w, https:\/\/www.topohvar.at\/wp-content\/uploads\/2022\/04\/sv-tr-35-sca-2-665x1024.jpg 665w, https:\/\/www.topohvar.at\/wp-content\/uploads\/2022\/04\/sv-tr-35-sca-2-768x1182.jpg 768w\" sizes=\"auto, (max-width: 900px) 100vw, 900px\" \/><\/p>\n<p style=\"text-align: right;\"><a href=\"#seite_oben\">natrag na vrh \/ Seitenanfang<\/a><\/p>\n<hr \/>\n<p><strong>Linkovi \/ Links<\/strong><\/p>\n<p>&#8211;<\/p>\n","protected":false},"excerpt":{"rendered":"<p>Ime \/ Name Trim \u00bbSV-TR-35\u00ab Code: SV-TR-35\u00a0 \u00a0 \u00a0 \u00a0 \u00a0 \u00a0 \u00a0 \u00a0 \u00a0 \u00a0 \u00a0 \u00a0 \u00a0 \u00a0 \u00a0 \u00a0 \u00a0 \u00a0 Adresa \/ Adresse Dol, u blizini vrhu Remniku \/ in der N\u00e4he des Berges Remnik Lokacija &hellip; <a href=\"https:\/\/www.topohvar.at\/topo\/orte\/sv\/sv-tr-35-1\/\">Weiterlesen <span class=\"meta-nav\">&rarr;<\/span><\/a><\/p>\n","protected":false},"author":1,"featured_media":0,"parent":106,"menu_order":0,"comment_status":"closed","ping_status":"closed","template":"","meta":{"footnotes":""},"class_list":["post-2026","page","type-page","status-publish","hentry"],"_links":{"self":[{"href":"https:\/\/www.topohvar.at\/topo\/wp-json\/wp\/v2\/pages\/2026","targetHints":{"allow":["GET"]}}],"collection":[{"href":"https:\/\/www.topohvar.at\/topo\/wp-json\/wp\/v2\/pages"}],"about":[{"href":"https:\/\/www.topohvar.at\/topo\/wp-json\/wp\/v2\/types\/page"}],"author":[{"embeddable":true,"href":"https:\/\/www.topohvar.at\/topo\/wp-json\/wp\/v2\/users\/1"}],"replies":[{"embeddable":true,"href":"https:\/\/www.topohvar.at\/topo\/wp-json\/wp\/v2\/comments?post=2026"}],"version-history":[{"count":20,"href":"https:\/\/www.topohvar.at\/topo\/wp-json\/wp\/v2\/pages\/2026\/revisions"}],"predecessor-version":[{"id":59007,"href":"https:\/\/www.topohvar.at\/topo\/wp-json\/wp\/v2\/pages\/2026\/revisions\/59007"}],"up":[{"embeddable":true,"href":"https:\/\/www.topohvar.at\/topo\/wp-json\/wp\/v2\/pages\/106"}],"wp:attachment":[{"href":"https:\/\/www.topohvar.at\/topo\/wp-json\/wp\/v2\/media?parent=2026"}],"curies":[{"name":"wp","href":"https:\/\/api.w.org\/{rel}","templated":true}]}}