{"id":2028,"date":"2018-08-01T07:38:40","date_gmt":"2018-08-01T05:38:40","guid":{"rendered":"https:\/\/www.topohvar.at\/?page_id=2028"},"modified":"2024-06-10T18:24:03","modified_gmt":"2024-06-10T16:24:03","slug":"do-tr-11-2","status":"publish","type":"page","link":"https:\/\/www.topohvar.at\/topo\/orte\/do\/do-tr-11-2\/","title":{"rendered":"DOL &#8211; Trim \u00bbDO-TR-11\u00ab"},"content":{"rendered":"<p><a name=\"seite_oben\"><\/a><br \/>\n<img loading=\"lazy\" decoding=\"async\" class=\"alignnone size-large wp-image-13128\" src=\"https:\/\/www.topohvar.at\/wp-content\/uploads\/2018\/12\/do-tr-11-11-1024x503.jpg\" alt=\"\" width=\"640\" height=\"314\" srcset=\"https:\/\/www.topohvar.at\/wp-content\/uploads\/2018\/12\/do-tr-11-11-1024x503.jpg 1024w, https:\/\/www.topohvar.at\/wp-content\/uploads\/2018\/12\/do-tr-11-11-300x147.jpg 300w, https:\/\/www.topohvar.at\/wp-content\/uploads\/2018\/12\/do-tr-11-11-768x377.jpg 768w, https:\/\/www.topohvar.at\/wp-content\/uploads\/2018\/12\/do-tr-11-11.jpg 1080w\" sizes=\"auto, (max-width: 640px) 100vw, 640px\" \/><\/p>\n<p><strong>Ime \/ Name<br \/>\n<\/strong>Trim \u00bbDO-TR-11\u00ab<\/p>\n<p><strong>Code: <\/strong>DO-TR-11\u00a0 \u00a0 \u00a0 \u00a0 \u00a0 \u00a0 \u00a0 \u00a0 \u00a0 \u00a0 \u00a0 \u00a0 \u00a0 \u00a0 \u00a0 \u00a0 \u00a0 \u00a0\u00a0<strong><a href=\"https:\/\/www.topohvar.at\/orte\/do\/do-tr-00-2\/\"><img loading=\"lazy\" decoding=\"async\" class=\"alignnone wp-image-12300 size-full\" src=\"https:\/\/www.topohvar.at\/wp-content\/uploads\/2018\/09\/push-vor-30.jpg\" alt=\"\" width=\"61\" height=\"30\" \/><\/a> <a href=\"https:\/\/www.topohvar.at\/orte\/do\/do-tr-09-2\/\"><img loading=\"lazy\" decoding=\"async\" class=\"alignnone wp-image-533 size-full\" src=\"https:\/\/www.topohvar.at\/wp-content\/uploads\/2018\/07\/push-l-30.jpg\" alt=\"\" width=\"61\" height=\"30\" \/><\/a> <a href=\"https:\/\/www.topohvar.at\/orte\/do\/\"><img loading=\"lazy\" decoding=\"async\" class=\"alignnone wp-image-535 size-full\" src=\"https:\/\/www.topohvar.at\/wp-content\/uploads\/2018\/07\/push-o-30.jpg\" alt=\"\" width=\"61\" height=\"30\" \/><\/a> <a href=\"https:\/\/www.topohvar.at\/orte\/do\/do-tr-15-2\/\"><img loading=\"lazy\" decoding=\"async\" class=\"alignnone wp-image-536 size-full\" src=\"https:\/\/www.topohvar.at\/wp-content\/uploads\/2018\/07\/push-r-30.jpg\" alt=\"\" width=\"61\" height=\"30\" \/><\/a><\/strong><\/p>\n<hr \/>\n<p><strong>Adresa \/ Adresse<br \/>\n<\/strong>Dol, u blizini ceste Stari Grad &#8211; Vrbanj \/ nahe der Stra\u00dfe Stari Grad &#8211; Vrbanj<\/p>\n<p><strong>Lokacija \/ Position<a href=\"https:\/\/goo.gl\/maps\/XP49MSnfK46fZodp8\"><img loading=\"lazy\" decoding=\"async\" class=\"alignright wp-image-2060\" src=\"https:\/\/www.topohvar.at\/wp-content\/uploads\/2018\/08\/0104.jpg\" alt=\"\" width=\"133\" height=\"100\" \/><\/a><br \/>\n<\/strong><span style=\"color: #3366ff;\"><a style=\"color: #3366ff;\" href=\"https:\/\/goo.gl\/maps\/XP49MSnfK46fZodp8\">Latitude: N 43,17204\u00b0\u00a0 \u00a0Longitude: E 16,62751\u00b0<\/a> <\/span><strong><br \/>\n<\/strong>Visina \/ H\u00f6he: 69 m<\/p>\n<p><strong>Katastarska \u010destica \/ Grundst\u00fccke<br \/>\n<\/strong>2316<div class='content-column one_half'><div style=\"padding-right:6px;\"><p><strong>Datum snimanja \/ Erfassungsdatum<br \/>\n<\/strong>17.05.2015 09:43:32<\/p>\n<hr \/>\n<p><strong>Informacije<\/strong><\/p>\n<p>Ostaci mala trima nalaze se u \u0161umi na putu od Starog Grada prema Vrbanja. Na lijevoj strani se spaja potporni zid, a le\u0111a su u velikoj hrpi kamenja. Krov vi\u0161e nije prisutan.<\/p><\/div><\/div><div class='content-column one_half last_column'><div style=\"padding-right:0px;padding-left:6px;\"><p><strong>Stupanj za\u0161tite \/ Schutzstellung<br \/>\n<\/strong>&#8211;<\/p>\n<hr \/>\n<p><strong>Info<\/strong><\/p>\n<p>Die Reste des kleinen Trims befinden sich im Wald an der Stra\u00dfe von Stari Grad nach Vrbanj. Eine St\u00fctzmauer schlie\u00dft an seine linke Seite an, seine R\u00fcckseite steckt in einem gro\u00dfen Steinhaufen. Das Dach ist nicht mehr vorhanden.<\/p><\/div><\/div><div class='clear_column'><\/div><\/p>\n<div id=\"attachment_22225\" style=\"width: 650px\" class=\"wp-caption aligncenter\"><img loading=\"lazy\" decoding=\"async\" aria-describedby=\"caption-attachment-22225\" class=\"wp-image-22225 size-large\" src=\"https:\/\/www.topohvar.at\/wp-content\/uploads\/2019\/04\/do-tr-11-13-1024x503.jpg\" alt=\"\" width=\"640\" height=\"314\" srcset=\"https:\/\/www.topohvar.at\/wp-content\/uploads\/2019\/04\/do-tr-11-13-1024x503.jpg 1024w, https:\/\/www.topohvar.at\/wp-content\/uploads\/2019\/04\/do-tr-11-13-300x147.jpg 300w, https:\/\/www.topohvar.at\/wp-content\/uploads\/2019\/04\/do-tr-11-13-768x377.jpg 768w, https:\/\/www.topohvar.at\/wp-content\/uploads\/2019\/04\/do-tr-11-13.jpg 1080w\" sizes=\"auto, (max-width: 640px) 100vw, 640px\" \/><p id=\"caption-attachment-22225\" class=\"wp-caption-text\">Pogled na zapad \/ Blick nach Westen<\/p><\/div>\n<div class='content-column one_half'><div style=\"padding-right:6px;\"><p>Dana 16.10.2018 trim je posje\u0107en i ustanovljeno je sljede\u0107e:<\/p>\n<p>Lokacija: \u0161uma<br \/>\nPodloga: padina<br \/>\nPovezan s: nesre\u0111nom kamenom gomilom<br \/>\nUpotreba: ne koristi se<br \/>\nStanje: Kupola se sru\u0161ila<br \/>\nBroj stepenica trima: 1<br \/>\nDodatni kameni prsten: nema kamenog prstena<br \/>\nStepeni\u0161te: nema<br \/>\nOblik kamena: zaokru\u017een<br \/>\nPodru\u010dje ispred ulaza: kamenito<br \/>\nOrijentacija ulaza: I (70\u00b0)<br \/>\nPromjer trima (cm): 310<br \/>\nVisina trima (cm): ?<br \/>\nVisina stepenica (cm): stepenica 1: 120<br \/>\nDebljina zida (cm): 80<br \/>\n\u0160irina vrata (cm): 65<br \/>\nVisina vrata (cm): 95<br \/>\n\u0160irina unutra (cm): 130 &#8211; 150<br \/>\nVisina unutra (cm): ?<br \/>\nVolumen iznutra (m3): ?<br \/>\nNema ni\u0161e<\/p><\/div><\/div><div class='content-column one_half last_column'><div style=\"padding-right:0px;padding-left:6px;\"><p>Am 16.10.2018 wurde der Trim besucht und n\u00e4her untersucht:<\/p>\n<p>Standort: Wald<br \/>\nUntergrund: Hanglage<br \/>\nVerbunden mit: Steinhaufen ungeordnet<br \/>\nNutzung: ungenutzt<br \/>\nZustand: Kuppel fehlt<br \/>\nAnzahl der Trimstufen: 1<br \/>\nZus\u00e4tzlicher Steinring: kein Steinring<br \/>\nStiege: keine<br \/>\nSteinform: rundlich<br \/>\nEingangsbereich: Steine<br \/>\nEingangsseite: O (70\u00b0)<br \/>\nTrimdurchmesser (cm): 310<br \/>\nTrimh\u00f6he (cm): ?<br \/>\nH\u00f6he der Trimstufen (cm): Stufe 1: 120<br \/>\nWandst\u00e4rke (cm): 80<br \/>\nT\u00fcrbreite (cm): 65<br \/>\nT\u00fcrh\u00f6he (cm): 95<br \/>\nInnenraumbreite (cm): 130 &#8211; 150<br \/>\nInnenraumh\u00f6he (cm): ?<br \/>\nRaumvolumen (m3): ?<br \/>\nKeine Nische<\/p><\/div><\/div><div class='clear_column'><\/div><img loading=\"lazy\" decoding=\"async\" class=\"alignnone size-full wp-image-13132\" src=\"https:\/\/www.topohvar.at\/wp-content\/uploads\/2018\/12\/do-tr-11-sca.jpg\" alt=\"\" width=\"600\" height=\"900\" srcset=\"https:\/\/www.topohvar.at\/wp-content\/uploads\/2018\/12\/do-tr-11-sca.jpg 600w, https:\/\/www.topohvar.at\/wp-content\/uploads\/2018\/12\/do-tr-11-sca-200x300.jpg 200w\" sizes=\"auto, (max-width: 600px) 100vw, 600px\" \/><\/p>\n<p style=\"text-align: right;\"><a href=\"#seite_oben\">natrag na vrh \/ Seitenanfang<\/a><\/p>\n<hr \/>\n<div class='content-column one_half'><div style=\"padding-right:6px;\"><p>U blizini je gustirna DO-OP-05<\/p><\/div><\/div><div class='content-column one_half last_column'><div style=\"padding-right:0px;padding-left:6px;\"><p>In der N\u00e4he befindet sich die Zisterne DO-OP-05<\/p><\/div><\/div><div class='clear_column'><\/div><\/p>\n<p style=\"text-align: right;\"><a href=\"#seite_oben\">natrag na vrh \/ Seitenanfang<\/a><\/p>\n<hr \/>\n<p><strong>Linkovi \/ Links<\/strong><\/p>\n<p><span style=\"color: #3366ff;\"><a style=\"color: #3366ff;\" href=\"https:\/\/www.topohvar.at\/topo\/orte\/do\/do-op-00-1-2\/#op-05\">Gustirna \u00bbDO-OP-05\u00ab<\/a><\/span><\/p>\n","protected":false},"excerpt":{"rendered":"<p>Ime \/ Name Trim \u00bbDO-TR-11\u00ab Code: DO-TR-11\u00a0 \u00a0 \u00a0 \u00a0 \u00a0 \u00a0 \u00a0 \u00a0 \u00a0 \u00a0 \u00a0 \u00a0 \u00a0 \u00a0 \u00a0 \u00a0 \u00a0 \u00a0\u00a0 Adresa \/ Adresse Dol, u blizini ceste Stari Grad &#8211; Vrbanj \/ nahe der Stra\u00dfe Stari &hellip; <a href=\"https:\/\/www.topohvar.at\/topo\/orte\/do\/do-tr-11-2\/\">Weiterlesen <span class=\"meta-nav\">&rarr;<\/span><\/a><\/p>\n","protected":false},"author":1,"featured_media":0,"parent":68,"menu_order":0,"comment_status":"closed","ping_status":"closed","template":"","meta":{"footnotes":""},"class_list":["post-2028","page","type-page","status-publish","hentry"],"_links":{"self":[{"href":"https:\/\/www.topohvar.at\/topo\/wp-json\/wp\/v2\/pages\/2028","targetHints":{"allow":["GET"]}}],"collection":[{"href":"https:\/\/www.topohvar.at\/topo\/wp-json\/wp\/v2\/pages"}],"about":[{"href":"https:\/\/www.topohvar.at\/topo\/wp-json\/wp\/v2\/types\/page"}],"author":[{"embeddable":true,"href":"https:\/\/www.topohvar.at\/topo\/wp-json\/wp\/v2\/users\/1"}],"replies":[{"embeddable":true,"href":"https:\/\/www.topohvar.at\/topo\/wp-json\/wp\/v2\/comments?post=2028"}],"version-history":[{"count":17,"href":"https:\/\/www.topohvar.at\/topo\/wp-json\/wp\/v2\/pages\/2028\/revisions"}],"predecessor-version":[{"id":68516,"href":"https:\/\/www.topohvar.at\/topo\/wp-json\/wp\/v2\/pages\/2028\/revisions\/68516"}],"up":[{"embeddable":true,"href":"https:\/\/www.topohvar.at\/topo\/wp-json\/wp\/v2\/pages\/68"}],"wp:attachment":[{"href":"https:\/\/www.topohvar.at\/topo\/wp-json\/wp\/v2\/media?parent=2028"}],"curies":[{"name":"wp","href":"https:\/\/api.w.org\/{rel}","templated":true}]}}