{"id":20472,"date":"2019-02-27T06:46:55","date_gmt":"2019-02-27T05:46:55","guid":{"rendered":"https:\/\/www.topohvar.at\/?page_id=20472"},"modified":"2021-11-12T15:17:13","modified_gmt":"2021-11-12T14:17:13","slug":"hv-cw-15-1","status":"publish","type":"page","link":"https:\/\/www.topohvar.at\/topo\/orte\/hv\/hv-cw-15-1\/","title":{"rendered":"HVAR &#8211; Biv\u0161a postaja \u00bbIX. Kri\u017enog puta\u00ab"},"content":{"rendered":"<p><a name=\"seite_oben\"><\/a><br \/>\n<img loading=\"lazy\" decoding=\"async\" class=\"alignnone wp-image-20475 size-large\" src=\"https:\/\/www.topohvar.at\/wp-content\/uploads\/2019\/02\/hv-cw-15-1-1024x503.jpg\" alt=\"\" width=\"640\" height=\"314\" srcset=\"https:\/\/www.topohvar.at\/wp-content\/uploads\/2019\/02\/hv-cw-15-1-1024x503.jpg 1024w, https:\/\/www.topohvar.at\/wp-content\/uploads\/2019\/02\/hv-cw-15-1-300x147.jpg 300w, https:\/\/www.topohvar.at\/wp-content\/uploads\/2019\/02\/hv-cw-15-1-768x377.jpg 768w, https:\/\/www.topohvar.at\/wp-content\/uploads\/2019\/02\/hv-cw-15-1.jpg 1080w\" sizes=\"auto, (max-width: 640px) 100vw, 640px\" \/><\/p>\n<p><strong>Ime \/ Name<br \/>\n<\/strong>Biv\u0161a postaja \u00bbIX. Kri\u017enog puta\u00ab \/ ehemalige 9. Kreuzwegstation<\/p>\n<p><strong>Code: <\/strong>HV-CW-15\u00a0 \u00a0 \u00a0 \u00a0 \u00a0 \u00a0 \u00a0 \u00a0 \u00a0 \u00a0 \u00a0 \u00a0 \u00a0 \u00a0 \u00a0 \u00a0 \u00a0 \u00a0\u00a0<a href=\"https:\/\/www.topohvar.at\/hv-cp-01-1\/\"><img loading=\"lazy\" decoding=\"async\" class=\"alignnone wp-image-12300 size-full\" src=\"https:\/\/www.topohvar.at\/wp-content\/uploads\/2018\/09\/push-vor-30.jpg\" alt=\"\" width=\"61\" height=\"30\" \/><\/a>\u00a0<strong><a href=\"https:\/\/www.topohvar.at\/orte\/hv\/hv-cw-09-1\/\"><img loading=\"lazy\" decoding=\"async\" class=\"alignnone wp-image-533 size-full\" src=\"https:\/\/www.topohvar.at\/wp-content\/uploads\/2018\/07\/push-l-30.jpg\" alt=\"\" width=\"61\" height=\"30\" \/><\/a> <a href=\"https:\/\/www.topohvar.at\/orte\/hv\/\"><img loading=\"lazy\" decoding=\"async\" class=\"alignnone wp-image-535 size-full\" src=\"https:\/\/www.topohvar.at\/wp-content\/uploads\/2018\/07\/push-o-30.jpg\" alt=\"\" width=\"61\" height=\"30\" \/><\/a> <a href=\"https:\/\/www.topohvar.at\/orte\/hv\/hv-cw-10-1\/\"><img loading=\"lazy\" decoding=\"async\" class=\"alignnone wp-image-536 size-full\" src=\"https:\/\/www.topohvar.at\/wp-content\/uploads\/2018\/07\/push-r-30.jpg\" alt=\"\" width=\"61\" height=\"30\" \/><\/a>\u00a0<a href=\"https:\/\/www.topohvar.at\/hv-cp-01-1\/\"><img loading=\"lazy\" decoding=\"async\" class=\"alignnone wp-image-12299 size-full\" src=\"https:\/\/www.topohvar.at\/wp-content\/uploads\/2018\/09\/push-next-30.jpg\" alt=\"\" width=\"61\" height=\"30\" \/><\/a><\/strong><\/p>\n<hr \/>\n<p><strong>Adresa \/ Adresse<br \/>\n<\/strong>Grad Hvar, \u0160etali\u0161te put Kri\u017ea 10 \/ Kroz Burak 42b<\/p>\n<p><strong>Lokacija \/ Position<a href=\"https:\/\/goo.gl\/maps\/12WunLn9ohL6hSReA\"><img loading=\"lazy\" decoding=\"async\" class=\"alignright wp-image-20486\" src=\"https:\/\/www.topohvar.at\/wp-content\/uploads\/2019\/02\/2001.jpg\" alt=\"\" width=\"134\" height=\"100\" \/><\/a><br \/>\n<\/strong><span style=\"color: #3366ff;\"><a style=\"color: #3366ff;\" href=\"https:\/\/goo.gl\/maps\/12WunLn9ohL6hSReA\">Latitude: N 43,16931\u00b0\u00a0 \u00a0Longitude: E 16,44284\u00b0<\/a> <\/span><strong><br \/>\n<\/strong>Visina \/ H\u00f6he: 7 m<\/p>\n<p><strong>Katastarska \u010destica \/ Grundst\u00fccke<br \/>\n<\/strong>3898\/2<div class='content-column one_half'><div style=\"padding-right:6px;\"><p><strong>Datum snimanja \/ Erfassungsdatum<br \/>\n<\/strong>26.02.2019 09:48:00<\/p>\n<hr \/>\n<p><strong>Informacije<\/strong><\/p>\n<p>Biv\u0161a IX. postaja Kri\u017enog puta.\u00a0Oko 1720. g.\u00a0Put &#8222;\u0160etali\u0161te put Kri\u017ea&#8220; je nekad bila\u00a0izme\u0111u kri\u017enog postaja 7 i 11\u00a0kroz sada\u0161njih privatnih zemlji\u0161ta &#8222;\u0160etali\u0161te put Kri\u017ea 10-11&#8220; (Kroz Burak 40-42b).\u00a0Zgrada 9. postaje s kri\u017eem jo\u0161 je sa\u010duvana u vrtu ku\u0107e \u0160etali\u0161te put Kri\u017ea 10 \/ Kroz Burak 42b.<\/p><\/div><\/div><div class='content-column one_half last_column'><div style=\"padding-right:0px;padding-left:6px;\"><p><strong>Stupanj za\u0161tite \/ Schutzstellung<br \/>\n<\/strong>&#8211;<\/p>\n<hr \/>\n<p><strong>Info<\/strong><\/p>\n<p>Ehemalige 9. Kreuzwegstation. Um 1720. Der Weg &#8222;\u0160etali\u0161te put Kri\u017ea&#8220; verlief fr\u00fcher zwischen den Kreuzwegstationen 7 und 11 quer \u00fcber die heutigen Privatgrundst\u00fccke\u00a0&#8222;\u0160etali\u0161te put Kri\u017ea 10-11&#8220; (Kroz Burak 40-42b). Das Geb\u00e4ude der 9. Station mit Kreuz ist noch im Garten des Hauses \u0160etali\u0161te put Kri\u017ea 10 \/ Kroz Burak 42b erhalten.<\/p><\/div><\/div><div class='clear_column'><\/div><\/p>\n<p style=\"text-align: right;\"><span style=\"color: #3366ff;\"><a style=\"color: #3366ff;\" href=\"#seite_oben\">natrag na vrh \/ Seitenanfang<\/a><\/span><\/p>\n<hr \/>\n<p><strong>Linkovi \/ Links<\/strong><\/p>\n<p><span style=\"color: #3366ff;\"><a style=\"color: #3366ff;\" href=\"https:\/\/www.topohvar.at\/orte\/hv\/hv-cw-09-1\/\">Postaja \u00bbIX. Kri\u017enog puta\u00ab \/ 9. Kreuzwegstation<\/a><br \/>\n<a style=\"color: #3366ff;\" href=\"https:\/\/www.topohvar.at\/orte\/hv\/hv-is-31-1\/\">Legenda o nastanku kapelica kri\u017enog puta \/ Legende von der Entstehung der Kreuzwegkapellen.<\/a><br \/>\n<\/span><\/p>\n","protected":false},"excerpt":{"rendered":"<p>Ime \/ Name Biv\u0161a postaja \u00bbIX. Kri\u017enog puta\u00ab \/ ehemalige 9. Kreuzwegstation Code: HV-CW-15\u00a0 \u00a0 \u00a0 \u00a0 \u00a0 \u00a0 \u00a0 \u00a0 \u00a0 \u00a0 \u00a0 \u00a0 \u00a0 \u00a0 \u00a0 \u00a0 \u00a0 \u00a0\u00a0\u00a0 \u00a0 Adresa \/ Adresse Grad Hvar, \u0160etali\u0161te put Kri\u017ea &hellip; <a href=\"https:\/\/www.topohvar.at\/topo\/orte\/hv\/hv-cw-15-1\/\">Weiterlesen <span class=\"meta-nav\">&rarr;<\/span><\/a><\/p>\n","protected":false},"author":1,"featured_media":0,"parent":80,"menu_order":0,"comment_status":"closed","ping_status":"closed","template":"","meta":{"footnotes":""},"class_list":["post-20472","page","type-page","status-publish","hentry"],"_links":{"self":[{"href":"https:\/\/www.topohvar.at\/topo\/wp-json\/wp\/v2\/pages\/20472","targetHints":{"allow":["GET"]}}],"collection":[{"href":"https:\/\/www.topohvar.at\/topo\/wp-json\/wp\/v2\/pages"}],"about":[{"href":"https:\/\/www.topohvar.at\/topo\/wp-json\/wp\/v2\/types\/page"}],"author":[{"embeddable":true,"href":"https:\/\/www.topohvar.at\/topo\/wp-json\/wp\/v2\/users\/1"}],"replies":[{"embeddable":true,"href":"https:\/\/www.topohvar.at\/topo\/wp-json\/wp\/v2\/comments?post=20472"}],"version-history":[{"count":9,"href":"https:\/\/www.topohvar.at\/topo\/wp-json\/wp\/v2\/pages\/20472\/revisions"}],"predecessor-version":[{"id":53421,"href":"https:\/\/www.topohvar.at\/topo\/wp-json\/wp\/v2\/pages\/20472\/revisions\/53421"}],"up":[{"embeddable":true,"href":"https:\/\/www.topohvar.at\/topo\/wp-json\/wp\/v2\/pages\/80"}],"wp:attachment":[{"href":"https:\/\/www.topohvar.at\/topo\/wp-json\/wp\/v2\/media?parent=20472"}],"curies":[{"name":"wp","href":"https:\/\/api.w.org\/{rel}","templated":true}]}}