{"id":20945,"date":"2019-04-07T09:55:39","date_gmt":"2019-04-07T07:55:39","guid":{"rendered":"https:\/\/www.topohvar.at\/?page_id=20945"},"modified":"2022-10-01T07:09:17","modified_gmt":"2022-10-01T05:09:17","slug":"sb-ob-01-1","status":"publish","type":"page","link":"https:\/\/www.topohvar.at\/topo\/orte\/sb\/sb-ob-01-1\/","title":{"rendered":"SELCA KOD BOGOMOLJA &#8211; Objekt \u00bbGumno 1\u00ab (mjesto za mlatiti)"},"content":{"rendered":"<p><a name=\"seite_oben\"><\/a><br \/>\n<img loading=\"lazy\" decoding=\"async\" class=\"aligncenter wp-image-31162 size-full\" src=\"https:\/\/www.topohvar.at\/wp-content\/uploads\/2020\/02\/sb-ob-01-1.jpeg\" alt=\"\" width=\"640\" height=\"314\" \/><\/p>\n<p><strong>Ime \/ Name<br \/>\n<\/strong>Objekt \u00bbGumno 1\u00ab (mjesto za mlatiti) \/ Dreschboden<\/p>\n<p><strong>Code: <\/strong>SB-OB-01\u00a0 \u00a0 \u00a0 \u00a0 \u00a0 \u00a0 \u00a0 \u00a0 \u00a0 \u00a0 \u00a0 \u00a0 \u00a0 \u00a0 \u00a0 \u00a0 \u00a0 \u00a0 \u00a0 <strong> <a href=\"https:\/\/www.topohvar.at\/topo\/orte\/sb\/sb-ob-06-1\/\"><img loading=\"lazy\" decoding=\"async\" class=\"alignnone wp-image-533 size-full\" src=\"https:\/\/www.topohvar.at\/wp-content\/uploads\/2018\/07\/push-l-30.jpg\" alt=\"\" width=\"61\" height=\"30\" \/><\/a> <a href=\"https:\/\/www.topohvar.at\/orte\/sb\/\"><img loading=\"lazy\" decoding=\"async\" class=\"alignnone wp-image-535 size-full\" src=\"https:\/\/www.topohvar.at\/wp-content\/uploads\/2018\/07\/push-o-30.jpg\" alt=\"\" width=\"61\" height=\"30\" \/><\/a> <a href=\"https:\/\/www.topohvar.at\/topo\/orte\/sb\/sb-ob-02-1\/\"><img loading=\"lazy\" decoding=\"async\" class=\"alignnone wp-image-536 size-full\" src=\"https:\/\/www.topohvar.at\/wp-content\/uploads\/2018\/07\/push-r-30.jpg\" alt=\"\" width=\"61\" height=\"30\" \/><\/a> <a href=\"https:\/\/www.topohvar.at\/topo\/orte\/su\/sb-og-01-1\/\"><img loading=\"lazy\" decoding=\"async\" class=\"alignnone wp-image-12299 size-full\" src=\"https:\/\/www.topohvar.at\/wp-content\/uploads\/2018\/09\/push-next-30.jpg\" alt=\"\" width=\"61\" height=\"30\" \/><\/a><\/strong><\/p>\n<hr \/>\n<p><strong>Adresa \/ Adresse<br \/>\n<\/strong>Selca kod Bogomolja, Grabak<\/p>\n<p><strong>Lokacija \/ Position<a href=\"https:\/\/goo.gl\/maps\/TjBzANXEp1LmfK1e9\"><img loading=\"lazy\" decoding=\"async\" class=\"alignright wp-image-20946\" src=\"https:\/\/www.topohvar.at\/wp-content\/uploads\/2019\/04\/2025.jpg\" alt=\"\" width=\"134\" height=\"100\" \/><\/a><br \/>\n<\/strong><span style=\"color: #3366ff;\">Latitude: N 43,13442\u00b0\u00a0 \u00a0Longitude: E 17,05382\u00b0 <\/span><strong><br \/>\n<\/strong>Visina \/ H\u00f6he: 159 m<\/p>\n<p><strong>Katastarska \u010destica <\/strong><strong>\/ Grundst\u00fccke<br \/>\n<\/strong>4194\/455 <div class='content-column one_half'><div style=\"padding-right:6px;\"><p><strong>Datum snimanja \/ Erfassungsdatum<br \/>\n<\/strong>22.03.2019 13:44:46<\/p>\n<hr \/>\n<p><strong>Informacije<\/strong><\/p>\n<p>U masliniku je veliko okruglo, zazidano mjesto za vr\u0161enje (gumno). Hvala gospodinu Godinovi\u0107u &#8211; Kika iz Su\u0107urja, koji mi je pokazao objekt.<\/p><\/div><\/div><div class='content-column one_half last_column'><div style=\"padding-right:0px;padding-left:6px;\"><p><strong>Stupanj za\u0161tite<\/strong><strong> \/ Schutzstellung<br \/>\n<\/strong>&#8211;<\/p>\n<hr \/>\n<p><strong>Info<\/strong><\/p>\n<p>Im Olivengarten befindet sich ein gro\u00dfer runder, mit Mauern eingefasster Platz zum Dreschen. Dank an Herrn Godinovi\u0107 &#8211; Kika aus Sucuraj, der mir das Objekt gezeigt hat.<\/div><\/div><div class='clear_column'><\/div><\/p>\n<div id=\"attachment_60789\" style=\"width: 1090px\" class=\"wp-caption alignnone\"><img loading=\"lazy\" decoding=\"async\" aria-describedby=\"caption-attachment-60789\" class=\"wp-image-60789 size-full\" src=\"https:\/\/www.topohvar.at\/wp-content\/uploads\/2022\/09\/sb-ob-01-11.jpg\" alt=\"\" width=\"1080\" height=\"530\" srcset=\"https:\/\/www.topohvar.at\/wp-content\/uploads\/2022\/09\/sb-ob-01-11.jpg 1080w, https:\/\/www.topohvar.at\/wp-content\/uploads\/2022\/09\/sb-ob-01-11-300x147.jpg 300w, https:\/\/www.topohvar.at\/wp-content\/uploads\/2022\/09\/sb-ob-01-11-1024x503.jpg 1024w, https:\/\/www.topohvar.at\/wp-content\/uploads\/2022\/09\/sb-ob-01-11-768x377.jpg 768w\" sizes=\"auto, (max-width: 1080px) 100vw, 1080px\" \/><p id=\"caption-attachment-60789\" class=\"wp-caption-text\">Objekt 2022 \/ Objekt im Jahr 2022<\/p><\/div>\n<p style=\"text-align: right;\"><span style=\"color: #3366ff;\"><a style=\"color: #3366ff;\" href=\"#seite_oben\">natrag na vrh \/ Seitenanfang<\/a><\/span><\/p>\n<hr \/>\n<p><strong>Linkovi \/ Links<\/strong><\/p>\n<p><span style=\"color: #3366ff;\"><a style=\"color: #3366ff;\" href=\"https:\/\/www.youtube.com\/watch?v=StqrS0JqhAI&amp;feature=emb_rel_end\"><strong>VIDEO<\/strong> &#8211; Primo\u0161tenska gumna u pro\u0161losti \/ Primo\u0161tener Dreschplatz in der Vergangenheit<\/a><\/span><\/p>\n","protected":false},"excerpt":{"rendered":"<p>Ime \/ Name Objekt \u00bbGumno 1\u00ab (mjesto za mlatiti) \/ Dreschboden Code: SB-OB-01\u00a0 \u00a0 \u00a0 \u00a0 \u00a0 \u00a0 \u00a0 \u00a0 \u00a0 \u00a0 \u00a0 \u00a0 \u00a0 \u00a0 \u00a0 \u00a0 \u00a0 \u00a0 \u00a0 Adresa \/ Adresse Selca kod Bogomolja, Grabak Lokacija \/ &hellip; <a href=\"https:\/\/www.topohvar.at\/topo\/orte\/sb\/sb-ob-01-1\/\">Weiterlesen <span class=\"meta-nav\">&rarr;<\/span><\/a><\/p>\n","protected":false},"author":1,"featured_media":0,"parent":97,"menu_order":0,"comment_status":"closed","ping_status":"closed","template":"","meta":{"footnotes":""},"class_list":["post-20945","page","type-page","status-publish","hentry"],"_links":{"self":[{"href":"https:\/\/www.topohvar.at\/topo\/wp-json\/wp\/v2\/pages\/20945","targetHints":{"allow":["GET"]}}],"collection":[{"href":"https:\/\/www.topohvar.at\/topo\/wp-json\/wp\/v2\/pages"}],"about":[{"href":"https:\/\/www.topohvar.at\/topo\/wp-json\/wp\/v2\/types\/page"}],"author":[{"embeddable":true,"href":"https:\/\/www.topohvar.at\/topo\/wp-json\/wp\/v2\/users\/1"}],"replies":[{"embeddable":true,"href":"https:\/\/www.topohvar.at\/topo\/wp-json\/wp\/v2\/comments?post=20945"}],"version-history":[{"count":31,"href":"https:\/\/www.topohvar.at\/topo\/wp-json\/wp\/v2\/pages\/20945\/revisions"}],"predecessor-version":[{"id":60808,"href":"https:\/\/www.topohvar.at\/topo\/wp-json\/wp\/v2\/pages\/20945\/revisions\/60808"}],"up":[{"embeddable":true,"href":"https:\/\/www.topohvar.at\/topo\/wp-json\/wp\/v2\/pages\/97"}],"wp:attachment":[{"href":"https:\/\/www.topohvar.at\/topo\/wp-json\/wp\/v2\/media?parent=20945"}],"curies":[{"name":"wp","href":"https:\/\/api.w.org\/{rel}","templated":true}]}}