{"id":2102,"date":"2018-08-01T09:19:37","date_gmt":"2018-08-01T07:19:37","guid":{"rendered":"https:\/\/www.topohvar.at\/?page_id=2102"},"modified":"2025-04-14T17:04:03","modified_gmt":"2025-04-14T15:04:03","slug":"do-po-01-2","status":"publish","type":"page","link":"https:\/\/www.topohvar.at\/topo\/orte\/do\/do-po-01-2\/","title":{"rendered":"DOL &#8211; Rimska villa rustica \u00bbKupinovik\u00ab"},"content":{"rendered":"<p><img loading=\"lazy\" decoding=\"async\" class=\"alignnone wp-image-2100 size-large\" src=\"https:\/\/www.topohvar.at\/wp-content\/uploads\/2018\/08\/DO-PO-01-1-1024x503.jpg\" alt=\"\" width=\"640\" height=\"314\" srcset=\"https:\/\/www.topohvar.at\/wp-content\/uploads\/2018\/08\/DO-PO-01-1-1024x503.jpg 1024w, https:\/\/www.topohvar.at\/wp-content\/uploads\/2018\/08\/DO-PO-01-1-300x147.jpg 300w, https:\/\/www.topohvar.at\/wp-content\/uploads\/2018\/08\/DO-PO-01-1-768x377.jpg 768w\" sizes=\"auto, (max-width: 640px) 100vw, 640px\" \/><\/p>\n<p><strong>Ime \/ Name<br \/>\n<\/strong>Rimska villa rustica \u00bbKupinovik\u00ab<\/p>\n<p><strong>Code: <\/strong>DO-PO-01\u00a0 \u00a0 \u00a0 \u00a0 \u00a0 \u00a0 \u00a0 \u00a0 \u00a0 \u00a0 \u00a0 \u00a0 \u00a0 \u00a0 \u00a0 \u00a0 \u00a0 \u00a0 \u00a0 \u00a0 \u00a0 \u00a0 \u00a0\u00a0<strong> <a href=\" https:\/\/www.topohvar.at\/topo\/orte\/do\/do-po-00-1\/\"><img loading=\"lazy\" decoding=\"async\" class=\"alignnone wp-image-533 size-full\" src=\"https:\/\/www.topohvar.at\/wp-content\/uploads\/2018\/07\/push-l-30.jpg\" alt=\"\" width=\"61\" height=\"30\" \/><\/a> <a href=\"https:\/\/www.topohvar.at\/orte\/do\/\"><img loading=\"lazy\" decoding=\"async\" class=\"alignnone wp-image-535 size-full\" src=\"https:\/\/www.topohvar.at\/wp-content\/uploads\/2018\/07\/push-o-30.jpg\" alt=\"\" width=\"61\" height=\"30\" \/><\/a> <a href=\" https:\/\/www.topohvar.at\/topo\/orte\/do\/do-po-02-2\/\"><img loading=\"lazy\" decoding=\"async\" class=\"alignnone wp-image-536 size-full\" src=\"https:\/\/www.topohvar.at\/wp-content\/uploads\/2018\/07\/push-r-30.jpg\" alt=\"\" width=\"61\" height=\"30\" \/><\/a><\/strong><\/p>\n<hr \/>\n<p><strong>Adresa \/ Adresse<br \/>\n<\/strong>Dol, Polje, Kupinovik<\/p>\n<p><strong>Lokalna polo\u017eaj \/ Position<a href=\"https:\/\/goo.gl\/maps\/aqiFimM1UiSVf5tZ6\"><img loading=\"lazy\" decoding=\"async\" class=\"alignright wp-image-2106\" src=\"https:\/\/www.topohvar.at\/wp-content\/uploads\/2018\/08\/0089.jpg\" alt=\"\" width=\"134\" height=\"100\" \/><\/a><br \/>\n<\/strong><span style=\"color: #3366ff;\"><a style=\"color: #3366ff;\" href=\"https:\/\/goo.gl\/maps\/aqiFimM1UiSVf5tZ6\">Latitude: N 43,17725\u00b0\u00a0 \u00a0Longitude: E 16,61435\u00b0<\/a> <\/span><strong><br \/>\n<\/strong>Visina \/ H\u00f6he: 36 m<\/p>\n<p><strong>Zemlji\u0161te \/ Grundst\u00fccke<br \/>\n<\/strong>1886\/1, 1886\/2<div class='content-column one_half'><div style=\"padding-right:6px;\"><p><strong>Datum snimanja \/ Erfassungsdatum<br \/>\n<\/strong>14.05.2012 15:43:00<\/p>\n<hr \/>\n<p><strong>Informacije<\/strong><\/p>\n<p>Kupinovik je rimska villa rustica (ladanjsko-gospodarko imanje) \u010dija se izgradnja datira na kraj 1. st. prije Krista ili po\u010detak 1. st. poslije Krista. Nalazi se sjeverno od naselja Dol, a ju\u017eno od ceste Stari Grad &#8211; Jelsa. Jedan je od brojnih anti\u010dkih lokaliteta u Starogradskom polju. Ujedno je najbolje istra\u017eena iako se otkopala samo tre\u0107ina objekta.<\/p><\/div><\/div><div class='content-column one_half last_column'><div style=\"padding-right:0px;padding-left:6px;\"><p><strong>Za\u0161titni polo\u017eaj \/ Schutzstellung<br \/>\n<\/strong>&#8211;<\/p>\n<hr \/>\n<p><strong>Info<\/strong><\/p>\n<p>Kupinovik ist eine rustikale r\u00f6mische Villa (Bauernhaus), deren Bau auf das Ende oder den Beginn des 1. Jh. v. Chr. zur\u00fcckgeht. Sie befindet sich n\u00f6rdlich des Dorfes Dol und s\u00fcdlich der Stra\u00dfe Stari Grad &#8211; Jelsa. Sie ist eine von vielen antiken St\u00e4tten des Starigrader Feldes und auch das am besten erforschte obwohl nur zu einem Drittel ergraben.<\/p><\/div><\/div><div class='clear_column'><\/div><div class='content-column one_half'><div style=\"padding-right:6px;\"><p>Ime lokaliteta potje\u010de od brojnih kupina koje rastu na tom podru\u010dju.<\/p><\/div><\/div><div class='content-column one_half last_column'><div style=\"padding-right:0px;padding-left:6px;\"><p>Der Name der Lokalit\u00e4t stammt vermutlich von den vielen Brombeeren, die in dieser Gegend wachsen.<\/p><\/div><\/div><div class='clear_column'><\/div><div class='content-column one_half'><div style=\"padding-right:6px;\"><p>Rimske villa rustica je nastala na temeljima ranije gr\u010dke gradnje \u0161to jasno dokazuje nadgrobni spomenik Grka Komona Filoksenida koji je bio vlasnik zemlji\u0161ta. Dolaskom Rimljana, oni prethodni objekt prilago\u0111avaju svojim potrebama i ukusima.<\/p><\/div><\/div><div class='content-column one_half last_column'><div style=\"padding-right:0px;padding-left:6px;\"><p>Die r\u00f6mische Villa Rustica wurde auf den Fundamenten fr\u00fcherer griechischer Bauwerke erbaut, was durch den Grabstein des Griechen Comon Philoxenides, dem das Land geh\u00f6rte, deutlich wird. Mit der Ankunft der R\u00f6mer wurde das bestehende Geb\u00e4ude an ihre Bed\u00fcrfnisse und Geschm\u00e4cker angepasst.<\/p><\/div><\/div><div class='clear_column'><\/div><div class='content-column one_half'><div style=\"padding-right:6px;\"><p>Kompleks ima oblik pravokutnika koji je okru\u017een zidanim kamenim gomilama.<\/p><\/div><\/div><div class='content-column one_half last_column'><div style=\"padding-right:0px;padding-left:6px;\"><p>Der Komplex hat eine rechteckige Form und ist von ummauerten Steinbl\u00f6cken umgeben.<\/p><\/div><\/div><div class='clear_column'><\/div><div class='content-column one_half'><div style=\"padding-right:6px;\"><p>Arheolo\u0161kim iskopavanjima na ovom lokalitetu su otkriveni dijelovi dva tijeska za masline, mlina, bazeni za vodu ili ulje te temelji raznih prostorija. Na\u0111ene su i kockice mozaika crne i bijele boje te nov\u010di\u0107i rimskih careva Domicijana, Trajana i Marka Aurelija.<\/p><\/div><\/div><div class='content-column one_half last_column'><div style=\"padding-right:0px;padding-left:6px;\"><p>Bei arch\u00e4ologischen Ausgrabungen wurden Teile von zwei Pressen f\u00fcr Oliven\u00f6l, M\u00fchlen, Becken f\u00fcr Wasser oder \u00d6l sowie Fundamente verschiedener R\u00e4ume entdeckt. Es wurden auch W\u00fcrfel aus schwarz-wei\u00dfen Mosaiken und M\u00fcnzen der r\u00f6mischen Kaiser Domician, Trajan und Mark Aurel gefunden.<\/p><\/div><\/div><div class='clear_column'><\/div><div class='content-column one_half'><div style=\"padding-right:6px;\"><p>Na lokalitetu je na\u0111en i uklesan latinski natpis na kamenoj gredi koja je, u sekundarnoj funkciji, slu\u017eila kao okomiti stup tijeska. Prema sadr\u017eaju natpisa mo\u017ee se zaklju\u010diti da je nadgrobnog karaktera, a slu\u017eio je kao arhitrav neke gra\u0111evine-hrama (aedes). Na natpisu se spominju rimskog gra\u0111anina, Gaja Kornificija Kara, funkcionari municipalne administracije Pharosa (decurio, adlectus). On je obna\u0161ao du\u017enost <em>Decuriona<\/em> a datira se u po\u010d. 1. st.<\/p><\/div><\/div><div class='content-column one_half last_column'><div style=\"padding-right:0px;padding-left:6px;\"><p>Eine lateinische Inschrift wurde auf einem Steinbalken gefunden, der &#8211; wiederverwendet -als vertikale S\u00e4ule zum Keltern diente. Dem Inhalt der Inschrift kann entnommen werden, dass es sich um einen Grabstein handelte, der urspr\u00fcnglich als Architrav eines Tempels (Aedes) diente. Die Inschrift bezieht sich auf den st\u00e4dtischen Verwaltungsbeamten von Pharos den r\u00f6mischen B\u00fcrger Gajus Kornificius Kara der als Dekurio (decurio, adlectus) diente und geht auf den Anfang des 1. Jh. zur\u00fcck.<\/p><\/div><\/div><div class='clear_column'><\/div><div class='content-column one_half'><div style=\"padding-right:6px;\"><p>Villa je sigurno bila u funkciji od rane do kasne antike na otoku. Sude\u0107i prema tragovima gorenja, kompleks je stradao u po\u017earu, najvjerojatnije u kasnoj antici.<\/p><\/div><\/div><div class='content-column one_half last_column'><div style=\"padding-right:0px;padding-left:6px;\"><p>Die Villa war sicherlich von der fr\u00fchen bis zur sp\u00e4ten Antike in Funktion. Den Spuren der Verbrennung nach zu urteilen, brannte der Komplex wahrscheinlich in der Sp\u00e4tantike ab.<\/p><\/div><\/div><div class='clear_column'><\/div><\/p>\n<p><img loading=\"lazy\" decoding=\"async\" class=\"aligncenter size-full wp-image-71511\" src=\"https:\/\/www.topohvar.at\/wp-content\/uploads\/2025\/04\/do-po-01-10.jpg\" alt=\"\" width=\"1080\" height=\"1080\" srcset=\"https:\/\/www.topohvar.at\/wp-content\/uploads\/2025\/04\/do-po-01-10.jpg 1080w, https:\/\/www.topohvar.at\/wp-content\/uploads\/2025\/04\/do-po-01-10-300x300.jpg 300w, https:\/\/www.topohvar.at\/wp-content\/uploads\/2025\/04\/do-po-01-10-1024x1024.jpg 1024w, https:\/\/www.topohvar.at\/wp-content\/uploads\/2025\/04\/do-po-01-10-150x150.jpg 150w, https:\/\/www.topohvar.at\/wp-content\/uploads\/2025\/04\/do-po-01-10-768x768.jpg 768w\" sizes=\"auto, (max-width: 1080px) 100vw, 1080px\" \/><\/p>\n<hr \/>\n<p><strong>Linkovi \/ Links<\/strong><\/p>\n<div class=\"html-div xdj266r x11i5rnm xat24cr x1mh8g0r xexx8yu x4uap5 x18d9i69 xkhd6sd\">\n<div id=\"\u00abridg\u00bb\" class=\"html-div xdj266r x11i5rnm xat24cr x1mh8g0r xexx8yu x4uap5 x18d9i69 xkhd6sd x1n2onr6\">\n<div class=\"html-div xdj266r x11i5rnm xat24cr x1mh8g0r xexx8yu x4uap5 x18d9i69 xkhd6sd x6ikm8r x10wlt62\">\n<div class=\"x1n2onr6\">\n<div class=\"xmjcpbm x1n2onr6 x1lku1pv\">\n<div class=\"x9f619 x1ja2u2z x78zum5 x2lah0s x1n2onr6 x1qughib x6s0dn4 xozqiw3 x1q0g3np xykv574 xbmpl8g xsag5q8 x1pi30zi x1swvt13 xz9dl7a\">\n<div class=\"x9f619 x1n2onr6 x1ja2u2z x193iq5w xeuugli x1r8uery x1iyjqo2 xs83m0k xsyo7zv x16hj40l\">\n<div class=\"x6ikm8r x10wlt62 x9f619 x1lkfr7t x4vbgl9 x1rdy4ex xjkvuk6 x1iorvi4 xd183bf\">\n<div class=\"x78zum5 xdt5ytf xz62fqu x16ldp7u\">\n<p class=\"xu06os2 x1ok221b\"><span class=\"x193iq5w xeuugli x13faqbe x1vvkbs x1xmvt09 x1lliihq x1s928wv xhkezso x1gmr53x x1cpjm7i x1fgarty x1943h6x xudqn12 x3x7a5m x1lkfr7t x1lbecb7 x1s688f xzsf02u x1yc453h\" dir=\"auto\"><span class=\"x1lliihq x6ikm8r x10wlt62 x1n2onr6 x1j85h84\"><span data-ad-rendering-role=\"title\"><span class=\"html-span xdj266r x11i5rnm xat24cr x1mh8g0r xexx8yu x4uap5 x18d9i69 xkhd6sd x1hl2dhg x16tdsg8 x1vvkbs\" dir=\"auto\">Villa rustica, Kupinovik &#8211; <span style=\"color: #3366ff;\"><a style=\"color: #3366ff;\" href=\"https:\/\/www.topohvar.at\/wp-content\/uploads\/2025\/04\/3D-Modell.htm\">3D-Modell<\/a> <\/span>by Mariusz Milka<br \/>\n<\/span><\/span><\/span><\/span><\/p>\n<\/div>\n<\/div>\n<\/div>\n<div class=\"x9f619 x1n2onr6 x1ja2u2z x78zum5 xdt5ytf x2lah0s x193iq5w xeuugli xsyo7zv x16hj40l\"><\/div>\n<\/div>\n<\/div>\n<\/div>\n<\/div>\n<\/div>\n<\/div>\n<div>\n<div class=\"xabvvm4 xeyy32k x1ia1hqs x1a2w583 x6ikm8r x10wlt62\" data-visualcompletion=\"ignore-dynamic\">\n<div>\n<div>\n<div>\n<div class=\"x1n2onr6\">\n<div class=\"x6s0dn4 xi81zsa x78zum5 x6prxxf x13a6bvl xvq8zen xdj266r xat24cr xkhd6sd x4uap5 x80vd3b x1q0q8m5 xso031l x16n37ib xq8finb x10b6aqq x1yrsyyn\">\n<div class=\"x1c4vz4f x2lah0s xci0xqf\"><\/div>\n<div class=\"x9f619 x1ja2u2z x78zum5 x2lah0s x1n2onr6 x1qughib x1qjc9v5 xozqiw3 x1q0g3np xykv574 xbmpl8g x4cne27 xifccgj x123j3cw xs9asl8\"><\/div>\n<\/div>\n<\/div>\n<\/div>\n<\/div>\n<\/div>\n<\/div>\n<\/div>\n","protected":false},"excerpt":{"rendered":"<p>Ime \/ Name Rimska villa rustica \u00bbKupinovik\u00ab Code: DO-PO-01\u00a0 \u00a0 \u00a0 \u00a0 \u00a0 \u00a0 \u00a0 \u00a0 \u00a0 \u00a0 \u00a0 \u00a0 \u00a0 \u00a0 \u00a0 \u00a0 \u00a0 \u00a0 \u00a0 \u00a0 \u00a0 \u00a0 \u00a0\u00a0 Adresa \/ Adresse Dol, Polje, Kupinovik Lokalna polo\u017eaj \/ &hellip; <a href=\"https:\/\/www.topohvar.at\/topo\/orte\/do\/do-po-01-2\/\">Weiterlesen <span class=\"meta-nav\">&rarr;<\/span><\/a><\/p>\n","protected":false},"author":1,"featured_media":0,"parent":68,"menu_order":0,"comment_status":"closed","ping_status":"closed","template":"","meta":{"footnotes":""},"class_list":["post-2102","page","type-page","status-publish","hentry"],"_links":{"self":[{"href":"https:\/\/www.topohvar.at\/topo\/wp-json\/wp\/v2\/pages\/2102","targetHints":{"allow":["GET"]}}],"collection":[{"href":"https:\/\/www.topohvar.at\/topo\/wp-json\/wp\/v2\/pages"}],"about":[{"href":"https:\/\/www.topohvar.at\/topo\/wp-json\/wp\/v2\/types\/page"}],"author":[{"embeddable":true,"href":"https:\/\/www.topohvar.at\/topo\/wp-json\/wp\/v2\/users\/1"}],"replies":[{"embeddable":true,"href":"https:\/\/www.topohvar.at\/topo\/wp-json\/wp\/v2\/comments?post=2102"}],"version-history":[{"count":14,"href":"https:\/\/www.topohvar.at\/topo\/wp-json\/wp\/v2\/pages\/2102\/revisions"}],"predecessor-version":[{"id":71512,"href":"https:\/\/www.topohvar.at\/topo\/wp-json\/wp\/v2\/pages\/2102\/revisions\/71512"}],"up":[{"embeddable":true,"href":"https:\/\/www.topohvar.at\/topo\/wp-json\/wp\/v2\/pages\/68"}],"wp:attachment":[{"href":"https:\/\/www.topohvar.at\/topo\/wp-json\/wp\/v2\/media?parent=2102"}],"curies":[{"name":"wp","href":"https:\/\/api.w.org\/{rel}","templated":true}]}}