{"id":21210,"date":"2019-04-10T12:31:23","date_gmt":"2019-04-10T10:31:23","guid":{"rendered":"https:\/\/www.topohvar.at\/?page_id=21210"},"modified":"2022-09-30T14:48:49","modified_gmt":"2022-09-30T12:48:49","slug":"sb-tr-02-1","status":"publish","type":"page","link":"https:\/\/www.topohvar.at\/topo\/orte\/sb\/sb-tr-02-1\/","title":{"rendered":"SELCA KOD BOGOMOLJA &#8211; Trim (Torijun) \u00bbSB-TR-02\u00ab"},"content":{"rendered":"<p><a name=\"seite_oben\"><\/a><br \/>\n<img loading=\"lazy\" decoding=\"async\" class=\"alignnone wp-image-21228 size-large\" src=\"https:\/\/www.topohvar.at\/wp-content\/uploads\/2019\/04\/sb-tr-02-0-1024x503.jpg\" alt=\"\" width=\"640\" height=\"314\" srcset=\"https:\/\/www.topohvar.at\/wp-content\/uploads\/2019\/04\/sb-tr-02-0-1024x503.jpg 1024w, https:\/\/www.topohvar.at\/wp-content\/uploads\/2019\/04\/sb-tr-02-0-300x147.jpg 300w, https:\/\/www.topohvar.at\/wp-content\/uploads\/2019\/04\/sb-tr-02-0-768x377.jpg 768w, https:\/\/www.topohvar.at\/wp-content\/uploads\/2019\/04\/sb-tr-02-0.jpg 1080w\" sizes=\"auto, (max-width: 640px) 100vw, 640px\" \/><\/p>\n<p><strong>Ime \/ Name<br \/>\n<\/strong>Trim (Torijun) \u00bbSB-TR-02\u00ab<\/p>\n<p><strong>Code: <\/strong>SB-TR-02\u00a0 \u00a0 \u00a0 \u00a0 \u00a0 \u00a0 \u00a0 \u00a0 \u00a0 \u00a0 \u00a0 \u00a0 \u00a0 \u00a0 \u00a0 \u00a0 <a href=\"https:\/\/www.topohvar.at\/orte\/sb\/sb-tr-00-1\/\"><img loading=\"lazy\" decoding=\"async\" class=\"alignnone wp-image-12300 size-full\" src=\"https:\/\/www.topohvar.at\/wp-content\/uploads\/2018\/09\/push-vor-30.jpg\" alt=\"\" width=\"61\" height=\"30\" \/><\/a>\u00a0<a href=\"https:\/\/www.topohvar.at\/orte\/sb\/sb-tr-12-1\/\"><img loading=\"lazy\" decoding=\"async\" class=\"alignnone wp-image-533 size-full\" src=\"https:\/\/www.topohvar.at\/wp-content\/uploads\/2018\/07\/push-l-30.jpg\" alt=\"\" width=\"61\" height=\"30\" \/><\/a><strong>\u00a0<a href=\"https:\/\/www.topohvar.at\/orte\/sb\/\"><img loading=\"lazy\" decoding=\"async\" class=\"alignnone wp-image-535 size-full\" src=\"https:\/\/www.topohvar.at\/wp-content\/uploads\/2018\/07\/push-o-30.jpg\" alt=\"\" width=\"61\" height=\"30\" \/><\/a>\u00a0<a href=\"https:\/\/www.topohvar.at\/orte\/sb\/sb-tr-03-1\/\"><img loading=\"lazy\" decoding=\"async\" class=\"alignnone wp-image-536 size-full\" src=\"https:\/\/www.topohvar.at\/wp-content\/uploads\/2018\/07\/push-r-30.jpg\" alt=\"\" width=\"61\" height=\"30\" \/><\/a><\/strong><\/p>\n<hr \/>\n<p><strong>Adresa \/ Adresse<br \/>\n<\/strong>Selca kod Bogomolja, Grabak<\/p>\n<p><strong>Lokacija \/ Position<a href=\"https:\/\/goo.gl\/maps\/CXrS7sAQrtXfAxNZA\"><img loading=\"lazy\" decoding=\"async\" class=\"alignright wp-image-21211\" src=\"https:\/\/www.topohvar.at\/wp-content\/uploads\/2019\/04\/2022.jpg\" alt=\"\" width=\"134\" height=\"100\" \/><\/a><br \/>\n<\/strong><span style=\"color: #3366ff;\"><a style=\"color: #3366ff;\" href=\"https:\/\/goo.gl\/maps\/CXrS7sAQrtXfAxNZA\">Latitude: N 43,13266\u00b0\u00a0 \u00a0Longitude: E 17,05191\u00b0<\/a> <\/span><strong><br \/>\n<\/strong>Visina \/ H\u00f6he: 171 m<\/p>\n<p><strong>Katastarska \u010destica \/ Grundst\u00fccke<br \/>\n<\/strong>4194\/26 <div class='content-column one_half'><div style=\"padding-right:6px;\"><p><strong>Datum snimanja \/ Erfassungsdatum<br \/>\n<\/strong>22.03.2019 13:28:53<\/p>\n<hr \/>\n<p><strong>Informacije<\/strong><\/p>\n<p>Nasuprot velikom trima nalaze se ru\u0161evine poljoprivrednih zgrada, velika lova\u010dka posuda i cisterna. Kameni blokovi desno od ulaza vode do ravnog krova. Ovdje se su\u0161e i smokve. Hvala gospodinu Godinovi\u0107u &#8211; Kika iz Su\u0107urja, koji mi je pokazao objekt.<\/p><\/div><\/div><div class='content-column one_half last_column'><div style=\"padding-right:0px;padding-left:6px;\"><p><strong>Stupanj za\u0161tite \/ Schutzstellung<br \/>\n<\/strong>&#8211;<\/p>\n<hr \/>\n<p><strong>Info<\/strong><\/p>\n<p>Gegen\u00fcber dem gro\u00dfen Trim befinden sich die Ruinen landwirtschaftlicher Bauten, ein gro\u00dfes Auffangbecken und eine Zisterne. Auf das ebene Dach, auf dem Feigen getrocknet werden, gelangt man \u00fcber Steinbl\u00f6cke rechts vom Eingang.\u00a0Dank an Herrn Godinovic &#8211; Kika aus Sucuraj, der mir das Objekt gezeigt hat.<\/p><\/div><\/div><div class='clear_column'><\/div><div class='content-column one_half'><div style=\"padding-right:6px;\"><div id=\"attachment_21379\" style=\"width: 310px\" class=\"wp-caption aligncenter\"><img loading=\"lazy\" decoding=\"async\" aria-describedby=\"caption-attachment-21379\" class=\"wp-image-21379 size-full\" src=\"https:\/\/www.topohvar.at\/wp-content\/uploads\/2019\/04\/sb-tr-02-4.jpg\" alt=\"\" width=\"300\" height=\"300\" srcset=\"https:\/\/www.topohvar.at\/wp-content\/uploads\/2019\/04\/sb-tr-02-4.jpg 300w, https:\/\/www.topohvar.at\/wp-content\/uploads\/2019\/04\/sb-tr-02-4-150x150.jpg 150w\" sizes=\"auto, (max-width: 300px) 100vw, 300px\" \/><p id=\"caption-attachment-21379\" class=\"wp-caption-text\">ravan krov \/ ebenes Dach<\/p><\/div>\n<p>Dana 22.03.2019 trim je posje\u0107en i ustanovljeno je sljede\u0107e:<\/p>\n<p>Lokacija: maslinik<br \/>\nPodloga: ravna<br \/>\nPovezan s: kamenim zidom<br \/>\nUpotreba: u upotrebi<br \/>\nStanje: dobro sa\u010duvan<br \/>\nBroj stepenica trima: 1<br \/>\nDodatni kameni prsten: kameni prsten djelomi\u010dno<br \/>\nStepeni\u0161te: nema<br \/>\nOblik kamena: uglast<br \/>\nPodru\u010dje ispred ulaza: lako dostupno<br \/>\nOrijentacija ulaza: Z (270\u00b0)<br \/>\nPromjer trima (cm): 520<br \/>\nVisina trima (cm): 270<br \/>\nVisina stepenica (cm): stepenica 1: 270<br \/>\nDebljina zida (cm): 75<br \/>\n\u0160irina vrata (cm): 75<br \/>\nVisina vrata (cm): 120<br \/>\n\u0160irina unutra (cm): 340 &#8211; 370<br \/>\nVisina unutra (cm): 260<br \/>\nVolumen iznutra (m3): 16,74<br \/>\nNi\u0161a 1 (P\/\u0160\/V\/D) (cm): 60 \/ 50 \/ 35 \/ 40<br \/>\nni\u0161a 2 (P\/\u0160\/V\/D) (cm): 0 \/ 45 \/ 45 \/ 60<\/p><\/div><\/div><div class='content-column one_half last_column'><div style=\"padding-right:0px;padding-left:6px;\"><div id=\"attachment_21380\" style=\"width: 310px\" class=\"wp-caption aligncenter\"><img loading=\"lazy\" decoding=\"async\" aria-describedby=\"caption-attachment-21380\" class=\"wp-image-21380 size-full\" src=\"https:\/\/www.topohvar.at\/wp-content\/uploads\/2019\/04\/sb-tr-02-5.jpg\" alt=\"\" width=\"300\" height=\"300\" srcset=\"https:\/\/www.topohvar.at\/wp-content\/uploads\/2019\/04\/sb-tr-02-5.jpg 300w, https:\/\/www.topohvar.at\/wp-content\/uploads\/2019\/04\/sb-tr-02-5-150x150.jpg 150w\" sizes=\"auto, (max-width: 300px) 100vw, 300px\" \/><p id=\"caption-attachment-21380\" class=\"wp-caption-text\">pjover \/ Wassersammelfl\u00e4che<\/p><\/div>\n<p>Am 22.03.2019 wurde der Trim besucht und n\u00e4her untersucht:<\/p>\n<p>Standort: Olivenhain<br \/>\nUntergrund: eben<br \/>\nVerbunden mit: Steinmauer<br \/>\nNutzung: genutzt<br \/>\nZustand: gut erhalten<br \/>\nAnzahl der Trimstufen: 1<br \/>\nZus\u00e4tzlicher Steinring: Steinring teilweise<br \/>\nStiege: keine<br \/>\nSteinform: kantig<br \/>\nEingangsbereich: frei<br \/>\nEingangsseite: W (270\u00b0)<br \/>\nTrimdurchmesser (cm): 520<br \/>\nTrimh\u00f6he (cm): 270<br \/>\nH\u00f6he der Trimstufen (cm): Stufe 1: 270<br \/>\nWandst\u00e4rke (cm): 75<br \/>\nT\u00fcrbreite (cm): 75<br \/>\nT\u00fcrh\u00f6he (cm): 120<br \/>\nInnenraumbreite (cm): 340 &#8211; 370<br \/>\nInnenraumh\u00f6he (cm): 260<br \/>\nRaumvolumen (m3): 16,74<br \/>\nNische 1 (P\/B\/H\/T) (cm): 60 \/ 50 \/ 35 \/ 40<br \/>\nNische 2 (P\/B\/H\/T) (cm): 0 \/ 45 \/ 45 \/ 60<\/p><\/div><\/div><div class='clear_column'><\/div><br \/>\n<img loading=\"lazy\" decoding=\"async\" class=\"alignnone size-full wp-image-21343\" src=\"https:\/\/www.topohvar.at\/wp-content\/uploads\/2019\/04\/sb-tr-02-sca.jpg\" alt=\"\" width=\"600\" height=\"902\" srcset=\"https:\/\/www.topohvar.at\/wp-content\/uploads\/2019\/04\/sb-tr-02-sca.jpg 600w, https:\/\/www.topohvar.at\/wp-content\/uploads\/2019\/04\/sb-tr-02-sca-200x300.jpg 200w\" sizes=\"auto, (max-width: 600px) 100vw, 600px\" \/><\/p>\n<p style=\"text-align: right;\"><a href=\"#seite_oben\">natrag na vrh \/ Seitenanfang<\/a><\/p>\n<hr \/>\n<p><strong>Linkovi \/ Links<\/strong><\/p>\n<p>&#8211;<\/p>\n","protected":false},"excerpt":{"rendered":"<p>Ime \/ Name Trim (Torijun) \u00bbSB-TR-02\u00ab Code: SB-TR-02\u00a0 \u00a0 \u00a0 \u00a0 \u00a0 \u00a0 \u00a0 \u00a0 \u00a0 \u00a0 \u00a0 \u00a0 \u00a0 \u00a0 \u00a0 \u00a0 \u00a0\u00a0\u00a0 Adresa \/ Adresse Selca kod Bogomolja, Grabak Lokacija \/ Position Latitude: N 43,13266\u00b0\u00a0 \u00a0Longitude: E 17,05191\u00b0 &hellip; <a href=\"https:\/\/www.topohvar.at\/topo\/orte\/sb\/sb-tr-02-1\/\">Weiterlesen <span class=\"meta-nav\">&rarr;<\/span><\/a><\/p>\n","protected":false},"author":1,"featured_media":0,"parent":97,"menu_order":0,"comment_status":"closed","ping_status":"closed","template":"","meta":{"footnotes":""},"class_list":["post-21210","page","type-page","status-publish","hentry"],"_links":{"self":[{"href":"https:\/\/www.topohvar.at\/topo\/wp-json\/wp\/v2\/pages\/21210","targetHints":{"allow":["GET"]}}],"collection":[{"href":"https:\/\/www.topohvar.at\/topo\/wp-json\/wp\/v2\/pages"}],"about":[{"href":"https:\/\/www.topohvar.at\/topo\/wp-json\/wp\/v2\/types\/page"}],"author":[{"embeddable":true,"href":"https:\/\/www.topohvar.at\/topo\/wp-json\/wp\/v2\/users\/1"}],"replies":[{"embeddable":true,"href":"https:\/\/www.topohvar.at\/topo\/wp-json\/wp\/v2\/comments?post=21210"}],"version-history":[{"count":18,"href":"https:\/\/www.topohvar.at\/topo\/wp-json\/wp\/v2\/pages\/21210\/revisions"}],"predecessor-version":[{"id":60761,"href":"https:\/\/www.topohvar.at\/topo\/wp-json\/wp\/v2\/pages\/21210\/revisions\/60761"}],"up":[{"embeddable":true,"href":"https:\/\/www.topohvar.at\/topo\/wp-json\/wp\/v2\/pages\/97"}],"wp:attachment":[{"href":"https:\/\/www.topohvar.at\/topo\/wp-json\/wp\/v2\/media?parent=21210"}],"curies":[{"name":"wp","href":"https:\/\/api.w.org\/{rel}","templated":true}]}}