{"id":21215,"date":"2019-04-10T12:39:10","date_gmt":"2019-04-10T10:39:10","guid":{"rendered":"https:\/\/www.topohvar.at\/?page_id=21215"},"modified":"2026-03-02T17:24:30","modified_gmt":"2026-03-02T16:24:30","slug":"sb-tr-03-1","status":"publish","type":"page","link":"https:\/\/www.topohvar.at\/topo\/orte\/sb\/sb-tr-03-1\/","title":{"rendered":"SELCA KOD BOGOMOLJA &#8211; Trim (Torijun) \u00bbSB-TR-03\u00ab"},"content":{"rendered":"<p><a name=\"seite_oben\"><\/a><br \/>\n<img loading=\"lazy\" decoding=\"async\" class=\"alignnone wp-image-21229 size-large\" src=\"https:\/\/www.topohvar.at\/wp-content\/uploads\/2019\/04\/sb-tr-03-0-1024x503.jpg\" alt=\"\" width=\"640\" height=\"314\" srcset=\"https:\/\/www.topohvar.at\/wp-content\/uploads\/2019\/04\/sb-tr-03-0-1024x503.jpg 1024w, https:\/\/www.topohvar.at\/wp-content\/uploads\/2019\/04\/sb-tr-03-0-300x147.jpg 300w, https:\/\/www.topohvar.at\/wp-content\/uploads\/2019\/04\/sb-tr-03-0-768x377.jpg 768w, https:\/\/www.topohvar.at\/wp-content\/uploads\/2019\/04\/sb-tr-03-0.jpg 1080w\" sizes=\"auto, (max-width: 640px) 100vw, 640px\" \/><\/p>\n<p><strong>Ime \/ Name<br \/>\n<\/strong>Trim (Torijun) \u00bbSB-TR-03\u00ab<\/p>\n<p><strong>Code: <\/strong>SB-TR-03\u00a0 \u00a0 \u00a0 \u00a0 \u00a0 \u00a0 \u00a0 \u00a0 \u00a0 \u00a0 \u00a0 \u00a0 \u00a0 \u00a0 \u00a0 \u00a0 <a href=\"https:\/\/www.topohvar.at\/orte\/sb\/sb-tr-00-1\/\"><img loading=\"lazy\" decoding=\"async\" class=\"alignnone wp-image-12300 size-full\" src=\"https:\/\/www.topohvar.at\/wp-content\/uploads\/2018\/09\/push-vor-30.jpg\" alt=\"\" width=\"61\" height=\"30\" \/><\/a>\u00a0<a href=\"https:\/\/www.topohvar.at\/orte\/sb\/sb-tr-02-1\/\"><img loading=\"lazy\" decoding=\"async\" class=\"alignnone wp-image-533 size-full\" src=\"https:\/\/www.topohvar.at\/wp-content\/uploads\/2018\/07\/push-l-30.jpg\" alt=\"\" width=\"61\" height=\"30\" \/><\/a><strong>\u00a0<a href=\"https:\/\/www.topohvar.at\/orte\/sb\/\"><img loading=\"lazy\" decoding=\"async\" class=\"alignnone wp-image-535 size-full\" src=\"https:\/\/www.topohvar.at\/wp-content\/uploads\/2018\/07\/push-o-30.jpg\" alt=\"\" width=\"61\" height=\"30\" \/><\/a>\u00a0<a href=\"https:\/\/www.topohvar.at\/orte\/sb\/sb-tr-06-1\/\"><img loading=\"lazy\" decoding=\"async\" class=\"alignnone wp-image-536 size-full\" src=\"https:\/\/www.topohvar.at\/wp-content\/uploads\/2018\/07\/push-r-30.jpg\" alt=\"\" width=\"61\" height=\"30\" \/><\/a><\/strong><\/p>\n<hr \/>\n<p><strong>Adresa \/ Adresse<br \/>\n<\/strong>Selca kod Bogomolja, Grabak, Godinovi\u0107<\/p>\n<p><strong>Lokacija \/ Position<a href=\"https:\/\/goo.gl\/maps\/HsGX5dn3z5JUTej7A\"><img loading=\"lazy\" decoding=\"async\" class=\"alignright wp-image-21216\" src=\"https:\/\/www.topohvar.at\/wp-content\/uploads\/2019\/04\/2023.jpg\" alt=\"\" width=\"134\" height=\"100\" \/><\/a><br \/>\n<\/strong><span style=\"color: #3366ff;\"><a style=\"color: #3366ff;\" href=\"https:\/\/goo.gl\/maps\/HsGX5dn3z5JUTej7A\">Latitude: N 43,13260\u00b0\u00a0 \u00a0Longitude: E 17,05393\u00b0<\/a> <\/span><strong><br \/>\n<\/strong>Visina \/ H\u00f6he: 171 m<\/p>\n<p><strong>Katastarska \u010destica \/ Grundst\u00fccke<br \/>\n<\/strong>*376, *377, 4194\/138 <div class='content-column one_half'><div style=\"padding-right:6px;\"><p><strong>Datum snimanja \/ Erfassungsdatum<br \/>\n<\/strong>22.03.2019 13:55:24<\/p>\n<hr \/>\n<p><strong>Informacije<\/strong><\/p>\n<p>Veliki trim nalazi se usred stambeno\u2011gospodarskog sklopa Godinovi\u0107 u zaselku Grabak. Kamena ku\u0107a na ju\u017enoj strani trima s njim \u010dini jedinstvenu gra\u0111evinsku cjelinu. Lijevo ispred ulaza u kamenu podlogu uklesana je pojilica za ptice. Kroz \u0161iroki ulaz ulazi se u veliki, gotovo pravokutni unutarnji prostor. Donji dio unutra\u0161njosti o\u017ebukan je.<\/p><\/div><\/div><div class='content-column one_half last_column'><div style=\"padding-right:0px;padding-left:6px;\"><p><strong>Stupanj za\u0161tite \/ Schutzstellung<br \/>\n<\/strong>&#8211;<\/p>\n<hr \/>\n<p><strong>Info<\/strong><\/p>\n<p>Der gro\u00dfe Trim befindet sich inmitten des Wohn- und Wirtschaftskomplex\u00a0 <em>Godinovi\u0107 <\/em>im Weiler Grabak. Ein Steinhaus an der S\u00fcdseite des Trims bildet mit ihm eine bauliche Einheit. Links vor dem Eingang wurde eine Vogeltr\u00e4nke in den Felsboden gemei\u00dfelt. Durch den breiten Eingang gelangt man in den gro\u00dfen, fast rechteckigen, Innenraum. Der Innenraum ist im unteren Abschnitt verputzt.<\/p><\/div><\/div><div class='clear_column'><\/div><div class='content-column one_half'><div style=\"padding-right:6px;\"><p>Lijevo nasuprot ulazu kasnije je ugra\u0111ena kru\u0161na pe\u0107 s godinom 1960 i ne\u010ditljivim inicijalima. Dvije kupole iznad unutarnjeg prostora podsje\u0107aju na \u010detverostre\u0161ni krov. Ovdje se nalaze i drvene motke za dimljenje. Na stra\u017enjoj strani trima dva stubi\u0161na kraka vode na krov trima. Krov je poravnan i prekriven pijeskom za su\u0161enje smokava.<\/p><\/div><\/div><div class='content-column one_half last_column'><div style=\"padding-right:0px;padding-left:6px;\"><p>Links gegen\u00fcber dem Eingang wurde sp\u00e4ter ein Backofen mit der Jahreszahl 1960 und unleserlichen Initialen eingebaut. Die zwei Kuppeln \u00fcber dem Innenraum \u00e4hnelt einem Walmdach. Hier befinden sich auch Holzstangen zum R\u00e4uchern. An der R\u00fcckseite des Trims f\u00fchren zwei Stiegenl\u00e4ufe auf das Trimdach. Das Dach\u00a0 ist eingeebnet und mit Sand zum Trocknen von Feigen bedeckt.<\/p><\/div><\/div><div class='clear_column'><\/div><div class='content-column one_half'><div style=\"padding-right:6px;\"><p>Hvala gospodinu Godinovi\u0107u &#8211; Kika iz Su\u0107urja, koji mi je pokazao objekt.<\/p><\/div><\/div><div class='content-column one_half last_column'><div style=\"padding-right:0px;padding-left:6px;\"><p>Dank an Herrn Godinovic &#8211; Kika aus Sucuraj, der mir das Objekt gezeigt hat.<\/p><\/div><\/div><div class='clear_column'><\/div><div class='content-column one_half'><div style=\"padding-right:6px;\"><div id=\"attachment_21384\" style=\"width: 310px\" class=\"wp-caption aligncenter\"><img loading=\"lazy\" decoding=\"async\" aria-describedby=\"caption-attachment-21384\" class=\"wp-image-21384 size-full\" src=\"https:\/\/www.topohvar.at\/wp-content\/uploads\/2019\/04\/sb-tr-03-3.jpg\" alt=\"\" width=\"300\" height=\"300\" srcset=\"https:\/\/www.topohvar.at\/wp-content\/uploads\/2019\/04\/sb-tr-03-3.jpg 300w, https:\/\/www.topohvar.at\/wp-content\/uploads\/2019\/04\/sb-tr-03-3-150x150.jpg 150w\" sizes=\"auto, (max-width: 300px) 100vw, 300px\" \/><p id=\"caption-attachment-21384\" class=\"wp-caption-text\">Pe\u0107nica \/ Backofen<\/p><\/div>\n<p>Dana 22.03.2019 trim je posje\u0107en i ustanovljeno je sljede\u0107e:<\/p>\n<p>Lokacija: maslinik<br \/>\nPodloga: ravna<br \/>\nPovezan s: zgradom<br \/>\nUpotreba: u upotrebi<br \/>\nStanje: vrlo dobro uzdr\u017eati<br \/>\nBroj stepenica trima: 1<br \/>\nDodatni kameni prsten: prsten djelomi\u010dno<br \/>\nStepeni\u0161te: nema<br \/>\nOblik kamena: uglast<br \/>\nPodru\u010dje ispred ulaza: lako dostupno<br \/>\nOrijentacija ulaza: Z (260\u00b0)<br \/>\nPromjer trima (cm): 690<br \/>\nVisina trima (cm): 360<br \/>\nVisina stepenica (cm): stepenica 1: 310<br \/>\nDebljina zida (cm): 105<br \/>\n\u0160irina vrata (cm): 110<br \/>\nVisina vrata (cm): 120<br \/>\n\u0160irina unutra (cm): 270 &#8211; 480<br \/>\nVisina unutra (cm): 330<br \/>\nVolumen iznutra (m3): 25,50<br \/>\nNi\u0161a 1 (P\/\u0160\/V\/D) (cm): 60 \/ 40 \/ 40 \/ 40<br \/>\nni\u0161a 2 (P\/\u0160\/V\/D) (cm): 70 \/ 35 \/ 40 \/ 35<br \/>\nni\u0161a 3 (P\/\u0160\/V\/D) (cm): 70 \/ 35 \/ 45 \/ 35<\/p><\/div><\/div><div class='content-column one_half last_column'><div style=\"padding-right:0px;padding-left:6px;\"><div id=\"attachment_21385\" style=\"width: 310px\" class=\"wp-caption aligncenter\"><img loading=\"lazy\" decoding=\"async\" aria-describedby=\"caption-attachment-21385\" class=\"wp-image-21385 size-full\" src=\"https:\/\/www.topohvar.at\/wp-content\/uploads\/2019\/04\/sb-tr-03-4.jpg\" alt=\"\" width=\"300\" height=\"300\" srcset=\"https:\/\/www.topohvar.at\/wp-content\/uploads\/2019\/04\/sb-tr-03-4.jpg 300w, https:\/\/www.topohvar.at\/wp-content\/uploads\/2019\/04\/sb-tr-03-4-150x150.jpg 150w\" sizes=\"auto, (max-width: 300px) 100vw, 300px\" \/><p id=\"caption-attachment-21385\" class=\"wp-caption-text\">Kao u pu\u0161nici \/ wie in einer R\u00e4ucherkammer<\/p><\/div>\n<p>Am 22.03.2019 wurde der Trim besucht und n\u00e4her untersucht:<\/p>\n<p>Standort: Olivenhain<br \/>\nUntergrund: eben<br \/>\nVerbunden mit: Geb\u00e4ude<br \/>\nNutzung: genutzt<br \/>\nZustand: sehr gut erhalten<br \/>\nAnzahl der Trimstufen: 1<br \/>\nZus\u00e4tzlicher Steinring: Steinring teilweise<br \/>\nStiege: keine<br \/>\nSteinform: kantig<br \/>\nEingangsbereich: frei<br \/>\nEingangsseite: W (260\u00b0)<br \/>\nTrimdurchmesser (cm): 690<br \/>\nTrimh\u00f6he (cm): 360<br \/>\nH\u00f6he der Trimstufen (cm): Stufe 1: 310<br \/>\nWandst\u00e4rke (cm): 105<br \/>\nT\u00fcrbreite (cm): 110<br \/>\nT\u00fcrh\u00f6he (cm): 120<br \/>\nInnenraumbreite (cm): 270 &#8211; 480<br \/>\nInnenraumh\u00f6he (cm): 330<br \/>\nRaumvolumen (m3): 25,50<br \/>\nNische 1 (P\/B\/H\/T) (cm): 60 \/ 40 \/ 40 \/ 40<br \/>\nNische 2 (P\/B\/H\/T) (cm): 70 \/ 35 \/ 40 \/ 35<br \/>\nNische 3 (P\/B\/H\/T) (cm): 70 \/ 35 \/ 45 \/ 35<\/p><\/div><\/div><div class='clear_column'><\/div><\/p>\n<p><img loading=\"lazy\" decoding=\"async\" class=\"alignleft wp-image-73975 size-full\" src=\"https:\/\/www.topohvar.at\/wp-content\/uploads\/2026\/03\/sb-tr-03-scan.jpg\" alt=\"\" width=\"900\" height=\"998\" srcset=\"https:\/\/www.topohvar.at\/wp-content\/uploads\/2026\/03\/sb-tr-03-scan.jpg 900w, https:\/\/www.topohvar.at\/wp-content\/uploads\/2026\/03\/sb-tr-03-scan-271x300.jpg 271w, https:\/\/www.topohvar.at\/wp-content\/uploads\/2026\/03\/sb-tr-03-scan-768x852.jpg 768w\" sizes=\"auto, (max-width: 900px) 100vw, 900px\" \/><\/p>\n<p style=\"text-align: right;\"><a href=\"#seite_oben\">natrag na vrh \/ Seitenanfang<\/a><\/p>\n<hr \/>\n<p><strong>Linkovi \/ Links<\/strong><\/p>\n<p><span style=\"color: #3366ff;\"><a style=\"color: #3366ff;\" href=\"https:\/\/www.topohvar.at\/topo\/orte\/sb\/sb-aa-02-1\/\">Stambeno-gospodarski sklop \u00bbGodinovi\u0107\u00ab \/\u00a0Wohn- und Wirtschaftskomplex\u00a0 <em>Godinovi\u0107<\/em><\/a><\/span><\/p>\n","protected":false},"excerpt":{"rendered":"<p>Ime \/ Name Trim (Torijun) \u00bbSB-TR-03\u00ab Code: SB-TR-03\u00a0 \u00a0 \u00a0 \u00a0 \u00a0 \u00a0 \u00a0 \u00a0 \u00a0 \u00a0 \u00a0 \u00a0 \u00a0 \u00a0 \u00a0 \u00a0 \u00a0\u00a0\u00a0 Adresa \/ Adresse Selca kod Bogomolja, Grabak, Godinovi\u0107 Lokacija \/ Position Latitude: N 43,13260\u00b0\u00a0 \u00a0Longitude: E &hellip; <a href=\"https:\/\/www.topohvar.at\/topo\/orte\/sb\/sb-tr-03-1\/\">Weiterlesen <span class=\"meta-nav\">&rarr;<\/span><\/a><\/p>\n","protected":false},"author":1,"featured_media":0,"parent":97,"menu_order":0,"comment_status":"closed","ping_status":"closed","template":"","meta":{"footnotes":""},"class_list":["post-21215","page","type-page","status-publish","hentry"],"_links":{"self":[{"href":"https:\/\/www.topohvar.at\/topo\/wp-json\/wp\/v2\/pages\/21215","targetHints":{"allow":["GET"]}}],"collection":[{"href":"https:\/\/www.topohvar.at\/topo\/wp-json\/wp\/v2\/pages"}],"about":[{"href":"https:\/\/www.topohvar.at\/topo\/wp-json\/wp\/v2\/types\/page"}],"author":[{"embeddable":true,"href":"https:\/\/www.topohvar.at\/topo\/wp-json\/wp\/v2\/users\/1"}],"replies":[{"embeddable":true,"href":"https:\/\/www.topohvar.at\/topo\/wp-json\/wp\/v2\/comments?post=21215"}],"version-history":[{"count":26,"href":"https:\/\/www.topohvar.at\/topo\/wp-json\/wp\/v2\/pages\/21215\/revisions"}],"predecessor-version":[{"id":73978,"href":"https:\/\/www.topohvar.at\/topo\/wp-json\/wp\/v2\/pages\/21215\/revisions\/73978"}],"up":[{"embeddable":true,"href":"https:\/\/www.topohvar.at\/topo\/wp-json\/wp\/v2\/pages\/97"}],"wp:attachment":[{"href":"https:\/\/www.topohvar.at\/topo\/wp-json\/wp\/v2\/media?parent=21215"}],"curies":[{"name":"wp","href":"https:\/\/api.w.org\/{rel}","templated":true}]}}