{"id":21248,"date":"2019-04-10T17:59:40","date_gmt":"2019-04-10T15:59:40","guid":{"rendered":"https:\/\/www.topohvar.at\/?page_id=21248"},"modified":"2025-12-29T15:10:17","modified_gmt":"2025-12-29T14:10:17","slug":"su-tr-05-1","status":"publish","type":"page","link":"https:\/\/www.topohvar.at\/topo\/orte\/su\/su-tr-05-1\/","title":{"rendered":"SU\u0106URAJ &#8211; Trim (Torijun) \u00bbSU-TR-05\u00ab"},"content":{"rendered":"<p><a name=\"seite_oben\"><\/a><br \/>\n<strong><img loading=\"lazy\" decoding=\"async\" class=\"alignnone wp-image-21259 size-large\" src=\"https:\/\/www.topohvar.at\/wp-content\/uploads\/2019\/04\/su-tr-05-0-1024x503.jpg\" alt=\"\" width=\"640\" height=\"314\" srcset=\"https:\/\/www.topohvar.at\/wp-content\/uploads\/2019\/04\/su-tr-05-0-1024x503.jpg 1024w, https:\/\/www.topohvar.at\/wp-content\/uploads\/2019\/04\/su-tr-05-0-300x147.jpg 300w, https:\/\/www.topohvar.at\/wp-content\/uploads\/2019\/04\/su-tr-05-0-768x377.jpg 768w, https:\/\/www.topohvar.at\/wp-content\/uploads\/2019\/04\/su-tr-05-0.jpg 1080w\" sizes=\"auto, (max-width: 640px) 100vw, 640px\" \/><\/strong><\/p>\n<p><strong>Ime \/ Name<br \/>\n<\/strong>Trim (Torijun) \u00bbSU-TR-05\u00ab<\/p>\n<p><strong>Code: <\/strong>SU-TR-05\u00a0 \u00a0 \u00a0 \u00a0 \u00a0 \u00a0 \u00a0 \u00a0 \u00a0 \u00a0 \u00a0 \u00a0 \u00a0 \u00a0 \u00a0 \u00a0 \u00a0 \u00a0 \u00a0 \u00a0 \u00a0<strong> <a href=\"https:\/\/www.topohvar.at\/orte\/su\/su-tr-00-1\/\"><img loading=\"lazy\" decoding=\"async\" class=\"alignnone wp-image-12300 size-full\" src=\"https:\/\/www.topohvar.at\/wp-content\/uploads\/2018\/09\/push-vor-30.jpg\" alt=\"\" width=\"61\" height=\"30\" \/><\/a> <a href=\"https:\/\/www.topohvar.at\/orte\/su\/su-tr-07-1\/\"><img loading=\"lazy\" decoding=\"async\" class=\"alignnone wp-image-533 size-full\" src=\"https:\/\/www.topohvar.at\/wp-content\/uploads\/2018\/07\/push-l-30.jpg\" alt=\"\" width=\"61\" height=\"30\" \/><\/a>\u00a0<a href=\"https:\/\/www.topohvar.at\/orte\/su\/\"><img loading=\"lazy\" decoding=\"async\" class=\"alignnone wp-image-535 size-full\" src=\"https:\/\/www.topohvar.at\/wp-content\/uploads\/2018\/07\/push-o-30.jpg\" alt=\"\" width=\"61\" height=\"30\" \/><\/a>\u00a0<a href=\"https:\/\/www.topohvar.at\/orte\/su\/su-tr-04-1\/\"><img loading=\"lazy\" decoding=\"async\" class=\"alignnone wp-image-536 size-full\" src=\"https:\/\/www.topohvar.at\/wp-content\/uploads\/2018\/07\/push-r-30.jpg\" alt=\"\" width=\"61\" height=\"30\" \/><\/a><\/strong><\/p>\n<hr \/>\n<p><strong>Adresa \/ Adresse<br \/>\n<\/strong>Su\u0107uraj,\u00a0Vrh Ma\u010dka<\/p>\n<p><strong>Lokacija<\/strong><strong> \/ Position<a href=\"https:\/\/goo.gl\/maps\/h7HAcSC9n2YfwHJZ8\"><img loading=\"lazy\" decoding=\"async\" class=\"alignright wp-image-21249\" src=\"https:\/\/www.topohvar.at\/wp-content\/uploads\/2019\/04\/2031.jpg\" alt=\"\" width=\"134\" height=\"100\" \/><\/a><br \/>\n<\/strong><span style=\"color: #3366ff;\"><a style=\"color: #3366ff;\" href=\"https:\/\/goo.gl\/maps\/h7HAcSC9n2YfwHJZ8\">Latitude: N 43,12425\u00b0\u00a0 \u00a0Longitude: E 17,18166\u00b0<\/a> <\/span><strong><br \/>\n<\/strong>Visina \/ H\u00f6he: 3 m<\/p>\n<p><strong>Katastarska \u010destica <\/strong><strong>\/ Grundst\u00fccke<br \/>\n<\/strong>541\/1 <div class='content-column one_half'><div style=\"padding-right:6px;\"><p><strong>Datum snimanja \/ Erfassungsdatum<br \/>\n<\/strong>24.03.2019 13:52:57<\/p>\n<hr \/>\n<p><strong>Informacije<\/strong><\/p>\n<p>Veliki, lijepi trim u blizini obale. Dobro o\u010duvan trim koristi se povremeno na sve\u010danostima mladih. Hvala gospodinu Godinovi\u0107u &#8211; Kika iz Su\u0107urja, koji mi je pokazao trima.<\/p><\/div><\/div><div class='content-column one_half last_column'><div style=\"padding-right:0px;padding-left:6px;\"><p><strong>Stupanj za\u0161tite<\/strong><strong> \/ Schutzstellung<br \/>\n<\/strong>&#8211;<\/p>\n<hr \/>\n<p><strong>Info<\/strong><\/p>\n<p>Ein gro\u00dfer, sch\u00f6ner Trim nahe der K\u00fcste. Der gut erhaltene Trim wird fallweise bei Festlichkeiten durch Jugendliche genutzt.\u00a0Dank an Herrn Godinovic &#8211; Kika aus Sucuraj, der mir den Trim gezeigt hat.<\/p><\/div><\/div><div class='clear_column'><\/div><div class='content-column one_half'><div style=\"padding-right:6px;\"><div id=\"attachment_21432\" style=\"width: 310px\" class=\"wp-caption aligncenter\"><img loading=\"lazy\" decoding=\"async\" aria-describedby=\"caption-attachment-21432\" class=\"wp-image-21432 size-full\" src=\"https:\/\/www.topohvar.at\/wp-content\/uploads\/2019\/04\/su-tr-05-10.jpg\" alt=\"\" width=\"300\" height=\"300\" srcset=\"https:\/\/www.topohvar.at\/wp-content\/uploads\/2019\/04\/su-tr-05-10.jpg 300w, https:\/\/www.topohvar.at\/wp-content\/uploads\/2019\/04\/su-tr-05-10-150x150.jpg 150w\" sizes=\"auto, (max-width: 300px) 100vw, 300px\" \/><p id=\"caption-attachment-21432\" class=\"wp-caption-text\">Vrata \/ Eingang<\/p><\/div>\n<p>Dana 25.03.2019 trim je posje\u0107en i prona\u0111en je sljede\u0107i<\/p>\n<p>Lokacija: grmlje<br \/>\nPodzemlje: sklon<br \/>\nSklop: izoliran<br \/>\nUpotreba: malo se koristi<br \/>\nStanje izgradnje: dobro sa\u010duvan<br \/>\nBroj prstenova trima: dva prstena<br \/>\nDodatni kameni prsten: nema prstena<br \/>\nStepeni\u0161te: nema stepenica<br \/>\nOblik kamena: uglast<br \/>\nPodru\u010dje ispred ulaza: lako dostupni<br \/>\nVrata na stranicu: S (0\u00b0)<br \/>\nPromjer trima (cm): 480<br \/>\nVisina trima (cm): 340<br \/>\nVisina prstena (cm): prsten 1: 170 , prsten 2: 260<br \/>\nDebljina zida (cm): 100<br \/>\n\u0160irina vrata (cm): 75<br \/>\nVisina vrata (cm): 130<br \/>\n\u0160irina unutra (cm): 280<br \/>\nVisina unutra (cm): 320<br \/>\nVolumen iznutra (m3): 11,99<br \/>\nni\u0161a 1 (P\/\u0160\/V\/D) (cm): 75 \/ 35 \/ 35 \/ 45<br \/>\nni\u0161a 2 (P\/\u0160\/V\/D) (cm): 80 \/ 35 \/ 35 \/ 35<br \/>\nni\u0161a 3 (P\/\u0160\/V\/D) (cm): 85 \/ 40 \/ 35 \/ 30<\/p><\/div><\/div><div class='content-column one_half last_column'><div style=\"padding-right:0px;padding-left:6px;\"><div id=\"attachment_21433\" style=\"width: 310px\" class=\"wp-caption alignnone\"><img loading=\"lazy\" decoding=\"async\" aria-describedby=\"caption-attachment-21433\" class=\"wp-image-21433 size-full\" src=\"https:\/\/www.topohvar.at\/wp-content\/uploads\/2019\/04\/su-tr-05-2.jpg\" alt=\"\" width=\"300\" height=\"300\" srcset=\"https:\/\/www.topohvar.at\/wp-content\/uploads\/2019\/04\/su-tr-05-2.jpg 300w, https:\/\/www.topohvar.at\/wp-content\/uploads\/2019\/04\/su-tr-05-2-150x150.jpg 150w\" sizes=\"auto, (max-width: 300px) 100vw, 300px\" \/><p id=\"caption-attachment-21433\" class=\"wp-caption-text\">Unutra\u0161njost trima \/ Inneres<\/p><\/div>\n<p>Am 25.03.2019 wurde der Trim besucht und untersucht<\/p>\n<p>Standort: Buschwerk<br \/>\nUntergrund: geneigt<br \/>\nVerbunden mit: freistehend<br \/>\nNutzung: kaum genutzt<br \/>\nZustand: gut erhalten<br \/>\nRinge\/Stufen des Trim: zweistufig<br \/>\nZus\u00e4tzlicher Steinring: kein Steinring<br \/>\nStiege: keine Stufen<br \/>\nSteinform: kantig<br \/>\nEingangsbereich: frei<br \/>\nEingangsseite: N (0\u00b0)<br \/>\nTrimdurchmesser (cm): 480<br \/>\nTrimh\u00f6he (cm): 340<br \/>\nStufen\/Ringh\u00f6he (cm): Ring 1: 170 , Ring 2: 260<br \/>\nWandst\u00e4rke: 100<br \/>\nT\u00fcrbreite (cm): 75<br \/>\nT\u00fcrh\u00f6he (cm): 130<br \/>\nInnenraumbreite (cm): 280<br \/>\nInnenraumh\u00f6he (cm): 320<br \/>\nRaumvolumen (m3): 11,99<br \/>\nNische 1 (P\/B\/H\/T) (cm): 75 \/ 35 \/ 35 \/ 45<br \/>\nNische 2 (P\/B\/H\/T) (cm): 80 \/ 35 \/ 35 \/ 35<br \/>\nNische 3 (P\/B\/H\/T) (cm): 85 \/ 40 \/ 35 \/ 30<\/p><\/div><\/div><div class='clear_column'><\/div><br \/>\n<img loading=\"lazy\" decoding=\"async\" class=\"alignnone size-full wp-image-21356\" src=\"https:\/\/www.topohvar.at\/wp-content\/uploads\/2019\/04\/su-tr-05-sca.jpg\" alt=\"\" width=\"600\" height=\"899\" srcset=\"https:\/\/www.topohvar.at\/wp-content\/uploads\/2019\/04\/su-tr-05-sca.jpg 600w, https:\/\/www.topohvar.at\/wp-content\/uploads\/2019\/04\/su-tr-05-sca-200x300.jpg 200w\" sizes=\"auto, (max-width: 600px) 100vw, 600px\" \/><\/p>\n<p style=\"text-align: right;\"><span style=\"color: #3366ff;\"><a style=\"color: #3366ff;\" href=\"#seite_oben\">natrag na vrh \/ Seitenanfang<\/a><\/span><\/p>\n<hr \/>\n<p><strong>Linkovi \/ Links<\/strong><\/p>\n<p>&#8211;<\/p>\n","protected":false},"excerpt":{"rendered":"<p>Ime \/ Name Trim (Torijun) \u00bbSU-TR-05\u00ab Code: SU-TR-05\u00a0 \u00a0 \u00a0 \u00a0 \u00a0 \u00a0 \u00a0 \u00a0 \u00a0 \u00a0 \u00a0 \u00a0 \u00a0 \u00a0 \u00a0 \u00a0 \u00a0 \u00a0 \u00a0 \u00a0 \u00a0 \u00a0\u00a0 Adresa \/ Adresse Su\u0107uraj,\u00a0Vrh Ma\u010dka Lokacija \/ Position Latitude: N 43,12425\u00b0\u00a0 &hellip; <a href=\"https:\/\/www.topohvar.at\/topo\/orte\/su\/su-tr-05-1\/\">Weiterlesen <span class=\"meta-nav\">&rarr;<\/span><\/a><\/p>\n","protected":false},"author":1,"featured_media":0,"parent":103,"menu_order":0,"comment_status":"closed","ping_status":"closed","template":"","meta":{"footnotes":""},"class_list":["post-21248","page","type-page","status-publish","hentry"],"_links":{"self":[{"href":"https:\/\/www.topohvar.at\/topo\/wp-json\/wp\/v2\/pages\/21248","targetHints":{"allow":["GET"]}}],"collection":[{"href":"https:\/\/www.topohvar.at\/topo\/wp-json\/wp\/v2\/pages"}],"about":[{"href":"https:\/\/www.topohvar.at\/topo\/wp-json\/wp\/v2\/types\/page"}],"author":[{"embeddable":true,"href":"https:\/\/www.topohvar.at\/topo\/wp-json\/wp\/v2\/users\/1"}],"replies":[{"embeddable":true,"href":"https:\/\/www.topohvar.at\/topo\/wp-json\/wp\/v2\/comments?post=21248"}],"version-history":[{"count":15,"href":"https:\/\/www.topohvar.at\/topo\/wp-json\/wp\/v2\/pages\/21248\/revisions"}],"predecessor-version":[{"id":73832,"href":"https:\/\/www.topohvar.at\/topo\/wp-json\/wp\/v2\/pages\/21248\/revisions\/73832"}],"up":[{"embeddable":true,"href":"https:\/\/www.topohvar.at\/topo\/wp-json\/wp\/v2\/pages\/103"}],"wp:attachment":[{"href":"https:\/\/www.topohvar.at\/topo\/wp-json\/wp\/v2\/media?parent=21248"}],"curies":[{"name":"wp","href":"https:\/\/api.w.org\/{rel}","templated":true}]}}