{"id":21275,"date":"2019-04-10T18:56:46","date_gmt":"2019-04-10T16:56:46","guid":{"rendered":"https:\/\/www.topohvar.at\/?page_id=21275"},"modified":"2023-05-28T15:53:40","modified_gmt":"2023-05-28T13:53:40","slug":"za-tr-21-1","status":"publish","type":"page","link":"https:\/\/www.topohvar.at\/topo\/orte\/za\/za-tr-21-1\/","title":{"rendered":"ZASTRA\u017dI\u0160\u0106E &#8211; Trim \u00bbZA-TR-21\u00ab"},"content":{"rendered":"<p><a name=\"seite_oben\"><\/a><br \/>\n<strong><img loading=\"lazy\" decoding=\"async\" class=\"alignnone size-large wp-image-21304\" src=\"https:\/\/www.topohvar.at\/wp-content\/uploads\/2019\/04\/za-tr-21-0-1024x503.jpg\" alt=\"\" width=\"640\" height=\"314\" srcset=\"https:\/\/www.topohvar.at\/wp-content\/uploads\/2019\/04\/za-tr-21-0-1024x503.jpg 1024w, https:\/\/www.topohvar.at\/wp-content\/uploads\/2019\/04\/za-tr-21-0-300x147.jpg 300w, https:\/\/www.topohvar.at\/wp-content\/uploads\/2019\/04\/za-tr-21-0-768x377.jpg 768w, https:\/\/www.topohvar.at\/wp-content\/uploads\/2019\/04\/za-tr-21-0.jpg 1080w\" sizes=\"auto, (max-width: 640px) 100vw, 640px\" \/><\/strong><\/p>\n<p><strong>Ime \/ Name<br \/>\n<\/strong>Trim \u00bbZA-TR-21\u00ab<\/p>\n<p><strong>Code: <\/strong>ZA-TR-21\u00a0 \u00a0 \u00a0 \u00a0 \u00a0 \u00a0 \u00a0 \u00a0 \u00a0 \u00a0 \u00a0 \u00a0 \u00a0 \u00a0 \u00a0 \u00a0 \u00a0 \u00a0 \u00a0 \u00a0\u00a0<strong><a href=\"https:\/\/www.topohvar.at\/orte\/za\/za-tr-00-00\/\"><img loading=\"lazy\" decoding=\"async\" class=\"alignnone wp-image-12300 size-full\" src=\"https:\/\/www.topohvar.at\/wp-content\/uploads\/2018\/09\/push-vor-30.jpg\" alt=\"\" width=\"61\" height=\"30\" \/><\/a> <a href=\"https:\/\/www.topohvar.at\/orte\/za\/za-tr-57-1\/\"><img loading=\"lazy\" decoding=\"async\" class=\"alignnone wp-image-533 size-full\" src=\"https:\/\/www.topohvar.at\/wp-content\/uploads\/2018\/07\/push-l-30.jpg\" alt=\"\" width=\"61\" height=\"30\" \/><\/a> <a href=\"https:\/\/www.topohvar.at\/orte\/za\/\"><img loading=\"lazy\" decoding=\"async\" class=\"alignnone wp-image-535 size-full\" src=\"https:\/\/www.topohvar.at\/wp-content\/uploads\/2018\/07\/push-o-30.jpg\" alt=\"\" width=\"61\" height=\"30\" \/><\/a> <a href=\"https:\/\/www.topohvar.at\/orte\/za\/za-tr-c1-1\/\"><img loading=\"lazy\" decoding=\"async\" class=\"alignnone wp-image-536 size-full\" src=\"https:\/\/www.topohvar.at\/wp-content\/uploads\/2018\/07\/push-r-30.jpg\" alt=\"\" width=\"61\" height=\"30\" \/><\/a><\/strong><\/p>\n<hr \/>\n<p><strong>Adresa \/ Adresse<br \/>\n<\/strong>Zastra\u017ei\u0161\u0107e,\u00a0Grudac, na glavnoj cesti DC-116 \/ an der Hauptstra\u00dfe DC-116<\/p>\n<p><strong>Lokacija \/ Position<a href=\"https:\/\/goo.gl\/maps\/xf3JcKy9zWu3gJTr6\"><img loading=\"lazy\" decoding=\"async\" class=\"alignright wp-image-21276\" src=\"https:\/\/www.topohvar.at\/wp-content\/uploads\/2019\/04\/2028.jpg\" alt=\"\" width=\"134\" height=\"100\" \/><\/a><br \/>\n<\/strong><span style=\"color: #3366ff;\"><a style=\"color: #3366ff;\" href=\"https:\/\/goo.gl\/maps\/xf3JcKy9zWu3gJTr6\">Latitude: N 43,13485\u00b0\u00a0 \u00a0Longitude: E 16,86813\u00b0<\/a> <\/span><strong><br \/>\n<\/strong>Visina \/ H\u00f6he: 260 m<\/p>\n<p><strong>Katastarska \u010destica\/ Grundst\u00fccke<br \/>\n<\/strong>2409 <div class='content-column one_half'><div style=\"padding-right:6px;\"><p><strong>Datum snimanja \/ Erfassungsdatum<br \/>\n<\/strong>32.03.2019 16:01:48<\/p>\n<hr \/>\n<p><strong>Informacije<\/strong><\/p>\n<p>Mali trim na sjeci\u0161tu suhozidima.<br \/>\nNa lijevoj strani ulaza nalazi se velika, uspravna kamena plo\u010da.<\/p><\/div><\/div><div class='content-column one_half last_column'><div style=\"padding-right:0px;padding-left:6px;\"><p><strong>Stupanj za\u0161tite \/ Schutzstellung<br \/>\n<\/strong>&#8211;<\/p>\n<hr \/>\n<p><strong>Info<\/strong><\/p>\n<p>Kleiner Trim am Schnittpunkt von Trockensteinmauern.<br \/>\nEine gro\u00dfe, hochkant gestellte Steinplatte bildet die linke Seite des Einganges.<\/p><\/div><\/div><div class='clear_column'><\/div><div class='content-column one_half'><div style=\"padding-right:6px;\"><div id=\"attachment_21415\" style=\"width: 310px\" class=\"wp-caption aligncenter\"><img loading=\"lazy\" decoding=\"async\" aria-describedby=\"caption-attachment-21415\" class=\"wp-image-21415 size-full\" src=\"https:\/\/www.topohvar.at\/wp-content\/uploads\/2019\/04\/za-tr-21-2.jpg\" alt=\"\" width=\"300\" height=\"300\" srcset=\"https:\/\/www.topohvar.at\/wp-content\/uploads\/2019\/04\/za-tr-21-2.jpg 300w, https:\/\/www.topohvar.at\/wp-content\/uploads\/2019\/04\/za-tr-21-2-150x150.jpg 150w\" sizes=\"auto, (max-width: 300px) 100vw, 300px\" \/><p id=\"caption-attachment-21415\" class=\"wp-caption-text\">Na sjeci\u0161tu suhozidima \/ am Schnittpunkt von Steinmauern<\/p><\/div>\n<p>Dana 23.03.2019. trim je posje\u0107en i ustanovljeno je sljede\u0107e:<\/p>\n<p>Lokacija: livada, pa\u0161njak<br \/>\nPodloga: nako\u0161ena<br \/>\nPovezan s: kamenim zidom<br \/>\nUpotreba: ne koristi se<br \/>\nStanje: dobro sa\u010duvan<br \/>\nBroj stepenice trima: 2<br \/>\nDodatni kameni prsten: nema kamenog prstena<br \/>\nStepeni\u0161te: nema<br \/>\nOblik kamena: uglast<br \/>\nPodru\u010dje ispred ulaza: lako dostupno<br \/>\nOrijentacija ulaza: S (0\u00b0)<br \/>\nPromjer trima (cm): 300<br \/>\nVisina trima (cm): 200<br \/>\nVisina stepenice (cm): stepenica 1: 150, stepenica 2: 200<br \/>\nDebljina zida (cm): 60<br \/>\n\u0160irina vrata (cm): 55<br \/>\nVisina vrata (cm): 130<br \/>\n\u0160irina unutra (cm): 160 &#8211; 180<br \/>\nVisina unutra (cm): 150<br \/>\nVolumen iznutra (m3): 3,01<br \/>\nNema ni\u0161e<\/p><\/div><\/div><div class='content-column one_half last_column'><div style=\"padding-right:0px;padding-left:6px;\"><div id=\"attachment_21416\" style=\"width: 310px\" class=\"wp-caption aligncenter\"><img loading=\"lazy\" decoding=\"async\" aria-describedby=\"caption-attachment-21416\" class=\"wp-image-21416 size-full\" src=\"https:\/\/www.topohvar.at\/wp-content\/uploads\/2019\/04\/za-tr-21-1.jpg\" alt=\"\" width=\"300\" height=\"300\" srcset=\"https:\/\/www.topohvar.at\/wp-content\/uploads\/2019\/04\/za-tr-21-1.jpg 300w, https:\/\/www.topohvar.at\/wp-content\/uploads\/2019\/04\/za-tr-21-1-150x150.jpg 150w\" sizes=\"auto, (max-width: 300px) 100vw, 300px\" \/><p id=\"caption-attachment-21416\" class=\"wp-caption-text\">Uspravna kamena plo\u010da na vrata \/ Steinplatte als linker T\u00fcrpfosten<\/p><\/div>\n<p>Am 23.03.2019 wurde der Trim besucht und genauer untersucht.<\/p>\n<p>Standort: Wiese, Weide<br \/>\nUntergrund: geneigt<br \/>\nVerbunden mit: Steinmauer<br \/>\nNutzung: ungenutzt<br \/>\nZustand: gut erhalten<br \/>\nAnzahl der Stufen des Trims: 2<br \/>\nZus\u00e4tzlicher Steinring: kein Steinring<br \/>\nStiege: keine<br \/>\nSteinform: kantig<br \/>\nEingangsbereich: frei<br \/>\nEingangsseite: N (0\u00b0)<br \/>\nTrimdurchmesser (cm): 300<br \/>\nTrimh\u00f6he (cm): 200<br \/>\nStufenh\u00f6he (cm): Stufe 1: 150 , Stufe 2: 200<br \/>\nWandst\u00e4rke (cm): 60<br \/>\nT\u00fcrbreite (cm): 55<br \/>\nT\u00fcrh\u00f6he (cm): 130<br \/>\nInnenraumbreite (cm): 160 &#8211; 180<br \/>\nInnenraumh\u00f6he (cm): 150<br \/>\nRaumvolumen (m3): 3,01<br \/>\nKeine Nische<\/p><\/div><\/div><div class='clear_column'><\/div><br \/>\n<img loading=\"lazy\" decoding=\"async\" class=\"alignnone size-full wp-image-21369\" src=\"https:\/\/www.topohvar.at\/wp-content\/uploads\/2019\/04\/za-tr-21-sca.jpg\" alt=\"\" width=\"600\" height=\"907\" srcset=\"https:\/\/www.topohvar.at\/wp-content\/uploads\/2019\/04\/za-tr-21-sca.jpg 600w, https:\/\/www.topohvar.at\/wp-content\/uploads\/2019\/04\/za-tr-21-sca-198x300.jpg 198w\" sizes=\"auto, (max-width: 600px) 100vw, 600px\" \/><\/p>\n<p style=\"text-align: right;\"><a href=\"#seite_oben\">natrag na vrh \/ Seitenanfang<\/a><\/p>\n<hr \/>\n<p><strong>Linkovi \/ Links<\/strong><\/p>\n<p>&#8211;<\/p>\n","protected":false},"excerpt":{"rendered":"<p>Ime \/ Name Trim \u00bbZA-TR-21\u00ab Code: ZA-TR-21\u00a0 \u00a0 \u00a0 \u00a0 \u00a0 \u00a0 \u00a0 \u00a0 \u00a0 \u00a0 \u00a0 \u00a0 \u00a0 \u00a0 \u00a0 \u00a0 \u00a0 \u00a0 \u00a0 \u00a0\u00a0 Adresa \/ Adresse Zastra\u017ei\u0161\u0107e,\u00a0Grudac, na glavnoj cesti DC-116 \/ an der Hauptstra\u00dfe DC-116 Lokacija &hellip; <a href=\"https:\/\/www.topohvar.at\/topo\/orte\/za\/za-tr-21-1\/\">Weiterlesen <span class=\"meta-nav\">&rarr;<\/span><\/a><\/p>\n","protected":false},"author":1,"featured_media":0,"parent":115,"menu_order":0,"comment_status":"closed","ping_status":"closed","template":"","meta":{"footnotes":""},"class_list":["post-21275","page","type-page","status-publish","hentry"],"_links":{"self":[{"href":"https:\/\/www.topohvar.at\/topo\/wp-json\/wp\/v2\/pages\/21275","targetHints":{"allow":["GET"]}}],"collection":[{"href":"https:\/\/www.topohvar.at\/topo\/wp-json\/wp\/v2\/pages"}],"about":[{"href":"https:\/\/www.topohvar.at\/topo\/wp-json\/wp\/v2\/types\/page"}],"author":[{"embeddable":true,"href":"https:\/\/www.topohvar.at\/topo\/wp-json\/wp\/v2\/users\/1"}],"replies":[{"embeddable":true,"href":"https:\/\/www.topohvar.at\/topo\/wp-json\/wp\/v2\/comments?post=21275"}],"version-history":[{"count":18,"href":"https:\/\/www.topohvar.at\/topo\/wp-json\/wp\/v2\/pages\/21275\/revisions"}],"predecessor-version":[{"id":62553,"href":"https:\/\/www.topohvar.at\/topo\/wp-json\/wp\/v2\/pages\/21275\/revisions\/62553"}],"up":[{"embeddable":true,"href":"https:\/\/www.topohvar.at\/topo\/wp-json\/wp\/v2\/pages\/115"}],"wp:attachment":[{"href":"https:\/\/www.topohvar.at\/topo\/wp-json\/wp\/v2\/media?parent=21275"}],"curies":[{"name":"wp","href":"https:\/\/api.w.org\/{rel}","templated":true}]}}