{"id":2136,"date":"2018-08-01T16:10:11","date_gmt":"2018-08-01T14:10:11","guid":{"rendered":"https:\/\/www.topohvar.at\/?page_id=2136"},"modified":"2023-06-12T15:15:44","modified_gmt":"2023-06-12T13:15:44","slug":"sg-ci-02-2","status":"publish","type":"page","link":"https:\/\/www.topohvar.at\/topo\/orte\/sg\/sg-ci-02-2\/","title":{"rendered":"STARI GRAD &#8211; Crkva \u00bbSv. Roka\u00ab"},"content":{"rendered":"<p><a name=\"seite_oben\"><\/a><br \/>\n<img loading=\"lazy\" decoding=\"async\" class=\"alignnone wp-image-2115 size-large\" src=\"https:\/\/www.topohvar.at\/wp-content\/uploads\/2018\/08\/SG-CI-02-1-1024x503.jpg\" alt=\"\" width=\"640\" height=\"314\" srcset=\"https:\/\/www.topohvar.at\/wp-content\/uploads\/2018\/08\/SG-CI-02-1-1024x503.jpg 1024w, https:\/\/www.topohvar.at\/wp-content\/uploads\/2018\/08\/SG-CI-02-1-300x147.jpg 300w, https:\/\/www.topohvar.at\/wp-content\/uploads\/2018\/08\/SG-CI-02-1-768x377.jpg 768w\" sizes=\"auto, (max-width: 640px) 100vw, 640px\" \/><\/p>\n<p><strong>Ime \/ Name<br \/>\n<\/strong>Crkva \u00bbSv. Roka\u00ab \/ Kirche des hl. Rochus<\/p>\n<p><strong>Code: <\/strong>SG-CI-02\u00a0 \u00a0 \u00a0 \u00a0 \u00a0 \u00a0 \u00a0 \u00a0 \u00a0 \u00a0 \u00a0 \u00a0 \u00a0 \u00a0 \u00a0 \u00a0 \u00a0 \u00a0 \u00a0 \u00a0 \u00a0 \u00a0 \u00a0\u00a0<strong><a href=\"https:\/\/www.topohvar.at\/orte\/sg\/sg-ca-01-2\/\"><img loading=\"lazy\" decoding=\"async\" class=\"alignnone wp-image-12300 size-full\" src=\"https:\/\/www.topohvar.at\/wp-content\/uploads\/2018\/09\/push-vor-30.jpg\" alt=\"\" width=\"61\" height=\"30\" \/><\/a>\u00a0<a href=\"https:\/\/www.topohvar.at\/orte\/sg\/sg-ci-01-2\/\"><img loading=\"lazy\" decoding=\"async\" class=\"alignnone wp-image-533 size-full\" src=\"https:\/\/www.topohvar.at\/wp-content\/uploads\/2018\/07\/push-l-30.jpg\" alt=\"\" width=\"61\" height=\"30\" \/><\/a> <a href=\"https:\/\/www.topohvar.at\/orte\/sg\/\"><img loading=\"lazy\" decoding=\"async\" class=\"alignnone wp-image-535 size-full\" src=\"https:\/\/www.topohvar.at\/wp-content\/uploads\/2018\/07\/push-o-30.jpg\" alt=\"\" width=\"61\" height=\"30\" \/><\/a> <a href=\"https:\/\/www.topohvar.at\/orte\/sg\/sg-ci-03-2\/\"><img loading=\"lazy\" decoding=\"async\" class=\"alignnone wp-image-536 size-full\" src=\"https:\/\/www.topohvar.at\/wp-content\/uploads\/2018\/07\/push-r-30.jpg\" alt=\"\" width=\"61\" height=\"30\" \/><\/a><\/strong><\/p>\n<hr \/>\n<p><strong>Adresa \/ Adresse<br \/>\n<\/strong>Stari Grad, Kod sv. Roka<\/p>\n<p><strong>Lokacija \/ Position<a href=\"https:\/\/goo.gl\/maps\/TFHMD7hYr7GHRjq96\"><img loading=\"lazy\" decoding=\"async\" class=\"alignright wp-image-2164\" src=\"https:\/\/www.topohvar.at\/wp-content\/uploads\/2018\/08\/0525.jpg\" alt=\"\" width=\"134\" height=\"100\" \/><\/a><br \/>\n<\/strong><span style=\"color: #3366ff;\"><a style=\"color: #3366ff;\" href=\"https:\/\/goo.gl\/maps\/TFHMD7hYr7GHRjq96\">Latitude: N 43,18295\u00b0\u00a0 \u00a0Longitude: E 16,59623\u00b0<\/a> <\/span><strong><br \/>\n<\/strong>Visina \/ H\u00f6he: 2 m<\/p>\n<p><strong>Katastarska \u010destica \/ Grundst\u00fccke<br \/>\n<\/strong>*132<div class='content-column one_half'><div style=\"padding-right:6px;\"><p><strong>Datum snimanja \/ Erfassungsdatum<br \/>\n<\/strong>16.05.2013 09:00:00<\/p>\n<hr \/>\n<p><strong>Informacije<\/strong><\/p>\n<p>Crkva sv. Roka smje\u0161tena je uz isto\u010dnu stranu Tvrdalja (<em>Tvardoja<\/em>) Petra Hektorovi\u0107a, a izvan njegovih zidina kako ne bi bila samo za privatnu uporabu. Crkva je primjer renesansnog graditeljstva 16. stolje\u0107a. Crkva je jednobrodna gra\u0111evina, pro\u0161irena kapelama i sakristijom dozidanom uz ju\u017eno pro\u010delje.<\/p><\/div><\/div><div class='content-column one_half last_column'><div style=\"padding-right:0px;padding-left:6px;\"><p><strong>Stupanj za\u0161tite \/ Schutzstellung<br \/>\n<\/strong>Z-5713, P-826<\/p>\n<hr \/>\n<p><strong>Info<\/strong><\/p>\n<p>Die Kirche des hl. Rochus liegt \u00f6stlich des Tvrdalj von Peter Hektorovi\u0107 und au\u00dferhalb seiner Mauern, so dass sie nicht nur f\u00fcr den privaten Gebrauch bestimmt war. Sie ist ein Beispiel f\u00fcr die Renaissance-Architektur des 16. Jahrhunderts. Die Kirche ist ein einschiffiges Geb\u00e4ude, das durch Kapellen und eine Sakristei entlang der S\u00fcdfassade erweitert wurde.<\/p><\/div><\/div><div class='clear_column'><\/div><div class='content-column one_half'><div style=\"padding-right:6px;\"><p>Podignuta je 1569. kao Petrova zadu\u017ebina te je gra\u0111ena uz njegovu financijsku potporu. On je crkvu zavr\u0161io vjerojatno do visine deseterolisne rozete.\u00a0Iznad portala je luneta s natpisom koji je vjerojatno zadnji epistopalni uradak pjesnika:<\/p><\/div><\/div><div class='content-column one_half last_column'><div style=\"padding-right:0px;padding-left:6px;\"><p>Sie wurde im Jahre 1569 mit finanzieller Unterst\u00fctzung des Peter Hektorovi\u0107 gebaut. Er beendete den Bau der Kirche vermutlich bei der H\u00f6he der zehnsprossigen Rosette. \u00dcber dem Portal befindet sich eine L\u00fcnette mit einer Inschrift, die wahrscheinlich das letzte epistopale Gedicht des Dichters ist.<\/p><\/div><\/div><div class='clear_column'><\/div><div class='content-column one_half'><div style=\"padding-right:6px;\"><p>Na vrhu pro\u010delja je zvonik na preslicu podignut 1783. Crkva je prvo bila longitudinalna, a oblik kri\u017ea je dobila dogradnjom bo\u010dnih kapela 1898. godine.<\/p><\/div><\/div><div class='content-column one_half last_column'><div style=\"padding-right:0px;padding-left:6px;\"><p>An der Spitze der Fassade wurde der Glockenturm 1783 errichtet. Die Kirche wurde zuerst in L\u00e4ngsrichtung und die Form des Kreuzes wurde durch die Hinzuf\u00fcgung von Seitenkapellen im Jahre 1898 erhalten.<\/p><\/div><\/div><div class='clear_column'><\/div><div class='content-column one_half'><div style=\"padding-right:6px;\"><p>Pod stepeni\u0161tem crkve je 1898. godine otkriven mozai\u010dki pod rimskih termi, \u0161to je obilje\u017eeno latinslim natpisom na jednoj od stepenica. Crkva je imala bratov\u0161tinu. O bratov\u0161tini govori natpis na donjem pragu ulaznih vrata.<\/p><\/div><\/div><div class='content-column one_half last_column'><div style=\"padding-right:0px;padding-left:6px;\"><p>Unter der Treppe der Kirche wurde im Jahre 1898 ein Mosaik eines r\u00f6mischen Bades entdeckt, was durch eine lateinische Inschrift auf einer der Stufen vermerkt ist. Die Kirche hatte eine Bruderschaft. \u00dcber die Bruderschaft berichtet eine Inschrift an der unteren Schwelle der Eingangst\u00fcr.<\/p><\/div><\/div><div class='clear_column'><\/div><div class='content-column one_half'><div style=\"padding-right:6px;\"><p>Na glavnom oltaru se nalazi kip sv. Roka iz 17. st., rad nepoznate mleta\u010dke radionice, dok je oltar djelo Andrije Bruttapelle iz 1774. godine.<\/p><\/div><\/div><div class='content-column one_half last_column'><div style=\"padding-right:0px;padding-left:6px;\"><p>Auf dem Hauptaltar befindet sich die Statue des hl. Rochus aus dem 17. Jahrhundert, die Arbeit einer unbekannten venezianischen Werkstatt. Der Altar ist ein Werk des Andreas Bruttopelle aus dem Jahr 1774.<\/p><\/div><\/div><div class='clear_column'><\/div><div class='content-column one_half'><div style=\"padding-right:6px;\"><p>Na isto\u010dnoj strani glavnog oltara nalaze se vitra\u017ei iz 2007. godine, a dolaze iz Samobora akademskog slikara Branimira Doroti\u0107a. Na prozorima je prikaz svetog Roka, za\u0161titnika grada Starog Grada i sv. Antuna Padovanskog, \u010diji je oltar tako\u0111er u crkvi.<\/p><\/div><\/div><div class='content-column one_half last_column'><div style=\"padding-right:0px;padding-left:6px;\"><p>An der Ostseite des Hauptaltars befinden sich Buntglasfenster aus dem Jahr 2007. Sie stammen vom akademischen Maler Branimir Doroti\u0107 aus Samobor. Auf den Fenstern ist eine Darstellung des hl. Rochus dem Schutzpatron der Stadt Stari Grad und des hl. Antonius von Padua, dessen Altar sich ebenfalls in der Kirche befindet.<\/p><\/div><\/div><div class='clear_column'><\/div><div class='content-column one_half'><div style=\"padding-right:6px;\"><p>U bo\u010dnoj kapeli crkve nalazi se oltar Materinstva BDM uz koji je vezano \u010da\u0161\u0107enje Gospe od zdravlja i sv. Ane. Na oltaru se nalazi Gospina ikona u srebrnoj ko\u0161uljici, a nad oltarom su dva an\u0111ela s natpisima:<\/p><\/div><\/div><div class='content-column one_half last_column'><div style=\"padding-right:0px;padding-left:6px;\"><p>In der Seitenkapelle der Kirche steht der Altar der heiligen Jungfrau Maria, mit einem Votivbild Unserer Lieben Frau vom Heil und der hl. Anna. Auf dem Altar befindet sich eine Marienikone in silbernem Gewand sowie zwei Engel mit den Inschriften:<\/p><\/div><\/div><div class='clear_column'><\/div><\/p>\n<p style=\"text-align: center;\">SPES NOSTRA i MATER JESU.<\/p>\n<div class='content-column one_half'><div style=\"padding-right:6px;\"><p>(= na\u0161a nada i Isusova majka)<\/p>\n<p>Sv. Rok se u Starom Gradu odavno \u0161tuje kao svetac za\u0161titnik grada i njegov se blagdan slavi 16. kolovoza kao Dan grada.<\/p><\/div><\/div><div class='content-column one_half last_column'><div style=\"padding-right:0px;padding-left:6px;\"><p>(= unsere Hoffnung und Mutter Jesu)<\/p>\n<p>Der hl. Rochus ist Schutzpatron der Stadt Stari Grad und sein Fest wird am 16. August gefeiert.<\/p><\/div><\/div><div class='clear_column'><\/div><div class='content-column one_half'><div style=\"padding-right:6px;\"><p>Registra kilzutnih dobara Republike Hrvartske br. 03\/2012, lista za\u0161ti\u0107enih kulturnih dobara:<\/p>\n<p>Broj registra: Z-5713<br \/>\nRje\u0161enje: 25.7.2012<\/p><\/div><\/div><div class='content-column one_half last_column'><div style=\"padding-right:0px;padding-left:6px;\"><p>Register der Kulturg\u00fcter der Republik Kroatien Nr. 02\/2016, Liste der gesch\u00fctzten Kulturg\u00fcter:<\/p>\n<p>Registrierungsnummer: Z-5713<br \/>\nEntscheidung vom: 25.7.2012<\/p><\/div><\/div><div class='clear_column'><\/div><\/p>\n<p><img loading=\"lazy\" decoding=\"async\" class=\"size-full wp-image-63085\" src=\"https:\/\/www.topohvar.at\/wp-content\/uploads\/2023\/06\/sg-ci-02-14.jpg\" alt=\"\" width=\"640\" height=\"640\" srcset=\"https:\/\/www.topohvar.at\/wp-content\/uploads\/2023\/06\/sg-ci-02-14.jpg 640w, https:\/\/www.topohvar.at\/wp-content\/uploads\/2023\/06\/sg-ci-02-14-300x300.jpg 300w, https:\/\/www.topohvar.at\/wp-content\/uploads\/2023\/06\/sg-ci-02-14-150x150.jpg 150w\" sizes=\"auto, (max-width: 640px) 100vw, 640px\" \/><\/p>\n<p style=\"text-align: right;\"><span style=\"color: #3366ff;\"><a style=\"color: #3366ff;\" href=\"#seite_oben\">natrag na vrh \/ Seitenanfang<\/a><\/span><\/p>\n<hr \/>\n<p><strong>Linkovi \/ Links<\/strong><\/p>\n<p><span style=\"color: #3366ff;\"><a style=\"color: #3366ff;\" href=\"https:\/\/www.topohvar.at\/topo\/orte\/sg\/sg-is-28-2\/\">Spomen plo\u010da \u00bbna zabatu crkvu sv. Roka\u00ab \/ Gedenktafel am Giebel der Kirche<\/a><br \/>\n<a style=\"color: #3366ff;\" href=\"https:\/\/www.topohvar.at\/topo\/orte\/sg\/sg-is-27-2\/\">Natpis iznad portal \/ Inschrift \u00fcber dem Kirchenportal<\/a><\/span><br \/>\n<span style=\"color: #3366ff;\"><a style=\"color: #3366ff;\" href=\"https:\/\/www.topohvar.at\/topo\/orte\/sg\/sg-in-23-2\/\">Natpis na donjem pragu ulaznih vrata \/ Inschrift an der Schwelle der Eingangst\u00fcr<\/a><\/span><br \/>\n<span style=\"color: #3366ff;\"><a style=\"color: #3366ff;\" href=\"https:\/\/www.topohvar.at\/topo\/orte\/sg\/sg-in-22-2\/\">Natpis na jednoj od stepenica \/ Inschrift auf der Stufe<\/a><\/span><\/p>\n","protected":false},"excerpt":{"rendered":"<p>Ime \/ Name Crkva \u00bbSv. Roka\u00ab \/ Kirche des hl. Rochus Code: SG-CI-02\u00a0 \u00a0 \u00a0 \u00a0 \u00a0 \u00a0 \u00a0 \u00a0 \u00a0 \u00a0 \u00a0 \u00a0 \u00a0 \u00a0 \u00a0 \u00a0 \u00a0 \u00a0 \u00a0 \u00a0 \u00a0 \u00a0 \u00a0\u00a0\u00a0 Adresa \/ Adresse Stari Grad, &hellip; <a href=\"https:\/\/www.topohvar.at\/topo\/orte\/sg\/sg-ci-02-2\/\">Weiterlesen <span class=\"meta-nav\">&rarr;<\/span><\/a><\/p>\n","protected":false},"author":1,"featured_media":0,"parent":99,"menu_order":0,"comment_status":"closed","ping_status":"closed","template":"","meta":{"footnotes":""},"class_list":["post-2136","page","type-page","status-publish","hentry"],"_links":{"self":[{"href":"https:\/\/www.topohvar.at\/topo\/wp-json\/wp\/v2\/pages\/2136","targetHints":{"allow":["GET"]}}],"collection":[{"href":"https:\/\/www.topohvar.at\/topo\/wp-json\/wp\/v2\/pages"}],"about":[{"href":"https:\/\/www.topohvar.at\/topo\/wp-json\/wp\/v2\/types\/page"}],"author":[{"embeddable":true,"href":"https:\/\/www.topohvar.at\/topo\/wp-json\/wp\/v2\/users\/1"}],"replies":[{"embeddable":true,"href":"https:\/\/www.topohvar.at\/topo\/wp-json\/wp\/v2\/comments?post=2136"}],"version-history":[{"count":31,"href":"https:\/\/www.topohvar.at\/topo\/wp-json\/wp\/v2\/pages\/2136\/revisions"}],"predecessor-version":[{"id":63086,"href":"https:\/\/www.topohvar.at\/topo\/wp-json\/wp\/v2\/pages\/2136\/revisions\/63086"}],"up":[{"embeddable":true,"href":"https:\/\/www.topohvar.at\/topo\/wp-json\/wp\/v2\/pages\/99"}],"wp:attachment":[{"href":"https:\/\/www.topohvar.at\/topo\/wp-json\/wp\/v2\/media?parent=2136"}],"curies":[{"name":"wp","href":"https:\/\/api.w.org\/{rel}","templated":true}]}}