{"id":2140,"date":"2018-08-01T16:11:26","date_gmt":"2018-08-01T14:11:26","guid":{"rendered":"https:\/\/www.topohvar.at\/?page_id=2140"},"modified":"2021-04-16T08:25:39","modified_gmt":"2021-04-16T06:25:39","slug":"sg-ci-03-2","status":"publish","type":"page","link":"https:\/\/www.topohvar.at\/topo\/orte\/sg\/sg-ci-03-2\/","title":{"rendered":"STARI GRAD &#8211; Crkva \u00bbSv. Petra Mu\u010denika\u00ab"},"content":{"rendered":"<p><a name=\"seite_oben\"><br \/>\n<\/a><img loading=\"lazy\" decoding=\"async\" class=\"alignnone wp-image-2116 size-large\" src=\"https:\/\/www.topohvar.at\/wp-content\/uploads\/2018\/08\/SG-CI-03-1-1024x503.jpg\" alt=\"\" width=\"640\" height=\"314\" srcset=\"https:\/\/www.topohvar.at\/wp-content\/uploads\/2018\/08\/SG-CI-03-1-1024x503.jpg 1024w, https:\/\/www.topohvar.at\/wp-content\/uploads\/2018\/08\/SG-CI-03-1-300x147.jpg 300w, https:\/\/www.topohvar.at\/wp-content\/uploads\/2018\/08\/SG-CI-03-1-768x377.jpg 768w\" sizes=\"auto, (max-width: 640px) 100vw, 640px\" \/><\/p>\n<p><strong>Ime \/ Name<br \/>\n<\/strong>Crkva \u00bbSv. Petra Mu\u010denika\u00ab \/ Kirche des hl. Petrus, M\u00e4rtyrer<\/p>\n<p><strong>Code: <\/strong>SG-CI-03\u00a0 \u00a0 \u00a0 \u00a0 \u00a0 \u00a0 \u00a0 \u00a0 \u00a0 \u00a0 \u00a0 \u00a0 \u00a0 \u00a0 \u00a0 \u00a0 \u00a0 \u00a0 \u00a0 \u00a0 \u00a0 \u00a0 \u00a0\u00a0<strong><a href=\"https:\/\/www.topohvar.at\/orte\/sg\/sg-ca-01-2\/\"><img loading=\"lazy\" decoding=\"async\" class=\"alignnone wp-image-12300 size-full\" src=\"https:\/\/www.topohvar.at\/wp-content\/uploads\/2018\/09\/push-vor-30.jpg\" alt=\"\" width=\"61\" height=\"30\" \/><\/a>\u00a0<a href=\"https:\/\/www.topohvar.at\/orte\/sg\/sg-ci-02-2\/\"><img loading=\"lazy\" decoding=\"async\" class=\"alignnone wp-image-533 size-full\" src=\"https:\/\/www.topohvar.at\/wp-content\/uploads\/2018\/07\/push-l-30.jpg\" alt=\"\" width=\"61\" height=\"30\" \/><\/a> <a href=\"https:\/\/www.topohvar.at\/orte\/sg\/\"><img loading=\"lazy\" decoding=\"async\" class=\"alignnone wp-image-535 size-full\" src=\"https:\/\/www.topohvar.at\/wp-content\/uploads\/2018\/07\/push-o-30.jpg\" alt=\"\" width=\"61\" height=\"30\" \/><\/a> <a href=\"https:\/\/www.topohvar.at\/orte\/sg\/sg-ci-04-2\/\"><img loading=\"lazy\" decoding=\"async\" class=\"alignnone wp-image-536 size-full\" src=\"https:\/\/www.topohvar.at\/wp-content\/uploads\/2018\/07\/push-r-30.jpg\" alt=\"\" width=\"61\" height=\"30\" \/><\/a><\/strong><\/p>\n<hr \/>\n<p><strong>Adresa \/ Adresse<br \/>\n<\/strong>Stari Grad, Kod sv. Petra 1<\/p>\n<p><strong>Lokacija \/ Position<a href=\"https:\/\/goo.gl\/maps\/mCGXrCG77WZq2vtp8\"><img loading=\"lazy\" decoding=\"async\" class=\"alignright wp-image-2172\" src=\"https:\/\/www.topohvar.at\/wp-content\/uploads\/2018\/08\/0522.jpg\" alt=\"\" width=\"133\" height=\"100\" \/><\/a><br \/>\n<\/strong><span style=\"color: #3366ff;\"><a style=\"color: #3366ff;\" href=\"https:\/\/goo.gl\/maps\/mCGXrCG77WZq2vtp8\">Latitude: N 43,18205\u00b0\u00a0 \u00a0Longitude: E 16,59678\u00b0<\/a> <\/span><strong><br \/>\n<\/strong>Visina \/ H\u00f6he: 8 m<\/p>\n<p><strong>Katastarska \u010destica \/ Grundst\u00fccke<br \/>\n<\/strong>*101, 3160<div class='content-column one_half'><div style=\"padding-right:6px;\"><p><strong>Datum snimanja \/ Erfassungsdatum<br \/>\n<\/strong>23.05.2013 12:00:00<\/p>\n<hr \/>\n<p><strong>Informacije<\/strong><\/p>\n<p>Samostan je 1482. osnovao talijanski dominikanac fra German iz Piacenze koji podi\u017ee i prvu crkvu sv. Petra Mu\u010denika, dovr\u0161enu 1488. Stara crkva od koje je danas sa\u010duvana samo apsida.<\/p><\/div><\/div><div class='content-column one_half last_column'><div style=\"padding-right:0px;padding-left:6px;\"><p><strong>Stupanj za\u0161tite \/ Schutzstellung<br \/>\n<\/strong>Z-6536, RST 1335, P-828<\/p>\n<hr \/>\n<p><strong>Info<\/strong><\/p>\n<p>Das Kloster wurde im Jahr 1482 von einem italienischen Dominikaner aus Piacenza gegr\u00fcndet, der auch die erste Kirche des hl. M\u00e4rtyrers Peter errichtete, die 1488 vollendet wurde. Von dieser alten Kirche ist bis heute nur die Apsis erhalten.<\/p><\/div><\/div><div class='clear_column'><\/div><div class='content-column one_half'><div style=\"padding-right:6px;\"><p>Renesansni zvonik na sjeveroisto\u010dnom dijelu samostana zapo\u010det je 1479.<\/p><\/div><\/div><div class='content-column one_half last_column'><div style=\"padding-right:0px;padding-left:6px;\"><p>Der Renaissance-Glockenturm im nord\u00f6stlichen Teil des Klosters wurde ab 1479 errichtet.<\/p><\/div><\/div><div class='clear_column'><\/div><\/p>\n<p><img loading=\"lazy\" decoding=\"async\" class=\"aligncenter wp-image-22366 size-medium\" src=\"https:\/\/www.topohvar.at\/wp-content\/uploads\/2019\/05\/sg-ca-01-11-300x300.jpg\" alt=\"\" width=\"300\" height=\"300\" srcset=\"https:\/\/www.topohvar.at\/wp-content\/uploads\/2019\/05\/sg-ca-01-11-300x300.jpg 300w, https:\/\/www.topohvar.at\/wp-content\/uploads\/2019\/05\/sg-ca-01-11-150x150.jpg 150w, https:\/\/www.topohvar.at\/wp-content\/uploads\/2019\/05\/sg-ca-01-11.jpg 450w\" sizes=\"auto, (max-width: 300px) 100vw, 300px\" \/><\/p>\n<div class='content-column one_half'><div style=\"padding-right:6px;\"><p>U ovoj je crkvi 1546. Petar Hektorovi\u0107 podigao svoj oltar i grobnicu za svoju majku Katarinu: na podu se nalazila kamena plo\u010da s epitafom posve\u0107enim Katarini, a fragment plo\u010de se \u010duva u samostanskom muzeju. U crkvi je pokopan i Petar, a njegov grob se nalazi s desne strane glavnog oltara. 1571. samostan su poharali Turci.\u00a0Crkva je temeljito obnovljena i pove\u0107ana u XVII.-XVIII. stolje\u0107u, nakon \u0161to je u XVI. st. bila zapaljena u prodoru Turaka.<\/p><\/div><\/div><div class='content-column one_half last_column'><div style=\"padding-right:0px;padding-left:6px;\"><p>In dieser Kirche errichtete Petar Hektorovi\u0107 1546 einen Altar und eine Grabst\u00e4tte f\u00fcr seine Mutter Katarina. Auf dem Boden befand sich eine Steinplatte mit einem Epitaph, das Katarina gewidmet war. Das Fragment der Platte wurde im Klostermuseum aufbewahrt. Peter ist auch in der Kirche begraben. Sein Grab befindet sich auf der rechten Seite des Hauptaltars. 1571 wurde das Kloster von den T\u00fcrken zerst\u00f6rt. Die Kirche wurde im 17.-18. Jahrhundert gr\u00fcndlich umgebaut und erweitert, nachdem sie im 16. Jahrhundert von den T\u00fcrken in Brand gesteckt wurde.<\/p><\/div><\/div><div class='clear_column'><\/div><div class='content-column one_half'><div style=\"padding-right:6px;\"><p>Stara crkva je sru\u0161ena 1893. te se gradi nova. Od stare crkve ostao je zvonik i glavna kapela u kojoj je grob renesansnog pjesnika Petra Hektorovi\u0107a. Godine 1907. na orguljama dominikanskog samostana intervenirao je hrvatski amaterski graditelj orgulja Kajetan Leti\u0107 koji je zadnje godine svog \u017eivota proveo na Hvaru.<\/p><\/div><\/div><div class='content-column one_half last_column'><div style=\"padding-right:0px;padding-left:6px;\"><p>Die alte Kirche wurde 1893 abgerissen und eine neue gebaut. Von der alten Kirche blieben der Glockenturm und die Hauptkapelle, wo sich das Grab des Renaissancedichters Petar Hektorovi\u0107 befindet erhalten. 1907 wurde die Orgel des Dominikanerklosters von dem kroatischen Amateur-Orgelbauer Kajetan Leti\u0107 eingegrenzt, der die letzten Jahre seines Lebens auf Hvar verbrachte.<\/p><\/div><\/div><div class='clear_column'><\/div><div class='content-column one_half'><div style=\"padding-right:6px;\"><p>God. 1893. izgra\u0111ena je nova crkva neostilskog oblikovanja po nacrtu splitskog graditelja Nikoli\u0107a, opremljena brojnim umjetninama.\u00a0Nova je crkva velika trobrodna gra\u0111evina s pravokutnom apsidom. Od kamena stare crkve je sagra\u0111en zid nove crkve prema klaustru dok su ostali dijelovi od bra\u010dkog kamena.<\/p><\/div><\/div><div class='content-column one_half last_column'><div style=\"padding-right:0px;padding-left:6px;\"><p>Im Jahre 1893 wurde nach dem Entwurf des Spliter Architekten Nikoli\u0107 eine neue Kirche mit Neostil gebaut und mit zahlreichen Kunstwerken ausgestattet.\u00a0Die neue Kirche ist eine gro\u00dfe dreischiffige Struktur mit einer rechteckigen Apsis. Das Steinmaterial der alten Steinkirche wurde zum Bau der neuen Kirchenmauer bis zur Klaustra verwendet, w\u00e4hrend der Rest mit Steinen aus Bra\u0107 gebaut wurde.<\/p><\/div><\/div><div class='clear_column'><\/div><div class='content-column one_half'><div style=\"padding-right:6px;\"><p><img loading=\"lazy\" decoding=\"async\" class=\"aligncenter wp-image-34576\" src=\"https:\/\/www.topohvar.at\/wp-content\/uploads\/2020\/04\/sg-ci-03-13-300x198.jpg\" alt=\"\" width=\"310\" height=\"205\" srcset=\"https:\/\/www.topohvar.at\/wp-content\/uploads\/2020\/04\/sg-ci-03-13-300x198.jpg 300w, https:\/\/www.topohvar.at\/wp-content\/uploads\/2020\/04\/sg-ci-03-13.jpg 620w\" sizes=\"auto, (max-width: 310px) 100vw, 310px\" \/><\/p><\/div><\/div><div class='content-column one_half last_column'><div style=\"padding-right:0px;padding-left:6px;\"><p><img loading=\"lazy\" decoding=\"async\" class=\"aligncenter wp-image-34577\" src=\"https:\/\/www.topohvar.at\/wp-content\/uploads\/2020\/04\/sg-ci-03-3-300x198.jpg\" alt=\"\" width=\"310\" height=\"205\" srcset=\"https:\/\/www.topohvar.at\/wp-content\/uploads\/2020\/04\/sg-ci-03-3-300x198.jpg 300w, https:\/\/www.topohvar.at\/wp-content\/uploads\/2020\/04\/sg-ci-03-3.jpg 620w\" sizes=\"auto, (max-width: 310px) 100vw, 310px\" \/><\/p><\/div><\/div><div class='clear_column'><\/div><div class='content-column one_half'><div style=\"padding-right:6px;\"><p>Iz stare je crkve glavni oltar iz 1786. s drvenim raspelom nepoznatog majstora iz 16. st. kao i oltar Gospe od Ru\u017earija iz 1769., rad majstora Andrije Bruttapelle. Na njemu je oltarna pala iz 17. st. s prikazom Gospe od Ru\u017earija. Iznad korskih sjedala se nalaze dvije slike Baldassarea D&#8217;Anna iz 1. polovine 17. st.: slika Katarine Sienske s likovima sv. Nikole, sv. Tome Akvinskog i sv. Ivana Krstitelja te slika sv. Hijacinta pred Gospom.<\/p><\/div><\/div><div class='content-column one_half last_column'><div style=\"padding-right:0px;padding-left:6px;\"><p>Von der alten Kirche sind der Hauptaltar von 1786 mit einem h\u00f6lzernen Kruzifix eines unbekannten Meisters aus dem 16. Jahrhundert, sowie der Altar \u201eUnserer Frau von Ru\u017earija\u201c aus 1769, ein Werk von Meister Andrija Bruttapelle erhalten. Auf dem Altarbild (Pala) aus dem 17. Jahrhundert ist die Muttergottes vom Rosenkranz dargestellt. \u00dcber dem Chorgest\u00fchl befinden sich zwei\u00a0 Bilder von Baldassarea D&#8217;Anna aus der ersten H\u00e4lfte des 17. Jahrhunderts: das Bild der Katharina von Siens mit den Figuren des hl. Nikolaus, des hl. Thomas von Aquins, des hl. Johannes dem T\u00e4ufer und das Bild der heiligen Hijacinta vor Unserer Lieben Frau.<\/p><\/div><\/div><div class='clear_column'><\/div><div class='content-column one_half'><div style=\"padding-right:6px;\"><p>Crkva je registrirana pod brojem Z-6536 pod kulturnih dobara Republike Hrvatske.<\/p><\/div><\/div><div class='content-column one_half last_column'><div style=\"padding-right:0px;padding-left:6px;\"><p>Die Kirche wurde\u00a0 mit der Nummer Z-6536 unter den Kulturg\u00fctern der Republik Kroatien registriert.<\/p><\/div><\/div><div class='clear_column'><\/div><\/p>\n<hr \/>\n<div class='content-column one_half'><div style=\"padding-right:6px;\"><p>Dijelovi sarkofarga se nalaze uz put nasuprot od Sv. Petra.<\/p><\/div><\/div><div class='content-column one_half last_column'><div style=\"padding-right:0px;padding-left:6px;\"><p>Sarkophagteile befinden sich entlang der Stra\u00dfe gegen\u00fcber St. Petra.<\/p><\/div><\/div><div class='clear_column'><\/div><div class='content-column one_half'><div style=\"padding-right:6px;\"><p>U subotu 24. lipnja 2006. godine u 19,00 sati u Dominikanskom samostanu sv. Petra Mu\u010denika u Starome Gradu odr\u017eat \u0107e se sve\u010danost otkrivanja spomen plo\u010de starogradskom renesansnom pjesniku Petru Hektorovi\u0107u (1487.-1572.). Spomen plo\u010da bit \u0107e postavljena u crkvi sv. Petra gdje se nalazi pjesnikov grob. Plo\u010du postavljaju Bra\u0107a hrvatskog zmaja, a autor plo\u010de je akademski kipar Kuzma Kova\u010di\u0107.<\/p><\/div><\/div><div class='content-column one_half last_column'><div style=\"padding-right:0px;padding-left:6px;\"><p>Am Samstag, 24. Juni 2006 wurde um 19 Uhr im Dominikanerkloster St. Peter der M\u00e4rtyrer in Stari Grad eine Zeremonie abgehalten, um eine Gedenktafel f\u00fcr den Renaissance-Dichter Petar Hektorovi\u0107 (1487-1572) aus Stari Grad zu enth\u00fcllen. Die Gedenktafel wurde in der Kirche St. Peter am Grab des Dichters von der Bruderschaft des kroatischen Drachen errichtet. Geschaffen wurde die Gedenktafel vom akademischen Bildhauer Kuzma Kova\u010di\u0107.<\/p><\/div><\/div><div class='clear_column'><\/div><\/p>\n<p style=\"text-align: right;\"><a href=\"#seite_oben\">natrag na vrh \/ Seitenanfang<\/a><\/p>\n<hr \/>\n<p><strong>Linkovi \/ Links<\/strong><\/p>\n<p><span style=\"color: #3366ff;\"><a style=\"color: #3366ff;\" href=\"https:\/\/www.topohvar.at\/topo\/orte\/sg\/sg-is-24-2\/\">Spomen plo\u010da \u00bbna crkvu Sv. Petra\u00ab \/ Gedenktafel an der Kirche des hl. Petrus<\/a><br \/>\n<a style=\"color: #3366ff;\" href=\"https:\/\/www.topohvar.at\/topo\/orte\/sg\/sg-ca-01-2\/\">Dominikanski samostan \/ Dominikanerkloster<\/a><br \/>\n<a style=\"color: #3366ff;\" href=\"https:\/\/www.topohvar.at\/topo\/orte\/sg\/sg-po-18-2\/\">Povijesni objekt \u00bbPoklopac sarkofaga\u00ab \/ Historische Sarkophagdecke<\/a>l<\/span><\/p>\n","protected":false},"excerpt":{"rendered":"<p>Ime \/ Name Crkva \u00bbSv. Petra Mu\u010denika\u00ab \/ Kirche des hl. Petrus, M\u00e4rtyrer Code: SG-CI-03\u00a0 \u00a0 \u00a0 \u00a0 \u00a0 \u00a0 \u00a0 \u00a0 \u00a0 \u00a0 \u00a0 \u00a0 \u00a0 \u00a0 \u00a0 \u00a0 \u00a0 \u00a0 \u00a0 \u00a0 \u00a0 \u00a0 \u00a0\u00a0\u00a0 Adresa \/ Adresse &hellip; <a href=\"https:\/\/www.topohvar.at\/topo\/orte\/sg\/sg-ci-03-2\/\">Weiterlesen <span class=\"meta-nav\">&rarr;<\/span><\/a><\/p>\n","protected":false},"author":1,"featured_media":0,"parent":99,"menu_order":0,"comment_status":"closed","ping_status":"closed","template":"","meta":{"footnotes":""},"class_list":["post-2140","page","type-page","status-publish","hentry"],"_links":{"self":[{"href":"https:\/\/www.topohvar.at\/topo\/wp-json\/wp\/v2\/pages\/2140","targetHints":{"allow":["GET"]}}],"collection":[{"href":"https:\/\/www.topohvar.at\/topo\/wp-json\/wp\/v2\/pages"}],"about":[{"href":"https:\/\/www.topohvar.at\/topo\/wp-json\/wp\/v2\/types\/page"}],"author":[{"embeddable":true,"href":"https:\/\/www.topohvar.at\/topo\/wp-json\/wp\/v2\/users\/1"}],"replies":[{"embeddable":true,"href":"https:\/\/www.topohvar.at\/topo\/wp-json\/wp\/v2\/comments?post=2140"}],"version-history":[{"count":24,"href":"https:\/\/www.topohvar.at\/topo\/wp-json\/wp\/v2\/pages\/2140\/revisions"}],"predecessor-version":[{"id":47932,"href":"https:\/\/www.topohvar.at\/topo\/wp-json\/wp\/v2\/pages\/2140\/revisions\/47932"}],"up":[{"embeddable":true,"href":"https:\/\/www.topohvar.at\/topo\/wp-json\/wp\/v2\/pages\/99"}],"wp:attachment":[{"href":"https:\/\/www.topohvar.at\/topo\/wp-json\/wp\/v2\/media?parent=2140"}],"curies":[{"name":"wp","href":"https:\/\/api.w.org\/{rel}","templated":true}]}}