{"id":2150,"date":"2018-08-01T16:14:40","date_gmt":"2018-08-01T14:14:40","guid":{"rendered":"https:\/\/www.topohvar.at\/?page_id=2150"},"modified":"2021-04-16T08:35:17","modified_gmt":"2021-04-16T06:35:17","slug":"sg-ci-07-2","status":"publish","type":"page","link":"https:\/\/www.topohvar.at\/topo\/orte\/sg\/sg-ci-07-2\/","title":{"rendered":"STARI GRAD &#8211; Crkva \u00bbSv. Ivana (biv\u0161a ju\u017ena crkva)\u00ab"},"content":{"rendered":"<p><a name=\"seite_oben\"><\/a><br \/>\n<img loading=\"lazy\" decoding=\"async\" class=\"alignnone wp-image-2120 size-large\" src=\"https:\/\/www.topohvar.at\/wp-content\/uploads\/2018\/08\/SG-ci-07-1-1024x503.jpg\" alt=\"\" width=\"640\" height=\"314\" srcset=\"https:\/\/www.topohvar.at\/wp-content\/uploads\/2018\/08\/SG-ci-07-1-1024x503.jpg 1024w, https:\/\/www.topohvar.at\/wp-content\/uploads\/2018\/08\/SG-ci-07-1-300x147.jpg 300w, https:\/\/www.topohvar.at\/wp-content\/uploads\/2018\/08\/SG-ci-07-1-768x377.jpg 768w\" sizes=\"auto, (max-width: 640px) 100vw, 640px\" \/><\/p>\n<p><strong>Ime \/ Name<br \/>\n<\/strong>Crkva \u00bbSv. Ivana (biv\u0161a ju\u017ena crkva)\u00ab,\u00a0 \/ Kirche des hl. Johannes (ehemalige s\u00fcdliche Kirche)<\/p>\n<p><strong>Code: <\/strong>SG-CI-07\u00a0 \u00a0 \u00a0 \u00a0 \u00a0 \u00a0 \u00a0 \u00a0 \u00a0 \u00a0 \u00a0 \u00a0 \u00a0 \u00a0 \u00a0 \u00a0 \u00a0 \u00a0 \u00a0 \u00a0 \u00a0 \u00a0 \u00a0\u00a0<strong><a href=\"https:\/\/www.topohvar.at\/orte\/sg\/sg-ca-01-2\/\"><img loading=\"lazy\" decoding=\"async\" class=\"alignnone wp-image-12300 size-full\" src=\"https:\/\/www.topohvar.at\/wp-content\/uploads\/2018\/09\/push-vor-30.jpg\" alt=\"\" width=\"61\" height=\"30\" \/><\/a>\u00a0<\/strong><strong><a href=\"https:\/\/www.topohvar.at\/orte\/sg\/sg-ci-06-2\/\"><img loading=\"lazy\" decoding=\"async\" class=\"alignnone wp-image-533 size-full\" src=\"https:\/\/www.topohvar.at\/wp-content\/uploads\/2018\/07\/push-l-30.jpg\" alt=\"\" width=\"61\" height=\"30\" \/><\/a> <a href=\"https:\/\/www.topohvar.at\/orte\/sg\/\"><img loading=\"lazy\" decoding=\"async\" class=\"alignnone wp-image-535 size-full\" src=\"https:\/\/www.topohvar.at\/wp-content\/uploads\/2018\/07\/push-o-30.jpg\" alt=\"\" width=\"61\" height=\"30\" \/><\/a> <a href=\"https:\/\/www.topohvar.at\/orte\/sg\/sg-ci-08-2\/\"><img loading=\"lazy\" decoding=\"async\" class=\"alignnone wp-image-536 size-full\" src=\"https:\/\/www.topohvar.at\/wp-content\/uploads\/2018\/07\/push-r-30.jpg\" alt=\"\" width=\"61\" height=\"30\" \/><\/a><\/strong><\/p>\n<hr \/>\n<p><strong>Adresa \/ Adresse<br \/>\n<\/strong>Stari Grad, P. Ivana Pavla II. 5<\/p>\n<p><strong>Lokacija \/ Position<a href=\"https:\/\/goo.gl\/maps\/yTEzk7Gh56aoRA1Y7\"><img loading=\"lazy\" decoding=\"async\" class=\"alignright wp-image-2193\" src=\"https:\/\/www.topohvar.at\/wp-content\/uploads\/2018\/08\/1393.jpg\" alt=\"\" width=\"134\" height=\"100\" \/><\/a><br \/>\n<\/strong><span style=\"color: #3366ff;\"><a style=\"color: #3366ff;\" href=\"https:\/\/goo.gl\/maps\/yTEzk7Gh56aoRA1Y7\">Latitude: N 43,18251\u00b0\u00a0 \u00a0Longitude: E 16,59985\u00b0<\/a> <\/span><strong><br \/>\n<\/strong>Visina \/ H\u00f6he: 4 m<\/p>\n<p><strong>Katastarska \u010destica \/ Grundst\u00fccke<br \/>\n<\/strong>*424\/1<div class='content-column one_half'><div style=\"padding-right:6px;\"><p><strong>Datum snimanja \/ Erfassungsdatum<br \/>\n<\/strong>16.05.2013 09:00:00<\/p>\n<hr \/>\n<p><strong>Informacije<\/strong><\/p>\n<p>Ru\u0161evine crkve nalazi se u JI uglu nekada\u0161njeg Pharosa tj. Starog Grada na Hvaru. Prva gra\u0111evina na ovom mjestu sagra\u0111ena je u doba ranog kr\u0161\u0107anstva na temljima starije arhitekture.<\/p><\/div><\/div><div class='content-column one_half last_column'><div style=\"padding-right:0px;padding-left:6px;\"><p><strong>Stupanj za\u0161tite \/ Schutzstellung<br \/>\n<\/strong>Z-6505, RST 380, P-846<\/p>\n<hr \/>\n<p><strong>Info<\/strong><\/p>\n<p>Die Ruine der Kirche befindet sich an der s\u00fcd\u00f6stlichen Ecke des ehemaligen Pharos, der Altstadt von Hvar. Das Geb\u00e4ude an dieser Stelle wurde zur Zeit des fr\u00fchen Christentums auf der Basis eines \u00e4lteren Baues errichtet.<\/p><\/div><\/div><div class='clear_column'><\/div><div class='content-column one_half'><div style=\"padding-right:6px;\"><p>Arheolo\u0161ki ostaci crkve sa sada\u0161njom crkvom sjeverno od nje, dio ranokr\u0161\u0107anskog kompleksa iz V\/VI. st. Crkva je kao dvojna gra\u0111evina, uz mnoge adaptacije, funkcionira sve do 19. st. kada se ju\u017ena crkva ru\u0161i.<\/p><\/div><\/div><div class='content-column one_half last_column'><div style=\"padding-right:0px;padding-left:6px;\"><p>Die arch\u00e4ologischen \u00dcberreste der Kirche stellen mit der heutigen n\u00f6rdlichen Kirche einen fr\u00fchchristlichen Komplex aus dem 5.\/6. Jh. dar. Er bestand mit zahlreichen Ver\u00e4nderungen bis zum 19. Jh. als Doppelkirche, bis der s\u00fcdliche Kirchenteil einst\u00fcrzte.<\/p><\/div><\/div><div class='clear_column'><\/div><div class='content-column one_half'><div style=\"padding-right:6px;\"><p>Ovaj ranokr\u0161\u0107anski kompleks bio je ukra\u0161en mozai\u010dkim podovima s geometrijskim i figuralnim motivima. Oko crkve i u njoj ukapali su se pokojnici sve do kasnog srednjeg vijeka.<\/p><\/div><\/div><div class='content-column one_half last_column'><div style=\"padding-right:0px;padding-left:6px;\"><p>Der fr\u00fchchristliche Komplex war mit Mosaiken mit geometrischen und fig\u00fcrlichen Motiven dekoriert. Rund um die Kirche wurden die Toten bis ins Sp\u00e4tmittelalter begraben.<\/p><\/div><\/div><div class='clear_column'><\/div><div class='content-column one_half'><div style=\"padding-right:6px;\"><p>Dana\u0161nja crkva je sjeverna gra\u0111evina i prvotno je bila posve\u0107ena sv. Mariji dok je sv. Ivanu bila posve\u0107ena ju\u017ena crkva. Stara je crkva sv. Ivana, zbog tro\u0161nosti, sru\u0161ena po\u010detkom 20 st., a njezin je titular pre\u0161ao na sjevernu crkvu sv. Marije.<\/p><\/div><\/div><div class='content-column one_half last_column'><div style=\"padding-right:0px;padding-left:6px;\"><p>Die heute bestehende Kirche, das n\u00f6rdliche Geb\u00e4ude der Doppelkirche, war urspr\u00fcnglich der hl. Maria geweiht, w\u00e4hrend die s\u00fcdliche Sv. Ivan (hl. Johannes) hie\u00df. Die alte s\u00fcdliche Kirche des hl. Johannes wurde wegen zu hoher Kosten zu Beginn des 20. Jh. abgerissen und ihr Name auf die n\u00f6rdliche Kirche (der hl. Maria) \u00fcbertragen.<\/p><\/div><\/div><div class='clear_column'><\/div><div class='content-column one_half'><div style=\"padding-right:6px;\"><p>Smatra se da je crkva sv. Marije bila beneficij hvarskog biskupa i stara \u017eupna crkva grada tj. prva hvarska katedrala.<\/p><\/div><\/div><div class='content-column one_half last_column'><div style=\"padding-right:0px;padding-left:6px;\"><p>Es wird angenommen, dass die Kirche der hl. Maria Benefiz des Bischofs von Hvar war und diese Kirche die alte Pfarrkirche von Stari Grad &#8211; also die erste Kathedrale der Insel Hvar &#8211; war.<\/p><\/div><\/div><div class='clear_column'><\/div><div class='content-column one_half'><div style=\"padding-right:6px;\"><p>Ju\u017ena crkva je bila jednobrodna gra\u0111evina, nastala na starijoj crkvi, s polukru\u017enom apsidom. U prostoru sveti\u0161ta su otkriveni podovi s mozaicima s figuralnim prikazima. U apsidi se nalazio mozaik s prikazom kantarosa na kojem stoje golubice koje piju vodu \u2013 simbol euharistije koji je bio okrenut prema istoku tj. prema biskupu i sve\u0107enicima dok je prema vjernicima bio okrenut mozaik s prikazom izvora \u017eivota u obliku kantarosa pored kojeg se nalaze dva pauna. Na bo\u010dnim stranama apside su stajala dva mozaika s prikazom kantarosa s viticama vinove loze. Motiv kantarosa iz kojeg izlaze vitice vinove loze i pored njega ptice je vrlo \u010dest u ranom kr\u0161\u0107anstvu te je tijekom 6.st. prisutan na podnim mozaicima cijelog Sredozemlja.<\/p><\/div><\/div><div class='content-column one_half last_column'><div style=\"padding-right:0px;padding-left:6px;\"><p>Die S\u00fcdkirche war ein einschiffiges Geb\u00e4ude, das auf einer \u00e4lteren Kirche mit einer halbkreisf\u00f6rmigen Apsis errichtet wurde. Im Inneren des Heiligtums gab es Mosaike mit figurativen Darstellungen. In der Apsis war ein Mosaik das einen Weihwasserbeh\u00e4lter darstellt, aus dem eine Taube trinkt. Ein Symbol der Eucharistie das gegen Osten gerichtet war &#8211; also dem Bischof und Priester zugewandt, w\u00e4hrend das den Gl\u00e4ubigen zugewandte Mosaik eine Darstellung des Weihwassers als Quelle des Lebens neben zwei Pfauen zeigt. An der Seitenwand der Apsis befanden sich zwei Mosaiken mit einem Weihwasserbecken, das von Weinreben umrankt ist. Das Motiv der Weihwasserbecken aus denen Weinreben ranken mit V\u00f6gel daneben, ist im fr\u00fchen Christentum und im 6. Jh. auf Mosaiken des gesamten Mittelmeerraums sehr h\u00e4ufig anzutreffen.<\/p><\/div><\/div><div class='clear_column'><\/div><\/p>\n<div id=\"attachment_22397\" style=\"width: 625px\" class=\"wp-caption aligncenter\"><img loading=\"lazy\" decoding=\"async\" aria-describedby=\"caption-attachment-22397\" class=\"wp-image-22397 size-full\" src=\"https:\/\/www.topohvar.at\/wp-content\/uploads\/2019\/05\/sg-po-13-19.jpg\" alt=\"\" width=\"615\" height=\"346\" srcset=\"https:\/\/www.topohvar.at\/wp-content\/uploads\/2019\/05\/sg-po-13-19.jpg 615w, https:\/\/www.topohvar.at\/wp-content\/uploads\/2019\/05\/sg-po-13-19-300x169.jpg 300w\" sizes=\"auto, (max-width: 615px) 100vw, 615px\" \/><p id=\"caption-attachment-22397\" class=\"wp-caption-text\">Pogled na apsidu s mozai\u010dnim medaljonom \/ Blick in die Apsis mit Mosaik-Medaillon<\/p><\/div>\n<div class='content-column one_half'><div style=\"padding-right:6px;\"><p>U srednjem vijeku je nad ovom crkvom sagra\u0111ena nova, manja crkvica pri \u010demu je zapadni dio stare crkve ostavljen otvoren (poput dvori\u0161ta). Iznad njega je u 19. st. sagra\u0111ena ku\u0107a kanonika Plan\u010di\u0107a u \u010dijem su podrumu i danas vidljivi ranokr\u0161\u0107anski zidovi.<\/p><\/div><\/div><div class='content-column one_half last_column'><div style=\"padding-right:0px;padding-left:6px;\"><p>Im Mittelalter wurde eine neue Kirche \u00fcber diese kleinere Kirche gebaut, wobei der westliche Teil der alten Kirche offenblieb (wie ein Hof). Dar\u00fcber wurde im 19. Jh. das Haus des Kanonikus Plan\u010di\u0107 errichtet, in dessen im Keller noch heute die fr\u00fchchristlichen Mauern zu sehen sind.<\/p><\/div><\/div><div class='clear_column'><\/div><\/p>\n<div class='content-column one_third'><div style=\"padding-right:6px;\"><p>S njegove ju\u017ene strane sa\u010duvana je kristonica u obliku kri\u017ea iz 5\/6. st. i dubok 115 cm. Ali je prva piscina bila oktogonalna. Uz tu se piscinu ve\u017eu ostaci prve ranokr\u0161\u0107anske crkve koja se, na osnovu karakteristi\u010dnog oktogonalnog oblika krsnog zdenca, datira u po\u010detak 5. st.<\/p><\/div><\/div><div class='content-column one_third'><div style=\"padding-right:6px;\"><p><img loading=\"lazy\" decoding=\"async\" class=\"aligncenter size-full wp-image-36903\" src=\"https:\/\/www.topohvar.at\/wp-content\/uploads\/2020\/05\/sg-ci-07-7.jpg\" alt=\"\" width=\"450\" height=\"450\" srcset=\"https:\/\/www.topohvar.at\/wp-content\/uploads\/2020\/05\/sg-ci-07-7.jpg 450w, https:\/\/www.topohvar.at\/wp-content\/uploads\/2020\/05\/sg-ci-07-7-300x300.jpg 300w, https:\/\/www.topohvar.at\/wp-content\/uploads\/2020\/05\/sg-ci-07-7-150x150.jpg 150w\" sizes=\"auto, (max-width: 450px) 100vw, 450px\" \/><\/p><\/div><\/div><div class='content-column one_third last_column'><div style=\"padding-right:0px;padding-left:6px;\"><p>Auf der S\u00fcdseite der Kirche war das Baptisterium (Taufbecken) in Kreuzform mit einer Tiefe von 115 cm aus dem 5\/6. Jahrhundert erhalten. Die ersten Taufbecken waren jedoch achteckig. Mit diesem Taufbecken werden die erste \u00dcberreste der fr\u00fchchristlichen Kirche verbunden, die auf der Form der markanten achteckigen Taufbecken aus dem fr\u00fchen 5. Jh. basieren.<\/p><\/div><\/div><div class='clear_column'><\/div><div class='content-column one_half'><div style=\"padding-right:6px;\"><p>Pri arheolo\u0161kim istra\u017eivanjima otkriveno je mnogo arhitektonske plastike od koje ve\u0107ina pripada crkvenom namje\u0161taju koji je rad doma\u0107ih majstora , a prema stilskim osobinama datira se u 6. stolje\u0107e.<\/p><\/div><\/div><div class='content-column one_half last_column'><div style=\"padding-right:0px;padding-left:6px;\"><p>Arch\u00e4ologischen Ausgrabungen haben viele architektonische Plastiken ans Licht gebracht, von denen offenbar die Mehrheit zur Kircheneinrichtung geh\u00f6rte. Sie wurden von lokalen Handwerkern gestaltet und sind nach ihren stilistischen Merkmalen dem 6. Jh. zuzuordnen.<\/p><\/div><\/div><div class='clear_column'><\/div><div class='content-column one_half'><div style=\"padding-right:6px;\"><p>Registar kulturnih dobara Republike Hrvatske br. 03\/2015. Datum tiskanog izdanja: 9.4.2015. Broj registra: Z-6505<\/p><\/div><\/div><div class='content-column one_half last_column'><div style=\"padding-right:0px;padding-left:6px;\"><p>Register der Kulturg\u00fcter der Republik Kroatien Nr. 03\/2015, Ver\u00f6ffentlichungsdatum: 9.4.2015. Registriernummer: Z-6505<\/p><\/div><\/div><div class='clear_column'><\/div><\/p>\n<p style=\"text-align: right;\"><span style=\"color: #3366ff;\"><a style=\"color: #3366ff;\" href=\"#seite_oben\">natrag na vrh \/ Seitenanfang<\/a><\/span><\/p>\n<hr \/>\n<p><strong>Linkovi \/ Links<\/strong><\/p>\n<p><span style=\"color: #3366ff;\"><a style=\"color: #3366ff;\" href=\"https:\/\/www.topohvar.at\/topo\/orte\/sg\/sg-ci-06-2\/\">Sjeverno dio dvojne crkve \/ n\u00f6rdlicher Teil der Doppelkirche<\/a><\/span><br \/>\n<span style=\"color: #3366ff;\"><a style=\"color: #3366ff;\" href=\"https:\/\/www.topohvar.at\/topo\/orte\/sg\/sg-tg-24-1\/\">Ku\u0107a kanonika Plan\u010di\u0107a \/ Haus des Kanonikus Plan\u010di\u0107<\/a><\/span><\/p>\n","protected":false},"excerpt":{"rendered":"<p>Ime \/ Name Crkva \u00bbSv. Ivana (biv\u0161a ju\u017ena crkva)\u00ab,\u00a0 \/ Kirche des hl. Johannes (ehemalige s\u00fcdliche Kirche) Code: SG-CI-07\u00a0 \u00a0 \u00a0 \u00a0 \u00a0 \u00a0 \u00a0 \u00a0 \u00a0 \u00a0 \u00a0 \u00a0 \u00a0 \u00a0 \u00a0 \u00a0 \u00a0 \u00a0 \u00a0 \u00a0 \u00a0 \u00a0 &hellip; <a href=\"https:\/\/www.topohvar.at\/topo\/orte\/sg\/sg-ci-07-2\/\">Weiterlesen <span class=\"meta-nav\">&rarr;<\/span><\/a><\/p>\n","protected":false},"author":1,"featured_media":0,"parent":99,"menu_order":0,"comment_status":"closed","ping_status":"closed","template":"","meta":{"footnotes":""},"class_list":["post-2150","page","type-page","status-publish","hentry"],"_links":{"self":[{"href":"https:\/\/www.topohvar.at\/topo\/wp-json\/wp\/v2\/pages\/2150","targetHints":{"allow":["GET"]}}],"collection":[{"href":"https:\/\/www.topohvar.at\/topo\/wp-json\/wp\/v2\/pages"}],"about":[{"href":"https:\/\/www.topohvar.at\/topo\/wp-json\/wp\/v2\/types\/page"}],"author":[{"embeddable":true,"href":"https:\/\/www.topohvar.at\/topo\/wp-json\/wp\/v2\/users\/1"}],"replies":[{"embeddable":true,"href":"https:\/\/www.topohvar.at\/topo\/wp-json\/wp\/v2\/comments?post=2150"}],"version-history":[{"count":31,"href":"https:\/\/www.topohvar.at\/topo\/wp-json\/wp\/v2\/pages\/2150\/revisions"}],"predecessor-version":[{"id":47937,"href":"https:\/\/www.topohvar.at\/topo\/wp-json\/wp\/v2\/pages\/2150\/revisions\/47937"}],"up":[{"embeddable":true,"href":"https:\/\/www.topohvar.at\/topo\/wp-json\/wp\/v2\/pages\/99"}],"wp:attachment":[{"href":"https:\/\/www.topohvar.at\/topo\/wp-json\/wp\/v2\/media?parent=2150"}],"curies":[{"name":"wp","href":"https:\/\/api.w.org\/{rel}","templated":true}]}}