{"id":2152,"date":"2018-08-01T16:15:15","date_gmt":"2018-08-01T14:15:15","guid":{"rendered":"https:\/\/www.topohvar.at\/?page_id=2152"},"modified":"2024-03-26T13:04:15","modified_gmt":"2024-03-26T12:04:15","slug":"sg-ci-08-2","status":"publish","type":"page","link":"https:\/\/www.topohvar.at\/topo\/orte\/sg\/sg-ci-08-2\/","title":{"rendered":"STARI GRAD &#8211; Crkva \u00bbSv. Jerolima\u00ab"},"content":{"rendered":"<p><a name=\"seite_oben\"><\/a><br \/>\n<img loading=\"lazy\" decoding=\"async\" class=\"alignnone wp-image-2121 size-large\" src=\"https:\/\/www.topohvar.at\/wp-content\/uploads\/2018\/08\/SG-CI-08-1-1024x514.jpg\" alt=\"\" width=\"640\" height=\"321\" srcset=\"https:\/\/www.topohvar.at\/wp-content\/uploads\/2018\/08\/SG-CI-08-1-1024x514.jpg 1024w, https:\/\/www.topohvar.at\/wp-content\/uploads\/2018\/08\/SG-CI-08-1-300x151.jpg 300w, https:\/\/www.topohvar.at\/wp-content\/uploads\/2018\/08\/SG-CI-08-1-768x386.jpg 768w\" sizes=\"auto, (max-width: 640px) 100vw, 640px\" \/><\/p>\n<p><strong>Ime \/ Name<br \/>\n<\/strong>Crkva \u00bbSv. Jerolima\u00ab \/ Kirche des hl. Hieronymus<\/p>\n<p><strong>Code: <\/strong>SG-CI-08\u00a0 \u00a0 \u00a0 \u00a0 \u00a0 \u00a0 \u00a0 \u00a0 \u00a0 \u00a0 \u00a0 \u00a0 \u00a0 \u00a0 \u00a0 \u00a0 \u00a0 \u00a0 \u00a0 \u00a0 \u00a0 \u00a0 \u00a0\u00a0<strong><a href=\"https:\/\/www.topohvar.at\/orte\/sg\/sg-ca-01-2\/\"><img loading=\"lazy\" decoding=\"async\" class=\"alignnone wp-image-12300 size-full\" src=\"https:\/\/www.topohvar.at\/wp-content\/uploads\/2018\/09\/push-vor-30.jpg\" alt=\"\" width=\"61\" height=\"30\" \/><\/a>\u00a0<\/strong><strong><a href=\"https:\/\/www.topohvar.at\/orte\/sg\/sg-ci-07-2\/\"><img loading=\"lazy\" decoding=\"async\" class=\"alignnone wp-image-533 size-full\" src=\"https:\/\/www.topohvar.at\/wp-content\/uploads\/2018\/07\/push-l-30.jpg\" alt=\"\" width=\"61\" height=\"30\" \/><\/a> <a href=\"https:\/\/www.topohvar.at\/orte\/sg\/\"><img loading=\"lazy\" decoding=\"async\" class=\"alignnone wp-image-535 size-full\" src=\"https:\/\/www.topohvar.at\/wp-content\/uploads\/2018\/07\/push-o-30.jpg\" alt=\"\" width=\"61\" height=\"30\" \/><\/a> <a href=\"https:\/\/www.topohvar.at\/orte\/sg\/sg-ck-04-2\/\"><img loading=\"lazy\" decoding=\"async\" class=\"alignnone wp-image-536 size-full\" src=\"https:\/\/www.topohvar.at\/wp-content\/uploads\/2018\/07\/push-r-30.jpg\" alt=\"\" width=\"61\" height=\"30\" \/><\/a><\/strong><\/p>\n<hr \/>\n<p><strong>Adresa \/ Adresse<br \/>\n<\/strong>Stari Grad, Obala hrvatskih branitelja<\/p>\n<p><strong>Lokacija \/ Position<a href=\"https:\/\/goo.gl\/maps\/bTCxtnwJwTj17mR98\"><img loading=\"lazy\" decoding=\"async\" class=\"alignright wp-image-2198\" src=\"https:\/\/www.topohvar.at\/wp-content\/uploads\/2018\/08\/0529.jpg\" alt=\"\" width=\"133\" height=\"100\" \/><\/a><br \/>\n<\/strong><span style=\"color: #3366ff;\"><a style=\"color: #3366ff;\" href=\"https:\/\/goo.gl\/maps\/bTCxtnwJwTj17mR98\">Latitude: N 43,18565\u00b0\u00a0 \u00a0Longitude: E 16,59006\u00b0<\/a> <\/span><strong><br \/>\n<\/strong>Visina \/ H\u00f6he: 1 m<\/p>\n<p><strong>Katastarska \u010destica \/ Grundst\u00fccke<br \/>\n<\/strong>*943, *944, *945\/1<div class='content-column one_half'><div style=\"padding-right:6px;\"><p><strong>Datum snimanja \/ Erfassungsdatum<br \/>\n<\/strong>16.05.2013 09:00:00<\/p>\n<hr \/>\n<p><strong>Informacije<\/strong><\/p>\n<p>Goti\u010dka crkvica sv. Jerolima u Starom Gradu podignuta je uz more na sjeverozapadnom dijelu uvale, vjerojatno, starijim temeljima. Mala srednjovjekovna crkvica na moru sagra\u0111ena prije 1487., mo\u017eda ve\u0107 u 14. st. (1385. god.?). Uz crkvu se nalazi eremita\u017e, ku\u0107a \u2013 samostan za fratre pustinjake kojeg 1487. osniva sve\u0107enik Nikola Barbeta. Nakon 1529. gradi se oratorij za picokare (dominikanke tre\u0107eretkinje) koje su trebale stalno boraviti u samostanu no njihov boravak u njemu nije dugo trajao. Nakon njih, samostan nastanjuju sve\u0107enici glagolja\u0161i, ali i oni uskoro odlaze jer se njihovom boravku, sredinom 17. st., protive dominikanci. Tada je samostan vjerojatno napu\u0161ten. Prema legendi, u to se vrijeme od crkve do druge strane uvale zatezao lanac koji je prije\u010dio ulaz u luku.<\/p><\/div><\/div><div class='content-column one_half last_column'><div style=\"padding-right:0px;padding-left:6px;\"><p><strong>Stupanj za\u0161tite \/ Schutzstellung<br \/>\n<\/strong>Z-5086, RST 18 (Crkva Sv. Jerolima sa hospicijem)<\/p>\n<hr \/>\n<p><strong>Info<\/strong><\/p>\n<p>Die gotische Kirche des hl. Hieronymus in Stari Grad wurde am Meer im nordwestlichen Teil der Bucht errichtet\u00a0wahrscheinlich auf \u00e4lteren Fundamenten errichtet. Die kleine mittelalterliche Kirche wurde vor 1487 gebaut, vielleicht schon im 14. Jahrhundert (1385 ?). Neben der Kirche befindet sich die Erimitage. Haus und Kloster wurden von im Jahr 1487 von dem Einsiedlerm\u00f6nch Nikola Barba gegr\u00fcndet. Nach 1529 wurde das das Oratorium f\u00fcr picokare (Dominikanische tre\u0107eretkinje) gebaut, nach oben, die im Kloster, aber ihr Aufenthalt in es dauerte nicht lange geblieben waren gerade sollten. Nach ihnen wurde das Kloster von Glagolitischen Priestern bewohnt, aber von ihnen bald verlassen, weil ihr Aufenthalt, Mitte des 17. Jh., Gegen die Dominikaner. Dann wurde das Kloster wahrscheinlich aufgegeben. Der Legende zufolge schloss die Kirche damals die T\u00fcr zur anderen Seite der Bucht und verhinderte so den Zugang zum Hafen.<\/p><\/div><\/div><div class='clear_column'><\/div><div class='content-column one_half'><div style=\"padding-right:6px;\"><p>Jednobrodna gra\u0111evina s polukru\u017enom apsidom pokrivena je krovom od kamenih plo\u010da. U ni\u0161i na pro\u010delju ju\u017ene strane crkve je postavljena je replika kipa Gospe od mora koji prikazuje Bogorodicu s Djetetom na prijestolju goti\u010dkog stila. Kip je o\u0161te\u0107en pri napadu Turaka 1571.<\/p><\/div><\/div><div class='content-column one_half last_column'><div style=\"padding-right:0px;padding-left:6px;\"><p>Der einschiffige Bau mit halbkreisf\u00f6rmiger Apsis ist mit einem Steinplattendach gedeckt. In einer Nische an der Fassade der S\u00fcdseite befindet sich eine Replik der Statue Unserer Lieben Frau vom Meer die die Madonna mit Kind auf einem Thron im gotischen Stil zeigt. Die Statue wurde bei dem Angriff durch die T\u00fcrken im Jahr 1571 zerst\u00f6rt.<\/p><\/div><\/div><div class='clear_column'><\/div><div class='content-column one_half'><div style=\"padding-right:6px;\"><p>Crkva je bila razorena u turskom napadu 1571. U obnovi koja je uslijedila, crkvica je dogra\u0111ena. Nakon tog napada, crkvici je nadogra\u0111ena kvadrati\u010dna dogradnja na pro\u010delju &#8211; hospicij. Na vrhu pro\u010delja je rozeta u obliku \u010detverolisne djeteline. Iznad portala je reljef sv. Jerolima s lavom u pustinji te natpis na mleta\u010dkom narje\u010dju.<\/p><\/div><\/div><div class='content-column one_half last_column'><div style=\"padding-right:0px;padding-left:6px;\"><p>Die Kirche wurde durch den t\u00fcrkischen Angriff von 1571 zerst\u00f6rt. In der darauffolgenden Rekonstruktion wurde die Kirche gebaut. Nach diesem Angriff wurde die Kirche im Bereich der Fassade erweitert. Oben in der Giebelwand befindet sich eine Rosette in Form eines Vierfachklees. \u00dcber dem Portal befindet sich das Relief von St. Jerome mit einem L\u00f6wen in der W\u00fcste und einer Inschrift in venezianischem Dialekt.<\/p><\/div><\/div><div class='clear_column'><\/div><div class='content-column one_half'><div style=\"padding-right:6px;\"><p>Sjeverno od crkve, s druge strane \u0161etnice, nalazi se nekada\u0161nji stan za fratre pustinjake &#8211; eremita\u017e. U 17. st. je slu\u017eio kao kona\u010di\u0161te za putnike. Kasnije slu\u017ei kao lazaret za brodove u karanteni, a koji su se sidrili u luci dana\u0161njeg gradskog kupali\u0161ta dok su \u010dekali dopu\u0161tenje za ulazak u luku.<\/p><\/div><\/div><div class='content-column one_half last_column'><div style=\"padding-right:0px;padding-left:6px;\"><p>N\u00f6rdlich der Kirche, auf der anderen Seite der Promenade, war einst eine Einsiedelei &#8211; das Wohnhaus der Eremiten. Im 17. Jahrhundert diente es als Gastunterkunft. Sp\u00e4ter wurde es als Quarant\u00e4ne f\u00fcr Schiffe die unter Quarant\u00e4ne standen verwendet, vor dem Hafen der heutigen Stadt ankerten und auf die Erlaubnis warteten, in den Hafen einzulaufen.<\/p><\/div><\/div><div class='clear_column'><\/div><div class='content-column one_half'><div style=\"padding-right:6px;\"><p>Od 1966. u zgradi samostana se nalazi restoran Eremita\u017e koji svojim imenom \u010duva sje\u0107anje na nekada\u0161nju namjenu. Ku\u0107a iza crkve, je najkasnije sagra\u0111ena i to kao ribarsko spremi\u0161te. Od 1976. godine u crkvi djeluje galerija suvremene umjetnosti.<\/p><\/div><\/div><div class='content-column one_half last_column'><div style=\"padding-right:0px;padding-left:6px;\"><p>Seit 1966 befindet sich im ehemaligen Hospiz das Restaurant Eremita\u017e dessen Name die Erinnerung an den fr\u00fcheren Zweck bewahrt. Das Haus, hinter der Kirche, wurde vor kurzem als Angeldepot ausgebaut. Seit 1976 beherbergt die Kirche eine Galerie moderner Kunst.<\/p><\/div><\/div><div class='clear_column'><\/div><div class='content-column one_half'><div style=\"padding-right:6px;\"><p>Crkva i susjedna zgrada registrirani godine pod brojem Z-5086 pod kulturnih dobara Republike Hrvatske.<\/p><\/div><\/div><div class='content-column one_half last_column'><div style=\"padding-right:0px;padding-left:6px;\"><p>Die Kirche und das Nebengeb\u00e4ude wurden mit der Nummer Z-5086 unter den Kulturg\u00fctern der Republik Kroatien registriert.<\/p><\/div><\/div><div class='clear_column'><\/div><\/p>\n<p><img loading=\"lazy\" decoding=\"async\" class=\"aligncenter size-full wp-image-63108\" src=\"https:\/\/www.topohvar.at\/wp-content\/uploads\/2023\/06\/sg-ci-08-14.jpg\" alt=\"\" width=\"432\" height=\"450\" srcset=\"https:\/\/www.topohvar.at\/wp-content\/uploads\/2023\/06\/sg-ci-08-14.jpg 432w, https:\/\/www.topohvar.at\/wp-content\/uploads\/2023\/06\/sg-ci-08-14-288x300.jpg 288w\" sizes=\"auto, (max-width: 432px) 100vw, 432px\" \/><\/p>\n<p style=\"text-align: right;\"><span style=\"color: #3366ff;\"><a style=\"color: #3366ff;\" href=\"#seite_oben\">natrag na vrh \/ Seitenanfang<\/a><\/span><\/p>\n<hr \/>\n<p><strong>Linkovi \/ Links<\/strong><\/p>\n<p><span style=\"color: #3366ff;\"><a style=\"color: #3366ff;\" href=\"https:\/\/www.topohvar.at\/topo\/orte\/sg\/sg-ir-02-2\/\">Reljef &#8222;Gospa od mora&#8220; \/ Relief &#8222;Muttergottes vom Meer&#8220;\u00a0<\/a><br \/>\n<a style=\"color: #3366ff;\" href=\"https:\/\/www.topohvar.at\/topo\/orte\/sg\/sg-in-30-2\/\">Natpis \u00bbiznad reljefa na pro\u010delju\u00ab \/ Inschrift \u00fcber dem Relief an der Kirchenfassade<\/a><br \/>\n<a style=\"color: #3366ff;\" href=\"https:\/\/www.topohvar.at\/topo\/orte\/sg\/sg-ir-01-2\/\">Reljef \u00bbreljef plo\u010da iznad ulaza\u00ab \/ Relief \u00fcber dem Eingangstor<\/a><br \/>\n<a style=\"color: #3366ff;\" href=\"https:\/\/www.topohvar.at\/topo\/orte\/sg\/sg-ir-14-1\/\">Reljef \u00bbIHS na sjevernoj strani crkve sv. Jerolima\u00ab \/ IHS an der Nordseite der Kirche<\/a><br \/>\n<a style=\"color: #3366ff;\" href=\"https:\/\/www.topohvar.at\/topo\/orte\/sg\/sg-tg-07-1\/\">Biv\u0161i Eremita\u017e \/ ehemalige Eremitage<\/a><br \/>\n<\/span><\/p>\n","protected":false},"excerpt":{"rendered":"<p>Ime \/ Name Crkva \u00bbSv. Jerolima\u00ab \/ Kirche des hl. Hieronymus Code: SG-CI-08\u00a0 \u00a0 \u00a0 \u00a0 \u00a0 \u00a0 \u00a0 \u00a0 \u00a0 \u00a0 \u00a0 \u00a0 \u00a0 \u00a0 \u00a0 \u00a0 \u00a0 \u00a0 \u00a0 \u00a0 \u00a0 \u00a0 \u00a0\u00a0\u00a0 Adresa \/ Adresse Stari Grad, &hellip; <a href=\"https:\/\/www.topohvar.at\/topo\/orte\/sg\/sg-ci-08-2\/\">Weiterlesen <span class=\"meta-nav\">&rarr;<\/span><\/a><\/p>\n","protected":false},"author":1,"featured_media":0,"parent":99,"menu_order":0,"comment_status":"closed","ping_status":"closed","template":"","meta":{"footnotes":""},"class_list":["post-2152","page","type-page","status-publish","hentry"],"_links":{"self":[{"href":"https:\/\/www.topohvar.at\/topo\/wp-json\/wp\/v2\/pages\/2152","targetHints":{"allow":["GET"]}}],"collection":[{"href":"https:\/\/www.topohvar.at\/topo\/wp-json\/wp\/v2\/pages"}],"about":[{"href":"https:\/\/www.topohvar.at\/topo\/wp-json\/wp\/v2\/types\/page"}],"author":[{"embeddable":true,"href":"https:\/\/www.topohvar.at\/topo\/wp-json\/wp\/v2\/users\/1"}],"replies":[{"embeddable":true,"href":"https:\/\/www.topohvar.at\/topo\/wp-json\/wp\/v2\/comments?post=2152"}],"version-history":[{"count":21,"href":"https:\/\/www.topohvar.at\/topo\/wp-json\/wp\/v2\/pages\/2152\/revisions"}],"predecessor-version":[{"id":65682,"href":"https:\/\/www.topohvar.at\/topo\/wp-json\/wp\/v2\/pages\/2152\/revisions\/65682"}],"up":[{"embeddable":true,"href":"https:\/\/www.topohvar.at\/topo\/wp-json\/wp\/v2\/pages\/99"}],"wp:attachment":[{"href":"https:\/\/www.topohvar.at\/topo\/wp-json\/wp\/v2\/media?parent=2152"}],"curies":[{"name":"wp","href":"https:\/\/api.w.org\/{rel}","templated":true}]}}