{"id":2156,"date":"2018-08-01T16:16:29","date_gmt":"2018-08-01T14:16:29","guid":{"rendered":"https:\/\/www.topohvar.at\/?page_id=2156"},"modified":"2026-03-15T11:59:11","modified_gmt":"2026-03-15T10:59:11","slug":"sg-ck-02-2","status":"publish","type":"page","link":"https:\/\/www.topohvar.at\/topo\/orte\/sg\/sg-ck-02-2\/","title":{"rendered":"STARI GRAD &#8211; Crkvica \u00bbMauzolej Don \u0160ime Ljubi\u0107\u00ab"},"content":{"rendered":"<p><img loading=\"lazy\" decoding=\"async\" class=\"alignleft wp-image-74000 size-full\" src=\"https:\/\/www.topohvar.at\/wp-content\/uploads\/2026\/03\/sg-ck-02-11.jpg\" alt=\"\" width=\"768\" height=\"377\" srcset=\"https:\/\/www.topohvar.at\/wp-content\/uploads\/2026\/03\/sg-ck-02-11.jpg 768w, https:\/\/www.topohvar.at\/wp-content\/uploads\/2026\/03\/sg-ck-02-11-300x147.jpg 300w\" sizes=\"auto, (max-width: 768px) 100vw, 768px\" \/><\/p>\n<p><a name=\"seite_oben\"><\/a><\/p>\n<p><strong>Ime \/ Name<br \/>\n<\/strong>Crkvica \u00bbMauzolej Don \u0160ime Ljubi\u0107a\u00ab \/\u00a0Mausoleum des Don \u0160ime Ljubi\u0107<\/p>\n<p><strong>Code: <\/strong>SG-CK-02\u00a0 \u00a0 \u00a0 \u00a0 \u00a0 \u00a0 \u00a0 \u00a0 \u00a0 \u00a0 \u00a0 \u00a0 \u00a0 \u00a0 \u00a0 \u00a0 \u00a0 \u00a0 \u00a0 \u00a0 \u00a0 \u00a0 \u00a0\u00a0<strong><a href=\"https:\/\/www.topohvar.at\/orte\/sg\/sg-ca-01-2\/\"><img loading=\"lazy\" decoding=\"async\" class=\"alignnone wp-image-12300 size-full\" src=\"https:\/\/www.topohvar.at\/wp-content\/uploads\/2018\/09\/push-vor-30.jpg\" alt=\"\" width=\"61\" height=\"30\" \/><\/a>\u00a0<\/strong><strong><a href=\"https:\/\/www.topohvar.at\/orte\/sg\/sg-ck-04-2\/\"><img loading=\"lazy\" decoding=\"async\" class=\"alignnone wp-image-533 size-full\" src=\"https:\/\/www.topohvar.at\/wp-content\/uploads\/2018\/07\/push-l-30.jpg\" alt=\"\" width=\"61\" height=\"30\" \/><\/a> <a href=\"https:\/\/www.topohvar.at\/orte\/sg\/\"><img loading=\"lazy\" decoding=\"async\" class=\"alignnone wp-image-535 size-full\" src=\"https:\/\/www.topohvar.at\/wp-content\/uploads\/2018\/07\/push-o-30.jpg\" alt=\"\" width=\"61\" height=\"30\" \/><\/a> <a href=\"https:\/\/www.topohvar.at\/orte\/sg\/sg-ci-01-2\/\"><img loading=\"lazy\" decoding=\"async\" class=\"alignnone wp-image-536 size-full\" src=\"https:\/\/www.topohvar.at\/wp-content\/uploads\/2018\/07\/push-r-30.jpg\" alt=\"\" width=\"61\" height=\"30\" \/><\/a><\/strong><\/p>\n<hr \/>\n<p><strong>Adresa \/ Adresse<br \/>\n<\/strong>Stari Grad, \u0160etali\u0161te don \u0160ime Ljubi\u0107a<\/p>\n<p><strong>Lokacija \/ Position<a href=\"https:\/\/goo.gl\/maps\/J2fPTFiSEh3wzGR18\"><img loading=\"lazy\" decoding=\"async\" class=\"alignright wp-image-2211\" src=\"https:\/\/www.topohvar.at\/wp-content\/uploads\/2018\/08\/0531.jpg\" alt=\"\" width=\"133\" height=\"100\" \/><\/a><br \/>\n<\/strong><span style=\"color: #3366ff;\"><a style=\"color: #3366ff;\" href=\"https:\/\/goo.gl\/maps\/J2fPTFiSEh3wzGR18\">Latitude: N 43,18370\u00b0\u00a0 \u00a0Longitude: E 16,59196\u00b0<\/a> <\/span><strong><br \/>\n<\/strong>Visina \/ H\u00f6he: 4 m<\/p>\n<p><strong>Katastarska \u010destica \/ Grundst\u00fccke<br \/>\n<\/strong>*1160\/1, 2954\/1, 2954\/3<div class='content-column one_half'><div style=\"padding-right:6px;\"><p><strong>Datum snimanja \/ Erfassungsdatum<br \/>\n<\/strong>16.05.2013 09:00:00<\/p>\n<hr \/>\n<p><strong>Informacije<\/strong><\/p>\n<p>Mauzolej don \u0160ime Ljubi\u0107a (1822.-1896.), znamenitog arheologa, povjesni\u010dara i utemeljitelja JAZU, kao i jednog od osniva\u010da Arheolo\u0161kog muzeja u Zagrebu, izgra\u0111en je krajem XIX. stolje\u0107a u Starom Gradu. Izgradili su ga uz njegovo prebivali\u0161te u \u2018Lu\u010dici\u2019 koju je taj zaslu\u017eni Starogra\u0111anin sagradio kao svoje posljednje po\u010divali\u0161te.\u00a0Graditelj mauzoleja je akademikov prijatelj Nikola Ra\u010di\u0107 (1859.-1935.).<\/p><\/div><\/div><div class='content-column one_half last_column'><div style=\"padding-right:0px;padding-left:6px;\"><p><strong>Stupanj za\u0161tite \/ Schutzstellung<br \/>\n<\/strong>Z-6280, P-3996<\/p>\n<hr \/>\n<p><strong>Info<\/strong><\/p>\n<p>Das Mausoleum von Don \u0160ime Ljubi\u0107 (1822-1896), dem ber\u00fchmten Arch\u00e4ologen, Historiker und Gr\u00fcnder von JAZU sowie einem der Gr\u00fcnder des Arch\u00e4ologischen Museums Zagreb, wurde Ende des 19. Jahrhunderts erbaut. Es wurde neben seinem Wohnhaus am Hafen von verdienten Staro-Gradern als dessen letzte Ruhest\u00e4tte errichtet.\u00a0Der Erbauer des Mausoleums ist sein akademischer Freund Nikola Ra\u010di\u0107 (1859-1935).<\/p><\/div><\/div><div class='clear_column'><\/div><div class='content-column one_half'><div style=\"padding-right:6px;\"><p>Za\u0161ti\u0107ena zelenilom i ogra\u0111ena kamenim zidom, na uzdignutom je terenu sagra\u0111ena poligonalna gra\u0111evina, do koje vode kamene stube sa sjeverozapada. Mauzolej oktogonalnog tlocrta gra\u0111en je kamenim klesancima obra\u0111enim ru\u010dno \u201ena martelinu\u201c, koji su znatno o\u0161te\u0107eni uslijed \u201elistanja\u201c kamena. Glavni ulaz u mauzolej je klasicisti\u010dkog oblikovanja, nagla\u0161en nadvojem nad kojim je timpanon. Sa\u010duvane su dvokrilne profilirane drvene vratnice iz vremena gradnje mauzoleja.<\/p><\/div><\/div><div class='content-column one_half last_column'><div style=\"padding-right:0px;padding-left:6px;\"><p>Gesch\u00fctzt durch viel Gr\u00fcn und umgeben von einer Steinmauer wurde auf dem erh\u00f6hten Platz eine polygonales Geb\u00e4ude errichtet, zu dem von Nordwesten her Steinstufen f\u00fchren. Das achteckige Mausoleum besteht aus behauenen Steinen, die bereits durch &#8222;Abbl\u00e4ttern&#8220; des Steins erheblich besch\u00e4digt wurden. Der Haupteingang zum Mausoleum ist klassizistisch gestaltet und wird durch den Sturz betont, \u00fcber dem sich das Tympanon befindet. Die zweifl\u00fcgelige profilierte Holzt\u00fcre aus der Zeit des Mausoleums blieb erhalten.<\/p><\/div><\/div><div class='clear_column'><\/div><div class='content-column one_half'><div style=\"padding-right:6px;\"><p>Na sjevernom i ju\u017enom pro\u010delju nalazi se po jedan prozor pravokutnog oblika, s profiliranim nadvojem. Profilirani kameni vijenci odvajaju zidana pro\u010delja od o\u017ebukane kupole s nagla\u0161enim poluoblim rebrima. U segmentima kupole ugra\u0111eni su kameni profilirani luminari koji imaju otvore u obliku okulusa. Nad kupolom je kamena lanterna sa kupolastim zavr\u0161etkom i akroterijem (= krunasti ukras na grebenu i na uglovima zabatna reprezentativnih zgrada). Prema pro\u010delju je zid gra\u0111en od kamenih klesanaca, a u unutra\u0161njosti od opeke. Unutra\u0161njost je o\u017ebukana, zidovi su ukra\u0161eni marmorizacijom, a kupola je oslikana kao nebeski svod.<\/p><\/div><\/div><div class='content-column one_half last_column'><div style=\"padding-right:0px;padding-left:6px;\"><p>An der Nord- und S\u00fcdfassade befindet sich ein rechteckiges Fenster mit profiliertem Sturz. Ein profiliertes Steingesimse trennt die Fassade von der verputzten Kuppel mit akzentuierten halbkugelf\u00f6rmigen Rippen. In den Kuppelsegmenten wurden Steinprofilleuchten mit okulusf\u00f6rmigen \u00d6ffnungen installiert. \u00dcber der Kuppel befindet sich eine Steinlaterne mit gew\u00f6lbter Oberfl\u00e4che und Akroterie (= bekr\u00f6nende Verzierung auf dem First und an den Ecken des Giebels repr\u00e4sentativer Bauten). Au\u00dfen bestehen die Fassaden aus behauenen Steinen und im Inneren aus Ziegeln. Das Innere ist verputzt, die W\u00e4nde sind mit Marmor verziert und die Kuppel ist wie ein Himmelsgew\u00f6lbe bemalt.<\/p><\/div><\/div><div class='clear_column'><\/div><div class='content-column one_half'><div style=\"padding-right:6px;\"><p>U unutra\u0161njosti mauzoleja je kameni grob oblikovan poput oltara. Kamen na pro\u010deljima i klesarskim elementima potpuno je dotrajao, pa se od 2007. godine provode za\u0161titni konzervatorski radovi na gra\u0111evini. Mauzolej reprezentativnog oblikovanja jedna je od rijetkih grobi\u0161nih gra\u0111evina centralnog tipa i neoklasi\u010dnog oblikovanja na prostoru Dalmacije.<\/p><\/div><\/div><div class='content-column one_half last_column'><div style=\"padding-right:0px;padding-left:6px;\"><p>Im Inneren des Mausoleums befindet sich das Steingrab in Form eines Altars. Der Stein an den Fassaden und den Mauerwerkselementen ist v\u00f6llig abgenutzt. Seit 2007 werden am Geb\u00e4ude Schutzma\u00dfnahmen durchgef\u00fchrt. Das Mausoleum von repr\u00e4sentativem Design ist eines der wenigen Grabgeb\u00e4ude von zentralem Typ und neoklassizistischem Design in Dalmatien.<\/p><\/div><\/div><div class='clear_column'><\/div><div class='content-column one_half'><div style=\"padding-right:6px;\"><p>Kapela je registrirana pod brojem Z-6280 pod kulturnih dobara Republike Hrvatske.<\/p><\/div><\/div><div class='content-column one_half last_column'><div style=\"padding-right:0px;padding-left:6px;\"><p>Das Mausoleum wurde mit der Nummer Z-6280 unter den Kulturg\u00fctern der Republik Kroatien registriert.<\/p><\/div><\/div><div class='clear_column'><\/div><\/p>\n<p style=\"text-align: right;\"><span style=\"color: #3366ff;\"><a style=\"color: #3366ff;\" href=\"#seite_oben\">natrag na vrh \/ Seitenanfang<\/a><\/span><\/p>\n<hr \/>\n<p><strong>Linkovi \/ Links<\/strong><\/p>\n<p><span style=\"color: #3366ff;\"><a style=\"color: #3366ff;\" href=\"https:\/\/www.topohvar.at\/topo\/orte\/sg\/sg-tg-18-1\/\">Rodna ku\u0107a \u0160ime Ljubi\u0107a \/ Geburtshaus des Don \u0160ime Ljubi\u0107<\/a><br \/>\n<a style=\"color: #3366ff;\" href=\"https:\/\/www.topohvar.at\/topo\/orte\/sg\/sg-is-04-2\/\">Spomen plo\u010da \u00bbRodna ku\u0107a Don \u0160ime Ljubi\u0107\u00ab \/ Gedenktafel am Geburtshaus des Don \u0160ime Ljubi\u0107<\/a><br \/>\n<a style=\"color: #3366ff;\" href=\"https:\/\/www.topohvar.at\/topo\/orte\/sg\/sg-tg-04-1\/\">Ku\u0107a don \u0160ime Ljubi\u0107a \/ Haus des Don \u0160ime Ljubi\u0107<\/a><br \/>\n<a style=\"color: #3366ff;\" href=\"https:\/\/www.topohvar.at\/topo\/orte\/sg\/sg-is-36-2\/\"><strong>Vi\u0161e o Don \u0160ime Ljubi\u0107a<\/strong> &#8211; spomen plo\u0107a \/ <strong>Mehr \u00fcber Don \u0160ime Ljubi\u0107<\/strong> &#8211; Gedenktafel<\/a><br \/>\n<a style=\"color: #3366ff;\" href=\"https:\/\/www.topohvar.at\/topo\/orte\/sg\/sg-mo-07-2\/\">Bista \u00bbDon \u0160ime Ljubi\u0107a\u00ab \/ B\u00fcste des\u00a0Don \u0160ime Ljubi\u0107<\/a><\/span><\/p>\n<p>&nbsp;<\/p>\n","protected":false},"excerpt":{"rendered":"<p>Ime \/ Name Crkvica \u00bbMauzolej Don \u0160ime Ljubi\u0107a\u00ab \/\u00a0Mausoleum des Don \u0160ime Ljubi\u0107 Code: SG-CK-02\u00a0 \u00a0 \u00a0 \u00a0 \u00a0 \u00a0 \u00a0 \u00a0 \u00a0 \u00a0 \u00a0 \u00a0 \u00a0 \u00a0 \u00a0 \u00a0 \u00a0 \u00a0 \u00a0 \u00a0 \u00a0 \u00a0 \u00a0\u00a0\u00a0 Adresa \/ Adresse &hellip; <a href=\"https:\/\/www.topohvar.at\/topo\/orte\/sg\/sg-ck-02-2\/\">Weiterlesen <span class=\"meta-nav\">&rarr;<\/span><\/a><\/p>\n","protected":false},"author":1,"featured_media":0,"parent":99,"menu_order":0,"comment_status":"closed","ping_status":"closed","template":"","meta":{"footnotes":""},"class_list":["post-2156","page","type-page","status-publish","hentry"],"_links":{"self":[{"href":"https:\/\/www.topohvar.at\/topo\/wp-json\/wp\/v2\/pages\/2156","targetHints":{"allow":["GET"]}}],"collection":[{"href":"https:\/\/www.topohvar.at\/topo\/wp-json\/wp\/v2\/pages"}],"about":[{"href":"https:\/\/www.topohvar.at\/topo\/wp-json\/wp\/v2\/types\/page"}],"author":[{"embeddable":true,"href":"https:\/\/www.topohvar.at\/topo\/wp-json\/wp\/v2\/users\/1"}],"replies":[{"embeddable":true,"href":"https:\/\/www.topohvar.at\/topo\/wp-json\/wp\/v2\/comments?post=2156"}],"version-history":[{"count":19,"href":"https:\/\/www.topohvar.at\/topo\/wp-json\/wp\/v2\/pages\/2156\/revisions"}],"predecessor-version":[{"id":74001,"href":"https:\/\/www.topohvar.at\/topo\/wp-json\/wp\/v2\/pages\/2156\/revisions\/74001"}],"up":[{"embeddable":true,"href":"https:\/\/www.topohvar.at\/topo\/wp-json\/wp\/v2\/pages\/99"}],"wp:attachment":[{"href":"https:\/\/www.topohvar.at\/topo\/wp-json\/wp\/v2\/media?parent=2156"}],"curies":[{"name":"wp","href":"https:\/\/api.w.org\/{rel}","templated":true}]}}