{"id":22285,"date":"2019-04-26T19:41:51","date_gmt":"2019-04-26T17:41:51","guid":{"rendered":"https:\/\/www.topohvar.at\/?page_id=22285"},"modified":"2025-08-02T19:01:38","modified_gmt":"2025-08-02T17:01:38","slug":"home","status":"publish","type":"page","link":"https:\/\/www.topohvar.at\/topo\/home\/","title":{"rendered":"Home"},"content":{"rendered":"<p><a name=\"seite_oben\"><\/a><\/p>\n<hr \/>\n<div class='content-column one_half'><div style=\"padding-right:6px;\"><h2><strong>Poku\u0161aj topografije otoka Hvara<\/strong><\/h2><\/div><\/div><div class='content-column one_half last_column'><div style=\"padding-right:0px;padding-left:6px;\"><h2><strong>Versuch einer Topographie der Insel Hvar\u00a0<\/strong><\/h2><\/div><\/div><div class='clear_column'><\/div><div class='content-column one_half'><div style=\"padding-right:6px;\"><h3><strong>Bio sam znati\u017eeljan &#8230;<\/strong><\/h3>\n<p>Ve\u0107 nekoliko godina posje\u0107ujemo otok Hvar. Uglavnom je to u prolje\u0107e i jesen, kada je tamo tiho i mirno. Na brojnim obilascima automobilom, biciklom ili pje\u0161ice nau\u010dio sam cijeniti manje spektakularne stvari uz dobro poznate znamenitosti. Bili su to ve\u0107i gradovi i sela sa svojim starim zgradama i svojom povije\u0161\u0107u. Me\u0111utim, bila su to i mala mjesta i zaseoci, udaljena od turisti\u010dke vreve, \u010desto napu\u0161tena i gotovo zaboravljena. To je nekada bila obra\u0111ena zemlja koju je priroda ponovno uzela sebi, \u017eivopisni krajolik s vinogradima i maslinicima.<\/p><\/div><\/div><div class='content-column one_half last_column'><div style=\"padding-right:0px;padding-left:6px;\"><h3><strong>Ich war neugierig &#8230;<\/strong><\/h3>\n<p>Seit einigen Jahren besuchen meine Frau und ich die Insel Hvar. Meistens im Fr\u00fchjahr und im Herbst wo es noch ruhiger ist. Auf zahlreichen Touren mit dem Auto, dem Rad oder zu Fu\u00df lernte ich neben den bekannten Sehensw\u00fcrdigkeiten auch die weniger spektakul\u00e4ren Dinge immer mehr zu sch\u00e4tzen. Da waren die gr\u00f6\u00dferen St\u00e4dte und Ortschaften mit ihren alten Bauten und ihrer Geschichte. Da waren aber auch die kleinen Orte und Weiler, abseits vom Tourismus, vielfach verlassen und fast vergessen. Da war einstige Kulturlandschaft die die Natur sich wieder zur\u00fcckeroberte und lebendige Kulturlandschaft mit ihren Wein- Oliveng\u00e4rten.<\/p><\/div><\/div><div class='clear_column'><\/div><div class='content-column one_half'><div style=\"padding-right:6px;\"><p>Bio sam znati\u017eeljan te sam iste po\u010deo fotografirati, odre\u0111ivati njihov polo\u017eaj i saznavati vi\u0161e o tim stvarima.<\/p><\/div><\/div><div class='content-column one_half last_column'><div style=\"padding-right:0px;padding-left:6px;\"><p>Ich war neugierig und begann zu fotografieren, ihre Lage festzuhalten und versuchte mehr \u00fcber diese Dinge zu erfahren.<\/p><\/div><\/div><div class='clear_column'><\/div><div class='content-column one_half'><div style=\"padding-right:6px;\"><p>Kako se njihov broj sve vi\u0161e pove\u0107avao, bilo je neophodno zbirku sistematizirati te ju pripremiti na na\u010din da njezine bitne zna\u010dajke postanu jasno vidljive. To sam za sada rije\u0161io uz pomo\u0107 MS-ACCESS programa za upravljanje bazama podataka. Sada sam jasno mogao\u00a0 prikazati moju kolekciju, strukturirati ju po \u017eelji, dopuniti ju, a\u017eurirati ju, kao i napraviti upite i procjene. To sve jako dobro funkcionira, ali samo na osobnom, odnosno prijenosnom ra\u010dunalu. Kada sam na putu, odnosno na licu mjesta, ovo se pokazalo nespretnim rje\u0161enjem. Osim toga, zbirka je bila te\u0161ko dostupna\u00a0\u00a0zainteresiranima.<\/p><\/div><\/div><div class='content-column one_half last_column'><div style=\"padding-right:0px;padding-left:6px;\"><p>Ihre Menge machte es bald notwendig ein System in meine Sammlung zu bringen und sie so aufzubereiten, dass ihre wesentlichsten Merkmale \u00fcbersichtlich greifbar wurden. Ich l\u00f6ste dies vorerst mit dem Datenbankprogramm MS-ACCESS. Nun konnte ich meine Sammlung anschaulich darstellen, sie nach Belieben strukturieren, erg\u00e4nzen, aktualisieren sowie Abfragen und Auswertungen machen. Damit konnte man schon sehr gut umgehen. Allerdings nur am PC oder Laptop. F\u00fcr unterwegs (vor Ort) war das aber eine zumindest umst\u00e4ndliche L\u00f6sung. Au\u00dferdem war die Sammlung f\u00fcr Interessierte so nur schwer zug\u00e4nglich.<\/div><\/div><div class='clear_column'><\/div><\/p>\n<div id=\"attachment_19565\" style=\"width: 650px\" class=\"wp-caption alignnone\"><img loading=\"lazy\" decoding=\"async\" aria-describedby=\"caption-attachment-19565\" class=\"wp-image-19565 size-large\" src=\"https:\/\/www.topohvar.at\/wp-content\/uploads\/2019\/01\/access-2-1024x471.jpg\" alt=\"\" width=\"640\" height=\"294\" srcset=\"https:\/\/www.topohvar.at\/wp-content\/uploads\/2019\/01\/access-2-1024x471.jpg 1024w, https:\/\/www.topohvar.at\/wp-content\/uploads\/2019\/01\/access-2-300x138.jpg 300w, https:\/\/www.topohvar.at\/wp-content\/uploads\/2019\/01\/access-2-768x353.jpg 768w, https:\/\/www.topohvar.at\/wp-content\/uploads\/2019\/01\/access-2.jpg 1080w\" sizes=\"auto, (max-width: 640px) 100vw, 640px\" \/><p id=\"caption-attachment-19565\" class=\"wp-caption-text\">Zastupanje s MS-Accessom \/ Darstellung mit MS-Access<\/p><\/div>\n<div class='content-column one_half'><div style=\"padding-right:6px;\"><p>Zbog toga sam po\u010deo prenositi sadr\u017eaj na internet. Cilj je bio omogu\u0107iti pristup sadr\u017eaju u bilo koje vrijeme (i gotovo) na\u00a0 bilo kojem mjestu pomo\u0107u bilo kojeg ure\u0111aja (npr. pametnog telefona) i u\u010diniti sadr\u017eaj lako dostupnim svim zainteresiranima. To je u principu i postignuto, ali jo\u0161 uvijek nije zavr\u0161eno. Jo\u0161 uvijek puno toga nedostaje. Puno toga je neprecizno, ne\u0161to je mo\u017eda i neto\u010dno.<\/p><\/div><\/div><div class='content-column one_half last_column'><div style=\"padding-right:0px;padding-left:6px;\"><p>Ich begann also die Inhalte ins Internet zu transferieren. Das Ziel war, jederzeit (und fast) \u00fcberall mit beliebigen Endger\u00e4ten (z.B. Smartphone) darauf zugreifen zu k\u00f6nnen und die Inhalte auch f\u00fcr Interessierte leicht einsehbar zu machen. Dies ist im Gro\u00dfen und Ganzen geschehen, aber noch lange nicht fertig. Es fehlt noch vieles. Vieles ist ungenau, einiges vielleicht auch falsch.<\/p><\/div><\/div><div class='clear_column'><\/div><div class='content-column one_half'><div style=\"padding-right:6px;\"><p>Te\u0161ko je istra\u017eivati\u00a0 u situaciji kada se slabo slu\u017eite hrvatskim jezikom. Me\u0111utim, \u00a0ja na ovo gledam kao na jedan uzbudljiv proces koji se s vremenom samo pobolj\u0161ava.<\/p><\/div><\/div><div class='content-column one_half last_column'><div style=\"padding-right:0px;padding-left:6px;\"><p>Es ist schwer nachzuforschen, wenn man der kroatischen Sprache kaum m\u00e4chtig ist. Ich betrachte die Arbeit daran aber als einen faszinierenden, sich stets verbessernden Prozess.<\/p><\/div><\/div><div class='clear_column'><\/div><div class='content-column one_half'><div style=\"padding-right:6px;\"><p>Do sada (kolovoz 2025. g.) u zbirci mo\u017eete prona\u0107i:<\/p><\/div><\/div><div class='content-column one_half last_column'><div style=\"padding-right:0px;padding-left:6px;\"><p>Bis jetzt (August 2025) finden sich in der Sammlung:<\/p><\/div><\/div><div class='clear_column'><\/div><\/p>\n<p><img loading=\"lazy\" decoding=\"async\" class=\"aligncenter wp-image-72739 size-full\" src=\"https:\/\/www.topohvar.at\/wp-content\/uploads\/2025\/08\/alle-objekte-2025-08.jpg\" alt=\"\" width=\"1587\" height=\"1019\" srcset=\"https:\/\/www.topohvar.at\/wp-content\/uploads\/2025\/08\/alle-objekte-2025-08.jpg 1587w, https:\/\/www.topohvar.at\/wp-content\/uploads\/2025\/08\/alle-objekte-2025-08-300x193.jpg 300w, https:\/\/www.topohvar.at\/wp-content\/uploads\/2025\/08\/alle-objekte-2025-08-1024x658.jpg 1024w, https:\/\/www.topohvar.at\/wp-content\/uploads\/2025\/08\/alle-objekte-2025-08-768x493.jpg 768w, https:\/\/www.topohvar.at\/wp-content\/uploads\/2025\/08\/alle-objekte-2025-08-1536x986.jpg 1536w\" sizes=\"auto, (max-width: 1587px) 100vw, 1587px\" \/><div class='content-column one_half'><div style=\"padding-right:6px;\"><p>Dakle, ukupno 5913 zapisa.<\/p><\/div><\/div><div class='content-column one_half last_column'><div style=\"padding-right:0px;padding-left:6px;\"><p>Insgesamt also 5913 Eintr\u00e4ge.<\/p><\/div><\/div><div class='clear_column'><\/div><div class='content-column one_half'><div style=\"padding-right:6px;\"><p>Pojedina\u010dne objekte mo\u017eete prona\u0107i nakon odabira mjesta u izborniku <span style=\"color: #3366ff;\"><a style=\"color: #3366ff;\" href=\"https:\/\/www.topohvar.at\/orte\/\">Mjesta \/ Orte<\/a><\/span>, a zatim kliknite na sli\u010dicu.<\/p><\/div><\/div><div class='content-column one_half last_column'><div style=\"padding-right:0px;padding-left:6px;\"><p>Die einzelnen Objekte finden Sie nach Auswahl des Ortes im Men\u00fc <span style=\"color: #3366ff;\"><a style=\"color: #3366ff;\" href=\"https:\/\/www.topohvar.at\/orte\/\">Mjesta \/ Orte<\/a><\/span>\u00a0und dann durch Anklicken des Vorschaubildes.<\/p><\/div><\/div><div class='clear_column'><\/div><div class='content-column one_half'><div style=\"padding-right:6px;\"><p>Posljednjih godina po\u010deo sam se sve vi\u0161e zanimati o <span style=\"color: #3366ff;\"><a style=\"color: #3366ff;\" href=\"https:\/\/www.topohvar.at\/topo\/trim\">trimu<\/a>.<\/span> Ove gra\u0111evine narodne arhitekture i danas se koriste, ali propadaju i prijete da \u0107e nestati. Do sada je pobli\u017ee ispitano 893 od 961 dosad prona\u0111enih trima.<\/p><\/div><\/div><div class='content-column one_half last_column'><div style=\"padding-right:0px;padding-left:6px;\"><p>In den letzten Jahren begann ich mich immer mehr f\u00fcr die <span style=\"color: #3366ff;\"><a style=\"color: #3366ff;\" href=\"https:\/\/www.topohvar.at\/topo\/trim\">Trims<\/a><\/span> zu interessieren. Diese Bauwerke der Volksarchitektur werden zwar immer noch genutzt, verfallen und verschwinden aber zusehends. Bisher wurden 893 der bisher registrierten 961 Trims n\u00e4her untersucht.<\/p><\/div><\/div><div class='clear_column'><\/div><div class='content-column one_half'><div style=\"padding-right:6px;\"><p>Bilo bi mi drago, ako bi ovo nekoga zanimalo te bi htio pomo\u0107i pobolj\u0161ati zbirku.<\/p><\/div><\/div><div class='content-column one_half last_column'><div style=\"padding-right:0px;padding-left:6px;\"><p>Es w\u00fcrde mich freuen, wenn jemand an der Sache Interesse findet und hilft die Sammlung zu verbessern.<\/p><\/div><\/div><div class='clear_column'><\/div><div class='content-column one_half'><div style=\"padding-right:6px;\"><p style=\"text-align: right;\">S po\u0161tovanjem,<\/p><\/div><\/div><div class='content-column one_half last_column'><div style=\"padding-right:0px;padding-left:6px;\"><p style=\"text-align: left;\">Mit freundlichen Gr\u00fc\u00dfen,<\/p><\/div><\/div><div class='clear_column'><\/div><\/p>\n<p style=\"text-align: center;\"><img loading=\"lazy\" decoding=\"async\" class=\"wp-image-19674 aligncenter\" src=\"https:\/\/www.topohvar.at\/wp-content\/uploads\/2019\/01\/bs.jpg\" alt=\"\" width=\"85\" height=\"100\" \/>Bernhard Seif<\/p>\n<p><span style=\"color: #3366ff;\"><a style=\"color: #3366ff;\" href=\"https:\/\/www.topohvar.at\/topo\/erinnerungen\/\">&gt; Sje\u0107anja \/ Erinnerungen<\/a><\/span><\/p>\n<p><a style=\"color: #3366ff;\" href=\"https:\/\/www.topohvar.at\/kontakt\/\">&gt; Kontakt<\/a><span style=\"color: #3366ff;\"><span style=\"color: #3366ff;\">\u00a0 \u00a0 \u00a0 \u00a0 \u00a0 \u00a0 \u00a0 \u00a0 \u00a0 \u00a0 \u00a0 \u00a0 \u00a0 \u00a0 \u00a0 \u00a0 \u00a0 \u00a0 \u00a0 \u00a0 \u00a0 \u00a0 \u00a0 \u00a0 \u00a0 \u00a0 \u00a0 \u00a0 \u00a0 \u00a0 \u00a0 \u00a0 \u00a0 \u00a0 \u00a0 \u00a0 \u00a0 \u00a0 \u00a0 \u00a0 \u00a0 \u00a0 <a href=\"#seite_oben\">natrag na <span style=\"color: #3366ff;\">vrh<\/span> \/ Seitenanfang<\/a><\/span><\/span><\/p>\n<hr \/>\n<p style=\"text-align: left;\">Zanimljive poveznice \/ Interresante Links<\/p>\n<p><span style=\"color: #3366ff;\"><a style=\"color: #3366ff;\" href=\"https:\/\/www.hvarinfo.com\">www.hvarinfo.com<\/a><br \/>\n<a style=\"color: #3366ff;\" href=\"http:\/\/www.hvar.hr\/portal\/\">Grad \/Stadt HVAR<\/a><br \/>\n<a style=\"color: #3366ff;\" href=\"http:\/\/jelsa.hr\/web\/\">Op\u0107ina \/ Gemeinde JELSA<\/a><br \/>\n<a style=\"color: #3366ff;\" href=\"https:\/\/stari-grad.hr\/\">Grad \/ Stadt STARI GRAD<\/a><br \/>\n<a style=\"color: #3366ff;\" href=\"http:\/\/www.sucuraj.com\/hr\/\">Op\u0107ina \/ Gemeinde SU\u0106URAJ<\/a><br \/>\n<a style=\"color: #3366ff;\" href=\"https:\/\/www.pjover.com\/kontakt\/\">Udruga PJOVER<\/a><br \/>\n<\/span><span style=\"color: #3366ff;\"><a style=\"color: #3366ff;\" href=\"https:\/\/stoneshelter.org\">www.stoneshelter.org<\/a><br \/>\n<\/span><span style=\"color: #3366ff;\"><a style=\"color: #3366ff;\" href=\"http:\/\/www.tartajun.hr\/\">www.tartajun.hr<\/a><br \/>\n<\/span><span style=\"color: #3366ff;\"><a style=\"color: #3366ff;\" href=\"http:\/\/www.dragodid.org\/\">www.dragodid.org<\/a><br \/>\n<a style=\"color: #3366ff;\" href=\"https:\/\/www.starogradsko-polje.com\/\">Javna Ustanova Agencija za upravljanje Starogradskim poljem<\/a><br \/>\n<\/span><\/p>\n","protected":false},"excerpt":{"rendered":"<p>Bernhard Seif &gt; Sje\u0107anja \/ Erinnerungen &gt; Kontakt\u00a0 \u00a0 \u00a0 \u00a0 \u00a0 \u00a0 \u00a0 \u00a0 \u00a0 \u00a0 \u00a0 \u00a0 \u00a0 \u00a0 \u00a0 \u00a0 \u00a0 \u00a0 \u00a0 \u00a0 \u00a0 \u00a0 \u00a0 \u00a0 \u00a0 \u00a0 \u00a0 \u00a0 \u00a0 \u00a0 \u00a0 \u00a0 \u00a0 &hellip; <a href=\"https:\/\/www.topohvar.at\/topo\/home\/\">Weiterlesen <span class=\"meta-nav\">&rarr;<\/span><\/a><\/p>\n","protected":false},"author":1,"featured_media":0,"parent":0,"menu_order":0,"comment_status":"closed","ping_status":"closed","template":"","meta":{"footnotes":""},"class_list":["post-22285","page","type-page","status-publish","hentry"],"_links":{"self":[{"href":"https:\/\/www.topohvar.at\/topo\/wp-json\/wp\/v2\/pages\/22285","targetHints":{"allow":["GET"]}}],"collection":[{"href":"https:\/\/www.topohvar.at\/topo\/wp-json\/wp\/v2\/pages"}],"about":[{"href":"https:\/\/www.topohvar.at\/topo\/wp-json\/wp\/v2\/types\/page"}],"author":[{"embeddable":true,"href":"https:\/\/www.topohvar.at\/topo\/wp-json\/wp\/v2\/users\/1"}],"replies":[{"embeddable":true,"href":"https:\/\/www.topohvar.at\/topo\/wp-json\/wp\/v2\/comments?post=22285"}],"version-history":[{"count":62,"href":"https:\/\/www.topohvar.at\/topo\/wp-json\/wp\/v2\/pages\/22285\/revisions"}],"predecessor-version":[{"id":72742,"href":"https:\/\/www.topohvar.at\/topo\/wp-json\/wp\/v2\/pages\/22285\/revisions\/72742"}],"wp:attachment":[{"href":"https:\/\/www.topohvar.at\/topo\/wp-json\/wp\/v2\/media?parent=22285"}],"curies":[{"name":"wp","href":"https:\/\/api.w.org\/{rel}","templated":true}]}}