{"id":22292,"date":"2019-04-26T20:04:16","date_gmt":"2019-04-26T18:04:16","guid":{"rendered":"https:\/\/www.topohvar.at\/?page_id=22292"},"modified":"2026-02-09T18:19:57","modified_gmt":"2026-02-09T17:19:57","slug":"topo","status":"publish","type":"page","link":"https:\/\/www.topohvar.at\/topo\/","title":{"rendered":"Otok Hvar &#8211; topografija i trimi \/ Topographie und Trims"},"content":{"rendered":"<hr \/>\n<div class='content-column one_half'><div style=\"padding-right:6px;\"><p>Web lokacija <em>topohvar<\/em> poku\u0161ava stvoriti topografiju otoka Hvara, posebna pozornost posve\u0107ena je trima (male poljoprivredne gra\u0111evine od suhozida).\u00a0Pojedina\u010dni su objekti prvo katalogizirani, a zatim detaljnije opisani. Za detaljnije informacije ponekad se upu\u0107uje na vanjske izvore.<\/p>\n<h3><\/div><\/div><div class='content-column one_half last_column'><div style=\"padding-right:0px;padding-left:6px;\"><\/h3>\n<p>Die Website <em>topohvar<\/em> versucht, eine Topographie der Insel Hvar zu erstellen, wobei auf Trims (kleine landwirtschaftliche Trockensteinbauten) besonderes Augenmerk gelegt wurde. Die einzelnen Objekte wurden zuerst katalogisiert und dann n\u00e4her beschrieben. F\u00fcr tiefer gehende Informationen wird manchmal auf externe Quellen verwiesen.<\/p><\/div><\/div><div class='clear_column'><\/div><\/p>\n<div style=\"width: 640px; background-color: #ffff99; padding: 10px 0px 10px 10px;\">\n<div class='content-column one_half'><div style=\"padding-right:6px;\"><p><a href=\"https:\/\/www.topohvar.at\/topo\/trim\/trim-allgemeines\/trim-maps\/\"><img loading=\"lazy\" decoding=\"async\" class=\"alignleft wp-image-73917 size-medium\" src=\"https:\/\/www.topohvar.at\/wp-content\/uploads\/2026\/02\/trims-maps-300x224.jpg\" alt=\"\" width=\"300\" height=\"224\" srcset=\"https:\/\/www.topohvar.at\/wp-content\/uploads\/2026\/02\/trims-maps-300x224.jpg 300w, https:\/\/www.topohvar.at\/wp-content\/uploads\/2026\/02\/trims-maps.jpg 640w\" sizes=\"auto, (max-width: 300px) 100vw, 300px\" \/><\/a><\/p><\/div><\/div><div class='content-column one_half last_column'><div style=\"padding-right:0px;padding-left:6px;\"><p>&nbsp;<\/p>\n<p style=\"text-align: center;\"><strong><span style=\"color: #3399ff;\"><a style=\"color: #3366ff;\" href=\"https:\/\/www.topohvar.at\/topo\/trim\/trim-allgemeines\/trim-maps\/\">novo! svi trimovi dinami\u010dki na<br \/>\nGoogle Mapsu<\/a><\/span><\/strong><\/p>\n<h3 style=\"text-align: center;\"><span style=\"color: #3366ff;\"><strong><a style=\"color: #3366ff;\" href=\"https:\/\/www.topohvar.at\/topo\/archiv\/archiv-2024-10\/\">-\/-<\/a><\/strong><\/span><\/h3>\n<h3 style=\"text-align: center;\"><strong><span style=\"color: #3366ff;\"><a style=\"color: #3366ff;\" href=\"https:\/\/www.topohvar.at\/topo\/trim\/trim-allgemeines\/trim-maps\/\">Neu! &#8211; alle Trims dynamisch<br \/>\nauf Google Maps<\/a><\/span><\/strong><\/div><\/div><div class='clear_column'><\/div><\/h3>\n<\/div>\n<hr \/>\n<p><a href=\"https:\/\/www.topohvar.at\/orte\/\"><img loading=\"lazy\" decoding=\"async\" class=\"alignleft wp-image-22266\" style=\"font-size: 16px;\" src=\"https:\/\/www.topohvar.at\/wp-content\/uploads\/2019\/04\/seite1-orte.jpg\" alt=\"otok Hvar\" width=\"150\" height=\"150\" srcset=\"https:\/\/www.topohvar.at\/wp-content\/uploads\/2019\/04\/seite1-orte.jpg 530w, https:\/\/www.topohvar.at\/wp-content\/uploads\/2019\/04\/seite1-orte-150x150.jpg 150w, https:\/\/www.topohvar.at\/wp-content\/uploads\/2019\/04\/seite1-orte-300x300.jpg 300w\" sizes=\"auto, (max-width: 150px) 100vw, 150px\" \/><\/a>U izborniku <span style=\"color: #3366ff;\"><a style=\"color: #3366ff;\" href=\"https:\/\/www.topohvar.at\/orte\/\"><strong>Mjesta \/ Orte<\/strong><\/a><\/span> mo\u017eete odabrati mjesto na otoku, a zatim oti\u0107i do pojedina\u010dnih unosa za to mjesto.<\/p>\n<p>Im Men\u00fc <span style=\"color: #3366ff;\"><a style=\"color: #3366ff;\" href=\"https:\/\/www.topohvar.at\/orte\/\"><strong>Mjesta \/ Orte<\/strong><\/a><\/span> kann man eine Ortschaft auf der Insel anw\u00e4hlen, und dann zu den einzelnen Eintragungen f\u00fcr diesen Ort navigieren.<\/p>\n<hr \/>\n<p><a href=\"https:\/\/www.topohvar.at\/trim\/\"><img loading=\"lazy\" decoding=\"async\" class=\"alignleft wp-image-22269 size-thumbnail\" src=\"https:\/\/www.topohvar.at\/wp-content\/uploads\/2019\/04\/seite1-trim-150x150.jpg\" alt=\"trim\" width=\"150\" height=\"150\" srcset=\"https:\/\/www.topohvar.at\/wp-content\/uploads\/2019\/04\/seite1-trim-150x150.jpg 150w, https:\/\/www.topohvar.at\/wp-content\/uploads\/2019\/04\/seite1-trim-300x300.jpg 300w, https:\/\/www.topohvar.at\/wp-content\/uploads\/2019\/04\/seite1-trim.jpg 530w\" sizes=\"auto, (max-width: 150px) 100vw, 150px\" \/><\/a>U izborniku <a style=\"color: #3366ff;\" href=\"https:\/\/www.topohvar.at\/trim\/\"><strong>Trim<\/strong><\/a> na\u0107i \u0107ete detalje o trime otoka Hvara, skice i procjene inventura.<\/p>\n<p>Im Men\u00fc <a style=\"color: #3366ff;\" href=\"https:\/\/www.topohvar.at\/trim\/\"><strong>Trim<\/strong><\/a> findet man Einzelheiten zu den Trims der Insel Hvar, Skizzen\u00a0 und auch Auswertungen der Bestandsaufnahmen.<\/p>\n<hr \/>\n<p><a href=\"https:\/\/www.topohvar.at\/info\/\"><img loading=\"lazy\" decoding=\"async\" class=\"alignleft wp-image-22272 size-thumbnail\" src=\"https:\/\/www.topohvar.at\/wp-content\/uploads\/2019\/04\/seite1-hilfe-150x150.jpg\" alt=\"Hilfe\" width=\"150\" height=\"150\" srcset=\"https:\/\/www.topohvar.at\/wp-content\/uploads\/2019\/04\/seite1-hilfe-150x150.jpg 150w, https:\/\/www.topohvar.at\/wp-content\/uploads\/2019\/04\/seite1-hilfe-300x300.jpg 300w, https:\/\/www.topohvar.at\/wp-content\/uploads\/2019\/04\/seite1-hilfe.jpg 530w\" sizes=\"auto, (max-width: 150px) 100vw, 150px\" \/><\/a>U\u00a0izborniku <span style=\"color: #3366ff;\"><a style=\"color: #3366ff;\" href=\"https:\/\/www.topohvar.at\/info\/\"><strong>Obja\u0161njenja \/ Erl\u00e4uterungen<\/strong><\/a><\/span> na\u0107i \u0107ete pomo\u0107 i vi\u0161e informacija o kori\u0161tenim pojmovima i navigaciji.<\/p>\n<p>Im Men\u00fc <strong><span style=\"color: #3366ff;\"><a style=\"color: #3366ff;\" href=\"https:\/\/www.topohvar.at\/info\/\">Obja\u0161njenja \/ Erl\u00e4uterungen<\/a><\/span>\u00a0<\/strong>findet man Hilfestellung und n\u00e4here Informationen zu verwendeten Begriffen und zur Navigation.<\/p>\n<hr \/>\n<p><img loading=\"lazy\" decoding=\"async\" class=\"alignleft wp-image-46581 size-full\" src=\"https:\/\/www.topohvar.at\/wp-content\/uploads\/2021\/02\/index-abc.jpg\" alt=\"\" width=\"150\" height=\"150\" \/>U izborniku <strong><a style=\"color: #3366ff;\" href=\"https:\/\/www.topohvar.at\/topo\/archiv\/\">Arhiva<\/a>\u00a0<\/strong>prona\u0107i \u0107ete kronologiju kada su objekti uklju\u010deni ili dodani na web stranicu.<\/p>\n<p>Im Men\u00fc <strong><a style=\"color: #3366ff;\" href=\"https:\/\/www.topohvar.at\/topo\/archiv\/\">Archiv<\/a>\u00a0<\/strong>finden Sie eine Chronologie wann die Objekte in die Website aufgenommen oder erg\u00e4nzt wurden.<\/p>\n<hr \/>\n<p><a href=\"https:\/\/topohvar.at\/home\/\"><img loading=\"lazy\" decoding=\"async\" class=\"alignleft wp-image-22274 size-thumbnail\" src=\"https:\/\/www.topohvar.at\/wp-content\/uploads\/2019\/04\/seite1-home-150x150.jpg\" alt=\"Home\" width=\"150\" height=\"150\" srcset=\"https:\/\/www.topohvar.at\/wp-content\/uploads\/2019\/04\/seite1-home-150x150.jpg 150w, https:\/\/www.topohvar.at\/wp-content\/uploads\/2019\/04\/seite1-home-300x300.jpg 300w, https:\/\/www.topohvar.at\/wp-content\/uploads\/2019\/04\/seite1-home.jpg 520w\" sizes=\"auto, (max-width: 150px) 100vw, 150px\" \/><\/a><\/p>\n<p>U\u00a0izborniku <span style=\"color: #3366ff;\"><a style=\"color: #3366ff;\" href=\"https:\/\/topohvar.at\/home\/\"><strong>Home<\/strong><\/a><\/span>\u00a0 prona\u0107i \u0107ete povijest stranice i izglede za budu\u0107nost.<\/p>\n<p>Im Men\u00fc <span style=\"color: #3366ff;\"><a style=\"color: #3366ff;\" href=\"https:\/\/topohvar.at\/home\/\"><strong>Home<\/strong><\/a><\/span><strong>\u00a0<\/strong>findet man die Entstehungsgeschichte der Seite und Ausblicke f\u00fcr die Zukunft.<\/p>\n<hr \/>\n<p><a href=\"https:\/\/www.topohvar.at\/kontakt\/\"><img loading=\"lazy\" decoding=\"async\" class=\"alignleft wp-image-22278 size-thumbnail\" src=\"https:\/\/www.topohvar.at\/wp-content\/uploads\/2019\/04\/seite1-kontakt-150x150.jpg\" alt=\"Kontakt\" width=\"150\" height=\"150\" srcset=\"https:\/\/www.topohvar.at\/wp-content\/uploads\/2019\/04\/seite1-kontakt-150x150.jpg 150w, https:\/\/www.topohvar.at\/wp-content\/uploads\/2019\/04\/seite1-kontakt.jpg 225w\" sizes=\"auto, (max-width: 150px) 100vw, 150px\" \/><\/a><span style=\"color: #000000;\"><b><span style=\"color: #3366ff;\"><a style=\"color: #3366ff;\" href=\"https:\/\/www.topohvar.at\/kontakt\/\">Kontakt<\/a><\/span>\u00a0<\/b><\/span><\/p>\n<hr \/>\n<p><img loading=\"lazy\" decoding=\"async\" class=\"alignleft size-full wp-image-61699\" style=\"font-size: 16px;\" src=\"https:\/\/www.topohvar.at\/wp-content\/uploads\/2022\/11\/datenschutz.jpg\" alt=\"\" width=\"150\" height=\"150\" \/><\/p>\n<p><span style=\"color: #3366ff;\"><a style=\"color: #3366ff;\" href=\"https:\/\/www.topohvar.at\/topo\/datenschutz\/\"><strong>Izjava o privatnosti \/\u00a0Datenschutzerkl\u00e4rung<\/strong><\/a><\/span><\/p>\n<p>&nbsp;<\/p>\n<p><span style=\"color: #000000;\">\u00a0<\/span><\/p>\n<hr \/>\n","protected":false},"excerpt":{"rendered":"<p>U izborniku Mjesta \/ Orte mo\u017eete odabrati mjesto na otoku, a zatim oti\u0107i do pojedina\u010dnih unosa za to mjesto. Im Men\u00fc Mjesta \/ Orte kann man eine Ortschaft auf der Insel anw\u00e4hlen, und dann zu den einzelnen Eintragungen f\u00fcr diesen &hellip; <a href=\"https:\/\/www.topohvar.at\/topo\/\">Weiterlesen <span class=\"meta-nav\">&rarr;<\/span><\/a><\/p>\n","protected":false},"author":1,"featured_media":0,"parent":0,"menu_order":0,"comment_status":"closed","ping_status":"closed","template":"","meta":{"footnotes":""},"class_list":["post-22292","page","type-page","status-publish","hentry"],"_links":{"self":[{"href":"https:\/\/www.topohvar.at\/topo\/wp-json\/wp\/v2\/pages\/22292","targetHints":{"allow":["GET"]}}],"collection":[{"href":"https:\/\/www.topohvar.at\/topo\/wp-json\/wp\/v2\/pages"}],"about":[{"href":"https:\/\/www.topohvar.at\/topo\/wp-json\/wp\/v2\/types\/page"}],"author":[{"embeddable":true,"href":"https:\/\/www.topohvar.at\/topo\/wp-json\/wp\/v2\/users\/1"}],"replies":[{"embeddable":true,"href":"https:\/\/www.topohvar.at\/topo\/wp-json\/wp\/v2\/comments?post=22292"}],"version-history":[{"count":70,"href":"https:\/\/www.topohvar.at\/topo\/wp-json\/wp\/v2\/pages\/22292\/revisions"}],"predecessor-version":[{"id":73925,"href":"https:\/\/www.topohvar.at\/topo\/wp-json\/wp\/v2\/pages\/22292\/revisions\/73925"}],"wp:attachment":[{"href":"https:\/\/www.topohvar.at\/topo\/wp-json\/wp\/v2\/media?parent=22292"}],"curies":[{"name":"wp","href":"https:\/\/api.w.org\/{rel}","templated":true}]}}