{"id":22538,"date":"2019-05-10T12:41:41","date_gmt":"2019-05-10T10:41:41","guid":{"rendered":"https:\/\/www.topohvar.at\/topo\/?page_id=22538"},"modified":"2021-04-16T10:38:03","modified_gmt":"2021-04-16T08:38:03","slug":"sg-in-33-1","status":"publish","type":"page","link":"https:\/\/www.topohvar.at\/topo\/orte\/sg\/sg-in-33-1\/","title":{"rendered":"STARI GRAD &#8211; Natpis \u00bbIESVS DEVS MEVS\u00ab iznad vrata"},"content":{"rendered":"<p><a name=\"seite_oben\"><\/a><br \/>\n<img loading=\"lazy\" decoding=\"async\" class=\"alignnone wp-image-22561 size-large\" src=\"https:\/\/www.topohvar.at\/wp-content\/uploads\/2019\/05\/sg-in-33-10-1024x503.jpg\" alt=\"\" width=\"640\" height=\"314\" srcset=\"https:\/\/www.topohvar.at\/wp-content\/uploads\/2019\/05\/sg-in-33-10-1024x503.jpg 1024w, https:\/\/www.topohvar.at\/wp-content\/uploads\/2019\/05\/sg-in-33-10-300x147.jpg 300w, https:\/\/www.topohvar.at\/wp-content\/uploads\/2019\/05\/sg-in-33-10-768x377.jpg 768w, https:\/\/www.topohvar.at\/wp-content\/uploads\/2019\/05\/sg-in-33-10.jpg 1080w\" sizes=\"auto, (max-width: 640px) 100vw, 640px\" \/><\/p>\n<p><strong>Ime \/ Name<br \/>\n<\/strong>Natpis \u00bbIESVS DEVS MEVS\u00ab iznad vrata \/ Inschrift &#8211; Jesus, mein Gott &#8211; oberhalb der T\u00fcre<\/p>\n<p><strong>Code: <\/strong>SG-IN-33\u00a0 \u00a0 \u00a0 \u00a0 \u00a0 \u00a0 \u00a0 \u00a0 \u00a0 \u00a0 \u00a0 \u00a0 \u00a0 \u00a0 \u00a0 \u00a0 \u00a0 \u00a0\u00a0<strong>\u00a0<\/strong><strong><a href=\"https:\/\/www.topohvar.at\/orte\/sg\/sg-in-31-1\/\"><img loading=\"lazy\" decoding=\"async\" class=\"alignnone wp-image-533 size-full\" src=\"https:\/\/www.topohvar.at\/wp-content\/uploads\/2018\/07\/push-l-30.jpg\" alt=\"\" width=\"61\" height=\"30\" \/><\/a> <a href=\"https:\/\/www.topohvar.at\/orte\/sg\/\"><img loading=\"lazy\" decoding=\"async\" class=\"alignnone wp-image-535 size-full\" src=\"https:\/\/www.topohvar.at\/wp-content\/uploads\/2018\/07\/push-o-30.jpg\" alt=\"\" width=\"61\" height=\"30\" \/><\/a> <a href=\"https:\/\/www.topohvar.at\/orte\/sg\/sg-in-28-2\/\"><img loading=\"lazy\" decoding=\"async\" class=\"alignnone wp-image-536 size-full\" src=\"https:\/\/www.topohvar.at\/wp-content\/uploads\/2018\/07\/push-r-30.jpg\" alt=\"\" width=\"61\" height=\"30\" \/><\/a><\/strong><\/p>\n<hr \/>\n<p><strong>Adresa \/ Adresse<br \/>\n<\/strong>Stari Grad, Ulica Dr. Ante Star\u010devi\u0107a 12<\/p>\n<p><strong>Lokacija \/ Position<a href=\"https:\/\/goo.gl\/maps\/wQuDWgfjPVoog9YC6\"><img loading=\"lazy\" decoding=\"async\" class=\"alignright wp-image-3052\" src=\"https:\/\/www.topohvar.at\/wp-content\/uploads\/2018\/08\/0565.jpg\" alt=\"\" width=\"134\" height=\"100\" \/><\/a><br \/>\n<\/strong><span style=\"color: #3366ff;\"><a style=\"color: #3366ff;\" href=\"https:\/\/goo.gl\/maps\/wQuDWgfjPVoog9YC6\">Latitude: N 43,18340\u00b0\u00a0 \u00a0Longitude: E 16,59808\u00b0<\/a> <\/span><strong><br \/>\n<\/strong>Visina \/ H\u00f6he: 3 m<\/p>\n<p><strong>Katastarska \u010destica \/ Grundst\u00fccke<br \/>\n<\/strong>*350\/2<div class='content-column one_half'><div style=\"padding-right:6px;\"><p><strong>Datum snimanja \/ Erfassungsdatum<br \/>\n<\/strong>10.05.2019 09:25:20<\/p>\n<hr \/>\n<p><strong>Informacije<\/strong><\/p>\n<p>Natpis je na nazubljenom frizu, lijevo i desno od vrata.<\/p><\/div><\/div><div class='content-column one_half last_column'><div style=\"padding-right:0px;padding-left:6px;\"><p><strong>Stupanj za\u0161tite \/ Schutzstellung<br \/>\n<\/strong>&#8211;<\/p>\n<hr \/>\n<p><strong>Info<\/strong><\/p>\n<p>Die Inschrift befindet sich auf einem gezackten Fries, links und rechts vom T\u00fcrsturz.<\/p><\/div><\/div><div class='clear_column'><\/div><div class='content-column one_half'><div style=\"padding-right:6px;\"><p>Na lijevoj strani vrata, slova na povr\u0161inama koje gledaju desno, daju rije\u010d IESVS, a na gledaju lijevo daju rije\u010d SALVS.<\/p><\/div><\/div><div class='content-column one_half last_column'><div style=\"padding-right:0px;padding-left:6px;\"><p>Auf der linken Seite des Tores ergeben die Buchstaben auf den nach rechts gerichteten Fl\u00e4chen des Frieses das Wort IESVS, und auf den nach links gerichteten Fl\u00e4chen das Wort SALVS.<\/p><\/div><\/div><div class='clear_column'><\/div><div class='content-column one_half'><div style=\"padding-right:6px;\"><p>Na desnoj strani vrata, slova na povr\u0161inama koje gledaju desno, daju rije\u010d DDEVSMEUS, a na gledaju lijevo daju rije\u010d ADIVTORMEVS.<\/p><\/div><\/div><div class='content-column one_half last_column'><div style=\"padding-right:0px;padding-left:6px;\"><p>Auf der rechten Seite des Tores ergeben die Buchstaben auf den nach rechts gerichteten Fl\u00e4chen des Frieses das Wort DDEVSMEUS, und auf den nach links gerichteten Fl\u00e4chen das Wort ADIVTORMEVS.<\/p><\/div><\/div><div class='clear_column'><\/div><\/p>\n<p style=\"text-align: center;\">I\u00a0 \u00a0 E\u00a0 \u00a0 S\u00a0 \u00a0 V\u00a0 \u00a0 S\u00a0 \u00a0 \u00a0 \u00a0 \u00a0 \u00a0 \u00a0 \u00a0 D\u00a0 \u00a0 D\u00a0 \u00a0 E\u00a0 \u00a0 V\u00a0 \u00a0 S\u00a0 \u00a0 M\u00a0 \u00a0 E\u00a0 \u00a0 V\u00a0 \u00a0 S<br \/>\n<span style=\"color: #ffffff;\">.<\/span>\u00a0 S\u00a0 \u00a0 A\u00a0 \u00a0 L\u00a0 \u00a0 V\u00a0 \u00a0 S\u00a0 \u00a0 \u00a0 \u00a0 \u00a0 \u00a0 \u00a0 \u00a0 \u00a0 \u00a0 \u00a0 A\u00a0 \u00a0 D\u00a0 \u00a0 I\u00a0 \u00a0 V\u00a0 \u00a0 \u00a0T\u00a0 \u00a0 O\u00a0 \u00a0 R\u00a0 \u00a0 ME\u00a0 \u00a0VS<br \/>\nIesus Deus meus<br \/>\nsalus a diutor? meus<\/p>\n<div class='content-column one_half'><div style=\"padding-right:6px;\"><p>(= Isuse, moj Bo\u017ee, zastita za moju (jamu?, mina?)<\/p>\n<p>Na samom nadvratniku nalazi se okrugli reljef.<\/p><\/div><\/div><div class='content-column one_half last_column'><div style=\"padding-right:0px;padding-left:6px;\"><p>(= Jesus, mein Gott, Schutz f\u00fcr meine (Mine?, Grube?)<\/p>\n<p>Am T\u00fcrsturz selbst befindet sich ein Rundrelief.<\/p><\/div><\/div><div class='clear_column'><\/div><\/p>\n<div id=\"attachment_22543\" style=\"width: 625px\" class=\"wp-caption aligncenter\"><img loading=\"lazy\" decoding=\"async\" aria-describedby=\"caption-attachment-22543\" class=\"wp-image-22543 size-full\" src=\"https:\/\/www.topohvar.at\/wp-content\/uploads\/2019\/05\/sg-in-33-7.jpg\" alt=\"\" width=\"615\" height=\"398\" srcset=\"https:\/\/www.topohvar.at\/wp-content\/uploads\/2019\/05\/sg-in-33-7.jpg 615w, https:\/\/www.topohvar.at\/wp-content\/uploads\/2019\/05\/sg-in-33-7-300x194.jpg 300w\" sizes=\"auto, (max-width: 615px) 100vw, 615px\" \/><p id=\"caption-attachment-22543\" class=\"wp-caption-text\">Natpis lijevo i desno od vrata \/ Inschrift links und rechts vom T\u00fcrsturz<\/p><\/div>\n<p style=\"text-align: right;\"><span style=\"color: #3366ff;\"><a style=\"color: #3366ff;\" href=\"#seite_oben\">natrag na vrh \/ Seitenanfang<\/a><\/span><\/p>\n<hr \/>\n<p><strong>Linkovi \/ Links<\/strong><\/p>\n<p><span style=\"color: #3366ff;\"><a style=\"color: #3366ff;\" href=\"https:\/\/www.topohvar.at\/topo\/orte\/sg\/sg-ir-06-2\/\">Okrugli reljef na nadvratnik \/ rundes Relief am T\u00fcrsturz<\/a><\/span><\/p>\n","protected":false},"excerpt":{"rendered":"<p>Ime \/ Name Natpis \u00bbIESVS DEVS MEVS\u00ab iznad vrata \/ Inschrift &#8211; Jesus, mein Gott &#8211; oberhalb der T\u00fcre Code: SG-IN-33\u00a0 \u00a0 \u00a0 \u00a0 \u00a0 \u00a0 \u00a0 \u00a0 \u00a0 \u00a0 \u00a0 \u00a0 \u00a0 \u00a0 \u00a0 \u00a0 \u00a0 \u00a0\u00a0\u00a0 Adresa \/ &hellip; <a href=\"https:\/\/www.topohvar.at\/topo\/orte\/sg\/sg-in-33-1\/\">Weiterlesen <span class=\"meta-nav\">&rarr;<\/span><\/a><\/p>\n","protected":false},"author":1,"featured_media":0,"parent":99,"menu_order":0,"comment_status":"closed","ping_status":"closed","template":"","meta":{"footnotes":""},"class_list":["post-22538","page","type-page","status-publish","hentry"],"_links":{"self":[{"href":"https:\/\/www.topohvar.at\/topo\/wp-json\/wp\/v2\/pages\/22538","targetHints":{"allow":["GET"]}}],"collection":[{"href":"https:\/\/www.topohvar.at\/topo\/wp-json\/wp\/v2\/pages"}],"about":[{"href":"https:\/\/www.topohvar.at\/topo\/wp-json\/wp\/v2\/types\/page"}],"author":[{"embeddable":true,"href":"https:\/\/www.topohvar.at\/topo\/wp-json\/wp\/v2\/users\/1"}],"replies":[{"embeddable":true,"href":"https:\/\/www.topohvar.at\/topo\/wp-json\/wp\/v2\/comments?post=22538"}],"version-history":[{"count":23,"href":"https:\/\/www.topohvar.at\/topo\/wp-json\/wp\/v2\/pages\/22538\/revisions"}],"predecessor-version":[{"id":47998,"href":"https:\/\/www.topohvar.at\/topo\/wp-json\/wp\/v2\/pages\/22538\/revisions\/47998"}],"up":[{"embeddable":true,"href":"https:\/\/www.topohvar.at\/topo\/wp-json\/wp\/v2\/pages\/99"}],"wp:attachment":[{"href":"https:\/\/www.topohvar.at\/topo\/wp-json\/wp\/v2\/media?parent=22538"}],"curies":[{"name":"wp","href":"https:\/\/api.w.org\/{rel}","templated":true}]}}