{"id":22675,"date":"2019-05-14T15:41:05","date_gmt":"2019-05-14T13:41:05","guid":{"rendered":"https:\/\/www.topohvar.at\/topo\/?page_id=22675"},"modified":"2023-12-04T15:28:03","modified_gmt":"2023-12-04T14:28:03","slug":"br-tr-13-1","status":"publish","type":"page","link":"https:\/\/www.topohvar.at\/topo\/orte\/br\/br-tr-13-1\/","title":{"rendered":"BRUSJE &#8211; Trim \u00bbBR-TR-13\u00ab"},"content":{"rendered":"<p><a name=\"seite_oben\"><\/a><br \/>\n<strong><img loading=\"lazy\" decoding=\"async\" class=\"alignnone wp-image-22679 size-large\" src=\"https:\/\/www.topohvar.at\/wp-content\/uploads\/2019\/05\/br-tr-13-3-1024x503.jpg\" alt=\"\" width=\"640\" height=\"314\" srcset=\"https:\/\/www.topohvar.at\/wp-content\/uploads\/2019\/05\/br-tr-13-3-1024x503.jpg 1024w, https:\/\/www.topohvar.at\/wp-content\/uploads\/2019\/05\/br-tr-13-3-300x147.jpg 300w, https:\/\/www.topohvar.at\/wp-content\/uploads\/2019\/05\/br-tr-13-3-768x377.jpg 768w, https:\/\/www.topohvar.at\/wp-content\/uploads\/2019\/05\/br-tr-13-3.jpg 1080w\" sizes=\"auto, (max-width: 640px) 100vw, 640px\" \/><\/strong><\/p>\n<p><strong>Ime \/ Name<br \/>\n<\/strong>Trim \u00bbBR-TR-13\u00ab<\/p>\n<p><strong>Code: <\/strong>BR-TR-13\u00a0 \u00a0 \u00a0 \u00a0 \u00a0 \u00a0 \u00a0 \u00a0 \u00a0 \u00a0 \u00a0 \u00a0 \u00a0 \u00a0 \u00a0 \u00a0 \u00a0 \u00a0\u00a0<strong><a href=\"https:\/\/www.topohvar.at\/orte\/br\/br-tr-00-1\/\"><img loading=\"lazy\" decoding=\"async\" class=\"alignnone wp-image-12300 size-full\" src=\"https:\/\/www.topohvar.at\/wp-content\/uploads\/2018\/09\/push-vor-30.jpg\" alt=\"\" width=\"61\" height=\"30\" \/><\/a> <a href=\"https:\/\/www.topohvar.at\/orte\/br\/br-tr-21-1\/\"><img loading=\"lazy\" decoding=\"async\" class=\"alignnone wp-image-533 size-full\" src=\"https:\/\/www.topohvar.at\/wp-content\/uploads\/2018\/07\/push-l-30.jpg\" alt=\"\" width=\"61\" height=\"30\" \/><\/a> <a href=\"https:\/\/www.topohvar.at\/orte\/br\/\"><img loading=\"lazy\" decoding=\"async\" class=\"alignnone wp-image-535 size-full\" src=\"https:\/\/www.topohvar.at\/wp-content\/uploads\/2018\/07\/push-o-30.jpg\" alt=\"\" width=\"61\" height=\"30\" \/><\/a> <a href=\"https:\/\/www.topohvar.at\/orte\/br\/br-tr-11-2\/\"><img loading=\"lazy\" decoding=\"async\" class=\"alignnone wp-image-536 size-full\" src=\"https:\/\/www.topohvar.at\/wp-content\/uploads\/2018\/07\/push-r-30.jpg\" alt=\"\" width=\"61\" height=\"30\" \/><\/a><\/strong><\/p>\n<hr \/>\n<p><strong>Adresa \/ Adresse<br \/>\n<\/strong>Brusje, jugoisto\u010dno od mjesta \/ s\u00fcd\u00f6stlich des Ortes<\/p>\n<p><strong>Lokacija \/ Position<a href=\"https:\/\/goo.gl\/maps\/KGQcuhdXXw1uLW7w9\"><img loading=\"lazy\" decoding=\"async\" class=\"alignright wp-image-22677\" src=\"https:\/\/www.topohvar.at\/wp-content\/uploads\/2019\/05\/2047.jpg\" alt=\"\" width=\"134\" height=\"100\" \/><\/a><br \/>\n<\/strong><span style=\"color: #3366ff;\"><a style=\"color: #3366ff;\" href=\"https:\/\/goo.gl\/maps\/KGQcuhdXXw1uLW7w9\">Latitude: N 43,18295\u00b0\u00a0 \u00a0Longitude: E 16,50560\u00b0<\/a> <\/span><strong><br \/>\n<\/strong>Visina \/ H\u00f6he: 371 m<\/p>\n<p><strong>Katastarska \u010destica \/ Grundst\u00fccke<br \/>\n<\/strong>7051\/2<div class='content-column one_half'><div style=\"padding-right:6px;\"><p><strong>Datum snimanja \/ Erfassungsdatum<br \/>\n<\/strong>14.05.2019 12:04:10<\/p>\n<hr \/>\n<p><strong>Informacije<\/strong><\/p>\n<p>Trim je zapadno od sela Brusje u blizini informativne plo\u010de za biciklisti\u010dkoj stazi &#8222;Put Maslina&#8220;. Povezan je sa suhozidom i ima za\u0161ti\u0107eni ulaz na jugu. Kupola je o\u0161te\u0107ena ili nedovr\u0161ena. U nepravilnoj unutra\u0161njosti s lijeve strane nalaze se klupe od kamenih slojeva.<\/p><\/div><\/div><div class='content-column one_half last_column'><div style=\"padding-right:0px;padding-left:6px;\"><p><strong>Stupanj za\u0161tite \/ Schutzstellung<br \/>\n<\/strong>&#8211;<\/p>\n<hr \/>\n<p><strong>Info<\/strong><\/p>\n<p>Der Trim steht westlich der Ortschaft Brusje nahe der Infotafel \u00fcber den Radweg &#8222;Olivenweg&#8220;. Er ist mit einer Trockensteinmauer verbunden und hat im S\u00fcden einen gesch\u00fctzten Eingang. Die Kuppel ist besch\u00e4digt oder wurde nicht fertig gestellt. Im unregelm\u00e4\u00dfigen Innenraum gibt es an der linken Seite Sitzb\u00e4nke aus Steinschichtungen.<\/p><\/div><\/div><div class='clear_column'><\/div><div class='content-column one_half'><div style=\"padding-right:6px;\"><div id=\"attachment_23439\" style=\"width: 310px\" class=\"wp-caption aligncenter\"><img loading=\"lazy\" decoding=\"async\" aria-describedby=\"caption-attachment-23439\" class=\"size-medium wp-image-23439\" src=\"https:\/\/www.topohvar.at\/wp-content\/uploads\/2019\/07\/br-tr-13-1-300x300.jpg\" alt=\"\" width=\"300\" height=\"300\" srcset=\"https:\/\/www.topohvar.at\/wp-content\/uploads\/2019\/07\/br-tr-13-1-300x300.jpg 300w, https:\/\/www.topohvar.at\/wp-content\/uploads\/2019\/07\/br-tr-13-1-150x150.jpg 150w, https:\/\/www.topohvar.at\/wp-content\/uploads\/2019\/07\/br-tr-13-1.jpg 450w\" sizes=\"auto, (max-width: 300px) 100vw, 300px\" \/><p id=\"caption-attachment-23439\" class=\"wp-caption-text\">Ulaz \/ Eingang<\/p><\/div>\n<p>Dana 14.05.2019 trim je posje\u0107en i ustanovljeno je sljede\u0107e:<\/p>\n<p>Lokacija: livada, pa\u0161njak<br \/>\nPodloga: ravna<br \/>\nPovezan s: ure\u0111enom kamenom gomilom, kamenim zidom<br \/>\nUpotreba: ne koristi se<br \/>\nStanje: kupola se djelomi\u010dno sru\u0161ila<br \/>\nBroj stepenica trima: 1<br \/>\nDodatni kameni prsten: nema kamenog prstena<br \/>\nStepeni\u0161te: nema<br \/>\nOblik kamena: uglast<br \/>\nPodru\u010dje ispred ulaza: lako dostupno<br \/>\nOrijentacija ulaza: SZ (330\u00b0)<br \/>\nPromjer trima (cm): 390<br \/>\nVisina trima (cm): ?<br \/>\nVisina stepenica (cm): stepenica 1: 120<br \/>\nDebljina zida (cm): 75<br \/>\n\u0160irina vrata (cm): 65<br \/>\nVisina vrata (cm): 100<br \/>\n\u0160irina unutra (cm): 190 &#8211; 240<br \/>\nVisina unutra (cm): ?<br \/>\nVolumen iznutra (m3): ?<br \/>\nNema ni\u0161e<\/p><\/div><\/div><div class='content-column one_half last_column'><div style=\"padding-right:0px;padding-left:6px;\"><div id=\"attachment_23440\" style=\"width: 310px\" class=\"wp-caption aligncenter\"><img loading=\"lazy\" decoding=\"async\" aria-describedby=\"caption-attachment-23440\" class=\"size-medium wp-image-23440\" src=\"https:\/\/www.topohvar.at\/wp-content\/uploads\/2019\/07\/br-tr-13-4-300x300.jpg\" alt=\"\" width=\"300\" height=\"300\" srcset=\"https:\/\/www.topohvar.at\/wp-content\/uploads\/2019\/07\/br-tr-13-4-300x300.jpg 300w, https:\/\/www.topohvar.at\/wp-content\/uploads\/2019\/07\/br-tr-13-4-150x150.jpg 150w, https:\/\/www.topohvar.at\/wp-content\/uploads\/2019\/07\/br-tr-13-4.jpg 450w\" sizes=\"auto, (max-width: 300px) 100vw, 300px\" \/><p id=\"caption-attachment-23440\" class=\"wp-caption-text\">O\u0161te\u0107ena kupola \/ besch\u00e4digte Kuppel<\/p><\/div>\n<p>Am 14.05.2019 wurde der Trim besucht und n\u00e4her untersucht:<\/p>\n<p>Standort: Wiese, Weide<br \/>\nUntergrund: eben<br \/>\nVerbunden mit: einem geordneten Steinhaufen und einer Steinmauer<br \/>\nNutzung: ungenutzt<br \/>\nZustand: Kuppel teilweise eingest\u00fcrzt<br \/>\nAnzahl der Trimstufen: 1<br \/>\nZus\u00e4tzlicher Steinring: kein Steinring<br \/>\nStiege: keine<br \/>\nSteinform: kantig<br \/>\nEingangsbereich: frei<br \/>\nEingangsseite: NW (330\u00b0)<br \/>\nTrimdurchmesser (cm): 390<br \/>\nTrimh\u00f6he (cm): ?<br \/>\nH\u00f6he der Trimstufen (cm): Stufe 1: 120<br \/>\nWandst\u00e4rke (cm): 75<br \/>\nT\u00fcrbreite (cm): 65<br \/>\nT\u00fcrh\u00f6he (cm): 100<br \/>\nInnenraumbreite (cm): 190 &#8211; 240<br \/>\nInnenraumh\u00f6he (cm): ?<br \/>\nRaumvolumen (m3): ?<br \/>\nKeine Nische<\/p><\/div><\/div><div class='clear_column'><\/div><\/p>\n<p><img loading=\"lazy\" decoding=\"async\" class=\"aligncenter wp-image-23441 size-full\" src=\"https:\/\/www.topohvar.at\/wp-content\/uploads\/2019\/07\/br-tr-13-sca.jpg\" alt=\"\" width=\"640\" height=\"968\" srcset=\"https:\/\/www.topohvar.at\/wp-content\/uploads\/2019\/07\/br-tr-13-sca.jpg 640w, https:\/\/www.topohvar.at\/wp-content\/uploads\/2019\/07\/br-tr-13-sca-198x300.jpg 198w\" sizes=\"auto, (max-width: 640px) 100vw, 640px\" \/><\/p>\n<p style=\"text-align: right;\"><a href=\"#seite_oben\">natrag na gore \/ Seitenanfang<\/a><\/p>\n<hr \/>\n<p><strong>Linkovi \/ Links<\/strong><\/p>\n<p><span style=\"color: #3366ff;\"><a style=\"color: #3366ff;\" href=\"https:\/\/www.topohvar.at\/topo\/orte\/br\/br-ip-03-2\/\">Informativna plo\u010da \u00bbbiciklisti\u010dka ruta \u2013 Put Maslina\u00ab \/ Infotafel\u00a0\u00bbRadroute \u2013 Olivenweg\u00ab<\/a><\/span><\/p>\n","protected":false},"excerpt":{"rendered":"<p>Ime \/ Name Trim \u00bbBR-TR-13\u00ab Code: BR-TR-13\u00a0 \u00a0 \u00a0 \u00a0 \u00a0 \u00a0 \u00a0 \u00a0 \u00a0 \u00a0 \u00a0 \u00a0 \u00a0 \u00a0 \u00a0 \u00a0 \u00a0 \u00a0\u00a0 Adresa \/ Adresse Brusje, jugoisto\u010dno od mjesta \/ s\u00fcd\u00f6stlich des Ortes Lokacija \/ Position Latitude: N &hellip; <a href=\"https:\/\/www.topohvar.at\/topo\/orte\/br\/br-tr-13-1\/\">Weiterlesen <span class=\"meta-nav\">&rarr;<\/span><\/a><\/p>\n","protected":false},"author":1,"featured_media":0,"parent":65,"menu_order":0,"comment_status":"closed","ping_status":"closed","template":"","meta":{"footnotes":""},"class_list":["post-22675","page","type-page","status-publish","hentry"],"_links":{"self":[{"href":"https:\/\/www.topohvar.at\/topo\/wp-json\/wp\/v2\/pages\/22675","targetHints":{"allow":["GET"]}}],"collection":[{"href":"https:\/\/www.topohvar.at\/topo\/wp-json\/wp\/v2\/pages"}],"about":[{"href":"https:\/\/www.topohvar.at\/topo\/wp-json\/wp\/v2\/types\/page"}],"author":[{"embeddable":true,"href":"https:\/\/www.topohvar.at\/topo\/wp-json\/wp\/v2\/users\/1"}],"replies":[{"embeddable":true,"href":"https:\/\/www.topohvar.at\/topo\/wp-json\/wp\/v2\/comments?post=22675"}],"version-history":[{"count":22,"href":"https:\/\/www.topohvar.at\/topo\/wp-json\/wp\/v2\/pages\/22675\/revisions"}],"predecessor-version":[{"id":65193,"href":"https:\/\/www.topohvar.at\/topo\/wp-json\/wp\/v2\/pages\/22675\/revisions\/65193"}],"up":[{"embeddable":true,"href":"https:\/\/www.topohvar.at\/topo\/wp-json\/wp\/v2\/pages\/65"}],"wp:attachment":[{"href":"https:\/\/www.topohvar.at\/topo\/wp-json\/wp\/v2\/media?parent=22675"}],"curies":[{"name":"wp","href":"https:\/\/api.w.org\/{rel}","templated":true}]}}