{"id":22716,"date":"2019-05-15T21:22:02","date_gmt":"2019-05-15T19:22:02","guid":{"rendered":"https:\/\/www.topohvar.at\/topo\/?page_id=22716"},"modified":"2021-12-09T10:13:42","modified_gmt":"2021-12-09T09:13:42","slug":"vh-ir-01-1","status":"publish","type":"page","link":"https:\/\/www.topohvar.at\/topo\/orte\/vh\/vh-ir-01-1\/","title":{"rendered":"VRH &#8211; Reljef \u00bbKri\u017e na nadvratniku\u00ab"},"content":{"rendered":"<p><a name=\"seite_oben\"><\/a><br \/>\n<strong><img loading=\"lazy\" decoding=\"async\" class=\"alignnone wp-image-22778 size-large\" src=\"https:\/\/www.topohvar.at\/wp-content\/uploads\/2019\/05\/vh-ir-01-1-1024x503.jpg\" alt=\"\" width=\"640\" height=\"314\" srcset=\"https:\/\/www.topohvar.at\/wp-content\/uploads\/2019\/05\/vh-ir-01-1-1024x503.jpg 1024w, https:\/\/www.topohvar.at\/wp-content\/uploads\/2019\/05\/vh-ir-01-1-300x147.jpg 300w, https:\/\/www.topohvar.at\/wp-content\/uploads\/2019\/05\/vh-ir-01-1-768x377.jpg 768w, https:\/\/www.topohvar.at\/wp-content\/uploads\/2019\/05\/vh-ir-01-1.jpg 1080w\" sizes=\"auto, (max-width: 640px) 100vw, 640px\" \/><\/strong><\/p>\n<p><strong>Ime \/ Name<br \/>\n<\/strong>Reljef \u00bbKri\u017e na nadvratniku\u00ab \/ Relief\u00a0\u00bbKreuz am T\u00fcrsturz\u00ab<\/p>\n<p><strong>Code: <\/strong>VH-IR-01\u00a0 \u00a0 \u00a0 \u00a0 \u00a0 \u00a0 \u00a0 \u00a0<strong>\u00a0 \u00a0 \u00a0 \u00a0 \u00a0 \u00a0 \u00a0 \u00a0 \u00a0 \u00a0\u00a0<a href=\"https:\/\/www.topohvar.at\/orte\/vh\/\"><img loading=\"lazy\" decoding=\"async\" class=\"alignnone wp-image-535 size-full\" src=\"https:\/\/www.topohvar.at\/wp-content\/uploads\/2018\/07\/push-o-30.jpg\" alt=\"\" width=\"61\" height=\"30\" \/><\/a>\u00a0<\/strong><\/p>\n<hr \/>\n<p><strong>Adresa \/ Adresse<br \/>\n<\/strong>Vrh, sklop A. Grgi\u010devi\u0107 \/ H\u00e4user\u00a0Grgi\u010devi\u0107<\/p>\n<p><strong>Lokacija<\/strong><strong> \/ Position<a href=\"https:\/\/goo.gl\/maps\/BxYLApXanTgXLksN9\"><img loading=\"lazy\" decoding=\"async\" class=\"alignright wp-image-6500\" src=\"https:\/\/www.topohvar.at\/wp-content\/uploads\/2018\/08\/1630.jpg\" alt=\"\" width=\"134\" height=\"100\" \/><\/a><br \/>\n<\/strong><span style=\"color: #3366ff;\"><a style=\"color: #3366ff;\" href=\"https:\/\/goo.gl\/maps\/BxYLApXanTgXLksN9\">Latitude: N 43,13847\u00b0\u00a0 \u00a0 Longitude: E 16,71994\u00b0\u00a0<\/a><\/span><strong><br \/>\n<\/strong>Visina \/ H\u00f6he: 376 m<\/p>\n<p><strong>Katastarska \u010destica<\/strong><strong> \/ Grundst\u00fccke<br \/>\n<\/strong>*403\/3 (Jelsa)<div class='content-column one_half'><div style=\"padding-right:6px;\"><p><strong>Datum snimanja \/ Erfassungsdatum<br \/>\n<\/strong>15.05.2019 13:47:00<\/p>\n<hr \/>\n<p><strong>Informacije<\/strong><\/p>\n<p>Kompleks se sastoji od dvoeta\u017ene stambene zgrade, nekoliko jednokatnih zgrada, dva trima (od kojih je jedan ugra\u0111en u zgradu), pe\u0107nice i cisterne s ploverom.\u00a0Na kamenom nadvratniku glavne ku\u0107e nalazi se reljefni kri\u017e, a uz njega pravokutni prazni znak.<\/p><\/div><\/div><div class='content-column one_half last_column'><div style=\"padding-right:0px;padding-left:6px;\"><p><strong>Stupanj za\u0161tite<\/strong><strong> \/ Schutzstellung<br \/>\n<\/strong>&#8211;<\/p>\n<hr \/>\n<p><strong>Info<\/strong><\/p>\n<p>Der Komplex besteht aus einem zweigescho\u00dfigen Wohngeb\u00e4ude, mehreren eingescho\u00dfigen Geb\u00e4uden, zwei Trims (einer davon im Geb\u00e4ude integriert), einen Backofen und Zisterne mit Wasserauffangfl\u00e4che. Am steinernen T\u00fcrsturz des Haupthauses befindet sich ein Reliefkreuz und daneben ein rechteckiges leeres Schild.<\/p><\/div><\/div><div class='clear_column'><\/div><\/p>\n<p style=\"text-align: right;\"><span style=\"color: #3366ff;\"><a style=\"color: #3366ff;\" href=\"#seite_oben\">natrag na vrh \/ Seitenanfang<\/a><\/span><\/p>\n<hr \/>\n<p><strong>Linkovi \/ Links<\/strong><\/p>\n<p><span style=\"color: #3366ff;\"><a style=\"color: #3366ff;\" href=\"https:\/\/www.topohvar.at\/topo\/orte\/vh\/vh-tg-02-1\/\">Sklop ku\u0107e \u00bbA. Grgi\u010devi\u0107\u00ab<\/a><br \/>\n<a style=\"color: #3366ff;\" href=\"https:\/\/www.topohvar.at\/topo\/orte\/vh\/vh-tr-04-1\/\">Trim \u00bbVH-TR-04\u00ab<\/a><\/span><br \/>\n<span style=\"color: #3366ff;\"><a style=\"color: #3366ff;\" href=\"https:\/\/www.topohvar.at\/topo\/orte\/vh\/vh-tr-05-1\/\">Trim \u00bbVH-TR-05\u00ab<\/a><br \/>\n<a style=\"color: #3366ff;\" href=\"https:\/\/www.topohvar.at\/topo\/orte\/vh\/vh-op-02-1\/\">Objekt \u00bbOpskrba vodom\u00ab \/ Wasserversorgung<\/a><\/span><\/p>\n<p>&nbsp;<\/p>\n","protected":false},"excerpt":{"rendered":"<p>Ime \/ Name Reljef \u00bbKri\u017e na nadvratniku\u00ab \/ Relief\u00a0\u00bbKreuz am T\u00fcrsturz\u00ab Code: VH-IR-01\u00a0 \u00a0 \u00a0 \u00a0 \u00a0 \u00a0 \u00a0 \u00a0\u00a0 \u00a0 \u00a0 \u00a0 \u00a0 \u00a0 \u00a0 \u00a0 \u00a0 \u00a0\u00a0\u00a0 Adresa \/ Adresse Vrh, sklop A. Grgi\u010devi\u0107 \/ H\u00e4user\u00a0Grgi\u010devi\u0107 Lokacija \/ &hellip; <a href=\"https:\/\/www.topohvar.at\/topo\/orte\/vh\/vh-ir-01-1\/\">Weiterlesen <span class=\"meta-nav\">&rarr;<\/span><\/a><\/p>\n","protected":false},"author":1,"featured_media":0,"parent":131,"menu_order":0,"comment_status":"closed","ping_status":"closed","template":"","meta":{"footnotes":""},"class_list":["post-22716","page","type-page","status-publish","hentry"],"_links":{"self":[{"href":"https:\/\/www.topohvar.at\/topo\/wp-json\/wp\/v2\/pages\/22716","targetHints":{"allow":["GET"]}}],"collection":[{"href":"https:\/\/www.topohvar.at\/topo\/wp-json\/wp\/v2\/pages"}],"about":[{"href":"https:\/\/www.topohvar.at\/topo\/wp-json\/wp\/v2\/types\/page"}],"author":[{"embeddable":true,"href":"https:\/\/www.topohvar.at\/topo\/wp-json\/wp\/v2\/users\/1"}],"replies":[{"embeddable":true,"href":"https:\/\/www.topohvar.at\/topo\/wp-json\/wp\/v2\/comments?post=22716"}],"version-history":[{"count":13,"href":"https:\/\/www.topohvar.at\/topo\/wp-json\/wp\/v2\/pages\/22716\/revisions"}],"predecessor-version":[{"id":54966,"href":"https:\/\/www.topohvar.at\/topo\/wp-json\/wp\/v2\/pages\/22716\/revisions\/54966"}],"up":[{"embeddable":true,"href":"https:\/\/www.topohvar.at\/topo\/wp-json\/wp\/v2\/pages\/131"}],"wp:attachment":[{"href":"https:\/\/www.topohvar.at\/topo\/wp-json\/wp\/v2\/media?parent=22716"}],"curies":[{"name":"wp","href":"https:\/\/api.w.org\/{rel}","templated":true}]}}