{"id":22751,"date":"2019-05-16T20:41:46","date_gmt":"2019-05-16T18:41:46","guid":{"rendered":"https:\/\/www.topohvar.at\/topo\/?page_id=22751"},"modified":"2021-12-09T10:28:04","modified_gmt":"2021-12-09T09:28:04","slug":"vh-tr-11-1","status":"publish","type":"page","link":"https:\/\/www.topohvar.at\/topo\/orte\/vh\/vh-tr-11-1\/","title":{"rendered":"VRH &#8211; Trim \u00bbVH-TR-11\u00ab"},"content":{"rendered":"<p><a name=\"seite_oben\"><\/a><br \/>\n<strong><img loading=\"lazy\" decoding=\"async\" class=\"alignnone wp-image-22806 size-large\" src=\"https:\/\/www.topohvar.at\/wp-content\/uploads\/2019\/05\/vh-tr-11-0-1024x503.jpg\" alt=\"\" width=\"640\" height=\"314\" srcset=\"https:\/\/www.topohvar.at\/wp-content\/uploads\/2019\/05\/vh-tr-11-0-1024x503.jpg 1024w, https:\/\/www.topohvar.at\/wp-content\/uploads\/2019\/05\/vh-tr-11-0-300x147.jpg 300w, https:\/\/www.topohvar.at\/wp-content\/uploads\/2019\/05\/vh-tr-11-0-768x377.jpg 768w, https:\/\/www.topohvar.at\/wp-content\/uploads\/2019\/05\/vh-tr-11-0.jpg 1080w\" sizes=\"auto, (max-width: 640px) 100vw, 640px\" \/><\/strong><\/p>\n<p><strong>Ime \/ Name<br \/>\n<\/strong>Trim \u00bbVH-TR-11\u00ab<\/p>\n<p><strong>Code: <\/strong>VH-TR-11\u00a0 \u00a0 \u00a0 \u00a0 \u00a0 \u00a0 \u00a0 \u00a0<strong>\u00a0 \u00a0 \u00a0 \u00a0 \u00a0 \u00a0 \u00a0 \u00a0 \u00a0 <a href=\"https:\/\/www.topohvar.at\/orte\/vh\/vh-tr-00-1\/\"><img loading=\"lazy\" decoding=\"async\" class=\"alignnone wp-image-12300 size-full\" src=\"https:\/\/www.topohvar.at\/wp-content\/uploads\/2018\/09\/push-vor-30.jpg\" alt=\"\" width=\"61\" height=\"30\" \/><\/a> <a href=\"https:\/\/www.topohvar.at\/orte\/vh\/vh-tr-10-1\/\"><img loading=\"lazy\" decoding=\"async\" class=\"alignnone wp-image-533 size-full\" src=\"https:\/\/www.topohvar.at\/wp-content\/uploads\/2018\/07\/push-l-30.jpg\" alt=\"\" width=\"61\" height=\"30\" \/><\/a>\u00a0<a href=\"https:\/\/www.topohvar.at\/orte\/vh\/\"><img loading=\"lazy\" decoding=\"async\" class=\"alignnone wp-image-535 size-full\" src=\"https:\/\/www.topohvar.at\/wp-content\/uploads\/2018\/07\/push-o-30.jpg\" alt=\"\" width=\"61\" height=\"30\" \/><\/a>\u00a0<a href=\"https:\/\/www.topohvar.at\/orte\/vh\/vh-tr-13-1\/\"><img loading=\"lazy\" decoding=\"async\" class=\"alignnone wp-image-536 size-full\" src=\"https:\/\/www.topohvar.at\/wp-content\/uploads\/2018\/07\/push-r-30.jpg\" alt=\"\" width=\"61\" height=\"30\" \/><\/a><\/strong><\/p>\n<hr \/>\n<p><strong>Adresa \/ Adresse<br \/>\n<\/strong>Vrh,\u00a0 na putu za Borovik (Pitve)<\/p>\n<p><strong>Lokacija<\/strong><strong> \/ Position<a href=\"https:\/\/goo.gl\/maps\/PHC1y15LvQWH51r97\"><img loading=\"lazy\" decoding=\"async\" class=\"alignright wp-image-22768\" src=\"https:\/\/www.topohvar.at\/wp-content\/uploads\/2019\/05\/2057.jpg\" alt=\"\" width=\"134\" height=\"100\" \/><\/a><br \/>\n<\/strong><span style=\"color: #3366ff;\"><a style=\"color: #3366ff;\" href=\"https:\/\/goo.gl\/maps\/PHC1y15LvQWH51r97\">Latitude: N 43,13830\u00b0\u00a0 \u00a0 Longitude: E 16,70435\u00b0\u00a0<\/a><\/span><strong><br \/>\n<\/strong>Visina \/ H\u00f6he: 404 m<\/p>\n<p><strong>Katastarska \u010destica<\/strong><strong> \/ Grundst\u00fccke<br \/>\n<\/strong>2682 (Pitve)<div class='content-column one_half'><div style=\"padding-right:6px;\"><p><strong>Datum snimanja \/ Erfassungsdatum<br \/>\n<\/strong>16.05.2019 12:23:05<\/p>\n<hr \/>\n<p><strong>Informacije<\/strong><\/p>\n<p>Trim je ju\u017eno od ceste od Humca do Pitve u gustim grmovima. Okru\u017eena je cairnama i blago o\u0161te\u0107ena. Ulaz je obrastao. Dolje u unutra\u0161njost, koji je ina\u010de bez otvaranja, prolazi se preko jednog koraka. On se vi\u0161e ne koristi.<\/p><\/div><\/div><div class='content-column one_half last_column'><div style=\"padding-right:0px;padding-left:6px;\"><p><strong>Stupanj za\u0161tite<\/strong><strong> \/ Schutzstellung<br \/>\n<\/strong>&#8211;<\/p>\n<hr \/>\n<p><strong>Info<\/strong><\/p>\n<p>Der Trim liegt knapp s\u00fcdlich der Stra\u00dfe von Humac nach Pitve im dichten Buschwerk. Er ist von Steinhaufen umgeben und leicht besch\u00e4digt. Sein Eingang ist verwachsen. Hinunter in den \u00f6ffnungslosen Innenraum gelangt man \u00fcber eine Stufe. Er wird nicht mehr genutzt.<\/p><\/div><\/div><div class='clear_column'><\/div><div class='content-column one_half'><div style=\"padding-right:6px;\"><div id=\"attachment_23565\" style=\"width: 310px\" class=\"wp-caption aligncenter\"><img loading=\"lazy\" decoding=\"async\" aria-describedby=\"caption-attachment-23565\" class=\"size-medium wp-image-23565\" src=\"https:\/\/www.topohvar.at\/wp-content\/uploads\/2019\/07\/vh-tr-11-1-300x300.jpg\" alt=\"\" width=\"300\" height=\"300\" srcset=\"https:\/\/www.topohvar.at\/wp-content\/uploads\/2019\/07\/vh-tr-11-1-300x300.jpg 300w, https:\/\/www.topohvar.at\/wp-content\/uploads\/2019\/07\/vh-tr-11-1-150x150.jpg 150w, https:\/\/www.topohvar.at\/wp-content\/uploads\/2019\/07\/vh-tr-11-1.jpg 450w\" sizes=\"auto, (max-width: 300px) 100vw, 300px\" \/><p id=\"caption-attachment-23565\" class=\"wp-caption-text\">Ulaz \/<br \/>Eingang<\/p><\/div>\n<p>Dana 16.05.2019 trim je posje\u0107en i prona\u0111en je sljede\u0107i<\/p>\n<p>Lokacija: grmlje<br \/>\nPodzemlje: ravan<br \/>\nSklop: bri\u017ena kamena gomila , kameni zid<br \/>\nUpotreba: ne koristi<br \/>\nStanje izgradnje: mali dijelovi su se sru\u0161ili<br \/>\nBroj prstenova trima: \u010detiri prstena<br \/>\nDodatni kameni prsten: nema kamenog prstena<br \/>\nStepeni\u0161te: nema stepenica<br \/>\nOblik kamena: uglast<br \/>\nPodru\u010dje ispred ulaza: zarastao<br \/>\nVrata na stranicu: J (200\u00b0)<br \/>\nPromjer trima (cm): 350<br \/>\nVisina trima (cm): 230<br \/>\nVisina prstena (cm): prsten 1: 130 , prsten 2: 175<br \/>\nDebljina zida (cm): 70<br \/>\n\u0160irina vrata (cm): 60<br \/>\nVisina vrata (cm): 105<br \/>\n\u0160irina unutra (cm): 200 &#8211; 210<br \/>\nVisina unutra (cm): 220<br \/>\nVolumen iznutra (m3): 4,75<br \/>\nNema ni\u0161e<\/p><\/div><\/div><div class='content-column one_half last_column'><div style=\"padding-right:0px;padding-left:6px;\"><div id=\"attachment_23566\" style=\"width: 310px\" class=\"wp-caption aligncenter\"><img loading=\"lazy\" decoding=\"async\" aria-describedby=\"caption-attachment-23566\" class=\"size-medium wp-image-23566\" src=\"https:\/\/www.topohvar.at\/wp-content\/uploads\/2019\/07\/vh-tr-11-5-300x300.jpg\" alt=\"\" width=\"300\" height=\"300\" srcset=\"https:\/\/www.topohvar.at\/wp-content\/uploads\/2019\/07\/vh-tr-11-5-300x300.jpg 300w, https:\/\/www.topohvar.at\/wp-content\/uploads\/2019\/07\/vh-tr-11-5-150x150.jpg 150w, https:\/\/www.topohvar.at\/wp-content\/uploads\/2019\/07\/vh-tr-11-5.jpg 450w\" sizes=\"auto, (max-width: 300px) 100vw, 300px\" \/><p id=\"caption-attachment-23566\" class=\"wp-caption-text\">Isto\u010dna strana s kamenom gomilom \/<br \/>Ostseite mit Steinhaufen<\/p><\/div>\n<p>Am 16.05.2019 wurde der Trim besucht und untersucht<\/p>\n<p>Standort: Buschwerk<br \/>\nUntergrund: eben<br \/>\nVerbunden mit: Steinhaufen geordnet , Steinmauer<br \/>\nNutzung: ungenutzt<br \/>\nZustand: kleine Teile abgest\u00fcrzt<br \/>\nRinge\/Stufen des Trim: zweistufig<br \/>\nZus\u00e4tzlicher Steinring: kein Steinring<br \/>\nStiege: keine Stufen<br \/>\nSteinform: kantig<br \/>\nEingangsbereich: verwachsen<br \/>\nEingangsseite: S (200\u00b0)<br \/>\nTrimdurchmesser (cm): 350<br \/>\nTrimh\u00f6he (cm): 230<br \/>\nStufen\/Ringh\u00f6he (cm): Ring 1: 130 , Ring 2: 175<br \/>\nWandst\u00e4rke: 70<br \/>\nT\u00fcrbreite (cm): 60<br \/>\nT\u00fcrh\u00f6he (cm): 105<br \/>\nInnenraumbreite (cm): 200 &#8211; 210<br \/>\nInnenraumh\u00f6he (cm): 220<br \/>\nRaumvolumen (m3): 4,75<br \/>\nKeine Nische<\/p><\/div><\/div><div class='clear_column'><\/div><\/p>\n<p><img loading=\"lazy\" decoding=\"async\" class=\"aligncenter size-full wp-image-23568\" src=\"https:\/\/www.topohvar.at\/wp-content\/uploads\/2019\/07\/vh-tr-11-sca.jpg\" alt=\"\" width=\"640\" height=\"967\" srcset=\"https:\/\/www.topohvar.at\/wp-content\/uploads\/2019\/07\/vh-tr-11-sca.jpg 640w, https:\/\/www.topohvar.at\/wp-content\/uploads\/2019\/07\/vh-tr-11-sca-199x300.jpg 199w\" sizes=\"auto, (max-width: 640px) 100vw, 640px\" \/><\/p>\n<p style=\"text-align: right;\"><span style=\"color: #3366ff;\"><a style=\"color: #3366ff;\" href=\"#seite_oben\">natrag na vrh \/ Seitenanfang<\/a><\/span><\/p>\n<hr \/>\n<p><strong>Linkovi \/ Links<\/strong><\/p>\n<p>&#8211;<\/p>\n","protected":false},"excerpt":{"rendered":"<p>Ime \/ Name Trim \u00bbVH-TR-11\u00ab Code: VH-TR-11\u00a0 \u00a0 \u00a0 \u00a0 \u00a0 \u00a0 \u00a0 \u00a0\u00a0 \u00a0 \u00a0 \u00a0 \u00a0 \u00a0 \u00a0 \u00a0 \u00a0 \u00a0\u00a0 Adresa \/ Adresse Vrh,\u00a0 na putu za Borovik (Pitve) Lokacija \/ Position Latitude: N 43,13830\u00b0\u00a0 \u00a0 Longitude: &hellip; <a href=\"https:\/\/www.topohvar.at\/topo\/orte\/vh\/vh-tr-11-1\/\">Weiterlesen <span class=\"meta-nav\">&rarr;<\/span><\/a><\/p>\n","protected":false},"author":1,"featured_media":0,"parent":131,"menu_order":0,"comment_status":"closed","ping_status":"closed","template":"","meta":{"footnotes":""},"class_list":["post-22751","page","type-page","status-publish","hentry"],"_links":{"self":[{"href":"https:\/\/www.topohvar.at\/topo\/wp-json\/wp\/v2\/pages\/22751","targetHints":{"allow":["GET"]}}],"collection":[{"href":"https:\/\/www.topohvar.at\/topo\/wp-json\/wp\/v2\/pages"}],"about":[{"href":"https:\/\/www.topohvar.at\/topo\/wp-json\/wp\/v2\/types\/page"}],"author":[{"embeddable":true,"href":"https:\/\/www.topohvar.at\/topo\/wp-json\/wp\/v2\/users\/1"}],"replies":[{"embeddable":true,"href":"https:\/\/www.topohvar.at\/topo\/wp-json\/wp\/v2\/comments?post=22751"}],"version-history":[{"count":13,"href":"https:\/\/www.topohvar.at\/topo\/wp-json\/wp\/v2\/pages\/22751\/revisions"}],"predecessor-version":[{"id":54980,"href":"https:\/\/www.topohvar.at\/topo\/wp-json\/wp\/v2\/pages\/22751\/revisions\/54980"}],"up":[{"embeddable":true,"href":"https:\/\/www.topohvar.at\/topo\/wp-json\/wp\/v2\/pages\/131"}],"wp:attachment":[{"href":"https:\/\/www.topohvar.at\/topo\/wp-json\/wp\/v2\/media?parent=22751"}],"curies":[{"name":"wp","href":"https:\/\/api.w.org\/{rel}","templated":true}]}}