{"id":22754,"date":"2019-05-16T20:57:53","date_gmt":"2019-05-16T18:57:53","guid":{"rendered":"https:\/\/www.topohvar.at\/topo\/?page_id=22754"},"modified":"2021-12-09T10:12:55","modified_gmt":"2021-12-09T09:12:55","slug":"vh-ip-03-1","status":"publish","type":"page","link":"https:\/\/www.topohvar.at\/topo\/orte\/vh\/vh-ip-03-1\/","title":{"rendered":"VRH &#8211; Informativna plo\u010da\/kamen \u00bbSalatu\u0161a\u00ab"},"content":{"rendered":"<p><a name=\"seite_oben\"><\/a><br \/>\n<strong><img loading=\"lazy\" decoding=\"async\" class=\"alignnone wp-image-22816 size-large\" src=\"https:\/\/www.topohvar.at\/wp-content\/uploads\/2019\/05\/vh-ip-03-1-1024x503.jpg\" alt=\"\" width=\"640\" height=\"314\" srcset=\"https:\/\/www.topohvar.at\/wp-content\/uploads\/2019\/05\/vh-ip-03-1-1024x503.jpg 1024w, https:\/\/www.topohvar.at\/wp-content\/uploads\/2019\/05\/vh-ip-03-1-300x147.jpg 300w, https:\/\/www.topohvar.at\/wp-content\/uploads\/2019\/05\/vh-ip-03-1-768x377.jpg 768w, https:\/\/www.topohvar.at\/wp-content\/uploads\/2019\/05\/vh-ip-03-1.jpg 1080w\" sizes=\"auto, (max-width: 640px) 100vw, 640px\" \/><\/strong><\/p>\n<p><strong>Ime \/ Name<br \/>\n<\/strong>Informativna plo\u010da\/kamen \u00bbSalatu\u0161a\u00ab \/ Infostein\u00a0Salatu\u0161a<\/p>\n<p><strong>Code: <\/strong>VH-IP-03\u00a0 \u00a0 \u00a0 \u00a0 \u00a0 \u00a0 \u00a0 \u00a0<strong>\u00a0 \u00a0 \u00a0 \u00a0 \u00a0 \u00a0 \u00a0 \u00a0 \u00a0 \u00a0 \u00a0 \u00a0<a href=\"https:\/\/www.topohvar.at\/orte\/vh\/vh-ip-01-1\/\"><img loading=\"lazy\" decoding=\"async\" class=\"alignnone wp-image-533 size-full\" src=\"https:\/\/www.topohvar.at\/wp-content\/uploads\/2018\/07\/push-l-30.jpg\" alt=\"\" width=\"61\" height=\"30\" \/><\/a> <a href=\"https:\/\/www.topohvar.at\/orte\/vh\/\"><img loading=\"lazy\" decoding=\"async\" class=\"alignnone wp-image-535 size-full\" src=\"https:\/\/www.topohvar.at\/wp-content\/uploads\/2018\/07\/push-o-30.jpg\" alt=\"\" width=\"61\" height=\"30\" \/><\/a>\u00a0<\/strong><\/p>\n<hr \/>\n<p><strong>Adresa \/ Adresse<br \/>\n<\/strong>Vrh, Salatu\u0161a<\/p>\n<p><strong>Lokacija <\/strong><strong>\/ Position<a href=\"https:\/\/goo.gl\/maps\/f3QuxzKtAU8NFCKw9\"><img loading=\"lazy\" decoding=\"async\" class=\"alignright wp-image-22762\" src=\"https:\/\/www.topohvar.at\/wp-content\/uploads\/2019\/05\/2052.jpg\" alt=\"\" width=\"134\" height=\"100\" \/><\/a><br \/>\n<\/strong><span style=\"color: #3366ff;\"><a style=\"color: #3366ff;\" href=\"https:\/\/goo.gl\/maps\/f3QuxzKtAU8NFCKw9\">Latitude: N 43,14060\u00b0\u00a0 \u00a0 Longitude: E 16,71031\u00b0\u00a0<\/a><\/span><strong><br \/>\n<\/strong>Visina \/ H\u00f6he: 400 m<\/p>\n<p><strong>Katastarska \u010destica<\/strong><strong> \/ Grundst\u00fccke<br \/>\n<\/strong>2997 (Pitve) <div class='content-column one_half'><div style=\"padding-right:6px;\"><p><strong>Datum snimanja \/ Erfassungsdatum<br \/>\n<\/strong>16.05.2019 09:18:29<\/p>\n<hr \/>\n<p><strong>Informacije<\/strong><\/p>\n<p>Kamen s kri\u017eem i natpisom:<\/p>\n<p style=\"text-align: center;\">SALATU\u0160A<\/p>\n<p>Na kamenu je pri\u010dvr\u0161\u0107en plo\u010da s podacima za biciklisti\u010dku stazu.<\/p><\/div><\/div><div class='content-column one_half last_column'><div style=\"padding-right:0px;padding-left:6px;\"><p><strong>Stupanj za\u0161tite<\/strong><strong> \/ Schutzstellung<br \/>\n<\/strong>&#8211;<\/p>\n<hr \/>\n<p><strong>Info<\/strong><\/p>\n<p>Naturstein mit eingemei\u00dfelten Kreuz und Inschrift:<\/p>\n<p style=\"text-align: center;\">SALATU\u0160A<\/p>\n<p>Am Stein ist eine Tafel mit Informationen f\u00fcr den Radweg befestigt.<\/p><\/div><\/div><div class='clear_column'><\/div><\/p>\n<p style=\"text-align: right;\"><span style=\"color: #3366ff;\"><a style=\"color: #3366ff;\" href=\"#seite_oben\">natrag na vrh \/ Seitenanfang<\/a><\/span><\/p>\n<hr \/>\n<p><strong>Linkovi \/ Links<\/strong><\/p>\n<p>&#8211;<\/p>\n","protected":false},"excerpt":{"rendered":"<p>Ime \/ Name Informativna plo\u010da\/kamen \u00bbSalatu\u0161a\u00ab \/ Infostein\u00a0Salatu\u0161a Code: VH-IP-03\u00a0 \u00a0 \u00a0 \u00a0 \u00a0 \u00a0 \u00a0 \u00a0\u00a0 \u00a0 \u00a0 \u00a0 \u00a0 \u00a0 \u00a0 \u00a0 \u00a0 \u00a0 \u00a0 \u00a0 \u00a0 Adresa \/ Adresse Vrh, Salatu\u0161a Lokacija \/ Position Latitude: N 43,14060\u00b0\u00a0 &hellip; <a href=\"https:\/\/www.topohvar.at\/topo\/orte\/vh\/vh-ip-03-1\/\">Weiterlesen <span class=\"meta-nav\">&rarr;<\/span><\/a><\/p>\n","protected":false},"author":1,"featured_media":0,"parent":131,"menu_order":0,"comment_status":"closed","ping_status":"closed","template":"","meta":{"footnotes":""},"class_list":["post-22754","page","type-page","status-publish","hentry"],"_links":{"self":[{"href":"https:\/\/www.topohvar.at\/topo\/wp-json\/wp\/v2\/pages\/22754","targetHints":{"allow":["GET"]}}],"collection":[{"href":"https:\/\/www.topohvar.at\/topo\/wp-json\/wp\/v2\/pages"}],"about":[{"href":"https:\/\/www.topohvar.at\/topo\/wp-json\/wp\/v2\/types\/page"}],"author":[{"embeddable":true,"href":"https:\/\/www.topohvar.at\/topo\/wp-json\/wp\/v2\/users\/1"}],"replies":[{"embeddable":true,"href":"https:\/\/www.topohvar.at\/topo\/wp-json\/wp\/v2\/comments?post=22754"}],"version-history":[{"count":10,"href":"https:\/\/www.topohvar.at\/topo\/wp-json\/wp\/v2\/pages\/22754\/revisions"}],"predecessor-version":[{"id":54965,"href":"https:\/\/www.topohvar.at\/topo\/wp-json\/wp\/v2\/pages\/22754\/revisions\/54965"}],"up":[{"embeddable":true,"href":"https:\/\/www.topohvar.at\/topo\/wp-json\/wp\/v2\/pages\/131"}],"wp:attachment":[{"href":"https:\/\/www.topohvar.at\/topo\/wp-json\/wp\/v2\/media?parent=22754"}],"curies":[{"name":"wp","href":"https:\/\/api.w.org\/{rel}","templated":true}]}}