{"id":2292,"date":"2018-08-02T13:18:55","date_gmt":"2018-08-02T11:18:55","guid":{"rendered":"https:\/\/www.topohvar.at\/?page_id=2292"},"modified":"2025-11-03T17:23:56","modified_gmt":"2025-11-03T16:23:56","slug":"sg-cs-11-2","status":"publish","type":"page","link":"https:\/\/www.topohvar.at\/topo\/orte\/sg\/sg-cs-11-2\/","title":{"rendered":"STARI GRAD &#8211; Kapelica \u00bbSv. Marije\u00ab"},"content":{"rendered":"<p><a name=\"seite_oben\"><\/a><br \/>\n<img loading=\"lazy\" decoding=\"async\" class=\"alignnone wp-image-2261 size-large\" src=\"https:\/\/www.topohvar.at\/wp-content\/uploads\/2018\/08\/SG-CS-11-1-1024x503.jpg\" alt=\"\" width=\"640\" height=\"314\" srcset=\"https:\/\/www.topohvar.at\/wp-content\/uploads\/2018\/08\/SG-CS-11-1-1024x503.jpg 1024w, https:\/\/www.topohvar.at\/wp-content\/uploads\/2018\/08\/SG-CS-11-1-300x147.jpg 300w, https:\/\/www.topohvar.at\/wp-content\/uploads\/2018\/08\/SG-CS-11-1-768x377.jpg 768w\" sizes=\"auto, (max-width: 640px) 100vw, 640px\" \/><\/p>\n<p><strong>Ime \/ Name<br \/>\n<\/strong>Kapelica \u00bbSv. Marije\u00ab \/ Bildstock der hl. Maria<\/p>\n<p><strong>Code: <\/strong>SG-CS-11\u00a0 \u00a0 \u00a0 \u00a0 \u00a0 \u00a0 \u00a0 \u00a0 \u00a0 \u00a0 \u00a0 \u00a0 \u00a0 \u00a0 \u00a0 \u00a0 \u00a0 \u00a0\u00a0<strong><a href=\"https:\/\/www.topohvar.at\/orte\/sg\/sg-cs-10-2\/\"><img loading=\"lazy\" decoding=\"async\" class=\"alignnone wp-image-533 size-full\" src=\"https:\/\/www.topohvar.at\/wp-content\/uploads\/2018\/07\/push-l-30.jpg\" alt=\"\" width=\"61\" height=\"30\" \/><\/a> <a href=\"https:\/\/www.topohvar.at\/orte\/sg\/\"><img loading=\"lazy\" decoding=\"async\" class=\"alignnone wp-image-535 size-full\" src=\"https:\/\/www.topohvar.at\/wp-content\/uploads\/2018\/07\/push-o-30.jpg\" alt=\"\" width=\"61\" height=\"30\" \/><\/a> <a href=\"https:\/\/www.topohvar.at\/orte\/sg\/sg-cs-08-2\/\"><img loading=\"lazy\" decoding=\"async\" class=\"alignnone wp-image-536 size-full\" src=\"https:\/\/www.topohvar.at\/wp-content\/uploads\/2018\/07\/push-r-30.jpg\" alt=\"\" width=\"61\" height=\"30\" \/><\/a><\/strong><\/p>\n<hr \/>\n<p><strong>Adresa \/ Adresse<br \/>\n<\/strong>Stari Grad, do 2021.g. ulica Kod sv. Stjepana 1, od 2021. g. ulica Tonka Maroevi\u0107a.<\/p>\n<p><strong>Lokacija \/ Position<a href=\"https:\/\/goo.gl\/maps\/Lx3MdhuGGu8WQYTn9\"><img loading=\"lazy\" decoding=\"async\" class=\"alignright wp-image-2338\" src=\"https:\/\/www.topohvar.at\/wp-content\/uploads\/2018\/08\/1105.jpg\" alt=\"\" width=\"134\" height=\"100\" \/><\/a><br \/>\n<\/strong><span style=\"color: #3366ff;\"><a style=\"color: #3366ff;\" href=\"https:\/\/goo.gl\/maps\/Lx3MdhuGGu8WQYTn9\">Latitude: N 43,18355\u00b0\u00a0 \u00a0Longitude: E 16,59851\u00b0<\/a> <\/span><strong><br \/>\n<\/strong>Visina \/ H\u00f6he: 1 m<\/p>\n<p><strong>Katastarska \u010destica \/ Grundst\u00fccke<br \/>\n<\/strong>*543\/1<div class='content-column one_half'><div style=\"padding-right:6px;\"><p><strong>Datum snimanja \/ Erfassungsdatum<br \/>\n<\/strong>27.05.2016 06:16:39<\/p>\n<hr \/>\n<p><strong>Informacije<\/strong><\/p>\n<p>Na kamenoj ni\u0161i renesansne profilacije, uzidanoj u sjeverni zid ku\u0107e Pu\u0161kari\u0107\/Vrsalovi\u0107, u naposrednoj blizini trga \u0160kor uklesan je natpis:<\/p><\/div><\/div><div class='content-column one_half last_column'><div style=\"padding-right:0px;padding-left:6px;\"><p><strong>Stupanj za\u0161tite \/ Schutzstellung<br \/>\n<\/strong>&#8211;<\/p>\n<hr \/>\n<p><strong>Info<\/strong><\/p>\n<p>Auf einer steinernen Nische mit Renaissance-Profilierung, die in die Nordwand des Hauses Pu\u0161kari\u0107 \/ Vrsalovi\u0107 in unmittelbarer N\u00e4he des \u0160kor-Platzes eingebaut wurde, ist eine Inschrift eingraviert:<\/p><\/div><\/div><div class='clear_column'><\/div><\/p>\n<p style=\"text-align: center;\">Latinski natpis: \/ Lateinische Inschrift:<\/p>\n<p style=\"text-align: center;\">VIRGO DEI GENITRIX<br \/>\nORA PRO NOBIS &#8211; M &#8211; D &#8211;<br \/>\nL &#8211; XVIII DIE X AGVSTO<\/p>\n<div class='content-column one_half'><div style=\"padding-right:6px;\"><p>(= Djevice Bogorodice, moli za nas. 10. kolovoza 1568.)<\/p><\/div><\/div><div class='content-column one_half last_column'><div style=\"padding-right:0px;padding-left:6px;\"><p>(= Jungfrau Maria bitte f\u00fcr uns. 10. August 1568)<\/p><\/div><\/div><div class='clear_column'><\/div><div class='content-column one_half'><div style=\"padding-right:6px;\"><p>Ovaj natpis otkriven 1992. godine, objavljen je prvi put u znanstvenom radu Jo\u0161ka Kova\u010di\u0107a iz Hvara: &#8218;Nekoliko podataka o starogradskim spomenicima&#8216; u \u010dasopisu Dr\u017eavne uprave za za\u0161titu kulturne i prirodne ba\u0161tine &#8211; Glavnog povjerenstva u Splitu, 1994. godine, br. 34. &#8218;Prilozi povijesti umjetnosti u Dalmaciji&#8216;. Ni\u0161u je rekonstruirao i ovdje\u00a0 je sagradio starigradski gra\u0111anin Grgo &#8218;Gargur&#8216; Radoni\u0107.<\/p><\/div><\/div><div class='content-column one_half last_column'><div style=\"padding-right:0px;padding-left:6px;\"><p>Diese 1992 entdeckte Inschrift wurde erstmals in der wissenschaftlichen Arbeit von Jo\u0161ko Kova\u010di\u0107 aus Hvar ver\u00f6ffentlicht: &#8222;Mehrere Daten zu Denkm\u00e4lern von Stari Grad&#8220; in der Zeitschrift der staatlichen Verwaltung f\u00fcr den Schutz des Kultur- und Naturerbes &#8211; Hauptkommission in Split, 1994, Nr. 34. &#8222;Beitr\u00e4ge zur Kunstgeschichte in Dalmatien&#8220;. Die Nische wurde rekonstruiert und an dieser Stelle von dem Starigrader Grgo &#8218;Gargur&#8216; Radoni\u0107 errichtet.<\/p><\/div><\/div><div class='clear_column'><\/div><\/p>\n<hr \/>\n<div class='content-column one_half'><div style=\"padding-right:6px;\"><p><img loading=\"lazy\" decoding=\"async\" class=\"alignleft size-medium wp-image-73246\" src=\"https:\/\/www.topohvar.at\/wp-content\/uploads\/2025\/11\/SG-CS-11-020-300x300.jpg\" alt=\"\" width=\"300\" height=\"300\" srcset=\"https:\/\/www.topohvar.at\/wp-content\/uploads\/2025\/11\/SG-CS-11-020-300x300.jpg 300w, https:\/\/www.topohvar.at\/wp-content\/uploads\/2025\/11\/SG-CS-11-020-150x150.jpg 150w, https:\/\/www.topohvar.at\/wp-content\/uploads\/2025\/11\/SG-CS-11-020.jpg 530w\" sizes=\"auto, (max-width: 300px) 100vw, 300px\" \/><\/p><\/div><\/div><div class='content-column one_half last_column'><div style=\"padding-right:0px;padding-left:6px;\"><p>&nbsp;<\/p>\n<p>Godine 2025. u kapeli je prona\u0111ena nova slika (reljefna plo\u010da).<\/p>\n<p style=\"text-align: center;\">-\/-<\/p>\n<p>Im Jahr 2025 fand sich ein neues Bild (Relieftafel) im Bildstock.<\/p><\/div><\/div><div class='clear_column'><\/div><\/p>\n<p style=\"text-align: right;\"><span style=\"color: #3366ff;\"><a style=\"color: #3366ff;\" href=\"#seite_oben\">natrag na vrh \/ Seitenanfang<\/a><\/span><\/p>\n<hr \/>\n<p><strong>Linkovi \/ Links<\/strong><\/p>\n<p>&#8211;<\/p>\n","protected":false},"excerpt":{"rendered":"<p>Ime \/ Name Kapelica \u00bbSv. Marije\u00ab \/ Bildstock der hl. Maria Code: SG-CS-11\u00a0 \u00a0 \u00a0 \u00a0 \u00a0 \u00a0 \u00a0 \u00a0 \u00a0 \u00a0 \u00a0 \u00a0 \u00a0 \u00a0 \u00a0 \u00a0 \u00a0 \u00a0\u00a0 Adresa \/ Adresse Stari Grad, do 2021.g. ulica Kod sv. &hellip; <a href=\"https:\/\/www.topohvar.at\/topo\/orte\/sg\/sg-cs-11-2\/\">Weiterlesen <span class=\"meta-nav\">&rarr;<\/span><\/a><\/p>\n","protected":false},"author":1,"featured_media":0,"parent":99,"menu_order":0,"comment_status":"closed","ping_status":"closed","template":"","meta":{"footnotes":""},"class_list":["post-2292","page","type-page","status-publish","hentry"],"_links":{"self":[{"href":"https:\/\/www.topohvar.at\/topo\/wp-json\/wp\/v2\/pages\/2292","targetHints":{"allow":["GET"]}}],"collection":[{"href":"https:\/\/www.topohvar.at\/topo\/wp-json\/wp\/v2\/pages"}],"about":[{"href":"https:\/\/www.topohvar.at\/topo\/wp-json\/wp\/v2\/types\/page"}],"author":[{"embeddable":true,"href":"https:\/\/www.topohvar.at\/topo\/wp-json\/wp\/v2\/users\/1"}],"replies":[{"embeddable":true,"href":"https:\/\/www.topohvar.at\/topo\/wp-json\/wp\/v2\/comments?post=2292"}],"version-history":[{"count":17,"href":"https:\/\/www.topohvar.at\/topo\/wp-json\/wp\/v2\/pages\/2292\/revisions"}],"predecessor-version":[{"id":73248,"href":"https:\/\/www.topohvar.at\/topo\/wp-json\/wp\/v2\/pages\/2292\/revisions\/73248"}],"up":[{"embeddable":true,"href":"https:\/\/www.topohvar.at\/topo\/wp-json\/wp\/v2\/pages\/99"}],"wp:attachment":[{"href":"https:\/\/www.topohvar.at\/topo\/wp-json\/wp\/v2\/media?parent=2292"}],"curies":[{"name":"wp","href":"https:\/\/api.w.org\/{rel}","templated":true}]}}