{"id":22944,"date":"2019-05-22T19:29:12","date_gmt":"2019-05-22T17:29:12","guid":{"rendered":"https:\/\/www.topohvar.at\/topo\/?page_id=22944"},"modified":"2021-05-12T17:52:44","modified_gmt":"2021-05-12T15:52:44","slug":"gv-tr-58-1","status":"publish","type":"page","link":"https:\/\/www.topohvar.at\/topo\/orte\/gv\/gv-tr-58-1\/","title":{"rendered":"VELO GRABLJE &#8211; Trim \u00bbGV-TR-58\u00ab"},"content":{"rendered":"<p><a name=\"seite_oben\"><\/a><br \/>\n<strong><img loading=\"lazy\" decoding=\"async\" class=\"alignnone wp-image-22977 size-large\" src=\"https:\/\/www.topohvar.at\/wp-content\/uploads\/2019\/05\/gv-tr-58-0-1024x503.jpg\" alt=\"\" width=\"640\" height=\"314\" srcset=\"https:\/\/www.topohvar.at\/wp-content\/uploads\/2019\/05\/gv-tr-58-0-1024x503.jpg 1024w, https:\/\/www.topohvar.at\/wp-content\/uploads\/2019\/05\/gv-tr-58-0-300x147.jpg 300w, https:\/\/www.topohvar.at\/wp-content\/uploads\/2019\/05\/gv-tr-58-0-768x377.jpg 768w, https:\/\/www.topohvar.at\/wp-content\/uploads\/2019\/05\/gv-tr-58-0.jpg 1080w\" sizes=\"auto, (max-width: 640px) 100vw, 640px\" \/><\/strong><\/p>\n<p><strong>Ime \/ Name<br \/>\n<\/strong>Trim \u00bbGV-TR-58\u00ab<\/p>\n<p><strong>Code: <\/strong>GV-TR-58\u00a0 \u00a0 \u00a0 \u00a0 \u00a0 \u00a0 \u00a0 \u00a0 \u00a0 \u00a0 \u00a0 \u00a0 \u00a0 \u00a0 \u00a0 \u00a0<strong><a href=\"https:\/\/www.topohvar.at\/orte\/gv\/gv-tr-00-1\/\"><img loading=\"lazy\" decoding=\"async\" class=\"alignnone wp-image-12300 size-full\" src=\"https:\/\/www.topohvar.at\/wp-content\/uploads\/2018\/09\/push-vor-30.jpg\" alt=\"\" width=\"61\" height=\"30\" \/><\/a> <a href=\"https:\/\/www.topohvar.at\/orte\/gv\/gv-tr-16-1\/\"><img loading=\"lazy\" decoding=\"async\" class=\"alignnone wp-image-533 size-full\" src=\"https:\/\/www.topohvar.at\/wp-content\/uploads\/2018\/07\/push-l-30.jpg\" alt=\"\" width=\"61\" height=\"30\" \/><\/a> <a href=\"https:\/\/www.topohvar.at\/orte\/gv\/\"><img loading=\"lazy\" decoding=\"async\" class=\"alignnone wp-image-535 size-full\" src=\"https:\/\/www.topohvar.at\/wp-content\/uploads\/2018\/07\/push-o-30.jpg\" alt=\"\" width=\"61\" height=\"30\" \/><\/a> <a href=\"https:\/\/www.topohvar.at\/orte\/gv\/gv-tr-36-1\/\"><img loading=\"lazy\" decoding=\"async\" class=\"alignnone wp-image-536 size-full\" src=\"https:\/\/www.topohvar.at\/wp-content\/uploads\/2018\/07\/push-r-30.jpg\" alt=\"\" width=\"61\" height=\"30\" \/><\/a><\/strong><\/p>\n<hr \/>\n<p><strong>Adresa \/ Adresse<br \/>\n<\/strong>Velo Grablje, ju\u017eno od Sv. Vida \/ s\u00fcdlich der Kirche zum hl. Vitus<\/p>\n<p><strong>Lokacija \/ Position<a href=\"https:\/\/goo.gl\/maps\/B28oQdbALPtLc4cw6\"><img loading=\"lazy\" decoding=\"async\" class=\"alignright wp-image-22948\" src=\"https:\/\/www.topohvar.at\/wp-content\/uploads\/2019\/05\/2066.jpg\" alt=\"\" width=\"134\" height=\"100\" \/><\/a><br \/>\n<\/strong><span style=\"color: #3366ff;\"><a style=\"color: #3366ff;\" href=\"https:\/\/goo.gl\/maps\/B28oQdbALPtLc4cw6\">Latitude: N 43,15985\u00b0\u00a0 \u00a0Longitude: E 16,53237\u00b0<\/a><\/span> <strong><br \/>\n<\/strong>Visina \/ H\u00f6he: 374 m<\/p>\n<p><strong>Katastarska \u010destica \/ Grundst\u00fccke<br \/>\n<\/strong>2650 <div class='content-column one_half'><div style=\"padding-right:6px;\"><p><strong>Datum snimanja \/ Erfassungsdatum<br \/>\n<\/strong>21.05.2019 13:52:14<\/p>\n<hr \/>\n<p><strong>Informacije<\/strong><\/p>\n<p>Tim stoji na putu od crkvice sv. Vida do brda Humac u mre\u017ei suhozida. Njegova lijeva strana i le\u0111a su zaglavljeni u velikoj hrpi kamenja. S desne strane grani\u010diti se suhozid. Potpuno zarastao ulaz u ovalni interijer za\u0161ti\u0107en je suhozidom. Trim je u relativno dobrom stanju, ali se vi\u0161e ne koristi.<\/p><\/div><\/div><div class='content-column one_half last_column'><div style=\"padding-right:0px;padding-left:6px;\"><p><strong>Stupanj za\u0161tite \/ Schutzstellung<br \/>\n<\/strong>&#8211;<\/p>\n<hr \/>\n<p><strong>Info<\/strong><\/p>\n<p>Der Trim steht am Weg von der kleinen Kirche zum heiligen Vitus zum H\u00fcgel Humac in einem Netz von Trockensteinmauern. Seine linke Seite und seine R\u00fcckseite stecken in einem gro\u00dfen Steinhaufen, rechts grenzt eine Trockensteinmauer an. Der total verwachsene Eingang zum ovalen Innenraum wird durch eine Trockensteinmauer gesch\u00fctzt. Der Trim ist in einem relativ guten Zustand, wird aber nicht mehr genutzt.<\/p><\/div><\/div><div class='clear_column'><\/div><div class='content-column one_half'><div style=\"padding-right:6px;\"><div id=\"attachment_23700\" style=\"width: 310px\" class=\"wp-caption aligncenter\"><img loading=\"lazy\" decoding=\"async\" aria-describedby=\"caption-attachment-23700\" class=\"size-medium wp-image-23700\" src=\"https:\/\/www.topohvar.at\/wp-content\/uploads\/2019\/07\/gv-tr-58-1-300x300.jpg\" alt=\"\" width=\"300\" height=\"300\" srcset=\"https:\/\/www.topohvar.at\/wp-content\/uploads\/2019\/07\/gv-tr-58-1-300x300.jpg 300w, https:\/\/www.topohvar.at\/wp-content\/uploads\/2019\/07\/gv-tr-58-1-150x150.jpg 150w, https:\/\/www.topohvar.at\/wp-content\/uploads\/2019\/07\/gv-tr-58-1.jpg 450w\" sizes=\"auto, (max-width: 300px) 100vw, 300px\" \/><p id=\"caption-attachment-23700\" class=\"wp-caption-text\">Ulaz \/ Eingang<\/p><\/div>\n<p>Dana 21.05.2019 trim je posje\u0107en i prona\u0111en je sljede\u0107i<\/p>\n<p>Lokacija: livada, vrba<br \/>\nPodzemlje: ravan<br \/>\nSklop: bri\u017ena kamena gomila , kameni zid<br \/>\nUpotreba: ne koristi<br \/>\nStanje izgradnje: dobro, prekriven vegetacijom<br \/>\nBroj prstenova trima: jedan prsten<br \/>\nDodatni kameni prsten: nema kamenog prstena<br \/>\nStepeni\u0161te: nema stepenica<br \/>\nOblik kamena: uglast<br \/>\nPodru\u010dje ispred ulaza: zarastao<br \/>\nVrata na stranicu: S (0\u00b0)<br \/>\nPromjer trima (cm): 310<br \/>\nVisina trima (cm): 195<br \/>\nVisina prstena (cm): 120<br \/>\nDebljina zida (cm): 70<br \/>\n\u0160irina vrata (cm): 55<br \/>\nVisina vrata (cm): 80<br \/>\n\u0160irina unutra (cm): 110 &#8211; 170<br \/>\nVisina unutra (cm): 160<br \/>\nVolumen iznutra (m3): 1,59<br \/>\nNema ni\u0161e<\/p><\/div><\/div><div class='content-column one_half last_column'><div style=\"padding-right:0px;padding-left:6px;\"><div id=\"attachment_23701\" style=\"width: 310px\" class=\"wp-caption aligncenter\"><img loading=\"lazy\" decoding=\"async\" aria-describedby=\"caption-attachment-23701\" class=\"size-medium wp-image-23701\" src=\"https:\/\/www.topohvar.at\/wp-content\/uploads\/2019\/07\/gv-tr-58-5-300x300.jpg\" alt=\"\" width=\"300\" height=\"300\" srcset=\"https:\/\/www.topohvar.at\/wp-content\/uploads\/2019\/07\/gv-tr-58-5-300x300.jpg 300w, https:\/\/www.topohvar.at\/wp-content\/uploads\/2019\/07\/gv-tr-58-5-150x150.jpg 150w, https:\/\/www.topohvar.at\/wp-content\/uploads\/2019\/07\/gv-tr-58-5.jpg 450w\" sizes=\"auto, (max-width: 300px) 100vw, 300px\" \/><p id=\"caption-attachment-23701\" class=\"wp-caption-text\">seite<\/p><\/div>\n<p>Am 21.05.2019 wurde der Trim besucht und untersucht<\/p>\n<p>Standort: Wiese, Weide<br \/>\nUntergrund: eben<br \/>\nVerbunden mit: Steinhaufen geordnet , Steinmauer<br \/>\nNutzung: ungenutzt<br \/>\nZustand: gut, verwachsen<br \/>\nRinge\/Stufen des Trim: einstufig<br \/>\nZus\u00e4tzlicher Steinring: kein Steinring<br \/>\nStiege: keine Stufen<br \/>\nSteinform: kantig<br \/>\nEingangsbereich: verwachsen<br \/>\nEingangsseite: N (0\u00b0)<br \/>\nTrimdurchmesser (cm): 310<br \/>\nTrimh\u00f6he (cm): 195<br \/>\nStufen\/Ringh\u00f6he (cm): 120<br \/>\nWandst\u00e4rke: 70<br \/>\nT\u00fcrbreite (cm): 55<br \/>\nT\u00fcrh\u00f6he (cm): 80<br \/>\nInnenraumbreite (cm): 110 &#8211; 170<br \/>\nInnenraumh\u00f6he (cm): 160<br \/>\nRaumvolumen (m3): 1,59<br \/>\nKeine Nische<\/p><\/div><\/div><div class='clear_column'><\/div><\/p>\n<p><img loading=\"lazy\" decoding=\"async\" class=\"aligncenter size-full wp-image-23702\" src=\"https:\/\/www.topohvar.at\/wp-content\/uploads\/2019\/07\/gv-tr-58-sca.jpg\" alt=\"\" width=\"640\" height=\"970\" srcset=\"https:\/\/www.topohvar.at\/wp-content\/uploads\/2019\/07\/gv-tr-58-sca.jpg 640w, https:\/\/www.topohvar.at\/wp-content\/uploads\/2019\/07\/gv-tr-58-sca-198x300.jpg 198w\" sizes=\"auto, (max-width: 640px) 100vw, 640px\" \/><\/p>\n<p style=\"text-align: right;\"><a href=\"#seite_oben\">natrag na vrh \/ Seitenanfang<\/a><\/p>\n<hr \/>\n<p><strong>Linkovi \/ Links<\/strong><\/p>\n<p>&#8211;<\/p>\n","protected":false},"excerpt":{"rendered":"<p>Ime \/ Name Trim \u00bbGV-TR-58\u00ab Code: GV-TR-58\u00a0 \u00a0 \u00a0 \u00a0 \u00a0 \u00a0 \u00a0 \u00a0 \u00a0 \u00a0 \u00a0 \u00a0 \u00a0 \u00a0 \u00a0 \u00a0 Adresa \/ Adresse Velo Grablje, ju\u017eno od Sv. Vida \/ s\u00fcdlich der Kirche zum hl. Vitus Lokacija \/ &hellip; <a href=\"https:\/\/www.topohvar.at\/topo\/orte\/gv\/gv-tr-58-1\/\">Weiterlesen <span class=\"meta-nav\">&rarr;<\/span><\/a><\/p>\n","protected":false},"author":1,"featured_media":0,"parent":76,"menu_order":0,"comment_status":"closed","ping_status":"closed","template":"","meta":{"footnotes":""},"class_list":["post-22944","page","type-page","status-publish","hentry"],"_links":{"self":[{"href":"https:\/\/www.topohvar.at\/topo\/wp-json\/wp\/v2\/pages\/22944","targetHints":{"allow":["GET"]}}],"collection":[{"href":"https:\/\/www.topohvar.at\/topo\/wp-json\/wp\/v2\/pages"}],"about":[{"href":"https:\/\/www.topohvar.at\/topo\/wp-json\/wp\/v2\/types\/page"}],"author":[{"embeddable":true,"href":"https:\/\/www.topohvar.at\/topo\/wp-json\/wp\/v2\/users\/1"}],"replies":[{"embeddable":true,"href":"https:\/\/www.topohvar.at\/topo\/wp-json\/wp\/v2\/comments?post=22944"}],"version-history":[{"count":12,"href":"https:\/\/www.topohvar.at\/topo\/wp-json\/wp\/v2\/pages\/22944\/revisions"}],"predecessor-version":[{"id":49218,"href":"https:\/\/www.topohvar.at\/topo\/wp-json\/wp\/v2\/pages\/22944\/revisions\/49218"}],"up":[{"embeddable":true,"href":"https:\/\/www.topohvar.at\/topo\/wp-json\/wp\/v2\/pages\/76"}],"wp:attachment":[{"href":"https:\/\/www.topohvar.at\/topo\/wp-json\/wp\/v2\/media?parent=22944"}],"curies":[{"name":"wp","href":"https:\/\/api.w.org\/{rel}","templated":true}]}}