{"id":23971,"date":"2019-08-02T08:54:37","date_gmt":"2019-08-02T06:54:37","guid":{"rendered":"https:\/\/www.topohvar.at\/topo\/?page_id=23971"},"modified":"2020-03-20T09:45:39","modified_gmt":"2020-03-20T08:45:39","slug":"zr-is-03-1","status":"publish","type":"page","link":"https:\/\/www.topohvar.at\/topo\/orte\/zr\/zr-is-03-1\/","title":{"rendered":"ZARA\u010cE &#8211; Spomen plo\u010da \u00bbFrani\u010devi\u0107\u00ab"},"content":{"rendered":"<p><img loading=\"lazy\" decoding=\"async\" class=\"aligncenter size-large wp-image-23972\" src=\"https:\/\/www.topohvar.at\/wp-content\/uploads\/2019\/08\/zr-is-03-1-1024x503.jpg\" alt=\"\" width=\"640\" height=\"314\" srcset=\"https:\/\/www.topohvar.at\/wp-content\/uploads\/2019\/08\/zr-is-03-1-1024x503.jpg 1024w, https:\/\/www.topohvar.at\/wp-content\/uploads\/2019\/08\/zr-is-03-1-300x147.jpg 300w, https:\/\/www.topohvar.at\/wp-content\/uploads\/2019\/08\/zr-is-03-1-768x377.jpg 768w, https:\/\/www.topohvar.at\/wp-content\/uploads\/2019\/08\/zr-is-03-1.jpg 1080w\" sizes=\"auto, (max-width: 640px) 100vw, 640px\" \/><\/p>\n<p><strong>Ime \/ Name<br \/>\n<\/strong>Spomen plo\u010da \/ Gedenktafel \u00bbFrani\u010devi\u0107\u00ab<\/p>\n<p><strong>Code: <\/strong>ZR-IS-03\u00a0 \u00a0 \u00a0 \u00a0 \u00a0 \u00a0 \u00a0 \u00a0 \u00a0 \u00a0 \u00a0 \u00a0 \u00a0 \u00a0 \u00a0 \u00a0 \u00a0 \u00a0 \u00a0 \u00a0<strong><a href=\"https:\/\/www.topohvar.at\/orte\/zr\/zr-is-02-1\/\"><img loading=\"lazy\" decoding=\"async\" class=\"alignnone wp-image-533 size-full\" src=\"https:\/\/www.topohvar.at\/wp-content\/uploads\/2018\/07\/push-l-30.jpg\" alt=\"\" width=\"61\" height=\"30\" \/><\/a> <a href=\"https:\/\/www.topohvar.at\/orte\/zr\/\"><img loading=\"lazy\" decoding=\"async\" class=\"alignnone wp-image-535 size-full\" src=\"https:\/\/www.topohvar.at\/wp-content\/uploads\/2018\/07\/push-o-30.jpg\" alt=\"\" width=\"61\" height=\"30\" \/><\/a> <a href=\"https:\/\/www.topohvar.at\/orte\/zr\/zr-ip-01-1\/\"><img loading=\"lazy\" decoding=\"async\" class=\"alignnone wp-image-536 size-full\" src=\"https:\/\/www.topohvar.at\/wp-content\/uploads\/2018\/07\/push-r-30.jpg\" alt=\"\" width=\"61\" height=\"30\" \/><\/a>\u00a0<\/strong><\/p>\n<hr \/>\n<p><strong>Adresa \/ Adresse<br \/>\n<\/strong>Zara\u010de na raskri\u017eju, na glavnoj cesti DC-116 \/ an Stra\u00dfenkreuzung der Hauptstra\u00dfe.<\/p>\n<p><strong>Lokalna polo\u017eaj \/ Position<a href=\"https:\/\/goo.gl\/maps\/R3BAYwm8otbStYah6\"><img loading=\"lazy\" decoding=\"async\" class=\"alignright wp-image-23975\" src=\"https:\/\/www.topohvar.at\/wp-content\/uploads\/2019\/08\/2073.jpg\" alt=\"\" width=\"134\" height=\"100\" \/><\/a><br \/>\n<\/strong><span style=\"color: #3366ff;\"><a style=\"color: #3366ff;\" href=\"https:\/\/goo.gl\/maps\/R3BAYwm8otbStYah6\">Latitude: N 43,15215\u00b0\u00a0 \u00a0Longitude: E 16,51509\u00b0<\/a> <\/span><strong><br \/>\n<\/strong>Visina \/ H\u00f6he: 114 m<\/p>\n<p><strong>Zemlji\u0161te \/ Grundst\u00fccke<br \/>\n<\/strong>1166(?) <div class='content-column one_half'><div style=\"padding-right:6px;\"><p><strong>Datum snimanja \/ Erfassungsdatum<br \/>\n<\/strong>31.07.2019 10:23:10<\/p>\n<hr \/>\n<p><strong>Informacije<\/strong><\/p>\n<p>Spomen-plo\u010da nalazi se u glavnoj ulici DC-116 u blizini raskri\u017eja s prilaznim putem do sela Zara\u0107e:<\/p><\/div><\/div><div class='content-column one_half last_column'><div style=\"padding-right:0px;padding-left:6px;\"><p><strong>Za\u0161titni polo\u017eaj \/ Schutzstellung<br \/>\n<\/strong>&#8211;<\/p>\n<hr \/>\n<p><strong>Info<\/strong><\/p>\n<p>Die Gedenktafel befindet sich an der Hauptstra\u00dfe DC-116 nahe der Kreuzung mit der Zufahrtsstra\u00dfe in die Ortschaft Zara\u0107e:<\/p><\/div><\/div><div class='clear_column'><\/div><div class='content-column one_half'><div style=\"padding-right:6px;\"><p style=\"text-align: center;\">MATE FRANI\u010cEVI\u0106<br \/>\nMIKSI<br \/>\n30.04.1998 \u2013 30.08.2017<br \/>\nU SPOMEN MAMA, TATA, SESTRA<br \/>\nBAKE, DIDA, BARBE, TETE<br \/>\nPO\u010cIVAO U MIRU BO\u017dJEM<\/p><\/div><\/div><div class='content-column one_half last_column'><div style=\"padding-right:0px;padding-left:6px;\"><p style=\"text-align: center;\">Mate Frani\u010devi\u0107<br \/>\nMiksi<br \/>\n30.04.1998 \u2013 30.08.2017<br \/>\nin Gedenken, Mutter, Vater, Schwester<br \/>\nOmas, Opas, Barbe, Tanten.<br \/>\nRuhe in Frieden mit Gott<\/p><\/div><\/div><div class='clear_column'><\/div><\/p>\n<hr \/>\n<p><strong>Linkovi \/ Links<\/strong><\/p>\n<p>&#8211;<\/p>\n","protected":false},"excerpt":{"rendered":"<p>Ime \/ Name Spomen plo\u010da \/ Gedenktafel \u00bbFrani\u010devi\u0107\u00ab Code: ZR-IS-03\u00a0 \u00a0 \u00a0 \u00a0 \u00a0 \u00a0 \u00a0 \u00a0 \u00a0 \u00a0 \u00a0 \u00a0 \u00a0 \u00a0 \u00a0 \u00a0 \u00a0 \u00a0 \u00a0 \u00a0 \u00a0 Adresa \/ Adresse Zara\u010de na raskri\u017eju, na glavnoj cesti DC-116 &hellip; <a href=\"https:\/\/www.topohvar.at\/topo\/orte\/zr\/zr-is-03-1\/\">Weiterlesen <span class=\"meta-nav\">&rarr;<\/span><\/a><\/p>\n","protected":false},"author":1,"featured_media":0,"parent":117,"menu_order":0,"comment_status":"closed","ping_status":"closed","template":"","meta":{"footnotes":""},"class_list":["post-23971","page","type-page","status-publish","hentry"],"_links":{"self":[{"href":"https:\/\/www.topohvar.at\/topo\/wp-json\/wp\/v2\/pages\/23971","targetHints":{"allow":["GET"]}}],"collection":[{"href":"https:\/\/www.topohvar.at\/topo\/wp-json\/wp\/v2\/pages"}],"about":[{"href":"https:\/\/www.topohvar.at\/topo\/wp-json\/wp\/v2\/types\/page"}],"author":[{"embeddable":true,"href":"https:\/\/www.topohvar.at\/topo\/wp-json\/wp\/v2\/users\/1"}],"replies":[{"embeddable":true,"href":"https:\/\/www.topohvar.at\/topo\/wp-json\/wp\/v2\/comments?post=23971"}],"version-history":[{"count":9,"href":"https:\/\/www.topohvar.at\/topo\/wp-json\/wp\/v2\/pages\/23971\/revisions"}],"predecessor-version":[{"id":33782,"href":"https:\/\/www.topohvar.at\/topo\/wp-json\/wp\/v2\/pages\/23971\/revisions\/33782"}],"up":[{"embeddable":true,"href":"https:\/\/www.topohvar.at\/topo\/wp-json\/wp\/v2\/pages\/117"}],"wp:attachment":[{"href":"https:\/\/www.topohvar.at\/topo\/wp-json\/wp\/v2\/media?parent=23971"}],"curies":[{"name":"wp","href":"https:\/\/api.w.org\/{rel}","templated":true}]}}