{"id":24067,"date":"2019-08-10T19:16:30","date_gmt":"2019-08-10T17:16:30","guid":{"rendered":"https:\/\/www.topohvar.at\/topo\/?page_id=24067"},"modified":"2021-12-16T18:29:42","modified_gmt":"2021-12-16T17:29:42","slug":"je-ob-03-1","status":"publish","type":"page","link":"https:\/\/www.topohvar.at\/topo\/orte\/je\/je-ob-03-1\/","title":{"rendered":"JELSA &#8211; Objekt \u00bbPismo  J E L S A\u00ab"},"content":{"rendered":"<p><a name=\"seite_oben\"><\/a><br \/>\n<strong><img loading=\"lazy\" decoding=\"async\" class=\"aligncenter wp-image-24068 size-large\" src=\"https:\/\/www.topohvar.at\/wp-content\/uploads\/2019\/08\/je-ob-03-1-1024x503.jpg\" alt=\"\" width=\"640\" height=\"314\" srcset=\"https:\/\/www.topohvar.at\/wp-content\/uploads\/2019\/08\/je-ob-03-1-1024x503.jpg 1024w, https:\/\/www.topohvar.at\/wp-content\/uploads\/2019\/08\/je-ob-03-1-300x147.jpg 300w, https:\/\/www.topohvar.at\/wp-content\/uploads\/2019\/08\/je-ob-03-1-768x377.jpg 768w, https:\/\/www.topohvar.at\/wp-content\/uploads\/2019\/08\/je-ob-03-1.jpg 1080w\" sizes=\"auto, (max-width: 640px) 100vw, 640px\" \/><\/strong><\/p>\n<p><strong>Ime \/ Name<br \/>\n<\/strong>Objekt \u00bbPismo J E L S A\u00ab \/\u00a0Schriftzug &#8220; J E L S A &#8220;<\/p>\n<p><strong>Code: <\/strong>JE-OB-03\u00a0 \u00a0 \u00a0 \u00a0 \u00a0 \u00a0 \u00a0 \u00a0 \u00a0 \u00a0 \u00a0 \u00a0 \u00a0 \u00a0 \u00a0 \u00a0 \u00a0 \u00a0 \u00a0 \u00a0\u00a0<strong><a href=\"https:\/\/www.topohvar.at\/orte\/je\/je-og-01-1\/\"><img loading=\"lazy\" decoding=\"async\" class=\"alignnone wp-image-12300 size-full\" src=\"https:\/\/www.topohvar.at\/wp-content\/uploads\/2018\/09\/push-vor-30.jpg\" alt=\"\" width=\"61\" height=\"30\" \/><\/a>\u00a0<a href=\"https:\/\/www.topohvar.at\/orte\/je\/je-ob-01-1\/\"><img loading=\"lazy\" decoding=\"async\" class=\"alignnone wp-image-533 size-full\" src=\"https:\/\/www.topohvar.at\/wp-content\/uploads\/2018\/07\/push-l-30.jpg\" alt=\"\" width=\"61\" height=\"30\" \/><\/a> <a href=\"https:\/\/www.topohvar.at\/orte\/je\/\"><img loading=\"lazy\" decoding=\"async\" class=\"alignnone wp-image-535 size-full\" src=\"https:\/\/www.topohvar.at\/wp-content\/uploads\/2018\/07\/push-o-30.jpg\" alt=\"\" width=\"61\" height=\"30\" \/><\/a> <a href=\"https:\/\/www.topohvar.at\/orte\/je\/je-ob-04-1\/\"><img loading=\"lazy\" decoding=\"async\" class=\"alignnone wp-image-536 size-full\" src=\"https:\/\/www.topohvar.at\/wp-content\/uploads\/2018\/07\/push-r-30.jpg\" alt=\"\" width=\"61\" height=\"30\" \/><\/a> <a href=\"https:\/\/www.topohvar.at\/orte\/je\/je-os-01-1\/\"><img loading=\"lazy\" decoding=\"async\" class=\"alignnone wp-image-12299 size-full\" src=\"https:\/\/www.topohvar.at\/wp-content\/uploads\/2018\/09\/push-next-30.jpg\" alt=\"\" width=\"61\" height=\"30\" \/><\/a>\u00a0\u00a0<\/strong><\/p>\n<hr \/>\n<p><strong>Adresa \/ Adresse<br \/>\n<\/strong>Jelsa, Riva<\/p>\n<p><strong>Lokacija \/ Position<a href=\"https:\/\/goo.gl\/maps\/ZncoX2JMj35PQChK8\"><img loading=\"lazy\" decoding=\"async\" class=\"alignright wp-image-24077\" src=\"https:\/\/www.topohvar.at\/wp-content\/uploads\/2019\/08\/2074.jpg\" alt=\"\" width=\"134\" height=\"100\" \/><\/a><br \/>\n<\/strong><span style=\"color: #3366ff;\"><a style=\"color: #3366ff;\" href=\"https:\/\/goo.gl\/maps\/ZncoX2JMj35PQChK8\">Latitude: N 43,16186\u00b0\u00a0 \u00a0Longitude: E 16,69311\u00b0<\/a> <\/span><strong><br \/>\n<\/strong>Visina \/ H\u00f6he: 1 m<\/p>\n<p><strong>Katastarska \u010destica \/ Grundst\u00fccke<br \/>\n<\/strong>5663\/2<div class='content-column one_half'><div style=\"padding-right:6px;\"><p><strong>Datum snimanja \/ Erfassungsdatum<br \/>\n<\/strong>30.07.2019 12:28:00<\/p>\n<hr \/>\n<p><strong>Informacije<\/strong><\/p>\n<p>Nakon dovr\u0161etka obnove luke, u srpnju 2019. godine izra\u0111eno je na njegovom jugozapadnom kutu, natpis &#8222;J E L S A&#8220; gra\u0111en je od velikih metalnih slova.<\/p><\/div><\/div><div class='content-column one_half last_column'><div style=\"padding-right:0px;padding-left:6px;\"><p><strong>Stupanj za\u0161tite \/ Schutzstellung<br \/>\n<\/strong>&#8211;<\/p>\n<hr \/>\n<p><strong>Info<\/strong><\/p>\n<p>Nach Fertigstellung der Hafenerneuerung wurde im Juli 2019 an seinem s\u00fcdwestlichen Ecke, am Riva, der Schriftzug &#8220; J E L S A &#8220; aus gro\u00dfen metallenen Einzelbuchstaben errichtet.<\/p>\n<p style=\"text-align: left;\"><\/div><\/div><div class='clear_column'><\/div><\/p>\n<hr \/>\n<div class='content-column one_half'><div style=\"padding-right:6px;\"><p><img loading=\"lazy\" decoding=\"async\" class=\"alignnone size-full wp-image-49711\" src=\"https:\/\/www.topohvar.at\/wp-content\/uploads\/2021\/06\/je-ob-03-10.jpg\" alt=\"\" width=\"400\" height=\"400\" srcset=\"https:\/\/www.topohvar.at\/wp-content\/uploads\/2021\/06\/je-ob-03-10.jpg 400w, https:\/\/www.topohvar.at\/wp-content\/uploads\/2021\/06\/je-ob-03-10-300x300.jpg 300w, https:\/\/www.topohvar.at\/wp-content\/uploads\/2021\/06\/je-ob-03-10-150x150.jpg 150w\" sizes=\"auto, (max-width: 400px) 100vw, 400px\" \/><\/p><\/div><\/div><div class='content-column one_half last_column'><div style=\"padding-right:0px;padding-left:6px;\"><p>&nbsp;<\/p>\n<p>Natpis je uklonjen 2021. godine, o\u010dito zbog redizajna &#8222;Rive&#8220;.<\/p>\n<p style=\"text-align: center;\">&#8211; \/ &#8211;<\/p>\n<p>Die Inschrift wurde 2021 entfernt, offenbar aufgrund der Neugestaltung der &#8222;Riva&#8220;.<\/p>\n<p>&nbsp;<\/p>\n<p style=\"text-align: right;\"><span style=\"color: #3366ff;\"><a style=\"color: #3366ff;\" href=\"#seite_oben\">natrag na vrh \/ Seitenanfang<\/a><\/span><\/p><\/div><\/div><div class='clear_column'><\/div><\/p>\n<hr \/>\n<div class='content-column one_half'><div style=\"padding-right:6px;\"><p>Riva je redizajnirana 2020.\/2021. Nakon dovr\u0161etka, natpis je premje\u0161ten malo isto\u010dnije.<\/p><\/div><\/div><div class='content-column one_half last_column'><div style=\"padding-right:0px;padding-left:6px;\"><p>In den Jahren 2020\/2021 wurde die Riva neu gestaltet. Nach dessen Fertigstellung wurde der Schriftzug etwas weiter \u00f6stlich neu aufgestellt.<\/p><\/div><\/div><div class='clear_column'><\/div><\/p>\n<p><strong>Adresa \/ Adresse<br \/>\n<\/strong>Jelsa, Riva<\/p>\n<p><strong>Lokacija \/ Position<a href=\"https:\/\/goo.gl\/maps\/w48LFhgH4pBcr7uNA\"><img loading=\"lazy\" decoding=\"async\" class=\"alignright wp-image-53186\" src=\"https:\/\/www.topohvar.at\/wp-content\/uploads\/2021\/11\/3275.jpg\" alt=\"\" width=\"134\" height=\"100\" \/><\/a><br \/>\n<\/strong><a href=\"https:\/\/goo.gl\/maps\/w48LFhgH4pBcr7uNA\"><span style=\"color: #3366ff;\">Latitude: N 43,16179\u00b0\u00a0 \u00a0Longitude: E 16,69384\u00b0 <\/span><\/a><strong><br \/>\n<\/strong>Visina \/ H\u00f6he: 1 m<\/p>\n<p><strong>Katastarska \u010destica \/ Grundst\u00fccke<br \/>\n<\/strong>5663\/2<div class='content-column one_half'><div style=\"padding-right:6px;\"><\/div><\/div><\/p>\n<p><strong>Datum snimanja \/ Erfassungsdatum<br \/>\n<\/strong>24.09.2021 15:54:20<\/p>\n<p><img loading=\"lazy\" decoding=\"async\" class=\"alignnone wp-image-53187 size-full\" src=\"https:\/\/www.topohvar.at\/wp-content\/uploads\/2021\/11\/je-ob-03-11.jpg\" alt=\"\" width=\"1080\" height=\"530\" srcset=\"https:\/\/www.topohvar.at\/wp-content\/uploads\/2021\/11\/je-ob-03-11.jpg 1080w, https:\/\/www.topohvar.at\/wp-content\/uploads\/2021\/11\/je-ob-03-11-300x147.jpg 300w, https:\/\/www.topohvar.at\/wp-content\/uploads\/2021\/11\/je-ob-03-11-1024x503.jpg 1024w, https:\/\/www.topohvar.at\/wp-content\/uploads\/2021\/11\/je-ob-03-11-768x377.jpg 768w\" sizes=\"auto, (max-width: 1080px) 100vw, 1080px\" \/><\/p>\n<p>&nbsp;<\/p>\n<p style=\"text-align: right;\"><span style=\"color: #3366ff;\"><a style=\"color: #3366ff;\" href=\"#seite_oben\">natrag na vrh \/ Seitenanfang<\/a><\/span><\/p>\n<hr \/>\n<p><strong>Linkovi \/ Links<\/strong><\/p>\n<p><span style=\"color: #3366ff;\"><a style=\"color: #3366ff;\" href=\"https:\/\/www.topohvar.at\/topo\/orte\/je\/je-pu-06-1\/\">Objekt \u00bb\u0160etali\u0161te Riva\u00ab \/ Uferpromenade Riva<\/a><br \/>\n<a style=\"color: #3366ff;\" href=\"https:\/\/www.topohvar.at\/topo\/orte\/je\/je-pu-05-1\/\">Luka \/ Hafen Jelsa<\/a>\u00a0<\/span><\/p>\n","protected":false},"excerpt":{"rendered":"<p>Ime \/ Name Objekt \u00bbPismo J E L S A\u00ab \/\u00a0Schriftzug &#8220; J E L S A &#8220; Code: JE-OB-03\u00a0 \u00a0 \u00a0 \u00a0 \u00a0 \u00a0 \u00a0 \u00a0 \u00a0 \u00a0 \u00a0 \u00a0 \u00a0 \u00a0 \u00a0 \u00a0 \u00a0 \u00a0 \u00a0 \u00a0\u00a0\u00a0 \u00a0\u00a0 &hellip; <a href=\"https:\/\/www.topohvar.at\/topo\/orte\/je\/je-ob-03-1\/\">Weiterlesen <span class=\"meta-nav\">&rarr;<\/span><\/a><\/p>\n","protected":false},"author":1,"featured_media":0,"parent":85,"menu_order":0,"comment_status":"closed","ping_status":"closed","template":"","meta":{"footnotes":""},"class_list":["post-24067","page","type-page","status-publish","hentry"],"_links":{"self":[{"href":"https:\/\/www.topohvar.at\/topo\/wp-json\/wp\/v2\/pages\/24067","targetHints":{"allow":["GET"]}}],"collection":[{"href":"https:\/\/www.topohvar.at\/topo\/wp-json\/wp\/v2\/pages"}],"about":[{"href":"https:\/\/www.topohvar.at\/topo\/wp-json\/wp\/v2\/types\/page"}],"author":[{"embeddable":true,"href":"https:\/\/www.topohvar.at\/topo\/wp-json\/wp\/v2\/users\/1"}],"replies":[{"embeddable":true,"href":"https:\/\/www.topohvar.at\/topo\/wp-json\/wp\/v2\/comments?post=24067"}],"version-history":[{"count":18,"href":"https:\/\/www.topohvar.at\/topo\/wp-json\/wp\/v2\/pages\/24067\/revisions"}],"predecessor-version":[{"id":55156,"href":"https:\/\/www.topohvar.at\/topo\/wp-json\/wp\/v2\/pages\/24067\/revisions\/55156"}],"up":[{"embeddable":true,"href":"https:\/\/www.topohvar.at\/topo\/wp-json\/wp\/v2\/pages\/85"}],"wp:attachment":[{"href":"https:\/\/www.topohvar.at\/topo\/wp-json\/wp\/v2\/media?parent=24067"}],"curies":[{"name":"wp","href":"https:\/\/api.w.org\/{rel}","templated":true}]}}