{"id":24194,"date":"2019-10-22T16:38:53","date_gmt":"2019-10-22T14:38:53","guid":{"rendered":"https:\/\/www.topohvar.at\/topo\/?page_id=24194"},"modified":"2021-12-02T14:19:53","modified_gmt":"2021-12-02T13:19:53","slug":"pr-aa-02-1","status":"publish","type":"page","link":"https:\/\/www.topohvar.at\/topo\/orte\/pr\/pr-aa-02-1\/","title":{"rendered":"PRAPATNA &#8211; Zaseok \u00bbMala Prapratna\u00ab"},"content":{"rendered":"<p><a name=\"seite_oben\"><\/a><br \/>\n<strong><img loading=\"lazy\" decoding=\"async\" class=\"aligncenter wp-image-29640 size-large\" src=\"https:\/\/www.topohvar.at\/wp-content\/uploads\/2020\/01\/pr-aa-02-1-1024x503.jpg\" alt=\"\" width=\"640\" height=\"314\" srcset=\"https:\/\/www.topohvar.at\/wp-content\/uploads\/2020\/01\/pr-aa-02-1-1024x503.jpg 1024w, https:\/\/www.topohvar.at\/wp-content\/uploads\/2020\/01\/pr-aa-02-1-300x147.jpg 300w, https:\/\/www.topohvar.at\/wp-content\/uploads\/2020\/01\/pr-aa-02-1-768x377.jpg 768w, https:\/\/www.topohvar.at\/wp-content\/uploads\/2020\/01\/pr-aa-02-1.jpg 1080w\" sizes=\"auto, (max-width: 640px) 100vw, 640px\" \/><\/strong><\/p>\n<p><strong>Ime \/ Name<br \/>\n<\/strong>Zaseok \/ Weiler \u00bbMala Prapratna\u00ab<\/p>\n<p><strong>Code: <\/strong>PR-AA-02\u00a0 \u00a0 \u00a0 \u00a0 \u00a0 \u00a0 \u00a0 \u00a0<strong>\u00a0 \u00a0 \u00a0 \u00a0 \u00a0 \u00a0 \u00a0 \u00a0 \u00a0 \u00a0\u00a0 \u00a0 \u00a0 \u00a0<a href=\"https:\/\/www.topohvar.at\/orte\/pr\/pr-aa-01-1\/\"><img loading=\"lazy\" decoding=\"async\" class=\"alignnone wp-image-533\" src=\"https:\/\/www.topohvar.at\/wp-content\/uploads\/2018\/07\/push-l-30.jpg\" alt=\"\" width=\"61\" height=\"30\" \/><\/a>\u00a0<a href=\"https:\/\/www.topohvar.at\/orte\/pr\/\"><img loading=\"lazy\" decoding=\"async\" class=\"alignnone wp-image-535 size-full\" src=\"https:\/\/www.topohvar.at\/wp-content\/uploads\/2018\/07\/push-o-30.jpg\" alt=\"\" width=\"61\" height=\"30\" \/><\/a>\u00a0<a href=\"https:\/\/www.topohvar.at\/orte\/pr\/pr-aa-03-1\/\"><img loading=\"lazy\" decoding=\"async\" class=\"alignnone wp-image-536\" src=\"https:\/\/www.topohvar.at\/wp-content\/uploads\/2018\/07\/push-r-30.jpg\" alt=\"\" width=\"61\" height=\"30\" \/><\/a> <a href=\"https:\/\/www.topohvar.at\/orte\/pr\/pr-au-10-1\/\"><img loading=\"lazy\" decoding=\"async\" class=\"alignnone wp-image-12299 size-full\" src=\"https:\/\/www.topohvar.at\/wp-content\/uploads\/2018\/09\/push-next-30.jpg\" alt=\"\" width=\"61\" height=\"30\" \/><\/a><\/strong><\/p>\n<hr \/>\n<p><strong>Adresa \/ Adresse<br \/>\n<\/strong>Mala Prapatna<\/p>\n<p><strong>Lokacija \/ Position<a href=\"https:\/\/goo.gl\/maps\/Upe8nPpzxXE1QYNNA\"><img loading=\"lazy\" decoding=\"async\" class=\"alignright wp-image-9486\" src=\"https:\/\/www.topohvar.at\/wp-content\/uploads\/2018\/09\/0408.jpg\" alt=\"\" width=\"134\" height=\"100\" \/><\/a><br \/>\n<\/strong><span style=\"color: #3366ff;\"><a style=\"color: #3366ff;\" href=\"https:\/\/goo.gl\/maps\/Upe8nPpzxXE1QYNNA\">Latitude: N 43,15055\u00b0\u00a0 \u00a0 Longitude: E 16,73768\u00b0<\/a>\u00a0<\/span><strong><br \/>\n<\/strong>Visina \/ H\u00f6he: 180 m<\/p>\n<p><strong>Katastarska \u010destica <\/strong><strong>\/ Grundst\u00fccke<br \/>\n<\/strong>&#8211;<div class='content-column one_half'><div style=\"padding-right:6px;\"><p><strong>Datum snimanja \/ Erfassungsdatum<br \/>\n<\/strong>20.10.2014 10:16:00<\/p>\n<hr \/>\n<p><strong>Informacije<\/strong><\/p>\n<p>Prapatna je smje\u0161tena na podru\u010dju anti\u010dkih arheolo\u0161kih nalazi\u0161ta i uz ru\u0161evine ku\u0107a iz 15. i 16. stolje\u0107a. Prapatna je sastavljena od tri autonomne skupine zgrada: Vela Prapatna na obali mora, Bojani Dolac u obli\u017enjoj plodnoj dolini i Mala Prapatna na vrhu bre\u017euljka iznad uvale Vela Prapatna.<\/p><\/div><\/div><div class='content-column one_half last_column'><div style=\"padding-right:0px;padding-left:6px;\"><p><strong>Stupanj za\u0161tite<\/strong><strong> \/ Schutzstellung<br \/>\n<\/strong>&#8211;<\/p>\n<hr \/>\n<p><strong>Info<\/strong><\/p>\n<p>Prapatna befindet sich im Bereich antiker arch\u00e4ologischen St\u00e4tten und Hausruinen aus dem 15. und 16. Jahrhundert. Prapatna besteht aus drei autonomen Geb\u00e4udegruppen: Vela Prapatna an der K\u00fcste, Bojani Dolac im nahen fruchtbaren Tal und Mala Prapatna auf dem H\u00fcgel oberhalb der Bucht Vela Prapatna.<\/p><\/div><\/div><div class='clear_column'><\/div><div class='content-column one_half'><div style=\"padding-right:6px;\"><p>Mala (Gornja) Prapatna je tradicijsko sekundarno naselje stanovnika Vrisnika. Gornja Prapratna-zaselak kroz koji prolazi cesta s etnografski zanimljivim rusti\u010dnim ku\u0107ama, kru\u0161nim pe\u0107ima, mlinovima za ulje itd.<\/p><\/div><\/div><div class='content-column one_half last_column'><div style=\"padding-right:0px;padding-left:6px;\"><p>Klein (Oberes) Prapatna ist eine traditionelle sekund\u00e4re Siedlung der Einwohner von Vrisnik. Durch das Obere (Mala) Prapatna f\u00fchrt die Hauptstra\u00dfe. Es hat ethnographisch interessante rustikale H\u00e4user, Back\u00f6fen, \u00d6lm\u00fchlen usw.<\/p><\/div><\/div><div class='clear_column'><\/div><\/p>\n<p style=\"text-align: right;\"><span style=\"color: #3366ff;\"><a style=\"color: #3366ff;\" href=\"#seite_oben\">natrag na vrh \/ Seitenanfang<\/a><\/span><\/p>\n<hr \/>\n<p><strong>Linkovi \/ Links<\/strong><\/p>\n<p>&#8211;<\/p>\n","protected":false},"excerpt":{"rendered":"<p>Ime \/ Name Zaseok \/ Weiler \u00bbMala Prapratna\u00ab Code: PR-AA-02\u00a0 \u00a0 \u00a0 \u00a0 \u00a0 \u00a0 \u00a0 \u00a0\u00a0 \u00a0 \u00a0 \u00a0 \u00a0 \u00a0 \u00a0 \u00a0 \u00a0 \u00a0\u00a0 \u00a0 \u00a0 \u00a0\u00a0\u00a0 Adresa \/ Adresse Mala Prapatna Lokacija \/ Position Latitude: N 43,15055\u00b0\u00a0 &hellip; <a href=\"https:\/\/www.topohvar.at\/topo\/orte\/pr\/pr-aa-02-1\/\">Weiterlesen <span class=\"meta-nav\">&rarr;<\/span><\/a><\/p>\n","protected":false},"author":1,"featured_media":0,"parent":129,"menu_order":0,"comment_status":"closed","ping_status":"closed","template":"","meta":{"footnotes":""},"class_list":["post-24194","page","type-page","status-publish","hentry"],"_links":{"self":[{"href":"https:\/\/www.topohvar.at\/topo\/wp-json\/wp\/v2\/pages\/24194","targetHints":{"allow":["GET"]}}],"collection":[{"href":"https:\/\/www.topohvar.at\/topo\/wp-json\/wp\/v2\/pages"}],"about":[{"href":"https:\/\/www.topohvar.at\/topo\/wp-json\/wp\/v2\/types\/page"}],"author":[{"embeddable":true,"href":"https:\/\/www.topohvar.at\/topo\/wp-json\/wp\/v2\/users\/1"}],"replies":[{"embeddable":true,"href":"https:\/\/www.topohvar.at\/topo\/wp-json\/wp\/v2\/comments?post=24194"}],"version-history":[{"count":12,"href":"https:\/\/www.topohvar.at\/topo\/wp-json\/wp\/v2\/pages\/24194\/revisions"}],"predecessor-version":[{"id":54293,"href":"https:\/\/www.topohvar.at\/topo\/wp-json\/wp\/v2\/pages\/24194\/revisions\/54293"}],"up":[{"embeddable":true,"href":"https:\/\/www.topohvar.at\/topo\/wp-json\/wp\/v2\/pages\/129"}],"wp:attachment":[{"href":"https:\/\/www.topohvar.at\/topo\/wp-json\/wp\/v2\/media?parent=24194"}],"curies":[{"name":"wp","href":"https:\/\/api.w.org\/{rel}","templated":true}]}}