{"id":24201,"date":"2019-10-22T16:47:32","date_gmt":"2019-10-22T14:47:32","guid":{"rendered":"https:\/\/www.topohvar.at\/topo\/?page_id=24201"},"modified":"2021-12-02T14:19:17","modified_gmt":"2021-12-02T13:19:17","slug":"pr-aa-01-1","status":"publish","type":"page","link":"https:\/\/www.topohvar.at\/topo\/orte\/pr\/pr-aa-01-1\/","title":{"rendered":"PRAPATNA &#8211; Zaseok \u00bbVela Prapratna\u00ab"},"content":{"rendered":"<p><a name=\"seite_oben\"><\/a><br \/>\n<strong><img loading=\"lazy\" decoding=\"async\" class=\"alignnone wp-image-29212 size-full\" src=\"https:\/\/www.topohvar.at\/wp-content\/uploads\/2020\/01\/pr-aa-01-1.jpg\" alt=\"\" width=\"640\" height=\"314\" srcset=\"https:\/\/www.topohvar.at\/wp-content\/uploads\/2020\/01\/pr-aa-01-1.jpg 640w, https:\/\/www.topohvar.at\/wp-content\/uploads\/2020\/01\/pr-aa-01-1-300x147.jpg 300w\" sizes=\"auto, (max-width: 640px) 100vw, 640px\" \/><\/strong><\/p>\n<p><strong>Ime \/ Name<br \/>\n<\/strong>Zaseok \/ Weiler \u00bbVela Prapratna\u00ab<\/p>\n<p><strong>Code: <\/strong>PR-AA-01\u00a0 \u00a0 \u00a0 \u00a0 \u00a0 \u00a0 \u00a0 \u00a0<strong>\u00a0 \u00a0 \u00a0 \u00a0 \u00a0 \u00a0 \u00a0 \u00a0 \u00a0 \u00a0\u00a0 \u00a0 \u00a0 \u00a0<a href=\"https:\/\/www.topohvar.at\/orte\/pr\/pr-ai-01-1\/\"><img loading=\"lazy\" decoding=\"async\" class=\"alignnone wp-image-533\" src=\"https:\/\/www.topohvar.at\/wp-content\/uploads\/2018\/07\/push-l-30.jpg\" alt=\"\" width=\"61\" height=\"30\" \/><\/a>\u00a0<a href=\"https:\/\/www.topohvar.at\/orte\/pr\/\"><img loading=\"lazy\" decoding=\"async\" class=\"alignnone wp-image-535 size-full\" src=\"https:\/\/www.topohvar.at\/wp-content\/uploads\/2018\/07\/push-o-30.jpg\" alt=\"\" width=\"61\" height=\"30\" \/><\/a>\u00a0<a href=\"https:\/\/www.topohvar.at\/orte\/pr\/pr-aa-02-1\/\"><img loading=\"lazy\" decoding=\"async\" class=\"alignnone wp-image-536\" src=\"https:\/\/www.topohvar.at\/wp-content\/uploads\/2018\/07\/push-r-30.jpg\" alt=\"\" width=\"61\" height=\"30\" \/><\/a> <a href=\"https:\/\/www.topohvar.at\/orte\/pr\/pr-au-10-1\/\"><img loading=\"lazy\" decoding=\"async\" class=\"alignnone wp-image-12299 size-full\" src=\"https:\/\/www.topohvar.at\/wp-content\/uploads\/2018\/09\/push-next-30.jpg\" alt=\"\" width=\"61\" height=\"30\" \/><\/a><\/strong><\/p>\n<hr \/>\n<p><strong>Adresa \/ Adresse<br \/>\n<\/strong>Vela Prapatna<\/p>\n<p><strong>Lokacija \/ Position<a href=\"https:\/\/goo.gl\/maps\/z3PARoX83xvKNNV77\"><img loading=\"lazy\" decoding=\"async\" class=\"alignright wp-image-24557\" src=\"https:\/\/www.topohvar.at\/wp-content\/uploads\/2019\/10\/2102.jpg\" alt=\"\" width=\"133\" height=\"100\" \/><\/a><br \/>\n<\/strong><span style=\"color: #3366ff;\"><a style=\"color: #3366ff;\" href=\"https:\/\/goo.gl\/maps\/z3PARoX83xvKNNV77\">Latitude: N 43,15870\u00b0\u00a0 \u00a0 Longitude: E 16,74710\u00b0\u00a0<\/a><\/span><strong><br \/>\n<\/strong>Visina \/ H\u00f6he: &#8211; m<\/p>\n<p><strong>Katastarska \u010destica <\/strong><strong>\/ Grundst\u00fccke<br \/>\n<\/strong>&#8211;<div class='content-column one_half'><div style=\"padding-right:6px;\"><p><strong>Datum snimanja \/ Erfassungsdatum<br \/>\n<\/strong>20.10.2014 10:00:00<\/p>\n<hr \/>\n<p><strong>Informacije<\/strong><\/p>\n<p>Prapatna je smje\u0161tena na podru\u010dju anti\u010dkih arheolo\u0161kih nalazi\u0161ta i uz ru\u0161evine ku\u0107a iz 15. i 16. stolje\u0107a. Prapatna je sastavljena od tri autonomne skupine zgrada: Vela Prapatna na obali mora, Bojani Dolac u obli\u017enjoj plodnoj dolini i Mala Prapatna na vrhu bre\u017euljka iznad uvale Vela Prapatna.<\/p><\/div><\/div><div class='content-column one_half last_column'><div style=\"padding-right:0px;padding-left:6px;\"><p><strong>Stupanj za\u0161tite<\/strong><strong> \/ Schutzstellung<br \/>\n<\/strong>&#8211;<\/p>\n<hr \/>\n<p><strong>Info<\/strong><\/p>\n<p>Prapatna befindet sich im Bereich antiker arch\u00e4ologischen St\u00e4tten und Hausruinen aus dem 15. und 16. Jahrhundert. Prapatna besteht aus drei autonomen Geb\u00e4udegruppen: Vela Prapatna an der K\u00fcste, Bojani Dolac im nahen fruchtbaren Tal und Mala Prapatna auf dem H\u00fcgel oberhalb der Bucht Vela Prapatna.<\/p><\/div><\/div><div class='clear_column'><\/div><div class='content-column one_half'><div style=\"padding-right:6px;\"><p>Na prostoru naselja Vela Prapatna ostaci su gra\u0111evina iz XVI. I XVII. st. U XVIII. st. spominje se kao prostor na kojem se nalazi ladanjski sklop. U XIX. st. to je malo ribarsko naselje smje\u0161teno na isto\u010dnoj strani uvale. U XX. st. rade se nadogradnje, a posljednih godina na ju\u017enoj i zapadnoj obali sagra\u0111ene su nove ku\u0107e. U zaseoku se nalazi ku\u0107a Angeline iz 18. stolje\u0107a sasvim seoskog izgleda,bez ikakvih gradskih elemenata.<\/p><\/div><\/div><div class='content-column one_half last_column'><div style=\"padding-right:0px;padding-left:6px;\"><p>Im Bereich der Siedlung Vela Prapatna gibt es Geb\u00e4udereste aus dem 16. und 17. Jh. Im 18. Jh. wird es als Ort mit landwirtschaftlichen Bauten erw\u00e4hnt und im 19. Jh. als kleines Fischerdorf an der Ostseite der Bucht. Im 20. Jh. erfolgten Modernisierungen, und in den letzten Jahren wurden an der S\u00fcd- und Westseite der Bucht neue H\u00e4user gebaut. Im Weiler steht das Landhaus der Angelina aus dem 18. Jh. mit v\u00f6llig rustikalem Aussehen, ohne st\u00e4dtische Elemente.<\/p><\/div><\/div><div class='clear_column'><\/div><\/p>\n<p style=\"text-align: right;\"><span style=\"color: #3366ff;\"><a style=\"color: #3366ff;\" href=\"#seite_oben\">natrag na vrh \/ Seitenanfang<\/a><\/span><\/p>\n<hr \/>\n<p><strong>Linkovi \/ Links<\/strong><\/p>\n<p><span style=\"color: #3366ff;\"><a style=\"color: #3366ff;\" href=\"https:\/\/www.topohvar.at\/topo\/orte\/pr\/pr-tg-02-1\/\">Ku\u0107a \/ Haus \u00bbAngelini (Angjelinovi\u0107)\u00ab<\/a><\/span><\/p>\n<p><a href=\"https:\/\/www.youtube.com\/watch?v=aJ-e_etVWVU\"><img loading=\"lazy\" decoding=\"async\" class=\"alignleft wp-image-29217 size-full\" src=\"https:\/\/www.topohvar.at\/wp-content\/uploads\/2020\/01\/pr-aa-01-video.jpg\" alt=\"\" width=\"200\" height=\"56\" \/><\/a><\/p>\n<p>&nbsp;<\/p>\n","protected":false},"excerpt":{"rendered":"<p>Ime \/ Name Zaseok \/ Weiler \u00bbVela Prapratna\u00ab Code: PR-AA-01\u00a0 \u00a0 \u00a0 \u00a0 \u00a0 \u00a0 \u00a0 \u00a0\u00a0 \u00a0 \u00a0 \u00a0 \u00a0 \u00a0 \u00a0 \u00a0 \u00a0 \u00a0\u00a0 \u00a0 \u00a0 \u00a0\u00a0\u00a0 Adresa \/ Adresse Vela Prapatna Lokacija \/ Position Latitude: N 43,15870\u00b0\u00a0 &hellip; <a href=\"https:\/\/www.topohvar.at\/topo\/orte\/pr\/pr-aa-01-1\/\">Weiterlesen <span class=\"meta-nav\">&rarr;<\/span><\/a><\/p>\n","protected":false},"author":1,"featured_media":0,"parent":129,"menu_order":0,"comment_status":"closed","ping_status":"closed","template":"","meta":{"footnotes":""},"class_list":["post-24201","page","type-page","status-publish","hentry"],"_links":{"self":[{"href":"https:\/\/www.topohvar.at\/topo\/wp-json\/wp\/v2\/pages\/24201","targetHints":{"allow":["GET"]}}],"collection":[{"href":"https:\/\/www.topohvar.at\/topo\/wp-json\/wp\/v2\/pages"}],"about":[{"href":"https:\/\/www.topohvar.at\/topo\/wp-json\/wp\/v2\/types\/page"}],"author":[{"embeddable":true,"href":"https:\/\/www.topohvar.at\/topo\/wp-json\/wp\/v2\/users\/1"}],"replies":[{"embeddable":true,"href":"https:\/\/www.topohvar.at\/topo\/wp-json\/wp\/v2\/comments?post=24201"}],"version-history":[{"count":15,"href":"https:\/\/www.topohvar.at\/topo\/wp-json\/wp\/v2\/pages\/24201\/revisions"}],"predecessor-version":[{"id":54292,"href":"https:\/\/www.topohvar.at\/topo\/wp-json\/wp\/v2\/pages\/24201\/revisions\/54292"}],"up":[{"embeddable":true,"href":"https:\/\/www.topohvar.at\/topo\/wp-json\/wp\/v2\/pages\/129"}],"wp:attachment":[{"href":"https:\/\/www.topohvar.at\/topo\/wp-json\/wp\/v2\/media?parent=24201"}],"curies":[{"name":"wp","href":"https:\/\/api.w.org\/{rel}","templated":true}]}}