{"id":24228,"date":"2019-10-23T18:11:09","date_gmt":"2019-10-23T16:11:09","guid":{"rendered":"https:\/\/www.topohvar.at\/topo\/?page_id=24228"},"modified":"2023-12-04T15:37:03","modified_gmt":"2023-12-04T14:37:03","slug":"gv-tr-63-1","status":"publish","type":"page","link":"https:\/\/www.topohvar.at\/topo\/orte\/gv\/gv-tr-63-1\/","title":{"rendered":"VELO GRABLJE &#8211; Trim \u00bbGV-TR-63\u00ab"},"content":{"rendered":"<p><a name=\"seite_oben\"><\/a><br \/>\n<strong><img loading=\"lazy\" decoding=\"async\" class=\"aligncenter wp-image-24232 size-large\" src=\"https:\/\/www.topohvar.at\/wp-content\/uploads\/2019\/10\/gv-tr-63-2-1024x503.jpg\" alt=\"\" width=\"640\" height=\"314\" srcset=\"https:\/\/www.topohvar.at\/wp-content\/uploads\/2019\/10\/gv-tr-63-2-1024x503.jpg 1024w, https:\/\/www.topohvar.at\/wp-content\/uploads\/2019\/10\/gv-tr-63-2-300x147.jpg 300w, https:\/\/www.topohvar.at\/wp-content\/uploads\/2019\/10\/gv-tr-63-2-768x377.jpg 768w, https:\/\/www.topohvar.at\/wp-content\/uploads\/2019\/10\/gv-tr-63-2.jpg 1080w\" sizes=\"auto, (max-width: 640px) 100vw, 640px\" \/><\/strong><\/p>\n<p><strong>Ime \/ Name<br \/>\n<\/strong>Trim \u00bbGV-TR-63\u00ab<\/p>\n<p><strong>Code: <\/strong>GV-TR-63\u00a0 \u00a0 \u00a0 \u00a0 \u00a0 \u00a0 \u00a0 \u00a0 \u00a0 \u00a0 \u00a0 \u00a0 \u00a0 \u00a0 \u00a0 \u00a0<strong><a href=\"https:\/\/www.topohvar.at\/orte\/gv\/gv-tr-00-1\/\"><img loading=\"lazy\" decoding=\"async\" class=\"alignnone wp-image-12300 size-full\" src=\"https:\/\/www.topohvar.at\/wp-content\/uploads\/2018\/09\/push-vor-30.jpg\" alt=\"\" width=\"61\" height=\"30\" \/><\/a> <a href=\"https:\/\/www.topohvar.at\/orte\/gv\/gv-tr-12-1\/\"><img loading=\"lazy\" decoding=\"async\" class=\"alignnone wp-image-533 size-full\" src=\"https:\/\/www.topohvar.at\/wp-content\/uploads\/2018\/07\/push-l-30.jpg\" alt=\"\" width=\"61\" height=\"30\" \/><\/a> <a href=\"https:\/\/www.topohvar.at\/orte\/gv\/\"><img loading=\"lazy\" decoding=\"async\" class=\"alignnone wp-image-535 size-full\" src=\"https:\/\/www.topohvar.at\/wp-content\/uploads\/2018\/07\/push-o-30.jpg\" alt=\"\" width=\"61\" height=\"30\" \/><\/a> <a href=\"https:\/\/www.topohvar.at\/orte\/gv\/gv-tr-64-1\/\"><img loading=\"lazy\" decoding=\"async\" class=\"alignnone wp-image-536 size-full\" src=\"https:\/\/www.topohvar.at\/wp-content\/uploads\/2018\/07\/push-r-30.jpg\" alt=\"\" width=\"61\" height=\"30\" \/><\/a><\/strong><\/p>\n<hr \/>\n<p><strong>Adresa \/ Adresse<br \/>\n<\/strong>Velo Grablje,\u00a0na putu do Sv. Nikola \/ amWeg nach Sv. Nikola<\/p>\n<p><a href=\"https:\/\/goo.gl\/maps\/VQKCrradHTQTVYKh8\"><img loading=\"lazy\" decoding=\"async\" class=\"alignright wp-image-24229\" src=\"https:\/\/www.topohvar.at\/wp-content\/uploads\/2019\/10\/2078.jpg\" alt=\"\" width=\"133\" height=\"100\" \/><\/a><\/p>\n<p><strong>Lokacija \/ Position<br \/>\n<\/strong><span style=\"color: #3366ff;\"><a style=\"color: #3366ff;\" href=\"https:\/\/goo.gl\/maps\/VQKCrradHTQTVYKh8\">Latitude: N 43,16214\u00b0\u00a0 \u00a0Longitude: E 16,55184\u00b0<\/a> <\/span><strong><br \/>\n<\/strong>Visina \/ H\u00f6he: 339 m<\/p>\n<p><strong>Katastarska \u010destica \/ Grundst\u00fccke<br \/>\n<\/strong>*296, 6034\/5 <div class='content-column one_half'><div style=\"padding-right:6px;\"><p><strong>Datum snimanja \/ Erfassungsdatum<br \/>\n<\/strong>28.09.2019 12:40:19<\/p>\n<hr \/>\n<p><strong>Informacije<\/strong><\/p>\n<p>Jednostepen trim nalazi se na cesti od pe\u0107i za vapno na Roskarnici do Sv. Nikola. Lijeva mu je strana integrirana u kameni zid. Kupola ima otvor veli\u010dine oko 0,6 m2 &#8211; vjerojatno nije dovr\u0161en. Ulaz je za\u0161ti\u0107en kamenim zidom. Trim se vi\u0161e ne koristi, prostor ispred ulaza obrastao je grmljem. Nad ulazom formiraju se \u0161iroka zidna ni\u0161a pomo\u0107u dvije masivne nadvratnice. Iznutra, zid nasuprot ulazu ima neobi\u010dnu visinu od oko 150 cm prije nego \u0161to po\u010dne nagib kupole (obi\u010dno nagib kupole po\u010dinje oko visine vrata). Unutra\u0161njost ima nepravilnog oblika i nalaze se tri zidne ni\u0161e.<\/p><\/div><\/div><div class='content-column one_half last_column'><div style=\"padding-right:0px;padding-left:6px;\"><p><strong>Stupanj za\u0161tite \/ Schutzstellung<br \/>\n<\/strong>&#8211;<\/p>\n<hr \/>\n<p><strong>Info<\/strong><\/p>\n<p>Der einstufige Trim befindet sich an der Stra\u00dfe vom Kalkofen auf Roskarnica nach Sv. Nikola. Seine linke Seite ist in einer Steinmauer integriert. Die Kuppel weist eine \u00d6ffnung im Ausma\u00df von etwa 0,6 m2 auf &#8211; sie wurde vermutlich nicht fertig gestellt. Der Eingang ist durch eine Steinmauer gesch\u00fctzt. Der Trim wird nicht mehr genutzt, der Bereich vor dem Eingang war durch Buschwerk verwachsen. \u00dcber dem Eingang wird durch zwei massive \u00dcberlager eine breite Wandnische gebildet. Im Inneren weist die Wand gegen\u00fcber dem Eingang eine ungew\u00f6hnliche H\u00f6he von etwa 150 cm auf, bevor die Kuppelneigung ansetzt (normalerweise beginnt die Kuppelneigung etwa in T\u00fcrh\u00f6he). Im unregelm\u00e4\u00dfig geformten Innenraum finden sich drei Wandnischen.<\/p><\/div><\/div><div class='clear_column'><\/div><div class='content-column one_half'><div style=\"padding-right:6px;\"><div id=\"attachment_24665\" style=\"width: 310px\" class=\"wp-caption aligncenter\"><img loading=\"lazy\" decoding=\"async\" aria-describedby=\"caption-attachment-24665\" class=\"wp-image-24665 size-full\" src=\"https:\/\/www.topohvar.at\/wp-content\/uploads\/2019\/12\/gv-tr-63-1.jpg\" alt=\"\" width=\"300\" height=\"300\" srcset=\"https:\/\/www.topohvar.at\/wp-content\/uploads\/2019\/12\/gv-tr-63-1.jpg 300w, https:\/\/www.topohvar.at\/wp-content\/uploads\/2019\/12\/gv-tr-63-1-150x150.jpg 150w\" sizes=\"auto, (max-width: 300px) 100vw, 300px\" \/><p id=\"caption-attachment-24665\" class=\"wp-caption-text\">Ulaz \/ Eingang<\/p><\/div>\n<p>Dana 28.09.2019 trim je posje\u0107en i prona\u0111en je sljede\u0107i<\/p>\n<p>Lokacija: grmlje<br \/>\nPodzemlje: ravan<br \/>\nSklop: kameni zid<br \/>\nUpotreba: ne koristi<br \/>\nStanje izgradnje: kupola se djelomi\u010dno sru\u0161ila<br \/>\nBroj prstenova trima: jedan prsten<br \/>\nDodatni kameni prsten: nema kamenog prstena<br \/>\nStepeni\u0161te: nema stepenica<br \/>\nOblik kamena: uglast<br \/>\nPodru\u010dje ispred ulaza: za\u0161ti\u0107en<br \/>\nVrata na stranicu: JZ (230\u00b0)<br \/>\nPromjer trima (cm): 380<br \/>\nVisina trima (cm): ?<br \/>\nVisina prstena (cm): 170<br \/>\nDebljina zida (cm): 75<br \/>\n\u0160irina vrata (cm): 70<br \/>\nVisina vrata (cm): 85<br \/>\n\u0160irina unutra (cm): 220 &#8211; 230<br \/>\nVisina unutra (cm): ?<br \/>\nVolumen iznutra (m3): ?<br \/>\nni\u0161a 1 (P\/\u0160\/V\/D) (cm): 70 \/ 35 \/ 35 \/ 40<br \/>\nni\u0161a 2 (P\/\u0160\/V\/D) (cm): 40 \/ 20 \/ 20 \/ 30<br \/>\nni\u0161a 3 (P\/\u0160\/V\/D) (cm): 40 \/ 20 \/ 20 \/ 30<\/p><\/div><\/div><div class='content-column one_half last_column'><div style=\"padding-right:0px;padding-left:6px;\"><div id=\"attachment_24666\" style=\"width: 310px\" class=\"wp-caption aligncenter\"><img loading=\"lazy\" decoding=\"async\" aria-describedby=\"caption-attachment-24666\" class=\"size-full wp-image-24666\" src=\"https:\/\/www.topohvar.at\/wp-content\/uploads\/2019\/12\/gv-tr-63-5.jpg\" alt=\"\" width=\"300\" height=\"300\" srcset=\"https:\/\/www.topohvar.at\/wp-content\/uploads\/2019\/12\/gv-tr-63-5.jpg 300w, https:\/\/www.topohvar.at\/wp-content\/uploads\/2019\/12\/gv-tr-63-5-150x150.jpg 150w\" sizes=\"auto, (max-width: 300px) 100vw, 300px\" \/><p id=\"caption-attachment-24666\" class=\"wp-caption-text\">O\u0161te\u0107ena kupola \/ besch\u00e4digte Kuppel<\/p><\/div>\n<p>Am 28.09.2019 wurde der Trim besucht und untersucht<\/p>\n<p>Standort: Buschwerk<br \/>\nUntergrund: eben<br \/>\nVerbunden mit: Steinmauer<br \/>\nNutzung: ungenutzt<br \/>\nZustand: Kuppel teilweise eingest\u00fcrzt<br \/>\nRinge\/Stufen des Trim: einstufig<br \/>\nZus\u00e4tzlicher Steinring: kein Steinring<br \/>\nStiege: keine Stufen<br \/>\nSteinform: kantig<br \/>\nEingangsbereich: gesch\u00fctzt<br \/>\nEingangsseite: SW (230\u00b0)<br \/>\nTrimdurchmesser (cm): 380<br \/>\nTrimh\u00f6he (cm): ?<br \/>\nStufen\/Ringh\u00f6he (cm): 170<br \/>\nWandst\u00e4rke: 75<br \/>\nT\u00fcrbreite (cm): 70<br \/>\nT\u00fcrh\u00f6he (cm): 85<br \/>\nInnenraumbreite (cm): 220 &#8211; 230<br \/>\nInnenraumh\u00f6he (cm): ?<br \/>\nRaumvolumen (m3): ?<br \/>\nNische 1 (P\/B\/H\/T) (cm): 70 \/ 35 \/ 35 \/ 40<br \/>\nNische 2 (P\/B\/H\/T) (cm): 40 \/ 20 \/ 20 \/ 30<br \/>\nNische 3 (P\/B\/H\/T) (cm): 40 \/ 20 \/ 20 \/ 30<\/p><\/div><\/div><div class='clear_column'><\/div><\/p>\n<p><img loading=\"lazy\" decoding=\"async\" class=\"aligncenter size-full wp-image-24664\" src=\"https:\/\/www.topohvar.at\/wp-content\/uploads\/2019\/12\/gv-tr-63-sc.jpg\" alt=\"\" width=\"600\" height=\"910\" srcset=\"https:\/\/www.topohvar.at\/wp-content\/uploads\/2019\/12\/gv-tr-63-sc.jpg 600w, https:\/\/www.topohvar.at\/wp-content\/uploads\/2019\/12\/gv-tr-63-sc-198x300.jpg 198w\" sizes=\"auto, (max-width: 600px) 100vw, 600px\" \/><\/p>\n<p style=\"text-align: right;\"><a href=\"#seite_oben\">natrag na vrh \/ Seitenanfang<\/a><\/p>\n<hr \/>\n<p><strong>Linkovi \/ Links<\/strong><\/p>\n<p>&#8211;<\/p>\n","protected":false},"excerpt":{"rendered":"<p>Ime \/ Name Trim \u00bbGV-TR-63\u00ab Code: GV-TR-63\u00a0 \u00a0 \u00a0 \u00a0 \u00a0 \u00a0 \u00a0 \u00a0 \u00a0 \u00a0 \u00a0 \u00a0 \u00a0 \u00a0 \u00a0 \u00a0 Adresa \/ Adresse Velo Grablje,\u00a0na putu do Sv. Nikola \/ amWeg nach Sv. Nikola Lokacija \/ Position Latitude: &hellip; <a href=\"https:\/\/www.topohvar.at\/topo\/orte\/gv\/gv-tr-63-1\/\">Weiterlesen <span class=\"meta-nav\">&rarr;<\/span><\/a><\/p>\n","protected":false},"author":1,"featured_media":0,"parent":76,"menu_order":0,"comment_status":"closed","ping_status":"closed","template":"","meta":{"footnotes":""},"class_list":["post-24228","page","type-page","status-publish","hentry"],"_links":{"self":[{"href":"https:\/\/www.topohvar.at\/topo\/wp-json\/wp\/v2\/pages\/24228","targetHints":{"allow":["GET"]}}],"collection":[{"href":"https:\/\/www.topohvar.at\/topo\/wp-json\/wp\/v2\/pages"}],"about":[{"href":"https:\/\/www.topohvar.at\/topo\/wp-json\/wp\/v2\/types\/page"}],"author":[{"embeddable":true,"href":"https:\/\/www.topohvar.at\/topo\/wp-json\/wp\/v2\/users\/1"}],"replies":[{"embeddable":true,"href":"https:\/\/www.topohvar.at\/topo\/wp-json\/wp\/v2\/comments?post=24228"}],"version-history":[{"count":13,"href":"https:\/\/www.topohvar.at\/topo\/wp-json\/wp\/v2\/pages\/24228\/revisions"}],"predecessor-version":[{"id":65196,"href":"https:\/\/www.topohvar.at\/topo\/wp-json\/wp\/v2\/pages\/24228\/revisions\/65196"}],"up":[{"embeddable":true,"href":"https:\/\/www.topohvar.at\/topo\/wp-json\/wp\/v2\/pages\/76"}],"wp:attachment":[{"href":"https:\/\/www.topohvar.at\/topo\/wp-json\/wp\/v2\/media?parent=24228"}],"curies":[{"name":"wp","href":"https:\/\/api.w.org\/{rel}","templated":true}]}}