{"id":24321,"date":"2019-10-24T09:59:35","date_gmt":"2019-10-24T07:59:35","guid":{"rendered":"https:\/\/www.topohvar.at\/topo\/?page_id=24321"},"modified":"2021-05-12T09:35:24","modified_gmt":"2021-05-12T07:35:24","slug":"sa-tr-18-1","status":"publish","type":"page","link":"https:\/\/www.topohvar.at\/topo\/orte\/sa\/sa-tr-18-1\/","title":{"rendered":"SELCA (kod Starog Grada) &#8211; Trim \u00bbSA-TR-18\u00ab"},"content":{"rendered":"<p><a name=\"seite_oben\"><\/a><br \/>\n<img loading=\"lazy\" decoding=\"async\" class=\"alignleft wp-image-24325 size-large\" src=\"https:\/\/www.topohvar.at\/wp-content\/uploads\/2019\/10\/sa-tr-18-2-1024x503.jpg\" alt=\"\" width=\"640\" height=\"314\" srcset=\"https:\/\/www.topohvar.at\/wp-content\/uploads\/2019\/10\/sa-tr-18-2-1024x503.jpg 1024w, https:\/\/www.topohvar.at\/wp-content\/uploads\/2019\/10\/sa-tr-18-2-300x147.jpg 300w, https:\/\/www.topohvar.at\/wp-content\/uploads\/2019\/10\/sa-tr-18-2-768x377.jpg 768w, https:\/\/www.topohvar.at\/wp-content\/uploads\/2019\/10\/sa-tr-18-2.jpg 1080w\" sizes=\"auto, (max-width: 640px) 100vw, 640px\" \/><\/p>\n<p><strong>Ime \/ Name<br \/>\n<\/strong>Trim \u00bbSA-TR-18\u00ab<\/p>\n<p><strong>Code: <\/strong>SA-TR-18\u00a0 \u00a0 \u00a0 \u00a0 \u00a0 \u00a0 \u00a0 \u00a0 \u00a0 \u00a0 \u00a0 \u00a0 \u00a0 \u00a0 \u00a0 \u00a0 \u00a0 \u00a0 \u00a0 \u00a0 <strong><a href=\"https:\/\/www.topohvar.at\/orte\/sa\/sa-tr-00-1\/\"><img loading=\"lazy\" decoding=\"async\" class=\"alignnone wp-image-12300 size-full\" src=\"https:\/\/www.topohvar.at\/wp-content\/uploads\/2018\/09\/push-vor-30.jpg\" alt=\"\" width=\"61\" height=\"30\" \/><\/a><\/strong><strong>\u00a0<a href=\"https:\/\/www.topohvar.at\/orte\/sa\/sa-tr-20-1\/\"><img loading=\"lazy\" decoding=\"async\" class=\"alignnone wp-image-533 size-full\" src=\"https:\/\/www.topohvar.at\/wp-content\/uploads\/2018\/07\/push-l-30.jpg\" alt=\"\" width=\"61\" height=\"30\" \/><\/a> <a href=\"https:\/\/www.topohvar.at\/orte\/sa\/\"><img loading=\"lazy\" decoding=\"async\" class=\"alignnone wp-image-535 size-full\" src=\"https:\/\/www.topohvar.at\/wp-content\/uploads\/2018\/07\/push-o-30.jpg\" alt=\"\" width=\"61\" height=\"30\" \/><\/a> <a href=\"https:\/\/www.topohvar.at\/orte\/sa\/sa-tr-03-1\/\"><img loading=\"lazy\" decoding=\"async\" class=\"alignnone wp-image-536 size-full\" src=\"https:\/\/www.topohvar.at\/wp-content\/uploads\/2018\/07\/push-r-30.jpg\" alt=\"\" width=\"61\" height=\"30\" \/><\/a><\/strong><\/p>\n<hr \/>\n<p><strong>Adresa \/ Adresse<br \/>\n<\/strong>Selca (kod Starog Grada), na putu do Sv. Nikola \/ am Weg nach Sv. Nikola<\/p>\n<p><strong>Lokacija \/ Position<a href=\"https:\/\/goo.gl\/maps\/adJZrWAwhZvuiPvx6\"><img loading=\"lazy\" decoding=\"async\" class=\"alignright wp-image-24322\" src=\"https:\/\/www.topohvar.at\/wp-content\/uploads\/2019\/10\/2085.jpg\" alt=\"\" width=\"133\" height=\"100\" \/><\/a><br \/>\n<\/strong><span style=\"color: #3366ff;\"><a style=\"color: #3366ff;\" href=\"https:\/\/goo.gl\/maps\/adJZrWAwhZvuiPvx6\">Latitude: N 43,15233\u00b0\u00a0 \u00a0Longitude: E 16,57680\u00b0<\/a> <\/span><strong><br \/>\n<\/strong>Visina \/ H\u00f6he: 397 m<\/p>\n<p><strong>Katastarska \u010destica \/ Grundst\u00fccke<br \/>\n<\/strong>652\/14 (DKP Starigrad) <div class='content-column one_half'><div style=\"padding-right:6px;\"><p><strong>Datum snimanja \/ Erfassungsdatum<br \/>\n<\/strong>09.10.2019 14:52:04<\/p>\n<hr \/>\n<p><strong>Informacije<\/strong><\/p>\n<p>Trim je na padini, ju\u017eno od ceste koja vodi od pe\u0107i za vapno na Roskarnici do Sv. Nikola vodi. Ostaci male kamene ku\u0107e ili popre\u010dna mogu se na\u0107i gore s lijeve strane trima. Stra\u017enji dio dvostepena trima str\u0161i u padinu planine. U unutra\u0161njosti se nalazi zidna ni\u0161a. Trim je dobro o\u010duvan, ali se vi\u0161e ne koristi.<\/p><\/div><\/div><div class='content-column one_half last_column'><div style=\"padding-right:0px;padding-left:6px;\"><p><strong>Stupanj za\u0161tite \/ Schutzstellung<br \/>\n<\/strong>&#8211;<\/p>\n<hr \/>\n<p><strong>Info<\/strong><\/p>\n<p>Der Trim befindet am Abhang, s\u00fcdlich der Stra\u00dfe die vom Kalkofen auf Roskarnica nach Sv. Nikola f\u00fchrt. Links oberhalb des Trims finden sich Reste eines kleinen Steinhauses oder Zwerchs. Der zweistufige Trim ragt mit seiner R\u00fcckseite in den Berghang. Im Innenraum findet sich eine Wandnische. Der Trim ist gut erhalten, wird aber nicht mehr genutzt.<\/p><\/div><\/div><div class='clear_column'><\/div><div class='content-column one_half'><div style=\"padding-right:6px;\"><div id=\"attachment_24806\" style=\"width: 310px\" class=\"wp-caption aligncenter\"><img loading=\"lazy\" decoding=\"async\" aria-describedby=\"caption-attachment-24806\" class=\"size-full wp-image-24806\" src=\"https:\/\/www.topohvar.at\/wp-content\/uploads\/2019\/12\/sa-tr-18-1.jpg\" alt=\"\" width=\"300\" height=\"300\" srcset=\"https:\/\/www.topohvar.at\/wp-content\/uploads\/2019\/12\/sa-tr-18-1.jpg 300w, https:\/\/www.topohvar.at\/wp-content\/uploads\/2019\/12\/sa-tr-18-1-150x150.jpg 150w\" sizes=\"auto, (max-width: 300px) 100vw, 300px\" \/><p id=\"caption-attachment-24806\" class=\"wp-caption-text\">Ulaz \/ Eingang<\/p><\/div>\n<p>Dana 09.10.2019 trim je posje\u0107en i prona\u0111en je sljede\u0107i<\/p>\n<p>Lokacija: grmlje<br \/>\nPodzemlje: padina<br \/>\nSklop: izoliran<br \/>\nUpotreba: ne koristi<br \/>\nStanje izgradnje: dobro sa\u010duvan<br \/>\nBroj prstenova trima: dva prstena<br \/>\nDodatni kameni prsten: kameni prsten djelomi\u010dno<br \/>\nStepeni\u0161te: nema stepenica<br \/>\nOblik kamena: uglast<br \/>\nPodru\u010dje ispred ulaza: lako dostupni<br \/>\nVrata na stranicu: J (160\u00b0)<br \/>\nPromjer trima (cm): 340<br \/>\nVisina trima (cm): 230<br \/>\nVisina prstena (cm): prsten 1: 170 , prsten 2: 210<br \/>\nDebljina zida (cm): 80<br \/>\n\u0160irina vrata (cm): 45<br \/>\nVisina vrata (cm): 100<br \/>\n\u0160irina unutra (cm): 150 &#8211; 180<br \/>\nVisina unutra (cm): 220<br \/>\nVolumen iznutra (m3): 3,04<br \/>\nni\u0161a 1 (P\/\u0160\/V\/D) (cm): 60 \/ 20 \/ 20 \/ 50<\/p><\/div><\/div><div class='content-column one_half last_column'><div style=\"padding-right:0px;padding-left:6px;\"><div id=\"attachment_24807\" style=\"width: 310px\" class=\"wp-caption aligncenter\"><img loading=\"lazy\" decoding=\"async\" aria-describedby=\"caption-attachment-24807\" class=\"size-full wp-image-24807\" src=\"https:\/\/www.topohvar.at\/wp-content\/uploads\/2019\/12\/sa-tr-18-4.jpg\" alt=\"\" width=\"300\" height=\"300\" srcset=\"https:\/\/www.topohvar.at\/wp-content\/uploads\/2019\/12\/sa-tr-18-4.jpg 300w, https:\/\/www.topohvar.at\/wp-content\/uploads\/2019\/12\/sa-tr-18-4-150x150.jpg 150w\" sizes=\"auto, (max-width: 300px) 100vw, 300px\" \/><p id=\"caption-attachment-24807\" class=\"wp-caption-text\">Pogled na zapad \/ Blick nach Westen<\/p><\/div>\n<p>Am 09.10.2019 wurde der Trim besucht und untersucht<\/p>\n<p>Standort: Buschwerk<br \/>\nUntergrund: Hanglage<br \/>\nVerbunden mit: freistehend<br \/>\nNutzung: ungenutzt<br \/>\nZustand: gut erhalten<br \/>\nRinge\/Stufen des Trim: zweistufig<br \/>\nZus\u00e4tzlicher Steinring: Steinring teilweise<br \/>\nStiege: keine Stufen<br \/>\nSteinform: kantig<br \/>\nEingangsbereich: frei<br \/>\nEingangsseite: S (160\u00b0)<br \/>\nTrimdurchmesser (cm): 340<br \/>\nTrimh\u00f6he (cm): 230<br \/>\nStufen\/Ringh\u00f6he (cm): Ring 1: 170 , Ring 2: 210<br \/>\nWandst\u00e4rke: 80<br \/>\nT\u00fcrbreite (cm): 45<br \/>\nT\u00fcrh\u00f6he (cm): 100<br \/>\nInnenraumbreite (cm): 150 &#8211; 180<br \/>\nInnenraumh\u00f6he (cm): 220<br \/>\nRaumvolumen (m3): 3,04<br \/>\nNische 1 (P\/B\/H\/T) (cm): 60 \/ 20 \/ 20 \/ 50<\/p><\/div><\/div><div class='clear_column'><\/div><\/p>\n<p><img loading=\"lazy\" decoding=\"async\" class=\"aligncenter size-full wp-image-24805\" src=\"https:\/\/www.topohvar.at\/wp-content\/uploads\/2019\/12\/sa-tr-18-sc.jpg\" alt=\"\" width=\"600\" height=\"909\" srcset=\"https:\/\/www.topohvar.at\/wp-content\/uploads\/2019\/12\/sa-tr-18-sc.jpg 600w, https:\/\/www.topohvar.at\/wp-content\/uploads\/2019\/12\/sa-tr-18-sc-198x300.jpg 198w\" sizes=\"auto, (max-width: 600px) 100vw, 600px\" \/><\/p>\n<p style=\"text-align: right;\"><a href=\"#seite_oben\">natrag na vrh \/ Seitenanfang<\/a><\/p>\n<hr \/>\n<p><strong>Linkovi \/ Links<\/strong><\/p>\n<p>&#8211;<\/p>\n","protected":false},"excerpt":{"rendered":"<p>Ime \/ Name Trim \u00bbSA-TR-18\u00ab Code: SA-TR-18\u00a0 \u00a0 \u00a0 \u00a0 \u00a0 \u00a0 \u00a0 \u00a0 \u00a0 \u00a0 \u00a0 \u00a0 \u00a0 \u00a0 \u00a0 \u00a0 \u00a0 \u00a0 \u00a0 \u00a0 \u00a0 Adresa \/ Adresse Selca (kod Starog Grada), na putu do Sv. Nikola \/ &hellip; <a href=\"https:\/\/www.topohvar.at\/topo\/orte\/sa\/sa-tr-18-1\/\">Weiterlesen <span class=\"meta-nav\">&rarr;<\/span><\/a><\/p>\n","protected":false},"author":1,"featured_media":0,"parent":95,"menu_order":0,"comment_status":"closed","ping_status":"closed","template":"","meta":{"footnotes":""},"class_list":["post-24321","page","type-page","status-publish","hentry"],"_links":{"self":[{"href":"https:\/\/www.topohvar.at\/topo\/wp-json\/wp\/v2\/pages\/24321","targetHints":{"allow":["GET"]}}],"collection":[{"href":"https:\/\/www.topohvar.at\/topo\/wp-json\/wp\/v2\/pages"}],"about":[{"href":"https:\/\/www.topohvar.at\/topo\/wp-json\/wp\/v2\/types\/page"}],"author":[{"embeddable":true,"href":"https:\/\/www.topohvar.at\/topo\/wp-json\/wp\/v2\/users\/1"}],"replies":[{"embeddable":true,"href":"https:\/\/www.topohvar.at\/topo\/wp-json\/wp\/v2\/comments?post=24321"}],"version-history":[{"count":12,"href":"https:\/\/www.topohvar.at\/topo\/wp-json\/wp\/v2\/pages\/24321\/revisions"}],"predecessor-version":[{"id":49122,"href":"https:\/\/www.topohvar.at\/topo\/wp-json\/wp\/v2\/pages\/24321\/revisions\/49122"}],"up":[{"embeddable":true,"href":"https:\/\/www.topohvar.at\/topo\/wp-json\/wp\/v2\/pages\/95"}],"wp:attachment":[{"href":"https:\/\/www.topohvar.at\/topo\/wp-json\/wp\/v2\/media?parent=24321"}],"curies":[{"name":"wp","href":"https:\/\/api.w.org\/{rel}","templated":true}]}}