{"id":24345,"date":"2019-10-24T11:12:25","date_gmt":"2019-10-24T09:12:25","guid":{"rendered":"https:\/\/www.topohvar.at\/topo\/?page_id=24345"},"modified":"2024-06-13T09:27:19","modified_gmt":"2024-06-13T07:27:19","slug":"sa-tr-21-1","status":"publish","type":"page","link":"https:\/\/www.topohvar.at\/topo\/orte\/sa\/sa-tr-21-1\/","title":{"rendered":"SELCA (kod Starog Grada) &#8211; Trim \u00bbSA-TR-21\u00ab"},"content":{"rendered":"<p><a name=\"seite_oben\"><\/a><br \/>\n<img loading=\"lazy\" decoding=\"async\" class=\"alignleft wp-image-24349 size-large\" src=\"https:\/\/www.topohvar.at\/wp-content\/uploads\/2019\/10\/sa-tr-21-2-1024x503.jpg\" alt=\"\" width=\"640\" height=\"314\" srcset=\"https:\/\/www.topohvar.at\/wp-content\/uploads\/2019\/10\/sa-tr-21-2-1024x503.jpg 1024w, https:\/\/www.topohvar.at\/wp-content\/uploads\/2019\/10\/sa-tr-21-2-300x147.jpg 300w, https:\/\/www.topohvar.at\/wp-content\/uploads\/2019\/10\/sa-tr-21-2-768x377.jpg 768w, https:\/\/www.topohvar.at\/wp-content\/uploads\/2019\/10\/sa-tr-21-2.jpg 1080w\" sizes=\"auto, (max-width: 640px) 100vw, 640px\" \/><\/p>\n<p><strong>Ime \/ Name<br \/>\n<\/strong>Trim \u00bbSA-TR-21\u00ab<\/p>\n<p><strong>Code: <\/strong>SA-TR-21\u00a0 \u00a0 \u00a0 \u00a0 \u00a0 \u00a0 \u00a0 \u00a0 \u00a0 \u00a0 \u00a0 \u00a0 \u00a0 \u00a0 \u00a0 \u00a0 \u00a0 \u00a0 \u00a0 <strong><a href=\"https:\/\/www.topohvar.at\/orte\/sa\/sa-tr-00-1\/\"><img loading=\"lazy\" decoding=\"async\" class=\"alignnone wp-image-12300 size-full\" src=\"https:\/\/www.topohvar.at\/wp-content\/uploads\/2018\/09\/push-vor-30.jpg\" alt=\"\" width=\"61\" height=\"30\" \/><\/a><\/strong><strong>\u00a0<a href=\"https:\/\/www.topohvar.at\/orte\/sa\/sa-tr-22-1\/\"><img loading=\"lazy\" decoding=\"async\" class=\"alignnone wp-image-533 size-full\" src=\"https:\/\/www.topohvar.at\/wp-content\/uploads\/2018\/07\/push-l-30.jpg\" alt=\"\" width=\"61\" height=\"30\" \/><\/a> <a href=\"https:\/\/www.topohvar.at\/orte\/sa\/\"><img loading=\"lazy\" decoding=\"async\" class=\"alignnone wp-image-535 size-full\" src=\"https:\/\/www.topohvar.at\/wp-content\/uploads\/2018\/07\/push-o-30.jpg\" alt=\"\" width=\"61\" height=\"30\" \/><\/a> <a href=\"https:\/\/www.topohvar.at\/orte\/sa\/sa-tr-23-1\/\"><img loading=\"lazy\" decoding=\"async\" class=\"alignnone wp-image-536 size-full\" src=\"https:\/\/www.topohvar.at\/wp-content\/uploads\/2018\/07\/push-r-30.jpg\" alt=\"\" width=\"61\" height=\"30\" \/><\/a><\/strong><\/p>\n<hr \/>\n<p><strong>Adresa \/ Adresse<br \/>\n<\/strong>Selca (kod Starog Grada) Remik, iznad puta na Sv. Nikola \/ oberhalb des Weges nach Sv. Nikola<\/p>\n<p><strong>Lokacija \/ Position<a href=\"https:\/\/goo.gl\/maps\/hVEJuBMNvbLjibfq9\"><img loading=\"lazy\" decoding=\"async\" class=\"alignright wp-image-24346\" src=\"https:\/\/www.topohvar.at\/wp-content\/uploads\/2019\/10\/2088.jpg\" alt=\"\" width=\"133\" height=\"100\" \/><\/a><br \/>\n<\/strong><span style=\"color: #3366ff;\"><a style=\"color: #3366ff;\" href=\"https:\/\/goo.gl\/maps\/hVEJuBMNvbLjibfq9\">Latitude: N 43,15599\u00b0\u00a0 \u00a0Longitude: E 16,58223\u00b0<\/a> <\/span><strong><br \/>\n<\/strong>Visina \/ H\u00f6he: 491 m<\/p>\n<p><strong>Katastarska \u010destica \/ Grundst\u00fccke<br \/>\n<\/strong>611\/17 (DKP Starigrad) <div class='content-column one_half'><div style=\"padding-right:6px;\"><p><strong>Datum snimanja \/ Erfassungsdatum<br \/>\n<\/strong>12.10.2019 10:48:55<\/p>\n<hr \/>\n<p><strong>Informacije<\/strong><\/p>\n<p>Trim se nalazi uz zgradu s ravnim krovom na putu prema planini Remik. Trostepeni trim u vrlo je dobrom stanju, njegove zidne povr\u0161ine djelomi\u010dno su \u017ebukati u donjem podru\u010dju. Otprilike 5 m isto\u010dno od trima nalazi se cisterna s vodenim slivom i bazen za ptica. Ulaz podsje\u0107a na romani\u010dka vrata. Visok ulaz vodi u okrugli interijer s alkom. Trim se obloga.<\/p><\/div><\/div><div class='content-column one_half last_column'><div style=\"padding-right:0px;padding-left:6px;\"><p><strong>Stupanj za\u0161tite \/ Schutzstellung<br \/>\n<\/strong>&#8211;<\/p>\n<hr \/>\n<p><strong>Info<\/strong><\/p>\n<p>Der Trim befindet sich neben einem Geb\u00e4ude mit Flachdach am Weg auf den Berg Remik. Der dreistufige Trim ist sehr gut erhalten, seine Wandfl\u00e4chen sind im unteren Bereich zum Teil verfugt. Ca. 5 m \u00f6stlich des Trims befindet sich eine Zisterne mit Wasserauffangfl\u00e4che und eine Vogeltr\u00e4nke. Der Eingang erinnert an eine romanische T\u00fcre. Durch den hohen Eingang gelangt man in den runden Innenraum mit Wandnische. Der Trim wird genutzt.<\/p><\/div><\/div><div class='clear_column'><\/div><div class='content-column one_half'><div style=\"padding-right:6px;\"><div id=\"attachment_24834\" style=\"width: 310px\" class=\"wp-caption aligncenter\"><img loading=\"lazy\" decoding=\"async\" aria-describedby=\"caption-attachment-24834\" class=\"size-full wp-image-24834\" src=\"https:\/\/www.topohvar.at\/wp-content\/uploads\/2019\/12\/sa-tr-21-1.jpg\" alt=\"\" width=\"300\" height=\"300\" srcset=\"https:\/\/www.topohvar.at\/wp-content\/uploads\/2019\/12\/sa-tr-21-1.jpg 300w, https:\/\/www.topohvar.at\/wp-content\/uploads\/2019\/12\/sa-tr-21-1-150x150.jpg 150w\" sizes=\"auto, (max-width: 300px) 100vw, 300px\" \/><p id=\"caption-attachment-24834\" class=\"wp-caption-text\">Ulaz \/ Eingang<\/p><\/div>\n<p>Dana 12.10.2019 trim je posje\u0107en i prona\u0111en je sljede\u0107i<\/p>\n<p>Lokacija: poljoprivredni sklop<br \/>\nPodzemlje: sklon<br \/>\nSklop: izoliran<br \/>\nUpotreba: koristi<br \/>\nStanje izgradnje: vrlo dobro uzdr\u017eati<br \/>\nBroj prstenova trima: tri prstena<br \/>\nDodatni kameni prsten: nema kamenog prstena<br \/>\nStepeni\u0161te: nema stepenica<br \/>\nOblik kamena: uglast<br \/>\nPodru\u010dje ispred ulaza: lako dostupni<br \/>\nVrata na stranicu: Z (250\u00b0)<br \/>\nPromjer trima (cm): 400<br \/>\nVisina trima (cm): 280<br \/>\nVisina prstena (cm): prsten 1: 150 , prsten 2: 220 , prsten 3: 280<br \/>\nDebljina zida (cm): 75<br \/>\n\u0160irina vrata (cm): 90<br \/>\nVisina vrata (cm): 145<br \/>\n\u0160irina unutra (cm): 250<br \/>\nVisina unutra (cm): 250<br \/>\nVolumen iznutra (m3): 8,74<br \/>\nni\u0161a 1 (P\/\u0160\/V\/D) (cm): 40 \/ 35 \/ 35 \/ 50<\/p><\/div><\/div><div class='content-column one_half last_column'><div style=\"padding-right:0px;padding-left:6px;\"><div id=\"attachment_24835\" style=\"width: 310px\" class=\"wp-caption aligncenter\"><img loading=\"lazy\" decoding=\"async\" aria-describedby=\"caption-attachment-24835\" class=\"size-full wp-image-24835\" src=\"https:\/\/www.topohvar.at\/wp-content\/uploads\/2019\/12\/sa-tr-21-4.jpg\" alt=\"\" width=\"300\" height=\"300\" srcset=\"https:\/\/www.topohvar.at\/wp-content\/uploads\/2019\/12\/sa-tr-21-4.jpg 300w, https:\/\/www.topohvar.at\/wp-content\/uploads\/2019\/12\/sa-tr-21-4-150x150.jpg 150w\" sizes=\"auto, (max-width: 300px) 100vw, 300px\" \/><p id=\"caption-attachment-24835\" class=\"wp-caption-text\">Pogled na sjeverozapad \/ Blick nach Nordwest<\/p><\/div>\n<p>Am 12.10.2019 wurde der Trim besucht und untersucht<\/p>\n<p>Standort: landwirtsch. Gemenge<br \/>\nUntergrund: geneigt<br \/>\nVerbunden mit: freistehend<br \/>\nNutzung: genutzt<br \/>\nZustand: sehr gut erhalten<br \/>\nRinge\/Stufen des Trim: dreistufig<br \/>\nZus\u00e4tzlicher Steinring: kein Steinring<br \/>\nStiege: keine Stufen<br \/>\nSteinform: kantig<br \/>\nEingangsbereich: frei<br \/>\nEingangsseite: W (250\u00b0)<br \/>\nTrimdurchmesser (cm): 400<br \/>\nTrimh\u00f6he (cm): 280<br \/>\nStufen\/Ringh\u00f6he (cm): Ring 1: 150 , Ring 2: 220 , Ring 3: 280<br \/>\nWandst\u00e4rke: 75<br \/>\nT\u00fcrbreite (cm): 90<br \/>\nT\u00fcrh\u00f6he (cm): 145<br \/>\nInnenraumbreite (cm): 250<br \/>\nInnenraumh\u00f6he (cm): 250<br \/>\nRaumvolumen (m3): 8,74<br \/>\nNische 1 (P\/B\/H\/T) (cm): 40 \/ 35 \/ 35 \/ 50<\/p><\/div><\/div><div class='clear_column'><\/div><\/p>\n<p><img loading=\"lazy\" decoding=\"async\" class=\"aligncenter size-full wp-image-24836\" src=\"https:\/\/www.topohvar.at\/wp-content\/uploads\/2019\/12\/sa-tr-21-sc.jpg\" alt=\"\" width=\"600\" height=\"915\" srcset=\"https:\/\/www.topohvar.at\/wp-content\/uploads\/2019\/12\/sa-tr-21-sc.jpg 600w, https:\/\/www.topohvar.at\/wp-content\/uploads\/2019\/12\/sa-tr-21-sc-197x300.jpg 197w\" sizes=\"auto, (max-width: 600px) 100vw, 600px\" \/><\/p>\n<p style=\"text-align: right;\"><a href=\"#seite_oben\">natrag na vrh \/ Seitenanfang<\/a><\/p>\n<hr \/>\n<p><strong>Linkovi \/ Links<\/strong><\/p>\n<p><span style=\"color: #3366ff;\"><a style=\"color: #3366ff;\" href=\"https:\/\/www.topohvar.at\/topo\/orte\/sa\/sa-op-00-0\/#op-03\">Objekt \u00bbGustirna uz trim SA-TR-21\u00ab \/ Zisterne beim Trim SA-TR-21<\/a><\/span><\/p>\n","protected":false},"excerpt":{"rendered":"<p>Ime \/ Name Trim \u00bbSA-TR-21\u00ab Code: SA-TR-21\u00a0 \u00a0 \u00a0 \u00a0 \u00a0 \u00a0 \u00a0 \u00a0 \u00a0 \u00a0 \u00a0 \u00a0 \u00a0 \u00a0 \u00a0 \u00a0 \u00a0 \u00a0 \u00a0 \u00a0 Adresa \/ Adresse Selca (kod Starog Grada) Remik, iznad puta na Sv. Nikola \/ &hellip; <a href=\"https:\/\/www.topohvar.at\/topo\/orte\/sa\/sa-tr-21-1\/\">Weiterlesen <span class=\"meta-nav\">&rarr;<\/span><\/a><\/p>\n","protected":false},"author":1,"featured_media":0,"parent":95,"menu_order":0,"comment_status":"closed","ping_status":"closed","template":"","meta":{"footnotes":""},"class_list":["post-24345","page","type-page","status-publish","hentry"],"_links":{"self":[{"href":"https:\/\/www.topohvar.at\/topo\/wp-json\/wp\/v2\/pages\/24345","targetHints":{"allow":["GET"]}}],"collection":[{"href":"https:\/\/www.topohvar.at\/topo\/wp-json\/wp\/v2\/pages"}],"about":[{"href":"https:\/\/www.topohvar.at\/topo\/wp-json\/wp\/v2\/types\/page"}],"author":[{"embeddable":true,"href":"https:\/\/www.topohvar.at\/topo\/wp-json\/wp\/v2\/users\/1"}],"replies":[{"embeddable":true,"href":"https:\/\/www.topohvar.at\/topo\/wp-json\/wp\/v2\/comments?post=24345"}],"version-history":[{"count":15,"href":"https:\/\/www.topohvar.at\/topo\/wp-json\/wp\/v2\/pages\/24345\/revisions"}],"predecessor-version":[{"id":68696,"href":"https:\/\/www.topohvar.at\/topo\/wp-json\/wp\/v2\/pages\/24345\/revisions\/68696"}],"up":[{"embeddable":true,"href":"https:\/\/www.topohvar.at\/topo\/wp-json\/wp\/v2\/pages\/95"}],"wp:attachment":[{"href":"https:\/\/www.topohvar.at\/topo\/wp-json\/wp\/v2\/media?parent=24345"}],"curies":[{"name":"wp","href":"https:\/\/api.w.org\/{rel}","templated":true}]}}