{"id":24377,"date":"2019-10-24T17:09:26","date_gmt":"2019-10-24T15:09:26","guid":{"rendered":"https:\/\/www.topohvar.at\/topo\/?page_id=24377"},"modified":"2024-09-05T17:03:42","modified_gmt":"2024-09-05T15:03:42","slug":"do-tr-20-1","status":"publish","type":"page","link":"https:\/\/www.topohvar.at\/topo\/orte\/do\/do-tr-20-1\/","title":{"rendered":"DOL &#8211; Trim \u00bbDO-TR-20\u00ab"},"content":{"rendered":"<p><a name=\"seite_oben\"><\/a><br \/>\n<img loading=\"lazy\" decoding=\"async\" class=\"alignleft wp-image-24381 size-large\" src=\"https:\/\/www.topohvar.at\/wp-content\/uploads\/2019\/10\/do-tr-20-2-1024x503.jpg\" alt=\"\" width=\"640\" height=\"314\" srcset=\"https:\/\/www.topohvar.at\/wp-content\/uploads\/2019\/10\/do-tr-20-2-1024x503.jpg 1024w, https:\/\/www.topohvar.at\/wp-content\/uploads\/2019\/10\/do-tr-20-2-300x147.jpg 300w, https:\/\/www.topohvar.at\/wp-content\/uploads\/2019\/10\/do-tr-20-2-768x377.jpg 768w, https:\/\/www.topohvar.at\/wp-content\/uploads\/2019\/10\/do-tr-20-2.jpg 1080w\" sizes=\"auto, (max-width: 640px) 100vw, 640px\" \/><\/p>\n<p><strong>Ime \/ Name<br \/>\n<\/strong>Trim \u00bbDO-TR-20\u00ab<\/p>\n<p><strong>Code: <\/strong>DO-TR-20\u00a0 \u00a0 \u00a0 \u00a0 \u00a0 \u00a0 \u00a0 \u00a0 \u00a0 \u00a0 \u00a0 \u00a0 \u00a0 \u00a0 \u00a0 \u00a0 \u00a0 \u00a0\u00a0<strong><a href=\"https:\/\/www.topohvar.at\/orte\/do\/do-tr-00-2\/\"><img loading=\"lazy\" decoding=\"async\" class=\"alignnone wp-image-12300 size-full\" src=\"https:\/\/www.topohvar.at\/wp-content\/uploads\/2018\/09\/push-vor-30.jpg\" alt=\"\" width=\"61\" height=\"30\" \/><\/a> <a href=\"https:\/\/www.topohvar.at\/orte\/do\/do-tr-02-2\/\"><img loading=\"lazy\" decoding=\"async\" class=\"alignnone wp-image-533 size-full\" src=\"https:\/\/www.topohvar.at\/wp-content\/uploads\/2018\/07\/push-l-30.jpg\" alt=\"\" width=\"61\" height=\"30\" \/><\/a> <a href=\"https:\/\/www.topohvar.at\/orte\/do\/\"><img loading=\"lazy\" decoding=\"async\" class=\"alignnone wp-image-535 size-full\" src=\"https:\/\/www.topohvar.at\/wp-content\/uploads\/2018\/07\/push-o-30.jpg\" alt=\"\" width=\"61\" height=\"30\" \/><\/a> <a href=\"https:\/\/www.topohvar.at\/orte\/do\/do-tr-26-1\/\"><img loading=\"lazy\" decoding=\"async\" class=\"alignnone wp-image-536 size-full\" src=\"https:\/\/www.topohvar.at\/wp-content\/uploads\/2018\/07\/push-r-30.jpg\" alt=\"\" width=\"61\" height=\"30\" \/><\/a><\/strong><\/p>\n<hr \/>\n<p><strong>Adresa \/ Adresse<br \/>\n<\/strong>Dol, na putu od Dola prema Borovika \/ am Weg von Dol nach Borovik<\/p>\n<p><strong>Lokacija \/ Position<a href=\"https:\/\/goo.gl\/maps\/F1dhAuzJYuQ4nfja7\"><img loading=\"lazy\" decoding=\"async\" class=\"alignright wp-image-24378\" src=\"https:\/\/www.topohvar.at\/wp-content\/uploads\/2019\/10\/2092.jpg\" alt=\"\" width=\"133\" height=\"100\" \/><\/a><br \/>\n<\/strong><span style=\"color: #3366ff;\"><a style=\"color: #3366ff;\" href=\"https:\/\/goo.gl\/maps\/F1dhAuzJYuQ4nfja7\">Latitude: N 43,16146\u00b0\u00a0 \u00a0Longitude: E 16,61070\u00b0<\/a> <\/span><strong><br \/>\n<\/strong>Visina \/ H\u00f6he: 282 m<\/p>\n<p><strong>Katastarska \u010destica \/ Grundst\u00fccke<br \/>\n<\/strong>2952 <div class='content-column one_half'><div style=\"padding-right:6px;\"><p><strong>Datum snimanja \/ Erfassungsdatum<br \/>\n<\/strong>14.10.1019 11:54:52<\/p>\n<hr \/>\n<p><strong>Informacije<\/strong><\/p>\n<p>Trim je u \u0161umi ju\u017eno od puta od Dola prema Borovika. Lijeva strana trima s jednom stepenicom oja\u010dana je dodatnim kamenim prstenom. Ulaz u obliku lijevka vodi u unutra\u0161njost bez otvora. Trim je relativno dobro o\u010duvan.<\/p><\/div><\/div><div class='content-column one_half last_column'><div style=\"padding-right:0px;padding-left:6px;\"><p><strong>Stupanj za\u0161tite \/ Schutzstellung<br \/>\n<\/strong>&#8211;<\/p>\n<hr \/>\n<p><strong>Info<\/strong><\/p>\n<p>Der Trim befindet sich im Wald s\u00fcdlich der Stra\u00dfe von Dol nach Borovik. Die linke Seite des einstufigen Trims wird durch einen zus\u00e4tzlichen Steinring verst\u00e4rkt. Durch den trichterf\u00f6rmigen Eingang gelangt man in den \u00f6ffnungslosen Innenraum. Der Trim ist relativ gut erhalten.<\/p><\/div><\/div><div class='clear_column'><\/div><div class='content-column one_half'><div style=\"padding-right:6px;\"><div id=\"attachment_24870\" style=\"width: 310px\" class=\"wp-caption aligncenter\"><img loading=\"lazy\" decoding=\"async\" aria-describedby=\"caption-attachment-24870\" class=\"size-full wp-image-24870\" src=\"https:\/\/www.topohvar.at\/wp-content\/uploads\/2019\/12\/do-tr-20-1.jpg\" alt=\"\" width=\"300\" height=\"300\" srcset=\"https:\/\/www.topohvar.at\/wp-content\/uploads\/2019\/12\/do-tr-20-1.jpg 300w, https:\/\/www.topohvar.at\/wp-content\/uploads\/2019\/12\/do-tr-20-1-150x150.jpg 150w\" sizes=\"auto, (max-width: 300px) 100vw, 300px\" \/><p id=\"caption-attachment-24870\" class=\"wp-caption-text\">Ulaz \/ Eingang<\/p><\/div>\n<p>Dana 14.10.2019 trim je posje\u0107en i ustanovljeno je sljede\u0107e:<\/p>\n<p>Lokacija: \u0161uma<br \/>\nPodloga: ravna<br \/>\nPovezan s: nije povezan, samostoje\u0107i, izoliran<br \/>\nUpotreba: ne koristi se<br \/>\nStanje: dobro, prekriven vegetacijom<br \/>\nBroj stepenica trima: 2<br \/>\nDodatni kameni prsten: kameni prsten djelomi\u010dno<br \/>\nStepeni\u0161te: nema<br \/>\nOblik kamena: uglast<br \/>\nPodru\u010dje ispred ulaza: za\u0161ti\u0107eno<br \/>\nOrijentacija ulaza: SZ (310\u00b0)<br \/>\nPromjer trima (cm): 320<br \/>\nVisina trima (cm): 240<br \/>\nVisina stepenica (cm): stepenica 1: 180<br \/>\nDebljina zida (cm): 75<br \/>\n\u0160irina vrata (cm): 45<br \/>\nVisina vrata (cm): 105<br \/>\n\u0160irina unutra (cm): 150 &#8211; 170<br \/>\nVisina unutra (cm): 210<br \/>\nVolumen iznutra (m3): 2,77<br \/>\nNema ni\u0161e<\/p><\/div><\/div><div class='content-column one_half last_column'><div style=\"padding-right:0px;padding-left:6px;\"><div id=\"attachment_24871\" style=\"width: 310px\" class=\"wp-caption aligncenter\"><img loading=\"lazy\" decoding=\"async\" aria-describedby=\"caption-attachment-24871\" class=\"size-full wp-image-24871\" src=\"https:\/\/www.topohvar.at\/wp-content\/uploads\/2019\/12\/do-tr-20-5.jpg\" alt=\"\" width=\"300\" height=\"300\" srcset=\"https:\/\/www.topohvar.at\/wp-content\/uploads\/2019\/12\/do-tr-20-5.jpg 300w, https:\/\/www.topohvar.at\/wp-content\/uploads\/2019\/12\/do-tr-20-5-150x150.jpg 150w\" sizes=\"auto, (max-width: 300px) 100vw, 300px\" \/><p id=\"caption-attachment-24871\" class=\"wp-caption-text\">Pogled na jug \/ Blick nach S\u00fcden<\/p><\/div>\n<p>Am 14.10.2019 wurde der Trim besucht und n\u00e4her untersucht:<\/p>\n<p>Standort: Wald<br \/>\nUntergrund: eben<br \/>\nVerbunden mit: freistehend<br \/>\nNutzung: ungenutzt<br \/>\nZustand: gut, verwachsen<br \/>\nAnzahl der Trimstufen: 2<br \/>\nZus\u00e4tzlicher Steinring: Steinring teilweise<br \/>\nStiege: keine<br \/>\nSteinform: kantig<br \/>\nEingangsbereich: gesch\u00fctzt<br \/>\nEingangsseite: NW (310\u00b0)<br \/>\nTrimdurchmesser (cm): 320<br \/>\nTrimh\u00f6he (cm): 240<br \/>\nH\u00f6he der Trimstufen (cm): Stufe 1: 180<br \/>\nWandst\u00e4rke (cm): 75<br \/>\nT\u00fcrbreite (cm): 45<br \/>\nT\u00fcrh\u00f6he (cm): 105<br \/>\nInnenraumbreite (cm): 150 &#8211; 170<br \/>\nInnenraumh\u00f6he (cm): 210<br \/>\nRaumvolumen (m3): 2,77<br \/>\nKeine Nische<\/p><\/div><\/div><div class='clear_column'><\/div><\/p>\n<p><img loading=\"lazy\" decoding=\"async\" class=\"aligncenter size-full wp-image-24869\" src=\"https:\/\/www.topohvar.at\/wp-content\/uploads\/2019\/12\/do-tr-20-sc.jpg\" alt=\"\" width=\"600\" height=\"914\" srcset=\"https:\/\/www.topohvar.at\/wp-content\/uploads\/2019\/12\/do-tr-20-sc.jpg 600w, https:\/\/www.topohvar.at\/wp-content\/uploads\/2019\/12\/do-tr-20-sc-197x300.jpg 197w\" sizes=\"auto, (max-width: 600px) 100vw, 600px\" \/><\/p>\n<p style=\"text-align: right;\"><a href=\"#seite_oben\">natrag na vrh \/ Seitenanfang<\/a><\/p>\n<hr \/>\n<p><strong>Linkovi \/ Links<\/strong><\/p>\n<p>&#8211;<\/p>\n","protected":false},"excerpt":{"rendered":"<p>Ime \/ Name Trim \u00bbDO-TR-20\u00ab Code: DO-TR-20\u00a0 \u00a0 \u00a0 \u00a0 \u00a0 \u00a0 \u00a0 \u00a0 \u00a0 \u00a0 \u00a0 \u00a0 \u00a0 \u00a0 \u00a0 \u00a0 \u00a0 \u00a0\u00a0 Adresa \/ Adresse Dol, na putu od Dola prema Borovika \/ am Weg von Dol nach &hellip; <a href=\"https:\/\/www.topohvar.at\/topo\/orte\/do\/do-tr-20-1\/\">Weiterlesen <span class=\"meta-nav\">&rarr;<\/span><\/a><\/p>\n","protected":false},"author":1,"featured_media":0,"parent":68,"menu_order":0,"comment_status":"closed","ping_status":"closed","template":"","meta":{"footnotes":""},"class_list":["post-24377","page","type-page","status-publish","hentry"],"_links":{"self":[{"href":"https:\/\/www.topohvar.at\/topo\/wp-json\/wp\/v2\/pages\/24377","targetHints":{"allow":["GET"]}}],"collection":[{"href":"https:\/\/www.topohvar.at\/topo\/wp-json\/wp\/v2\/pages"}],"about":[{"href":"https:\/\/www.topohvar.at\/topo\/wp-json\/wp\/v2\/types\/page"}],"author":[{"embeddable":true,"href":"https:\/\/www.topohvar.at\/topo\/wp-json\/wp\/v2\/users\/1"}],"replies":[{"embeddable":true,"href":"https:\/\/www.topohvar.at\/topo\/wp-json\/wp\/v2\/comments?post=24377"}],"version-history":[{"count":11,"href":"https:\/\/www.topohvar.at\/topo\/wp-json\/wp\/v2\/pages\/24377\/revisions"}],"predecessor-version":[{"id":47747,"href":"https:\/\/www.topohvar.at\/topo\/wp-json\/wp\/v2\/pages\/24377\/revisions\/47747"}],"up":[{"embeddable":true,"href":"https:\/\/www.topohvar.at\/topo\/wp-json\/wp\/v2\/pages\/68"}],"wp:attachment":[{"href":"https:\/\/www.topohvar.at\/topo\/wp-json\/wp\/v2\/media?parent=24377"}],"curies":[{"name":"wp","href":"https:\/\/api.w.org\/{rel}","templated":true}]}}