{"id":24395,"date":"2019-10-24T17:29:22","date_gmt":"2019-10-24T15:29:22","guid":{"rendered":"https:\/\/www.topohvar.at\/topo\/?page_id=24395"},"modified":"2024-09-19T14:57:39","modified_gmt":"2024-09-19T12:57:39","slug":"do-tr-23-1","status":"publish","type":"page","link":"https:\/\/www.topohvar.at\/topo\/orte\/do\/do-tr-23-1\/","title":{"rendered":"DOL &#8211; Trim \u00bbDO-TR-23\u00ab"},"content":{"rendered":"<p><a name=\"seite_oben\"><\/a><br \/>\n<img loading=\"lazy\" decoding=\"async\" class=\"alignleft wp-image-24399 size-large\" src=\"https:\/\/www.topohvar.at\/wp-content\/uploads\/2019\/10\/do-tr-23-2-1024x503.jpg\" alt=\"\" width=\"640\" height=\"314\" srcset=\"https:\/\/www.topohvar.at\/wp-content\/uploads\/2019\/10\/do-tr-23-2-1024x503.jpg 1024w, https:\/\/www.topohvar.at\/wp-content\/uploads\/2019\/10\/do-tr-23-2-300x147.jpg 300w, https:\/\/www.topohvar.at\/wp-content\/uploads\/2019\/10\/do-tr-23-2-768x377.jpg 768w, https:\/\/www.topohvar.at\/wp-content\/uploads\/2019\/10\/do-tr-23-2.jpg 1080w\" sizes=\"auto, (max-width: 640px) 100vw, 640px\" \/><\/p>\n<p><strong>Ime \/ Name<br \/>\n<\/strong>Trim \u00bbDO-TR-23\u00ab<\/p>\n<p><strong>Code: <\/strong>DO-TR-23\u00a0 \u00a0 \u00a0 \u00a0 \u00a0 \u00a0 \u00a0 \u00a0 \u00a0 \u00a0 \u00a0 \u00a0 \u00a0 \u00a0 \u00a0 \u00a0 \u00a0 \u00a0\u00a0<strong><a href=\"https:\/\/www.topohvar.at\/orte\/do\/do-tr-00-2\/\"><img loading=\"lazy\" decoding=\"async\" class=\"alignnone wp-image-12300 size-full\" src=\"https:\/\/www.topohvar.at\/wp-content\/uploads\/2018\/09\/push-vor-30.jpg\" alt=\"\" width=\"61\" height=\"30\" \/><\/a> <a href=\"https:\/\/www.topohvar.at\/orte\/do\/do-tr-01-2\/\"><img loading=\"lazy\" decoding=\"async\" class=\"alignnone wp-image-533 size-full\" src=\"https:\/\/www.topohvar.at\/wp-content\/uploads\/2018\/07\/push-l-30.jpg\" alt=\"\" width=\"61\" height=\"30\" \/><\/a> <a href=\"https:\/\/www.topohvar.at\/orte\/do\/\"><img loading=\"lazy\" decoding=\"async\" class=\"alignnone wp-image-535 size-full\" src=\"https:\/\/www.topohvar.at\/wp-content\/uploads\/2018\/07\/push-o-30.jpg\" alt=\"\" width=\"61\" height=\"30\" \/><\/a> <a href=\"https:\/\/www.topohvar.at\/orte\/do\/do-tr-24-1\/\"><img loading=\"lazy\" decoding=\"async\" class=\"alignnone wp-image-536 size-full\" src=\"https:\/\/www.topohvar.at\/wp-content\/uploads\/2018\/07\/push-r-30.jpg\" alt=\"\" width=\"61\" height=\"30\" \/><\/a><\/strong><\/p>\n<hr \/>\n<p><strong>Adresa \/ Adresse<br \/>\n<\/strong>Dol, na putu od Dola prema Borovika \/ am Weg von Dol nach Borovik<\/p>\n<p><strong>Lokacija \/ Position<a href=\"https:\/\/goo.gl\/maps\/NnVQh7MUjzuBkTKK8\"><img loading=\"lazy\" decoding=\"async\" class=\"alignright wp-image-24396\" src=\"https:\/\/www.topohvar.at\/wp-content\/uploads\/2019\/10\/2095.jpg\" alt=\"\" width=\"133\" height=\"100\" \/><\/a><br \/>\n<\/strong><span style=\"color: #3366ff;\"><a style=\"color: #3366ff;\" href=\"https:\/\/goo.gl\/maps\/NnVQh7MUjzuBkTKK8\">Latitude: N 43,161089\u00b0\u00a0 \u00a0Longitude: E 16,60946\u00b0<\/a> <\/span><strong><br \/>\n<\/strong>Visina \/ H\u00f6he: 268 m<\/p>\n<p><strong>Katastarska \u010destica \/ Grundst\u00fccke<br \/>\n<\/strong>121\/2 <div class='content-column one_half'><div style=\"padding-right:6px;\"><p><strong>Datum snimanja \/ Erfassungsdatum<br \/>\n<\/strong>15.10.1019 12:22:09<\/p>\n<hr \/>\n<p><strong>Informacije<\/strong><\/p>\n<p>Veliki trim je u \u0161umi ju\u017eno od puta od Dola prema Borovika. Zajedno s trimom DO-TR-24 tvori vrlo lijep ansambl okru\u017een kamenim zidovima.<\/p><\/div><\/div><div class='content-column one_half last_column'><div style=\"padding-right:0px;padding-left:6px;\"><p><strong>Stupanj za\u0161tite \/ Schutzstellung<br \/>\n<\/strong>&#8211;<\/p>\n<hr \/>\n<p><strong>Info<\/strong><\/p>\n<p>Der gro\u00dfe Trim befindet sich im Wald s\u00fcdlich der Stra\u00dfe von Dol nach Borovik. Er bildet zusammen mit dem Trim DO-TR-24 ein sehr sch\u00f6nes, mit Steinmauern umgrenztes, Ensemble.<\/p><\/div><\/div><div class='clear_column'><\/div><div class='content-column one_half'><div style=\"padding-right:6px;\"><p>Prva stepenica trima s tri stepenice mo\u017ee se penjati stepenicama. Ni\u0161e su iznad ulaza, a tako\u0111er i u tre\u0107em stepenicu, visoko iznad ulaza. Ulaz se mo\u017ee zatvoriti drvenim vratima. Kroz nju ulazite u vrlo visoku unutra\u0161njost sa zidnom ni\u0161om. Trim je vrlo dobro o\u010duvan i o\u010dito je jo\u0161 uvijek u upotrebi.<\/p><\/div><\/div><div class='content-column one_half last_column'><div style=\"padding-right:0px;padding-left:6px;\"><p>Die erste Stufe des dreistufigen Trims kann \u00fcber Trittstufen erstiegen werden. \u00dcber dem Eingang und auch in der dritten Stufe, hoch \u00fcber dem Eingang befinden sich Wandnischen. Der Eingang ist mit einer Holzt\u00fcre verschlie\u00dfbar. Durch ihn gelangt man in den sehr hohen Innenraum mit einer Wandnische. Der Trim ist sehr gut erhalten und wird offensichtlich noch genutzt.<\/p><\/div><\/div><div class='clear_column'><\/div><div class='content-column one_half'><div style=\"padding-right:6px;\"><div id=\"attachment_24881\" style=\"width: 310px\" class=\"wp-caption aligncenter\"><img loading=\"lazy\" decoding=\"async\" aria-describedby=\"caption-attachment-24881\" class=\"size-full wp-image-24881\" src=\"https:\/\/www.topohvar.at\/wp-content\/uploads\/2019\/12\/do-tr-23-1.jpg\" alt=\"\" width=\"300\" height=\"300\" srcset=\"https:\/\/www.topohvar.at\/wp-content\/uploads\/2019\/12\/do-tr-23-1.jpg 300w, https:\/\/www.topohvar.at\/wp-content\/uploads\/2019\/12\/do-tr-23-1-150x150.jpg 150w\" sizes=\"auto, (max-width: 300px) 100vw, 300px\" \/><p id=\"caption-attachment-24881\" class=\"wp-caption-text\">Blokiran ulaz \/ versperrter Zugang<\/p><\/div>\n<p>Dana 15.10.2019 trim je posje\u0107en i ustanovljeno je sljede\u0107e:<\/p>\n<p>Lokacija: \u0161uma<br \/>\nPodloga: ravna<br \/>\nPovezan s: drugim trimom<br \/>\nUpotreba: u upotrebi<br \/>\ns mogu\u0107no\u0161\u0107u zaklju\u010davanja<br \/>\nStanje: vrlo dobro uzdr\u017eati<br \/>\nBroj stepenica trima: 3<br \/>\nDodatni kameni prsten: nema prstena<br \/>\nStepeni\u0161te: konzolne stepenice<br \/>\nOblik kamena: uglast<br \/>\nPodru\u010dje ispred ulaza: lako dostupno<br \/>\nOrijentacija ulaza: Z (270\u00b0)<br \/>\nPromjer trima (cm): 600<br \/>\nVisina trima (cm): 430<br \/>\nVisina stepenica (cm):<br \/>\n&#8211; step. 1: 230, step. 2: 350, step. 3: 430<br \/>\nDebljina zida (cm): 120<br \/>\n\u0160irina vrata (cm): 100<br \/>\nVisina vrata (cm): 130<br \/>\n\u0160irina unutra (cm): 330 &#8211; 360<br \/>\nVisina unutra (cm): 400<br \/>\nVolumen iznutra (m3): 20,75<br \/>\nNi\u0161a 1 (P\/\u0160\/V\/D) (cm): 95 \/ 40 \/ 45 \/ 65<\/p><\/div><\/div><div class='content-column one_half last_column'><div style=\"padding-right:0px;padding-left:6px;\"><div id=\"attachment_24882\" style=\"width: 310px\" class=\"wp-caption aligncenter\"><img loading=\"lazy\" decoding=\"async\" aria-describedby=\"caption-attachment-24882\" class=\"size-full wp-image-24882\" src=\"https:\/\/www.topohvar.at\/wp-content\/uploads\/2019\/12\/do-tr-23-4.jpg\" alt=\"\" width=\"300\" height=\"300\" srcset=\"https:\/\/www.topohvar.at\/wp-content\/uploads\/2019\/12\/do-tr-23-4.jpg 300w, https:\/\/www.topohvar.at\/wp-content\/uploads\/2019\/12\/do-tr-23-4-150x150.jpg 150w\" sizes=\"auto, (max-width: 300px) 100vw, 300px\" \/><p id=\"caption-attachment-24882\" class=\"wp-caption-text\">Pogled na zapad \/ Blick nach Westen<\/p><\/div>\n<p>Am 15.10.2019 wurde der Trim besucht und n\u00e4her untersucht:<\/p>\n<p>Standort: Wald<br \/>\nUntergrund: eben<br \/>\nVerbunden mit: Trim<br \/>\nNutzung: genutzt,<br \/>\nverschlie\u00dfbar<br \/>\nZustand: sehr gut erhalten<br \/>\nAnzahl der Trimstufen: 3<br \/>\nZus\u00e4tzlicher Steinring: kein Steinring<br \/>\nStiege: Kragsteine<br \/>\nSteinform: kantig<br \/>\nEingangsbereich: frei<br \/>\nEingangsseite: W (270\u00b0)<br \/>\nTrimdurchmesser (cm): 600<br \/>\nTrimh\u00f6he (cm): 430<br \/>\nH\u00f6he der Trimstufen (cm):<br \/>\n&#8211; Stufe 1: 230, Stufe 2: 350, Stufe 3: 430<br \/>\nWandst\u00e4rke (cm): 120<br \/>\nT\u00fcrbreite (cm): 100<br \/>\nT\u00fcrh\u00f6he (cm): 130<br \/>\nInnenraumbreite (cm): 330 &#8211; 360<br \/>\nInnenraumh\u00f6he (cm): 400<br \/>\nRaumvolumen (m3): 20,75<br \/>\nNische 1 (P\/B\/H\/T) (cm): 95 \/ 40 \/ 45 \/ 65<\/p><\/div><\/div><div class='clear_column'><\/div><\/p>\n<p><img loading=\"lazy\" decoding=\"async\" class=\"aligncenter size-large wp-image-24883\" src=\"https:\/\/www.topohvar.at\/wp-content\/uploads\/2019\/12\/do-tr-23-sc-467x1024.jpg\" alt=\"\" width=\"467\" height=\"1024\" srcset=\"https:\/\/www.topohvar.at\/wp-content\/uploads\/2019\/12\/do-tr-23-sc-467x1024.jpg 467w, https:\/\/www.topohvar.at\/wp-content\/uploads\/2019\/12\/do-tr-23-sc-137x300.jpg 137w, https:\/\/www.topohvar.at\/wp-content\/uploads\/2019\/12\/do-tr-23-sc.jpg 600w\" sizes=\"auto, (max-width: 467px) 100vw, 467px\" \/><\/p>\n<p style=\"text-align: right;\"><a href=\"#seite_oben\">natrag na vrh \/ Seitenanfang<\/a><\/p>\n<hr \/>\n<p><strong>Linkovi \/ Links<\/strong><\/p>\n<p><span style=\"color: #3366ff;\"><a style=\"color: #3366ff;\" href=\"https:\/\/www.topohvar.at\/orte\/do\/do-tr-24-1\/\">Trim DO-TR-24<\/a><\/span><\/p>\n","protected":false},"excerpt":{"rendered":"<p>Ime \/ Name Trim \u00bbDO-TR-23\u00ab Code: DO-TR-23\u00a0 \u00a0 \u00a0 \u00a0 \u00a0 \u00a0 \u00a0 \u00a0 \u00a0 \u00a0 \u00a0 \u00a0 \u00a0 \u00a0 \u00a0 \u00a0 \u00a0 \u00a0\u00a0 Adresa \/ Adresse Dol, na putu od Dola prema Borovika \/ am Weg von Dol nach &hellip; <a href=\"https:\/\/www.topohvar.at\/topo\/orte\/do\/do-tr-23-1\/\">Weiterlesen <span class=\"meta-nav\">&rarr;<\/span><\/a><\/p>\n","protected":false},"author":1,"featured_media":0,"parent":68,"menu_order":0,"comment_status":"closed","ping_status":"closed","template":"","meta":{"footnotes":""},"class_list":["post-24395","page","type-page","status-publish","hentry"],"_links":{"self":[{"href":"https:\/\/www.topohvar.at\/topo\/wp-json\/wp\/v2\/pages\/24395","targetHints":{"allow":["GET"]}}],"collection":[{"href":"https:\/\/www.topohvar.at\/topo\/wp-json\/wp\/v2\/pages"}],"about":[{"href":"https:\/\/www.topohvar.at\/topo\/wp-json\/wp\/v2\/types\/page"}],"author":[{"embeddable":true,"href":"https:\/\/www.topohvar.at\/topo\/wp-json\/wp\/v2\/users\/1"}],"replies":[{"embeddable":true,"href":"https:\/\/www.topohvar.at\/topo\/wp-json\/wp\/v2\/comments?post=24395"}],"version-history":[{"count":16,"href":"https:\/\/www.topohvar.at\/topo\/wp-json\/wp\/v2\/pages\/24395\/revisions"}],"predecessor-version":[{"id":69669,"href":"https:\/\/www.topohvar.at\/topo\/wp-json\/wp\/v2\/pages\/24395\/revisions\/69669"}],"up":[{"embeddable":true,"href":"https:\/\/www.topohvar.at\/topo\/wp-json\/wp\/v2\/pages\/68"}],"wp:attachment":[{"href":"https:\/\/www.topohvar.at\/topo\/wp-json\/wp\/v2\/media?parent=24395"}],"curies":[{"name":"wp","href":"https:\/\/api.w.org\/{rel}","templated":true}]}}