{"id":24406,"date":"2019-10-24T17:48:19","date_gmt":"2019-10-24T15:48:19","guid":{"rendered":"https:\/\/www.topohvar.at\/topo\/?page_id=24406"},"modified":"2021-04-13T06:46:41","modified_gmt":"2021-04-13T04:46:41","slug":"do-tr-25-1","status":"publish","type":"page","link":"https:\/\/www.topohvar.at\/topo\/orte\/do\/do-tr-25-1\/","title":{"rendered":"DOL &#8211; Trim \u00bbDO-TR-25\u00ab"},"content":{"rendered":"<p><a name=\"seite_oben\"><\/a><br \/>\n<img loading=\"lazy\" decoding=\"async\" class=\"alignleft wp-image-24410 size-large\" src=\"https:\/\/www.topohvar.at\/wp-content\/uploads\/2019\/10\/do-tr-25-5-1024x503.jpg\" alt=\"\" width=\"640\" height=\"314\" srcset=\"https:\/\/www.topohvar.at\/wp-content\/uploads\/2019\/10\/do-tr-25-5-1024x503.jpg 1024w, https:\/\/www.topohvar.at\/wp-content\/uploads\/2019\/10\/do-tr-25-5-300x147.jpg 300w, https:\/\/www.topohvar.at\/wp-content\/uploads\/2019\/10\/do-tr-25-5-768x377.jpg 768w, https:\/\/www.topohvar.at\/wp-content\/uploads\/2019\/10\/do-tr-25-5.jpg 1080w\" sizes=\"auto, (max-width: 640px) 100vw, 640px\" \/><\/p>\n<p><strong>Ime \/ Name<br \/>\n<\/strong>Trim \u00bbDO-TR-25\u00ab<\/p>\n<p><strong>Code: <\/strong>DO-TR-25\u00a0 \u00a0 \u00a0 \u00a0 \u00a0 \u00a0 \u00a0 \u00a0 \u00a0 \u00a0 \u00a0 \u00a0 \u00a0 \u00a0 \u00a0 \u00a0 \u00a0 \u00a0\u00a0<strong><a href=\"https:\/\/www.topohvar.at\/orte\/do\/do-tr-00-2\/\"><img loading=\"lazy\" decoding=\"async\" class=\"alignnone wp-image-12300 size-full\" src=\"https:\/\/www.topohvar.at\/wp-content\/uploads\/2018\/09\/push-vor-30.jpg\" alt=\"\" width=\"61\" height=\"30\" \/><\/a> <a href=\"https:\/\/www.topohvar.at\/orte\/do\/do-tr-22-1\/\"><img loading=\"lazy\" decoding=\"async\" class=\"alignnone wp-image-533 size-full\" src=\"https:\/\/www.topohvar.at\/wp-content\/uploads\/2018\/07\/push-l-30.jpg\" alt=\"\" width=\"61\" height=\"30\" \/><\/a> <a href=\"https:\/\/www.topohvar.at\/orte\/do\/\"><img loading=\"lazy\" decoding=\"async\" class=\"alignnone wp-image-535 size-full\" src=\"https:\/\/www.topohvar.at\/wp-content\/uploads\/2018\/07\/push-o-30.jpg\" alt=\"\" width=\"61\" height=\"30\" \/><\/a> <a href=\"https:\/\/www.topohvar.at\/orte\/do\/do-tr-18-1\/\"><img loading=\"lazy\" decoding=\"async\" class=\"alignnone wp-image-536 size-full\" src=\"https:\/\/www.topohvar.at\/wp-content\/uploads\/2018\/07\/push-r-30.jpg\" alt=\"\" width=\"61\" height=\"30\" \/><\/a><\/strong><\/p>\n<hr \/>\n<p><strong>Adresa \/ Adresse<br \/>\n<\/strong>Dol, na putu od Dola prema Borovika \/ am Weg von Dol nach Borovik<\/p>\n<p><strong>Lokacija \/ Position<a href=\"https:\/\/goo.gl\/maps\/9CYbgE8BzxrkYJbcA\"><img loading=\"lazy\" decoding=\"async\" class=\"alignright wp-image-24407\" src=\"https:\/\/www.topohvar.at\/wp-content\/uploads\/2019\/10\/2096.jpg\" alt=\"\" width=\"133\" height=\"100\" \/><\/a><br \/>\n<\/strong><span style=\"color: #3366ff;\"><a style=\"color: #3366ff;\" href=\"https:\/\/goo.gl\/maps\/9CYbgE8BzxrkYJbcA\">Latitude: N 43,16121\u00b0\u00a0 \u00a0Longitude: E 16,60142\u00b0<\/a> <\/span><strong><br \/>\n<\/strong>Visina \/ H\u00f6he: 309 m<\/p>\n<p><strong>Katastarska \u010destica \/ Grundst\u00fccke<br \/>\n<\/strong>196 <div class='content-column one_half'><div style=\"padding-right:6px;\"><p><strong>Datum snimanja \/ Erfassungsdatum<br \/>\n<\/strong>15.10.1019 14:13:18<\/p>\n<hr \/>\n<p><strong>Informacije<\/strong><\/p>\n<p>Stepenasti trim s dvije stepenice je skrivena u \u0161umi sjeverno od puta od Dola prma Borovika. Desno od ulaza kamen zidu se pridru\u017euje trima. Odavde mo\u017eete do\u0107i na prvu stepenicu trima kroz stepeni\u0161ta. Unutra je zidna ni\u0161a. Trim je potpuno obrastao grmom i te\u0161ko je dostupan.<\/p><\/div><\/div><\/p>\n<div class='content-column one_half last_column'><div style=\"padding-right:0px;padding-left:6px;\"><p><strong>Stupanj za\u0161tite \/ Schutzstellung<br \/>\n<\/strong>&#8211;<\/p>\n<hr \/>\n<p><strong>Info<\/strong><\/p>\n<p>Der zweistufige Trim befindet sich versteckt im Wald n\u00f6rdlich der Stra\u00dfe von Dol nach Borovik. Rechts vom Eingang schlie\u00dft eine Steinmauer an den Trim an. Von hier aus kann man \u00fcber Trittstufen auf die erste Stufe des Trims gelangen. Im Inneren befindet sich eine Wandnische. Der Trim ist durch Buschwerk total verwachsen und kaum erreichbar.<\/p><\/div><\/div><div class='clear_column'><\/div><div class='content-column one_half'><div style=\"padding-right:6px;\"><div id=\"attachment_24891\" style=\"width: 310px\" class=\"wp-caption aligncenter\"><img loading=\"lazy\" decoding=\"async\" aria-describedby=\"caption-attachment-24891\" class=\"size-full wp-image-24891\" src=\"https:\/\/www.topohvar.at\/wp-content\/uploads\/2019\/12\/do-tr-25-1.jpg\" alt=\"\" width=\"300\" height=\"300\" srcset=\"https:\/\/www.topohvar.at\/wp-content\/uploads\/2019\/12\/do-tr-25-1.jpg 300w, https:\/\/www.topohvar.at\/wp-content\/uploads\/2019\/12\/do-tr-25-1-150x150.jpg 150w\" sizes=\"auto, (max-width: 300px) 100vw, 300px\" \/><p id=\"caption-attachment-24891\" class=\"wp-caption-text\">Ulaz \/ Eingang<\/p><\/div>\n<p>Dana 15.10.2019 trim je posje\u0107en i ustanovljeno je sljede\u0107e:<\/p>\n<p>Lokacija: \u0161uma<br \/>\nPodloga: ravna<br \/>\nPovezan s: kamenim zidom<br \/>\nUpotreba: ne koristi se<br \/>\nStanje: dobro sa\u010duvan<br \/>\nBroj stepenica trima: 2<br \/>\nDodatni kameni prsten: nema kamenog prstena<br \/>\nStepeni\u0161te: stepenica<br \/>\nOblik kamena: uglast<br \/>\nPodru\u010dje ispred ulaza: zaraslo<br \/>\nOrijentacija ulaza: Z (260\u00b0)<br \/>\nPromjer trima (cm): 420<br \/>\nVisina trima (cm): 260<br \/>\nVisina stepenica (cm): stepenica 1: 170, stepenica 2: 230<br \/>\nDebljina zida (cm): 85<br \/>\n\u0160irina vrata (cm): 70<br \/>\nVisina vrata (cm): 105<br \/>\n\u0160irina unutra (cm): 230 &#8211; 250<br \/>\nVisina unutra (cm): 240<br \/>\nVolumen iznutra (m3): 6,87<br \/>\nNi\u0161a 1 (P\/\u0160\/V\/D) (cm): 60 \/ 25 \/ 20 \/ 35<br \/>\nni\u0161a 2 (P\/\u0160\/V\/D) (cm): 100 \/ 30 \/ 30 \/ 45<\/p><\/div><\/div><div class='content-column one_half last_column'><div style=\"padding-right:0px;padding-left:6px;\"><div id=\"attachment_24892\" style=\"width: 310px\" class=\"wp-caption aligncenter\"><img loading=\"lazy\" decoding=\"async\" aria-describedby=\"caption-attachment-24892\" class=\"size-full wp-image-24892\" src=\"https:\/\/www.topohvar.at\/wp-content\/uploads\/2019\/12\/do-tr-25-4.jpg\" alt=\"\" width=\"300\" height=\"300\" srcset=\"https:\/\/www.topohvar.at\/wp-content\/uploads\/2019\/12\/do-tr-25-4.jpg 300w, https:\/\/www.topohvar.at\/wp-content\/uploads\/2019\/12\/do-tr-25-4-150x150.jpg 150w\" sizes=\"auto, (max-width: 300px) 100vw, 300px\" \/><p id=\"caption-attachment-24892\" class=\"wp-caption-text\">Stepenice \/ Stufen<\/p><\/div>\n<p>Am 15.10.2019 wurde der Trim besucht und n\u00e4her untersucht:<\/p>\n<p>Standort: Wald<br \/>\nUntergrund: eben<br \/>\nVerbunden mit: Steinmauer<br \/>\nNutzung: ungenutzt<br \/>\nZustand: gut erhalten<br \/>\nAnzahl der Trimstufen: 2<br \/>\nZus\u00e4tzlicher Steinring: kein Steinring<br \/>\nStiege: Stiege<br \/>\nSteinform: kantig<br \/>\nEingangsbereich: verwachsen<br \/>\nEingangsseite: W (260\u00b0)<br \/>\nTrimdurchmesser (cm): 420<br \/>\nTrimh\u00f6he (cm): 260<br \/>\nH\u00f6he der Trimstufen (cm): Stufe 1: 170, Stufe 2: 230<br \/>\nWandst\u00e4rke (cm): 85<br \/>\nT\u00fcrbreite (cm): 70<br \/>\nT\u00fcrh\u00f6he (cm): 105<br \/>\nInnenraumbreite (cm): 230 &#8211; 250<br \/>\nInnenraumh\u00f6he (cm): 240<br \/>\nRaumvolumen (m3): 6,87<br \/>\nNische 1 (P\/B\/H\/T) (cm): 60 \/ 25 \/ 20 \/ 35<br \/>\nNische 2 (P\/B\/H\/T) (cm): 100 \/ 30 \/ 30 \/ 45<\/p><\/div><\/div><div class='clear_column'><\/div><\/p>\n<p><img loading=\"lazy\" decoding=\"async\" class=\"aligncenter size-full wp-image-24893\" src=\"https:\/\/www.topohvar.at\/wp-content\/uploads\/2019\/12\/do-tr-25-sc.jpg\" alt=\"\" width=\"600\" height=\"913\" srcset=\"https:\/\/www.topohvar.at\/wp-content\/uploads\/2019\/12\/do-tr-25-sc.jpg 600w, https:\/\/www.topohvar.at\/wp-content\/uploads\/2019\/12\/do-tr-25-sc-197x300.jpg 197w\" sizes=\"auto, (max-width: 600px) 100vw, 600px\" \/><\/p>\n<p style=\"text-align: right;\"><a href=\"#seite_oben\">natrag na vrh \/ Seitenanfang<\/a><\/p>\n<hr \/>\n<p><strong>Linkovi \/ Links<\/strong><\/p>\n<p>&#8211;<\/p>\n","protected":false},"excerpt":{"rendered":"<p>Ime \/ Name Trim \u00bbDO-TR-25\u00ab Code: DO-TR-25\u00a0 \u00a0 \u00a0 \u00a0 \u00a0 \u00a0 \u00a0 \u00a0 \u00a0 \u00a0 \u00a0 \u00a0 \u00a0 \u00a0 \u00a0 \u00a0 \u00a0 \u00a0\u00a0 Adresa \/ Adresse Dol, na putu od Dola prema Borovika \/ am Weg von Dol nach &hellip; <a href=\"https:\/\/www.topohvar.at\/topo\/orte\/do\/do-tr-25-1\/\">Weiterlesen <span class=\"meta-nav\">&rarr;<\/span><\/a><\/p>\n","protected":false},"author":1,"featured_media":0,"parent":68,"menu_order":0,"comment_status":"closed","ping_status":"closed","template":"","meta":{"footnotes":""},"class_list":["post-24406","page","type-page","status-publish","hentry"],"_links":{"self":[{"href":"https:\/\/www.topohvar.at\/topo\/wp-json\/wp\/v2\/pages\/24406","targetHints":{"allow":["GET"]}}],"collection":[{"href":"https:\/\/www.topohvar.at\/topo\/wp-json\/wp\/v2\/pages"}],"about":[{"href":"https:\/\/www.topohvar.at\/topo\/wp-json\/wp\/v2\/types\/page"}],"author":[{"embeddable":true,"href":"https:\/\/www.topohvar.at\/topo\/wp-json\/wp\/v2\/users\/1"}],"replies":[{"embeddable":true,"href":"https:\/\/www.topohvar.at\/topo\/wp-json\/wp\/v2\/comments?post=24406"}],"version-history":[{"count":11,"href":"https:\/\/www.topohvar.at\/topo\/wp-json\/wp\/v2\/pages\/24406\/revisions"}],"predecessor-version":[{"id":47758,"href":"https:\/\/www.topohvar.at\/topo\/wp-json\/wp\/v2\/pages\/24406\/revisions\/47758"}],"up":[{"embeddable":true,"href":"https:\/\/www.topohvar.at\/topo\/wp-json\/wp\/v2\/pages\/68"}],"wp:attachment":[{"href":"https:\/\/www.topohvar.at\/topo\/wp-json\/wp\/v2\/media?parent=24406"}],"curies":[{"name":"wp","href":"https:\/\/api.w.org\/{rel}","templated":true}]}}