{"id":24430,"date":"2019-10-24T18:35:04","date_gmt":"2019-10-24T16:35:04","guid":{"rendered":"https:\/\/www.topohvar.at\/topo\/?page_id=24430"},"modified":"2021-10-08T09:02:31","modified_gmt":"2021-10-08T07:02:31","slug":"sn-tr-02-1","status":"publish","type":"page","link":"https:\/\/www.topohvar.at\/topo\/orte\/sn\/sn-tr-02-1\/","title":{"rendered":"SVETA NEDJELJA &#8211; Trim \u00bbSN-TR-02\u00ab"},"content":{"rendered":"<p><a name=\"seite_oben\"><\/a><br \/>\n<strong><img loading=\"lazy\" decoding=\"async\" class=\"alignleft wp-image-24434 size-large\" src=\"https:\/\/www.topohvar.at\/wp-content\/uploads\/2019\/10\/sn-tr-02-2-1024x503.jpg\" alt=\"\" width=\"640\" height=\"314\" srcset=\"https:\/\/www.topohvar.at\/wp-content\/uploads\/2019\/10\/sn-tr-02-2-1024x503.jpg 1024w, https:\/\/www.topohvar.at\/wp-content\/uploads\/2019\/10\/sn-tr-02-2-300x147.jpg 300w, https:\/\/www.topohvar.at\/wp-content\/uploads\/2019\/10\/sn-tr-02-2-768x377.jpg 768w, https:\/\/www.topohvar.at\/wp-content\/uploads\/2019\/10\/sn-tr-02-2.jpg 1080w\" sizes=\"auto, (max-width: 640px) 100vw, 640px\" \/><\/strong><\/p>\n<p><strong>Ime \/ Name<br \/>\n<\/strong>Trim \u00bbSN-TR-02\u00ab<\/p>\n<p><strong>Code: <\/strong>SN-TR-02\u00a0 \u00a0 \u00a0 \u00a0 \u00a0 \u00a0 \u00a0 \u00a0<strong>\u00a0 \u00a0 \u00a0 \u00a0 \u00a0 \u00a0 \u00a0 \u00a0 \u00a0 \u00a0\u00a0 \u00a0 \u00a0 <a href=\"https:\/\/www.topohvar.at\/orte\/sn\/sn-tr-00-1\/\"><img loading=\"lazy\" decoding=\"async\" class=\"alignnone wp-image-12300 size-full\" src=\"https:\/\/www.topohvar.at\/wp-content\/uploads\/2018\/09\/push-vor-30.jpg\" alt=\"\" width=\"61\" height=\"30\" \/><\/a> <a href=\"https:\/\/www.topohvar.at\/orte\/sn\/sn-tr-01-1\/\"><img loading=\"lazy\" decoding=\"async\" class=\"full alignnone wp-image-533 size-full\" src=\"https:\/\/www.topohvar.at\/wp-content\/uploads\/2018\/07\/push-l-30.jpg\" alt=\"\" width=\"61\" height=\"30\" \/><\/a>\u00a0<a href=\"https:\/\/www.topohvar.at\/orte\/sn\/\"><img loading=\"lazy\" decoding=\"async\" class=\"alignnone wp-image-535 size-full\" src=\"https:\/\/www.topohvar.at\/wp-content\/uploads\/2018\/07\/push-o-30.jpg\" alt=\"\" width=\"61\" height=\"30\" \/><\/a>\u00a0<a href=\"https:\/\/www.topohvar.at\/orte\/sn\/sn-tr-03-1\/\"><img loading=\"lazy\" decoding=\"async\" class=\"alignnone wp-image-536 size-full\" src=\"https:\/\/www.topohvar.at\/wp-content\/uploads\/2018\/07\/push-r-30.jpg\" alt=\"\" width=\"61\" height=\"30\" \/><\/a><\/strong><\/p>\n<hr \/>\n<p><strong>Adresa \/ Adresse<br \/>\n<\/strong>Sveta Nedjelja, u blizini konobe Kolumbi\u0107 \/ in der N\u00e4he der Gastst\u00e4tte Kolumbi\u0107<\/p>\n<p><strong>Lokacija \/ Position<a href=\"https:\/\/goo.gl\/maps\/CxDKqLCiR1GcBNfc6\"><img loading=\"lazy\" decoding=\"async\" class=\"alignright wp-image-24431\" src=\"https:\/\/www.topohvar.at\/wp-content\/uploads\/2019\/10\/2100.jpg\" alt=\"\" width=\"133\" height=\"100\" \/><\/a><br \/>\n<\/strong><span style=\"color: #3366ff;\"><a style=\"color: #3366ff;\" href=\"https:\/\/goo.gl\/maps\/CxDKqLCiR1GcBNfc6\">Latitude: N 43,14729\u00b0\u00a0 \u00a0 Longitude: E 16,58660\u00b0\u00a0<\/a><\/span><strong><br \/>\n<\/strong>Visina \/ H\u00f6he: 546 m<\/p>\n<p><strong>Katastarska \u010destica \/ Grundst\u00fccke<br \/>\n<\/strong>1877, 1880\/5 <div class='content-column one_half'><div style=\"padding-right:6px;\"><p><strong>Datum snimanja \/ Erfassungsdatum<br \/>\n<\/strong>18.10.2019 11:22:31<\/p>\n<hr \/>\n<p><strong>Informacije<\/strong><\/p>\n<p>Lijepi trim smje\u0161ten je na grebenu zapadno ispod vrha Sv. Nikola. Nekoliko zidova se spaja na njega i tako tvori za\u0161ti\u0107enu prednju dvori\u0161te ispred zgrade i \u201edvori\u0161te \/ popre\u010dno\u201c ispred ulaza i dva \u201edvori\u0161ta\u201c iza trima. Ulaz je obrastao \u017eivom \u017eivicom i nije ga bilo mogu\u0107e posjetiti.<\/p><\/div><\/div><div class='content-column one_half last_column'><div style=\"padding-right:0px;padding-left:6px;\"><p><strong>Stupanj za\u0161tite \/ Schutzstellung<br \/>\n<\/strong>&#8211;<\/p>\n<hr \/>\n<p><strong>Info<\/strong><\/p>\n<p>Der sch\u00f6ne Trim befindet sich am Bergr\u00fccken westlich-unterhalb des Gipfels Sv. Nikola. Mehrere Mauern schlie\u00dfen an ihn an und bilden so einen gesch\u00fctzten Vorplatz sowie einen \u201eHof\/Zwerch\u201c vor dem Eingang. Zwei \u201eH\u00f6fe\u201c befinden sich hinter dem Trim. Der Eingang war durch Dornenhecken total verwachsen und konnte nicht besucht werden.<\/p><\/div><\/div><div class='clear_column'><\/div><div class='content-column one_half'><div style=\"padding-right:6px;\"><div id=\"attachment_24919\" style=\"width: 310px\" class=\"wp-caption aligncenter\"><img loading=\"lazy\" decoding=\"async\" aria-describedby=\"caption-attachment-24919\" class=\"size-full wp-image-24919\" src=\"https:\/\/www.topohvar.at\/wp-content\/uploads\/2019\/12\/sn-tr-02-1.jpg\" alt=\"\" width=\"300\" height=\"300\" srcset=\"https:\/\/www.topohvar.at\/wp-content\/uploads\/2019\/12\/sn-tr-02-1.jpg 300w, https:\/\/www.topohvar.at\/wp-content\/uploads\/2019\/12\/sn-tr-02-1-150x150.jpg 150w\" sizes=\"auto, (max-width: 300px) 100vw, 300px\" \/><p id=\"caption-attachment-24919\" class=\"wp-caption-text\">Obrastao ulaz \/ Verwachsener Zugang<\/p><\/div>\n<p>Dana 18.10.2019 trim je posje\u0107en i prona\u0111en je sljede\u0107i<\/p>\n<p>Lokacija: livada, vrba<br \/>\nPodzemlje: stjenovit<br \/>\nSklop: kameni zid<br \/>\nUpotreba: ne koristi<br \/>\nStanje izgradnje: dobro sa\u010duvan<br \/>\nBroj prstenova trima: dva prstena<br \/>\nDodatni kameni prsten: nema kamenog prstena<br \/>\nStepeni\u0161te: nema stepenica<br \/>\nOblik kamena: uglast<br \/>\nPodru\u010dje ispred ulaza: za\u0161ti\u0107en<br \/>\nVrata na stranicu: Z (250\u00b0)<br \/>\nPromjer trima (cm): 490<br \/>\nVisina trima (cm): 310<br \/>\nVisina prstena (cm): prsten 1: 200 , prsten 2: 270<br \/>\nDebljina zida (cm): 110<br \/>\n\u0160irina vrata (cm): 95<br \/>\nVisina vrata (cm): 115<br \/>\n\u0160irina unutra (cm): 270<br \/>\nVisina unutra (cm): 270<br \/>\nVolumen iznutra (m3): 9,67<br \/>\nNema ni\u0161e<\/p><\/div><\/div><div class='content-column one_half last_column'><div style=\"padding-right:0px;padding-left:6px;\"><div id=\"attachment_24920\" style=\"width: 310px\" class=\"wp-caption aligncenter\"><img loading=\"lazy\" decoding=\"async\" aria-describedby=\"caption-attachment-24920\" class=\"size-full wp-image-24920\" src=\"https:\/\/www.topohvar.at\/wp-content\/uploads\/2019\/12\/sn-tr-02-7.jpg\" alt=\"\" width=\"300\" height=\"300\" srcset=\"https:\/\/www.topohvar.at\/wp-content\/uploads\/2019\/12\/sn-tr-02-7.jpg 300w, https:\/\/www.topohvar.at\/wp-content\/uploads\/2019\/12\/sn-tr-02-7-150x150.jpg 150w\" sizes=\"auto, (max-width: 300px) 100vw, 300px\" \/><p id=\"caption-attachment-24920\" class=\"wp-caption-text\">Popgled na jugozapad \/ Blick nach S\u00fcdwesten<\/p><\/div>\n<p>Am 18.10.2019 wurde der Trim besucht und untersucht<\/p>\n<p>Standort: Wiese, Weide<br \/>\nUntergrund: Fels<br \/>\nVerbunden mit: Steinmauer<br \/>\nNutzung: ungenutzt<br \/>\nZustand: gut erhalten<br \/>\nRinge\/Stufen des Trim: zweistufig<br \/>\nZus\u00e4tzlicher Steinring: kein Steinring<br \/>\nStiege: keine Stufen<br \/>\nSteinform: kantig<br \/>\nEingangsbereich: gesch\u00fctzt<br \/>\nEingangsseite: W (250\u00b0)<br \/>\nTrimdurchmesser (cm): 490<br \/>\nTrimh\u00f6he (cm): 310<br \/>\nStufen\/Ringh\u00f6he (cm): Ring 1: 200 , Ring 2: 270<br \/>\nWandst\u00e4rke: 110<br \/>\nT\u00fcrbreite (cm): 95<br \/>\nT\u00fcrh\u00f6he (cm): 115<br \/>\nInnenraumbreite (cm): 270<br \/>\nInnenraumh\u00f6he (cm): 270<br \/>\nRaumvolumen (m3): 9,67<br \/>\nKeine Nische<\/p><\/div><\/div><div class='clear_column'><\/div><\/p>\n<p><img loading=\"lazy\" decoding=\"async\" class=\"aligncenter size-large wp-image-24921\" src=\"https:\/\/www.topohvar.at\/wp-content\/uploads\/2019\/12\/sn-tr-02-sc-528x1024.jpg\" alt=\"\" width=\"528\" height=\"1024\" srcset=\"https:\/\/www.topohvar.at\/wp-content\/uploads\/2019\/12\/sn-tr-02-sc-528x1024.jpg 528w, https:\/\/www.topohvar.at\/wp-content\/uploads\/2019\/12\/sn-tr-02-sc-155x300.jpg 155w, https:\/\/www.topohvar.at\/wp-content\/uploads\/2019\/12\/sn-tr-02-sc.jpg 600w\" sizes=\"auto, (max-width: 528px) 100vw, 528px\" \/><\/p>\n<p style=\"text-align: right;\"><a href=\"#seite_oben\">natrag na vrh \/ Seitenanfang<\/a><\/p>\n<hr \/>\n<p><strong>Linkovi \/ Links<\/strong><\/p>\n<p>&#8211;<\/p>\n","protected":false},"excerpt":{"rendered":"<p>Ime \/ Name Trim \u00bbSN-TR-02\u00ab Code: SN-TR-02\u00a0 \u00a0 \u00a0 \u00a0 \u00a0 \u00a0 \u00a0 \u00a0\u00a0 \u00a0 \u00a0 \u00a0 \u00a0 \u00a0 \u00a0 \u00a0 \u00a0 \u00a0\u00a0 \u00a0 \u00a0 \u00a0\u00a0 Adresa \/ Adresse Sveta Nedjelja, u blizini konobe Kolumbi\u0107 \/ in der N\u00e4he der &hellip; <a href=\"https:\/\/www.topohvar.at\/topo\/orte\/sn\/sn-tr-02-1\/\">Weiterlesen <span class=\"meta-nav\">&rarr;<\/span><\/a><\/p>\n","protected":false},"author":1,"featured_media":0,"parent":101,"menu_order":0,"comment_status":"closed","ping_status":"closed","template":"","meta":{"footnotes":""},"class_list":["post-24430","page","type-page","status-publish","hentry"],"_links":{"self":[{"href":"https:\/\/www.topohvar.at\/topo\/wp-json\/wp\/v2\/pages\/24430","targetHints":{"allow":["GET"]}}],"collection":[{"href":"https:\/\/www.topohvar.at\/topo\/wp-json\/wp\/v2\/pages"}],"about":[{"href":"https:\/\/www.topohvar.at\/topo\/wp-json\/wp\/v2\/types\/page"}],"author":[{"embeddable":true,"href":"https:\/\/www.topohvar.at\/topo\/wp-json\/wp\/v2\/users\/1"}],"replies":[{"embeddable":true,"href":"https:\/\/www.topohvar.at\/topo\/wp-json\/wp\/v2\/comments?post=24430"}],"version-history":[{"count":11,"href":"https:\/\/www.topohvar.at\/topo\/wp-json\/wp\/v2\/pages\/24430\/revisions"}],"predecessor-version":[{"id":52043,"href":"https:\/\/www.topohvar.at\/topo\/wp-json\/wp\/v2\/pages\/24430\/revisions\/52043"}],"up":[{"embeddable":true,"href":"https:\/\/www.topohvar.at\/topo\/wp-json\/wp\/v2\/pages\/101"}],"wp:attachment":[{"href":"https:\/\/www.topohvar.at\/topo\/wp-json\/wp\/v2\/media?parent=24430"}],"curies":[{"name":"wp","href":"https:\/\/api.w.org\/{rel}","templated":true}]}}