{"id":2482,"date":"2018-08-03T06:13:55","date_gmt":"2018-08-03T04:13:55","guid":{"rendered":"https:\/\/www.topohvar.at\/?page_id=2482"},"modified":"2021-04-18T10:55:33","modified_gmt":"2021-04-18T08:55:33","slug":"sg-ig-11-2","status":"publish","type":"page","link":"https:\/\/www.topohvar.at\/topo\/orte\/sg\/sg-ig-11-2\/","title":{"rendered":"STARI GRAD &#8211; Grb \u00bbPetra Hektorovi\u0107a (2?)\u00ab"},"content":{"rendered":"<p><a name=\"seite_oben\"><\/a><br \/>\n<img loading=\"lazy\" decoding=\"async\" class=\"alignnone wp-image-2454 size-large\" src=\"https:\/\/www.topohvar.at\/wp-content\/uploads\/2018\/08\/sg-ig-11-1-1024x503.jpg\" alt=\"\" width=\"640\" height=\"314\" srcset=\"https:\/\/www.topohvar.at\/wp-content\/uploads\/2018\/08\/sg-ig-11-1-1024x503.jpg 1024w, https:\/\/www.topohvar.at\/wp-content\/uploads\/2018\/08\/sg-ig-11-1-300x147.jpg 300w, https:\/\/www.topohvar.at\/wp-content\/uploads\/2018\/08\/sg-ig-11-1-768x377.jpg 768w\" sizes=\"auto, (max-width: 640px) 100vw, 640px\" \/><\/p>\n<p><strong>Ime \/ Name<br \/>\n<\/strong>Grb \u00bbPetra Hektorovi\u0107a (2?)\u00ab \/ Wappen des Peter Hektorovi\u0107 (2?)<\/p>\n<p><strong>Code: <\/strong>SG-IG-11\u00a0 \u00a0 \u00a0 \u00a0 \u00a0 \u00a0 \u00a0 \u00a0 \u00a0 \u00a0 \u00a0 \u00a0 \u00a0 \u00a0 \u00a0 \u00a0 \u00a0 \u00a0\u00a0<strong><a href=\"https:\/\/www.topohvar.at\/orte\/sg\/sg-ig-01-2\/\"><img loading=\"lazy\" decoding=\"async\" class=\"alignnone wp-image-533 size-full\" src=\"https:\/\/www.topohvar.at\/wp-content\/uploads\/2018\/07\/push-l-30.jpg\" alt=\"\" width=\"61\" height=\"30\" \/><\/a> <a href=\"https:\/\/www.topohvar.at\/orte\/sg\/\"><img loading=\"lazy\" decoding=\"async\" class=\"alignnone wp-image-535 size-full\" src=\"https:\/\/www.topohvar.at\/wp-content\/uploads\/2018\/07\/push-o-30.jpg\" alt=\"\" width=\"61\" height=\"30\" \/><\/a> <a href=\"https:\/\/www.topohvar.at\/orte\/sg\/sg-ig-13-2\/\"><img loading=\"lazy\" decoding=\"async\" class=\"alignnone wp-image-536 size-full\" src=\"https:\/\/www.topohvar.at\/wp-content\/uploads\/2018\/07\/push-r-30.jpg\" alt=\"\" width=\"61\" height=\"30\" \/><\/a>\u00a0<a href=\"https:\/\/www.topohvar.at\/orte\/sg\/sg-ir-01-2\/\"><img loading=\"lazy\" decoding=\"async\" class=\"alignnone wp-image-12299 size-full\" src=\"https:\/\/www.topohvar.at\/wp-content\/uploads\/2018\/09\/push-next-30.jpg\" alt=\"\" width=\"61\" height=\"30\" \/><\/a><\/strong><\/p>\n<hr \/>\n<p><strong>Adresa \/ Adresse<br \/>\n<\/strong>Stari Grad,\u00a0Ulica Petra Zorani\u0107a 4<\/p>\n<p><strong>Lokacija \/ Position<a href=\"https:\/\/goo.gl\/maps\/6ZiokcejRDNEZ72r9\"><img loading=\"lazy\" decoding=\"async\" class=\"alignright wp-image-2511\" src=\"https:\/\/www.topohvar.at\/wp-content\/uploads\/2018\/08\/1536.jpg\" alt=\"\" width=\"134\" height=\"100\" \/><\/a><br \/>\n<\/strong><span style=\"color: #3366ff;\"><a style=\"color: #3366ff;\" href=\"https:\/\/goo.gl\/maps\/6ZiokcejRDNEZ72r9\">Latitude: N 43,18438\u00b0\u00a0 \u00a0Longitude: E 16,59725\u00b0<\/a> <\/span><strong><br \/>\n<\/strong>Visina \/ H\u00f6he: 1 m<\/p>\n<p><strong>Katastarska \u010destica \/ Grundst\u00fccke<br \/>\n<\/strong>*300<div class='content-column one_half'><div style=\"padding-right:6px;\"><p><strong>Datum snimanja \/ Erfassungsdatum<br \/>\n<\/strong>03.10.2017 14:35:00<\/p>\n<hr \/>\n<p><strong>Informacije<\/strong><\/p>\n<p>Grb se nalazi na pragu ulaznih vrata ku\u0107e ex Bro\u010danin (biv\u0161e vlasni\u0161tvo pok. Jureta Dragi\u010devi\u0107a &#8211; Bro\u010danina) na zapadnoj strani trga Petra Zorani\u0107a. Grb ima nepravilan oblik, a sadr\u017ei tri kose paralelne crte koje presijecaju gran\u010dicu s cvijetom (vjerojatno ru\u017eom).<\/p><\/div><\/div><div class='content-column one_half last_column'><div style=\"padding-right:0px;padding-left:6px;\"><p><strong>Stupanj za\u0161tite \/ Schutzstellung<br \/>\n<\/strong>&#8211;<\/p>\n<hr \/>\n<p><strong>Info<\/strong><\/p>\n<p>Das Wappen befindet sich am Sturz der Eingangst\u00fcr des Hauses ex Bro\u010danin (ehemaliges Eigentum des verstorbenen Jure Dragi\u010devi\u0107 &#8211; Bro\u010danin) auf der Westseite des Petar-Zorani\u0107-Platzes. Das Wappen hat eine unregelm\u00e4\u00dfige Form und enth\u00e4lt drei schr\u00e4ge parallele Linien, die einen Zweig mit einer Blume (wahrscheinlich einer Rose) schneiden.<\/p><\/div><\/div><div class='clear_column'><\/div><\/p>\n<p style=\"text-align: right;\"><a href=\"#seite_oben\">natrag na vrh \/ Seitenanfang<\/a><\/p>\n<hr \/>\n<p><strong>Linkovi \/ Links<\/strong><\/p>\n<p><span style=\"color: #3366ff;\"><a style=\"color: #3366ff;\" href=\"https:\/\/www.topohvar.at\/topo\/orte\/sg\/sg-td-01-1\/\">Biv\u0161a tvr\u0111ava \u00bbTvrdalj Petra Hektorovi\u0107a\u00ab \/ ehemalige Residenz des Peter Hektorovi\u0107<\/a><br \/>\n<a style=\"color: #3366ff;\" href=\"https:\/\/www.topohvar.at\/topo\/orte\/sg\/sg-ig-01-2\">Grb \u00bbPetra Hektorovi\u0107a (1)\u00ab \/ Wappen des Peter Hektorovi\u0107 (1)<\/a><br \/>\n<a style=\"color: #3366ff;\" href=\"https:\/\/www.topohvar.at\/topo\/orte\/sg\/sg-ig-13-2\">Grb \u00bbPetra Hektorovi\u0107a (3)\u00ab \/ Wappen des Peter Hektorovi\u0107 (3)<\/a><br \/>\n<a style=\"color: #3366ff;\" href=\"https:\/\/www.topohvar.at\/topo\/orte\/sg\/sg-ig-16-2\">Grb i reljef plo\u010da \u00bbna ribnjaku Tvrdalja\u00ab \/ Wappen und Inschrift beim Fischbecken des Tvrdalj<\/a><br \/>\n<\/span><\/p>\n","protected":false},"excerpt":{"rendered":"<p>Ime \/ Name Grb \u00bbPetra Hektorovi\u0107a (2?)\u00ab \/ Wappen des Peter Hektorovi\u0107 (2?) Code: SG-IG-11\u00a0 \u00a0 \u00a0 \u00a0 \u00a0 \u00a0 \u00a0 \u00a0 \u00a0 \u00a0 \u00a0 \u00a0 \u00a0 \u00a0 \u00a0 \u00a0 \u00a0 \u00a0\u00a0 \u00a0 Adresa \/ Adresse Stari Grad,\u00a0Ulica Petra Zorani\u0107a &hellip; <a href=\"https:\/\/www.topohvar.at\/topo\/orte\/sg\/sg-ig-11-2\/\">Weiterlesen <span class=\"meta-nav\">&rarr;<\/span><\/a><\/p>\n","protected":false},"author":1,"featured_media":0,"parent":99,"menu_order":0,"comment_status":"closed","ping_status":"closed","template":"","meta":{"footnotes":""},"class_list":["post-2482","page","type-page","status-publish","hentry"],"_links":{"self":[{"href":"https:\/\/www.topohvar.at\/topo\/wp-json\/wp\/v2\/pages\/2482","targetHints":{"allow":["GET"]}}],"collection":[{"href":"https:\/\/www.topohvar.at\/topo\/wp-json\/wp\/v2\/pages"}],"about":[{"href":"https:\/\/www.topohvar.at\/topo\/wp-json\/wp\/v2\/types\/page"}],"author":[{"embeddable":true,"href":"https:\/\/www.topohvar.at\/topo\/wp-json\/wp\/v2\/users\/1"}],"replies":[{"embeddable":true,"href":"https:\/\/www.topohvar.at\/topo\/wp-json\/wp\/v2\/comments?post=2482"}],"version-history":[{"count":15,"href":"https:\/\/www.topohvar.at\/topo\/wp-json\/wp\/v2\/pages\/2482\/revisions"}],"predecessor-version":[{"id":48112,"href":"https:\/\/www.topohvar.at\/topo\/wp-json\/wp\/v2\/pages\/2482\/revisions\/48112"}],"up":[{"embeddable":true,"href":"https:\/\/www.topohvar.at\/topo\/wp-json\/wp\/v2\/pages\/99"}],"wp:attachment":[{"href":"https:\/\/www.topohvar.at\/topo\/wp-json\/wp\/v2\/media?parent=2482"}],"curies":[{"name":"wp","href":"https:\/\/api.w.org\/{rel}","templated":true}]}}