{"id":2488,"date":"2018-08-03T06:15:28","date_gmt":"2018-08-03T04:15:28","guid":{"rendered":"https:\/\/www.topohvar.at\/?page_id=2488"},"modified":"2024-07-31T14:34:21","modified_gmt":"2024-07-31T12:34:21","slug":"sg-ig-14-2","status":"publish","type":"page","link":"https:\/\/www.topohvar.at\/topo\/orte\/sg\/sg-ig-14-2\/","title":{"rendered":"STARI GRAD &#8211; Grb \u00bbu ku\u0107i Srinjo Kola 16\u00ab"},"content":{"rendered":"<p><a name=\"seite_oben\"><\/a><img loading=\"lazy\" decoding=\"async\" class=\"alignnone wp-image-69308 size-full\" src=\"https:\/\/www.topohvar.at\/wp-content\/uploads\/2024\/07\/sg-ig-14-20.jpg\" alt=\"\" width=\"1024\" height=\"503\" srcset=\"https:\/\/www.topohvar.at\/wp-content\/uploads\/2024\/07\/sg-ig-14-20.jpg 1024w, https:\/\/www.topohvar.at\/wp-content\/uploads\/2024\/07\/sg-ig-14-20-300x147.jpg 300w, https:\/\/www.topohvar.at\/wp-content\/uploads\/2024\/07\/sg-ig-14-20-768x377.jpg 768w\" sizes=\"auto, (max-width: 1024px) 100vw, 1024px\" \/><br \/>\n<strong>Ime \/ Name<br \/>\n<\/strong>Grb \u00bbu ku\u0107i Srinjo Kola 16\u00ab \/ Wappen am Haus Srinjo Kola 16<\/p>\n<p><strong>Code: <\/strong>SG-IG-14\u00a0 \u00a0 \u00a0 \u00a0 \u00a0 \u00a0 \u00a0 \u00a0 \u00a0 \u00a0 \u00a0 \u00a0 \u00a0 \u00a0 \u00a0 \u00a0 \u00a0 \u00a0\u00a0<strong><a href=\"https:\/\/www.topohvar.at\/orte\/sg\/sg-ig-16-2\/\"><img loading=\"lazy\" decoding=\"async\" class=\"alignnone wp-image-533 size-full\" src=\"https:\/\/www.topohvar.at\/wp-content\/uploads\/2018\/07\/push-l-30.jpg\" alt=\"\" width=\"61\" height=\"30\" \/><\/a> <a href=\"https:\/\/www.topohvar.at\/orte\/sg\/\"><img loading=\"lazy\" decoding=\"async\" class=\"alignnone wp-image-535 size-full\" src=\"https:\/\/www.topohvar.at\/wp-content\/uploads\/2018\/07\/push-o-30.jpg\" alt=\"\" width=\"61\" height=\"30\" \/><\/a> <a href=\"https:\/\/www.topohvar.at\/orte\/sg\/sg-ig-02-2\/\"><img loading=\"lazy\" decoding=\"async\" class=\"alignnone wp-image-536 size-full\" src=\"https:\/\/www.topohvar.at\/wp-content\/uploads\/2018\/07\/push-r-30.jpg\" alt=\"\" width=\"61\" height=\"30\" \/><\/a>\u00a0<a href=\"https:\/\/www.topohvar.at\/orte\/sg\/sg-ir-01-2\/\"><img loading=\"lazy\" decoding=\"async\" class=\"alignnone wp-image-12299 size-full\" src=\"https:\/\/www.topohvar.at\/wp-content\/uploads\/2018\/09\/push-next-30.jpg\" alt=\"\" width=\"61\" height=\"30\" \/><\/a><\/strong><\/p>\n<hr \/>\n<p><strong>Adresa \/ Adresse<br \/>\n<\/strong>Stari Grad, Srinjo Kola 16, ku\u0107a Furlanovih<\/p>\n<p><strong>Lokacija \/ Position<a href=\"https:\/\/goo.gl\/maps\/k8HLg8ZjgvQftrwF7\"><img loading=\"lazy\" decoding=\"async\" class=\"alignright wp-image-2521\" src=\"https:\/\/www.topohvar.at\/wp-content\/uploads\/2018\/08\/1577.jpg\" alt=\"\" width=\"134\" height=\"100\" \/><\/a><br \/>\n<\/strong><span style=\"color: #3366ff;\"><a style=\"color: #3366ff;\" href=\"https:\/\/goo.gl\/maps\/k8HLg8ZjgvQftrwF7\">Latitude: N 43,18361\u00b0\u00a0 \u00a0Longitude: E 16,59738\u00b0<\/a> <\/span><strong><br \/>\n<\/strong>Visina \/ H\u00f6he: 2 m<\/p>\n<p><strong>Katastarska \u010destica \/ Grundst\u00fccke<br \/>\n<\/strong>*358<div class='content-column one_half'><div style=\"padding-right:6px;\"><p><strong>Datum snimanja \/ Erfassungsdatum<br \/>\n<\/strong>14.10.2017 09:10:00<\/p>\n<hr \/>\n<p><strong>Informacije<\/strong><\/p>\n<p>U Srednjoj ulici (Srinjo kola) na ku\u0107i Furlanovih nalazi se prozor ukomponiran u nekada\u0161nju rasko\u0161nu renesansnu biforu s grobom.<\/p><\/div><\/div><div class='content-column one_half last_column'><div style=\"padding-right:0px;padding-left:6px;\"><p><strong>Stupanj za\u0161tite \/ Schutzstellung<br \/>\n<\/strong>&#8211;<\/p>\n<hr \/>\n<p><strong>Info<\/strong><\/p>\n<p>In Srednja ulica (Srinjo kola), im Haus der Familie Furlanovih, befindet sich ein Fenster, das in eine ehemalige luxuri\u00f6se Renaissance-Bifore mit Wappen integriert ist.<\/p><\/div><\/div><div class='clear_column'><\/div><\/p>\n<p style=\"text-align: right;\"><a href=\"#seite_oben\">natrag na vrh \/ Seitenanfang<\/a><\/p>\n<hr \/>\n<p><strong>Linkovi \/ Links<\/strong><\/p>\n<p><span style=\"color: #3366ff;\"><a style=\"color: #3366ff;\" href=\"https:\/\/www.topohvar.at\/topo\/orte\/sg\/sg-pu-05-2\/\">Objekt \u00bbSrinjo kola\u00ab<\/a><\/span><\/p>\n","protected":false},"excerpt":{"rendered":"<p>Ime \/ Name Grb \u00bbu ku\u0107i Srinjo Kola 16\u00ab \/ Wappen am Haus Srinjo Kola 16 Code: SG-IG-14\u00a0 \u00a0 \u00a0 \u00a0 \u00a0 \u00a0 \u00a0 \u00a0 \u00a0 \u00a0 \u00a0 \u00a0 \u00a0 \u00a0 \u00a0 \u00a0 \u00a0 \u00a0\u00a0 \u00a0 Adresa \/ Adresse Stari &hellip; <a href=\"https:\/\/www.topohvar.at\/topo\/orte\/sg\/sg-ig-14-2\/\">Weiterlesen <span class=\"meta-nav\">&rarr;<\/span><\/a><\/p>\n","protected":false},"author":1,"featured_media":0,"parent":99,"menu_order":0,"comment_status":"closed","ping_status":"closed","template":"","meta":{"footnotes":""},"class_list":["post-2488","page","type-page","status-publish","hentry"],"_links":{"self":[{"href":"https:\/\/www.topohvar.at\/topo\/wp-json\/wp\/v2\/pages\/2488","targetHints":{"allow":["GET"]}}],"collection":[{"href":"https:\/\/www.topohvar.at\/topo\/wp-json\/wp\/v2\/pages"}],"about":[{"href":"https:\/\/www.topohvar.at\/topo\/wp-json\/wp\/v2\/types\/page"}],"author":[{"embeddable":true,"href":"https:\/\/www.topohvar.at\/topo\/wp-json\/wp\/v2\/users\/1"}],"replies":[{"embeddable":true,"href":"https:\/\/www.topohvar.at\/topo\/wp-json\/wp\/v2\/comments?post=2488"}],"version-history":[{"count":15,"href":"https:\/\/www.topohvar.at\/topo\/wp-json\/wp\/v2\/pages\/2488\/revisions"}],"predecessor-version":[{"id":69309,"href":"https:\/\/www.topohvar.at\/topo\/wp-json\/wp\/v2\/pages\/2488\/revisions\/69309"}],"up":[{"embeddable":true,"href":"https:\/\/www.topohvar.at\/topo\/wp-json\/wp\/v2\/pages\/99"}],"wp:attachment":[{"href":"https:\/\/www.topohvar.at\/topo\/wp-json\/wp\/v2\/media?parent=2488"}],"curies":[{"name":"wp","href":"https:\/\/api.w.org\/{rel}","templated":true}]}}