{"id":25541,"date":"2019-12-28T06:32:38","date_gmt":"2019-12-28T05:32:38","guid":{"rendered":"https:\/\/www.topohvar.at\/topo\/?page_id=25541"},"modified":"2024-07-13T18:52:45","modified_gmt":"2024-07-13T16:52:45","slug":"bo-og-01-1","status":"publish","type":"page","link":"https:\/\/www.topohvar.at\/topo\/orte\/bo\/bo-og-01-1\/","title":{"rendered":"Bogomolje &#8211; Groblje"},"content":{"rendered":"<p><a name=\"seite_oben\"><\/a><img loading=\"lazy\" decoding=\"async\" class=\"aligncenter wp-image-34495 size-full\" src=\"https:\/\/www.topohvar.at\/wp-content\/uploads\/2020\/03\/bo-og-01-1.jpg\" alt=\"\" width=\"640\" height=\"314\" srcset=\"https:\/\/www.topohvar.at\/wp-content\/uploads\/2020\/03\/bo-og-01-1.jpg 640w, https:\/\/www.topohvar.at\/wp-content\/uploads\/2020\/03\/bo-og-01-1-300x147.jpg 300w\" sizes=\"auto, (max-width: 640px) 100vw, 640px\" \/><\/p>\n<p><strong>Ime \/ Name<br \/>\n<\/strong>Groblje \/ Friedhof<\/p>\n<p><strong>Code: <\/strong>BO-OG-01\u00a0 \u00a0 \u00a0 \u00a0 \u00a0 \u00a0 \u00a0 \u00a0<strong>\u00a0 \u00a0 \u00a0 \u00a0 \u00a0 \u00a0 \u00a0 \u00a0 <a href=\"https:\/\/www.topohvar.at\/topo\/orte\/bo\/bo-on-01-2\/\"><img loading=\"lazy\" decoding=\"async\" class=\"alignnone wp-image-12300 size-full\" src=\"https:\/\/www.topohvar.at\/wp-content\/uploads\/2018\/09\/push-vor-30.jpg\" alt=\"\" width=\"61\" height=\"30\" \/><\/a> <a href=\"https:\/\/www.topohvar.at\/orte\/bo\/\"><img loading=\"lazy\" decoding=\"async\" class=\"alignnone wp-image-535 size-full\" src=\"https:\/\/www.topohvar.at\/wp-content\/uploads\/2018\/07\/push-o-30.jpg\" alt=\"\" width=\"61\" height=\"30\" \/><\/a> <a href=\"https:\/\/www.topohvar.at\/topo\/orte\/bo\/bo-or-01-1\/\"><img loading=\"lazy\" decoding=\"async\" class=\"alignnone wp-image-12299 size-full\" src=\"https:\/\/www.topohvar.at\/wp-content\/uploads\/2018\/09\/push-next-30.jpg\" alt=\"\" width=\"61\" height=\"30\" \/><\/a><\/strong><\/p>\n<hr \/>\n<p><strong>Adresa \/ Adresse<br \/>\n<\/strong>Bogomolje, Selo<\/p>\n<p><strong>Lokacija<\/strong><strong> \/ Position<a href=\"https:\/\/goo.gl\/maps\/aHn3UKA3V6N9cBR48\"><img loading=\"lazy\" decoding=\"async\" class=\"alignright wp-image-460\" src=\"https:\/\/www.topohvar.at\/wp-content\/uploads\/2018\/07\/0003.jpg\" alt=\"\" width=\"134\" height=\"100\" \/><\/a><br \/>\n<\/strong><a href=\"https:\/\/goo.gl\/maps\/aHn3UKA3V6N9cBR48\">Latitude: N 43,13056\u00b0\u00a0 \u00a0 Longitude: E 16,99322\u00b0\u00a0<\/a><strong><br \/>\n<\/strong>Visina \/ H\u00f6he: 231 m<\/p>\n<p><strong>Katastarska \u010destica<\/strong><strong> \/ Grundst\u00fccke<br \/>\n<\/strong>*259, 650\/1, 652<div class='content-column one_half'><div style=\"padding-right:6px;\"><p><strong>Datum snimanja \/ Erfassungsdatum<br \/>\n<\/strong>27.10.2014 09:52:53<\/p>\n<hr \/>\n<p><strong>Informacije<\/strong><\/p>\n<p>Preminuli su sahranjivani u \u017eupnoj crkvi i oko crkve. Groblje oko crkve slu\u017eilo je do kraja 19. stolje\u0107a. Tek negdje u to vrijeme sagra\u0111eno je novo groblje isto\u010dno od crkve (u DC-116), koje je pro\u0161ireno na zapad 1978. godine.<\/p><\/div><\/div><div class='content-column one_half last_column'><div style=\"padding-right:0px;padding-left:6px;\"><p><strong>Stupanj za\u0161tite <\/strong><strong>\/ Schutzstellung<br \/>\n<\/strong>&#8211;<\/p>\n<hr \/>\n<p><strong>Info<\/strong><\/p>\n<p>Die Verstorbenen wurden fr\u00fcher in der Pfarrkirche und rund um die Kirche bestattet. Der Friedhof rund um die Kirche diente bis zum Ende des 19. Jahrhunderts. Erst um diese Zeit wurde als \u00f6stlich der Kirche (an der DC-116) der neue Friedhof errichtet, der 1978 Richtung Westen erweitert wurde.<\/p><\/div><\/div><div class='clear_column'><\/div><\/p>\n<p style=\"text-align: right;\"><a href=\"#seite_oben\">natrag na vrh \/ Seitenanfang<\/a><\/p>\n<hr \/>\n<p><strong>Linkovi \/ Links<\/strong><\/p>\n<p><span style=\"color: #3366ff;\"><a style=\"color: #3366ff;\" href=\"https:\/\/www.topohvar.at\/topo\/bo-ck-01-2\/\">Crkvica na groblju \/ Friedhofskapelle<\/a><br \/>\n<a style=\"color: #3366ff;\" href=\"https:\/\/www.topohvar.at\/topo\/orte\/bo\/bo-mo-02-2\/\">Spomenik na grobu Dr. Krste Rudana \/ Denkmal\u00a0am Grab des Dr. Krste Rudan<\/a><br \/>\n<\/span><\/p>\n","protected":false},"excerpt":{"rendered":"<p>Ime \/ Name Groblje \/ Friedhof Code: BO-OG-01\u00a0 \u00a0 \u00a0 \u00a0 \u00a0 \u00a0 \u00a0 \u00a0\u00a0 \u00a0 \u00a0 \u00a0 \u00a0 \u00a0 \u00a0 \u00a0 Adresa \/ Adresse Bogomolje, Selo Lokacija \/ Position Latitude: N 43,13056\u00b0\u00a0 \u00a0 Longitude: E 16,99322\u00b0\u00a0 Visina \/ H\u00f6he: &hellip; <a href=\"https:\/\/www.topohvar.at\/topo\/orte\/bo\/bo-og-01-1\/\">Weiterlesen <span class=\"meta-nav\">&rarr;<\/span><\/a><\/p>\n","protected":false},"author":1,"featured_media":0,"parent":63,"menu_order":0,"comment_status":"closed","ping_status":"closed","template":"","meta":{"footnotes":""},"class_list":["post-25541","page","type-page","status-publish","hentry"],"_links":{"self":[{"href":"https:\/\/www.topohvar.at\/topo\/wp-json\/wp\/v2\/pages\/25541","targetHints":{"allow":["GET"]}}],"collection":[{"href":"https:\/\/www.topohvar.at\/topo\/wp-json\/wp\/v2\/pages"}],"about":[{"href":"https:\/\/www.topohvar.at\/topo\/wp-json\/wp\/v2\/types\/page"}],"author":[{"embeddable":true,"href":"https:\/\/www.topohvar.at\/topo\/wp-json\/wp\/v2\/users\/1"}],"replies":[{"embeddable":true,"href":"https:\/\/www.topohvar.at\/topo\/wp-json\/wp\/v2\/comments?post=25541"}],"version-history":[{"count":17,"href":"https:\/\/www.topohvar.at\/topo\/wp-json\/wp\/v2\/pages\/25541\/revisions"}],"predecessor-version":[{"id":69178,"href":"https:\/\/www.topohvar.at\/topo\/wp-json\/wp\/v2\/pages\/25541\/revisions\/69178"}],"up":[{"embeddable":true,"href":"https:\/\/www.topohvar.at\/topo\/wp-json\/wp\/v2\/pages\/63"}],"wp:attachment":[{"href":"https:\/\/www.topohvar.at\/topo\/wp-json\/wp\/v2\/media?parent=25541"}],"curies":[{"name":"wp","href":"https:\/\/api.w.org\/{rel}","templated":true}]}}