{"id":2641,"date":"2018-08-03T16:06:04","date_gmt":"2018-08-03T14:06:04","guid":{"rendered":"https:\/\/www.topohvar.at\/?page_id=2641"},"modified":"2021-04-16T10:16:51","modified_gmt":"2021-04-16T08:16:51","slug":"sg-in-14-2","status":"publish","type":"page","link":"https:\/\/www.topohvar.at\/topo\/orte\/sg\/sg-in-14-2\/","title":{"rendered":"STARI GRAD &#8211; Natpis \u00bbnatpis (5) na ribnjaku Tvrdalja\u00ab"},"content":{"rendered":"<p><a name=\"seite_oben\"><\/a><br \/>\n<img loading=\"lazy\" decoding=\"async\" class=\"alignnone wp-image-2597 size-large\" src=\"https:\/\/www.topohvar.at\/wp-content\/uploads\/2018\/08\/sg-in-14-1-1024x503.jpg\" alt=\"\" width=\"640\" height=\"314\" srcset=\"https:\/\/www.topohvar.at\/wp-content\/uploads\/2018\/08\/sg-in-14-1-1024x503.jpg 1024w, https:\/\/www.topohvar.at\/wp-content\/uploads\/2018\/08\/sg-in-14-1-300x147.jpg 300w, https:\/\/www.topohvar.at\/wp-content\/uploads\/2018\/08\/sg-in-14-1-768x377.jpg 768w\" sizes=\"auto, (max-width: 640px) 100vw, 640px\" \/><\/p>\n<p><strong>Ime \/ Name<br \/>\n<\/strong>Natpis \u00bbnatpis (5) na ribnjaku Tvrdalja\u00ab \/ Inschrift (5) am Fischbecken des Tvrdalj<\/p>\n<p><strong>Code: <\/strong>SG-IN-14\u00a0 \u00a0 \u00a0 \u00a0 \u00a0 \u00a0 \u00a0 \u00a0 \u00a0 \u00a0 \u00a0 \u00a0 \u00a0 \u00a0 \u00a0 \u00a0 \u00a0 \u00a0\u00a0<strong><a href=\"https:\/\/www.topohvar.at\/orte\/sg\/sg-in-13-2\/\"><img loading=\"lazy\" decoding=\"async\" class=\"alignnone wp-image-533 size-full\" src=\"https:\/\/www.topohvar.at\/wp-content\/uploads\/2018\/07\/push-l-30.jpg\" alt=\"\" width=\"61\" height=\"30\" \/><\/a> <a href=\"https:\/\/www.topohvar.at\/orte\/sg\/\"><img loading=\"lazy\" decoding=\"async\" class=\"alignnone wp-image-535 size-full\" src=\"https:\/\/www.topohvar.at\/wp-content\/uploads\/2018\/07\/push-o-30.jpg\" alt=\"\" width=\"61\" height=\"30\" \/><\/a> <a href=\"https:\/\/www.topohvar.at\/orte\/sg\/sg-in-15-2\/\"><img loading=\"lazy\" decoding=\"async\" class=\"alignnone wp-image-536 size-full\" src=\"https:\/\/www.topohvar.at\/wp-content\/uploads\/2018\/07\/push-r-30.jpg\" alt=\"\" width=\"61\" height=\"30\" \/><\/a><\/strong><\/p>\n<hr \/>\n<p><strong>Adresa \/ Adresse<br \/>\n<\/strong>Stari Grad,\u00a0Trg Tvrdalja 12, Tvrdalj Petra Hektorivica<\/p>\n<p><strong>Katastarska \u010destica \/ Position<a href=\"https:\/\/goo.gl\/maps\/W7D6KsidGHwxDzJ38\"><img loading=\"lazy\" decoding=\"async\" class=\"alignright wp-image-2744\" src=\"https:\/\/www.topohvar.at\/wp-content\/uploads\/2018\/08\/1047.jpg\" alt=\"\" width=\"134\" height=\"100\" \/><\/a><br \/>\n<\/strong><span style=\"color: #3366ff;\"><a style=\"color: #3366ff;\" href=\"https:\/\/goo.gl\/maps\/W7D6KsidGHwxDzJ38\">Latitude: N 43,18295\u00b0\u00a0 \u00a0Longitude: E 16,59619\u00b0<\/a> <\/span><strong><br \/>\n<\/strong>Visina \/ H\u00f6he: 1 m<\/p>\n<p><strong>Zemlji\u0161te \/ Grundst\u00fccke<br \/>\n<\/strong>*133\/1-4, *134\/1-7, 3158\/1-6, 3182<div class='content-column one_half'><div style=\"padding-right:6px;\"><p><strong>Datum snimanja \/ Erfassungsdatum<br \/>\n<\/strong>12.05.2017 11:10:00<\/p>\n<hr \/>\n<p><strong>Informacije<\/strong><\/p>\n<p>Natpis na latinskom jeziku na istoku Ribnjaka:<\/p><\/div><\/div><div class='content-column one_half last_column'><div style=\"padding-right:0px;padding-left:6px;\"><p><strong>Stupanj za\u0161tite \/ Schutzstellung<br \/>\n<\/strong>RST-0020<\/p>\n<hr \/>\n<p><strong>Info<\/strong><\/p>\n<p>Lateinische Inschrift an der Ostseite des Fischbeckens:<\/p><\/div><\/div><div class='clear_column'><\/div><\/p>\n<p style=\"text-align: center;\">NIHIL OCCULTUM<\/p>\n<div class='content-column one_half'><div style=\"padding-right:6px;\"><p>(= Ni\u0161ta nije skriveno)<\/p>\n<p>Ispod su gline i dva tanjura. Dvije plo\u010de su jako o\u0161te\u0107ene, ali jo\u0161 uvijek mo\u017eete vidjeti srce na jednom od grba Hektorovi\u0107a i s druge strane. Natpis mo\u017ee do\u0107i iz Evan\u0111elja po Mateju, koji ka\u017ee da \u0107e se svaki grijeh otkriti. Zna\u010dajno, natpis stoji na isto\u010dnom zidu, gdje se uzdi\u017ee sunce, a ispod toga su bili mrijestili\u0161ta mulleta koji \u017eive u ribnjaku.<\/p><\/div><\/div><div class='content-column one_half last_column'><div style=\"padding-right:0px;padding-left:6px;\"><p>(= Nichts bleibt verborgen)<\/p>\n<p>Darunter sind ein Tonkelch und zwei Teller eingemauert. Die beiden Teller sind stark besch\u00e4digt, dennoch kann man auf einem das Wappen des Hektorovi\u0107 und auf dem anderen ein Herz erkennen. Die Inschrift stammt vielleicht aus dem Matth\u00e4usevangelium, worin gesagt wird, dass jede S\u00fcnde aufgedeckt werden wird. Bezeichnenderweise steht die Inschrift auf der \u00f6stlichen Mauer, wo die Sonne aufgeht und darunter befanden sich auch die Laichkammern der im Teich lebenden Meer\u00e4schen.<\/p><\/div><\/div><div class='clear_column'><\/div><\/p>\n<p style=\"text-align: right;\"><span style=\"color: #3366ff;\"><a style=\"color: #3366ff;\" href=\"#seite_oben\">natrag na vrh \/ Seitenanfang<\/a><\/span><\/p>\n<hr \/>\n<p><strong>Linkovi \/ Links<\/strong><\/p>\n<p><span style=\"color: #3366ff;\"><a style=\"color: #3366ff;\" href=\"https:\/\/www.topohvar.at\/topo\/orte\/sg\/sg-td-01-1\/\">Biv\u0161a tvr\u0111ava \u00bbTvrdalj Petra Hektorovi\u0107a\u00ab \/ Ehemalige Festung des Peter\u00a0Hektorovi\u0107<\/a><\/span><\/p>\n","protected":false},"excerpt":{"rendered":"<p>Ime \/ Name Natpis \u00bbnatpis (5) na ribnjaku Tvrdalja\u00ab \/ Inschrift (5) am Fischbecken des Tvrdalj Code: SG-IN-14\u00a0 \u00a0 \u00a0 \u00a0 \u00a0 \u00a0 \u00a0 \u00a0 \u00a0 \u00a0 \u00a0 \u00a0 \u00a0 \u00a0 \u00a0 \u00a0 \u00a0 \u00a0\u00a0 Adresa \/ Adresse Stari Grad,\u00a0Trg &hellip; <a href=\"https:\/\/www.topohvar.at\/topo\/orte\/sg\/sg-in-14-2\/\">Weiterlesen <span class=\"meta-nav\">&rarr;<\/span><\/a><\/p>\n","protected":false},"author":1,"featured_media":0,"parent":99,"menu_order":0,"comment_status":"closed","ping_status":"closed","template":"","meta":{"footnotes":""},"class_list":["post-2641","page","type-page","status-publish","hentry"],"_links":{"self":[{"href":"https:\/\/www.topohvar.at\/topo\/wp-json\/wp\/v2\/pages\/2641","targetHints":{"allow":["GET"]}}],"collection":[{"href":"https:\/\/www.topohvar.at\/topo\/wp-json\/wp\/v2\/pages"}],"about":[{"href":"https:\/\/www.topohvar.at\/topo\/wp-json\/wp\/v2\/types\/page"}],"author":[{"embeddable":true,"href":"https:\/\/www.topohvar.at\/topo\/wp-json\/wp\/v2\/users\/1"}],"replies":[{"embeddable":true,"href":"https:\/\/www.topohvar.at\/topo\/wp-json\/wp\/v2\/comments?post=2641"}],"version-history":[{"count":13,"href":"https:\/\/www.topohvar.at\/topo\/wp-json\/wp\/v2\/pages\/2641\/revisions"}],"predecessor-version":[{"id":47983,"href":"https:\/\/www.topohvar.at\/topo\/wp-json\/wp\/v2\/pages\/2641\/revisions\/47983"}],"up":[{"embeddable":true,"href":"https:\/\/www.topohvar.at\/topo\/wp-json\/wp\/v2\/pages\/99"}],"wp:attachment":[{"href":"https:\/\/www.topohvar.at\/topo\/wp-json\/wp\/v2\/media?parent=2641"}],"curies":[{"name":"wp","href":"https:\/\/api.w.org\/{rel}","templated":true}]}}