{"id":2655,"date":"2018-08-03T16:09:37","date_gmt":"2018-08-03T14:09:37","guid":{"rendered":"https:\/\/www.topohvar.at\/?page_id=2655"},"modified":"2024-04-23T11:10:39","modified_gmt":"2024-04-23T09:10:39","slug":"sg-in-21-2","status":"publish","type":"page","link":"https:\/\/www.topohvar.at\/topo\/orte\/sg\/sg-in-21-2\/","title":{"rendered":"STARI GRAD &#8211; Natpis \u00bbiznad portala crkve Sv. Petra Mu\u010denike\u00ab"},"content":{"rendered":"<p><a name=\"seite_oben\"><\/a><br \/>\n<img loading=\"lazy\" decoding=\"async\" class=\"alignnone wp-image-387 size-full\" src=\"https:\/\/www.topohvar.at\/wp-content\/uploads\/2018\/07\/00-00-00-1.jpg\" alt=\"\" width=\"114\" height=\"56\" \/><\/p>\n<p><strong>Ime \/ Name<br \/>\n<\/strong>Natpis \u00bbiznad portala crkve Sv. Petra Mu\u010denike\u00ab \/ Inschrift am Portal der Kirche des Dominikanerklosters<\/p>\n<p><strong>Code: <\/strong>SG-IN-21\u00a0 \u00a0 \u00a0 \u00a0 \u00a0 \u00a0 \u00a0 \u00a0 \u00a0 \u00a0 \u00a0 \u00a0 \u00a0 \u00a0 \u00a0 \u00a0 \u00a0 \u00a0\u00a0<strong><a href=\"https:\/\/www.topohvar.at\/orte\/sg\/sg-in-20-2\/\"><img loading=\"lazy\" decoding=\"async\" class=\"alignnone wp-image-533 size-full\" src=\"https:\/\/www.topohvar.at\/wp-content\/uploads\/2018\/07\/push-l-30.jpg\" alt=\"\" width=\"61\" height=\"30\" \/><\/a> <a href=\"https:\/\/www.topohvar.at\/orte\/sg\/\"><img loading=\"lazy\" decoding=\"async\" class=\"alignnone wp-image-535 size-full\" src=\"https:\/\/www.topohvar.at\/wp-content\/uploads\/2018\/07\/push-o-30.jpg\" alt=\"\" width=\"61\" height=\"30\" \/><\/a> <a href=\"https:\/\/www.topohvar.at\/orte\/sg\/sg-in-22-2\/\"><img loading=\"lazy\" decoding=\"async\" class=\"alignnone wp-image-536 size-full\" src=\"https:\/\/www.topohvar.at\/wp-content\/uploads\/2018\/07\/push-r-30.jpg\" alt=\"\" width=\"61\" height=\"30\" \/><\/a><\/strong><\/p>\n<hr \/>\n<p><strong>Adresa \/ Adresse<br \/>\n<\/strong>Stari Grad, Kod sv. Petra 1, crkva Sv. Petra Mu\u010denika<\/p>\n<p><strong>Lokacija \/ Position<a href=\"https:\/\/goo.gl\/maps\/LPmLUiGt34oPQV5c6\"><img loading=\"lazy\" decoding=\"async\" class=\"alignright wp-image-2172\" src=\"https:\/\/www.topohvar.at\/wp-content\/uploads\/2018\/08\/0522.jpg\" alt=\"\" width=\"133\" height=\"100\" \/><\/a><br \/>\n<\/strong><span style=\"color: #3366ff;\"><a style=\"color: #3366ff;\" href=\"https:\/\/goo.gl\/maps\/LPmLUiGt34oPQV5c6\">Latitude: N 43,18205\u00b0\u00a0 \u00a0Longitude: E 16,59678\u00b0<\/a> <\/span><strong><br \/>\n<\/strong>Visina \/ H\u00f6he: 8 m<\/p>\n<p><strong>Katastarska \u010destica \/ Grundst\u00fccke<br \/>\n<\/strong>*101, 3160, 3160<div class='content-column one_half'><div style=\"padding-right:6px;\"><p><strong>Datum snimanja \/ Erfassungsdatum<br \/>\n<\/strong>13.10.2017 13:29:21<\/p>\n<hr \/>\n<p><strong>Informacije<\/strong><\/p>\n<p>Godine 1488. (3. prosinca) crkva je sv. Petar bila je dovr\u0161io i posve\u0107ivao, jer je fra German podigao sljede\u0107i latinski natpis iznad portala:<\/p><\/div><\/div><div class='content-column one_half last_column'><div style=\"padding-right:0px;padding-left:6px;\"><p><strong>Stupanj za\u0161tite \/ Schutzstellung<br \/>\n<\/strong>Z-6536<\/p>\n<hr \/>\n<p><strong>Info<\/strong><br \/>\nIm Jahr 1488 muss die Kirche zum hl. Petrus fertig und geweiht gewesen sein (3. Dezember), denn Fra German lie\u00df \u00fcber dem Portal folgende lateinische Inschrift anbringen:<br \/><\/div><\/div><div class='clear_column'><\/div><\/p>\n<p style=\"text-align: center;\">F(rater). GER(man). P(lacentinus). DIVO. PETRO MCCCCLXXXVIII<\/p>\n<div class='content-column one_half'><div style=\"padding-right:6px;\"><p>(= Fra German Placentinus Sv. Petra 1488.g.)<\/p><\/div><\/div><div class='content-column one_half last_column'><div style=\"padding-right:0px;padding-left:6px;\"><p>(= Bruder German Placentinus St. Peter 1488)<\/p><\/div><\/div><div class='clear_column'><\/div><\/p>\n<p style=\"text-align: right;\"><span style=\"color: #3366ff;\"><a style=\"color: #3366ff;\" href=\"#seite_oben\">natrag na vrh \/ Seitenanfang<\/a><\/span><\/p>\n<hr \/>\n<p><strong>Linkovi \/ Links<\/strong><\/p>\n<p><span style=\"color: #3366ff;\"><a style=\"color: #3366ff;\" href=\"https:\/\/www.topohvar.at\/topo\/orte\/sg\/sg-ci-03-2\/\">Crkva \u00bbSv. Petra Mu\u010denika\u00ab \/ Kirche des hl. Petrus<\/a><\/span><\/p>\n","protected":false},"excerpt":{"rendered":"<p>Ime \/ Name Natpis \u00bbiznad portala crkve Sv. Petra Mu\u010denike\u00ab \/ Inschrift am Portal der Kirche des Dominikanerklosters Code: SG-IN-21\u00a0 \u00a0 \u00a0 \u00a0 \u00a0 \u00a0 \u00a0 \u00a0 \u00a0 \u00a0 \u00a0 \u00a0 \u00a0 \u00a0 \u00a0 \u00a0 \u00a0 \u00a0\u00a0 Adresa \/ Adresse &hellip; <a href=\"https:\/\/www.topohvar.at\/topo\/orte\/sg\/sg-in-21-2\/\">Weiterlesen <span class=\"meta-nav\">&rarr;<\/span><\/a><\/p>\n","protected":false},"author":1,"featured_media":0,"parent":99,"menu_order":0,"comment_status":"closed","ping_status":"closed","template":"","meta":{"footnotes":""},"class_list":["post-2655","page","type-page","status-publish","hentry"],"_links":{"self":[{"href":"https:\/\/www.topohvar.at\/topo\/wp-json\/wp\/v2\/pages\/2655","targetHints":{"allow":["GET"]}}],"collection":[{"href":"https:\/\/www.topohvar.at\/topo\/wp-json\/wp\/v2\/pages"}],"about":[{"href":"https:\/\/www.topohvar.at\/topo\/wp-json\/wp\/v2\/types\/page"}],"author":[{"embeddable":true,"href":"https:\/\/www.topohvar.at\/topo\/wp-json\/wp\/v2\/users\/1"}],"replies":[{"embeddable":true,"href":"https:\/\/www.topohvar.at\/topo\/wp-json\/wp\/v2\/comments?post=2655"}],"version-history":[{"count":13,"href":"https:\/\/www.topohvar.at\/topo\/wp-json\/wp\/v2\/pages\/2655\/revisions"}],"predecessor-version":[{"id":66744,"href":"https:\/\/www.topohvar.at\/topo\/wp-json\/wp\/v2\/pages\/2655\/revisions\/66744"}],"up":[{"embeddable":true,"href":"https:\/\/www.topohvar.at\/topo\/wp-json\/wp\/v2\/pages\/99"}],"wp:attachment":[{"href":"https:\/\/www.topohvar.at\/topo\/wp-json\/wp\/v2\/media?parent=2655"}],"curies":[{"name":"wp","href":"https:\/\/api.w.org\/{rel}","templated":true}]}}