{"id":2661,"date":"2018-08-03T16:10:57","date_gmt":"2018-08-03T14:10:57","guid":{"rendered":"https:\/\/www.topohvar.at\/?page_id=2661"},"modified":"2021-04-16T10:29:46","modified_gmt":"2021-04-16T08:29:46","slug":"sg-in-24-2","status":"publish","type":"page","link":"https:\/\/www.topohvar.at\/topo\/orte\/sg\/sg-in-24-2\/","title":{"rendered":"STARI GRAD &#8211; Natpis \u00bbu dvori\u0161tu dominikanskog samostana\u00ab"},"content":{"rendered":"<p><a name=\"seite_oben\"><\/a><br \/>\n<img loading=\"lazy\" decoding=\"async\" class=\"alignnone wp-image-2605 size-large\" src=\"https:\/\/www.topohvar.at\/wp-content\/uploads\/2018\/08\/sg-in-24-1-1024x503.jpg\" alt=\"\" width=\"640\" height=\"314\" srcset=\"https:\/\/www.topohvar.at\/wp-content\/uploads\/2018\/08\/sg-in-24-1-1024x503.jpg 1024w, https:\/\/www.topohvar.at\/wp-content\/uploads\/2018\/08\/sg-in-24-1-300x147.jpg 300w, https:\/\/www.topohvar.at\/wp-content\/uploads\/2018\/08\/sg-in-24-1-768x377.jpg 768w\" sizes=\"auto, (max-width: 640px) 100vw, 640px\" \/><\/p>\n<p><strong>Ime \/ Name<br \/>\n<\/strong>Natpis \u00bbu dvori\u0161tu dominikanskog samostana\u00ab \/ Inschrift im Innenhof des Dominikaner Klosters<\/p>\n<p><strong>Code: <\/strong>SG-IN-24\u00a0 \u00a0 \u00a0 \u00a0 \u00a0 \u00a0 \u00a0 \u00a0 \u00a0 \u00a0 \u00a0 \u00a0 \u00a0 \u00a0 \u00a0 \u00a0 \u00a0 \u00a0\u00a0<strong><a href=\"https:\/\/www.topohvar.at\/orte\/sg\/sg-in-23-2\/\"><img loading=\"lazy\" decoding=\"async\" class=\"alignnone wp-image-533 size-full\" src=\"https:\/\/www.topohvar.at\/wp-content\/uploads\/2018\/07\/push-l-30.jpg\" alt=\"\" width=\"61\" height=\"30\" \/><\/a> <a href=\"https:\/\/www.topohvar.at\/orte\/sg\/\"><img loading=\"lazy\" decoding=\"async\" class=\"alignnone wp-image-535 size-full\" src=\"https:\/\/www.topohvar.at\/wp-content\/uploads\/2018\/07\/push-o-30.jpg\" alt=\"\" width=\"61\" height=\"30\" \/><\/a> <a href=\"https:\/\/www.topohvar.at\/orte\/sg\/sg-in-25-2\/\"><img loading=\"lazy\" decoding=\"async\" class=\"alignnone wp-image-536 size-full\" src=\"https:\/\/www.topohvar.at\/wp-content\/uploads\/2018\/07\/push-r-30.jpg\" alt=\"\" width=\"61\" height=\"30\" \/><\/a><\/strong><\/p>\n<hr \/>\n<p><strong>Adresa \/ Adresse<br \/>\n<\/strong>Stari Grad, Kod sv. Petra 1, Dominikanski samostan<\/p>\n<p><strong>Lokacija \/ Position<a href=\"https:\/\/goo.gl\/maps\/xU33NM29c2f7PkaT7\"><img loading=\"lazy\" decoding=\"async\" class=\"alignright wp-image-2168\" src=\"https:\/\/www.topohvar.at\/wp-content\/uploads\/2018\/08\/1109.jpg\" alt=\"\" width=\"133\" height=\"100\" \/><\/a><br \/>\n<\/strong><span style=\"color: #3366ff;\"><a style=\"color: #3366ff;\" href=\"https:\/\/goo.gl\/maps\/xU33NM29c2f7PkaT7\">Latitude: N 43,18192\u00b0\u00a0 \u00a0Longitude: E 16,59679\u00b0<\/a> <\/span><strong><br \/>\n<\/strong>Visina \/ H\u00f6he: 8 m<\/p>\n<p><strong>Katastarska \u010destica \/ Grundst\u00fccke<br \/>\n<\/strong>*101, 3160, 3214\/1, 3214\/2, 3215, 3216\/2, 3217\/4<div class='content-column one_half'><div style=\"padding-right:6px;\"><p><strong>Datum snimanja \/ Erfassungsdatum<br \/>\n<\/strong>08.05.2017 15:30:00<\/p>\n<hr \/>\n<p><strong>Informacije<\/strong><\/p>\n<p>Ovaj natpis je drugi koji je napisao pjesnik Hektorovi\u0107 u hrvatskom narodnom govoru, misle na slova na jednom od dodataka Tvrdlja. Dolazi iz stare crkve i spojen je na vanjski zid Hektorovi\u0107eve kapele. Danas je kamena plo\u010da unutar samostana, na ju\u017enoj fasadi iznad ulaznog porta do crkve. Natpis glasi:<\/p><\/div><\/div><div class='content-column one_half last_column'><div style=\"padding-right:0px;padding-left:6px;\"><p><strong>Stupanj za\u0161tite \/ Schutzstellung<br \/>\n<\/strong>&#8211;<\/p>\n<hr \/>\n<p><strong>Info<\/strong><\/p>\n<p>Diese Inschrift ist die zweite die Hektorovi\u0107 in kroatischer Volkssprache verfasste, man denke an den Schriftzug an einem der Nebengeb\u00e4ude des Tvrdalj. Sie stammt aus der alten Kirche und war an der Au\u00dfenwand der Hektorovi\u0107-Kapelle angebracht. Heute befindet sich die Steinplatte im Inneren des Klosters, an der s\u00fcdlichen Fassade \u00fcber dem Eingangsportal zur Kirche. Die Inschrift lautet:<\/p><\/div><\/div><div class='clear_column'><\/div><\/p>\n<p style=\"text-align: center;\">PVTNICE CHOYI ZNACS \/\/ CIMSE RAY DOBIIVAA<br \/>\nEVO OVDE ISVS NACS \/\/ V GREBV POCIIVAA<br \/>\nPOYMVSE POCHLONI \/\/ POCTVY BOGA TVOGA<br \/>\nNECHATE VCHLONI \/\/ ODA ZLA SVACHOGA<\/p>\n<div class='content-column one_half'><div style=\"padding-right:6px;\"><p>(= Putni\u010de koji zna\u0161, \u010dim se raj dobiva, evo ovdje Isus na\u0161, u grobu po\u010diva, po\u0111i mu se pokloni, po\u0161tuj Boga svoga, neka te ukloni, od zla svakoga)<\/p><\/div><\/div><div class='content-column one_half last_column'><div style=\"padding-right:0px;padding-left:6px;\"><p>(= Reisender, der du wei\u00dft, wie das Paradies erlangt werden kann, hier ruht unser Herr Jesus in seinem Grabe: Geh&#8216; und knie nieder vor ihm, ehre deinen Gott: Bewahren soll er dich vor jedem \u00dcbel)<\/p><\/div><\/div><div class='clear_column'><\/div><\/p>\n<p style=\"text-align: right;\"><span style=\"color: #3366ff;\"><a style=\"color: #3366ff;\" href=\"#seite_oben\">natrag na vrh \/ Seitenanfang<\/a><\/span><\/p>\n<hr \/>\n<p><strong>Linkovi \/ Links<\/strong><\/p>\n<p><span style=\"color: #3366ff;\"><a style=\"color: #3366ff;\" href=\"https:\/\/www.topohvar.at\/topo\/orte\/sg\/sg-ca-01-2\/\">Dominikanski samostan \/ Dominikanerkloster<\/a><\/span><br \/>\n<span style=\"color: #3366ff;\"><a style=\"color: #3366ff;\" href=\"https:\/\/www.topohvar.at\/topo\/orte\/sg\/sg-ci-03-2\/\">Crkva Sv. Petra Mu\u010denika \/ Kirche zum Hl. M\u00e4rtyrer Petrus<\/a><\/span><\/p>\n","protected":false},"excerpt":{"rendered":"<p>Ime \/ Name Natpis \u00bbu dvori\u0161tu dominikanskog samostana\u00ab \/ Inschrift im Innenhof des Dominikaner Klosters Code: SG-IN-24\u00a0 \u00a0 \u00a0 \u00a0 \u00a0 \u00a0 \u00a0 \u00a0 \u00a0 \u00a0 \u00a0 \u00a0 \u00a0 \u00a0 \u00a0 \u00a0 \u00a0 \u00a0\u00a0 Adresa \/ Adresse Stari Grad, Kod &hellip; <a href=\"https:\/\/www.topohvar.at\/topo\/orte\/sg\/sg-in-24-2\/\">Weiterlesen <span class=\"meta-nav\">&rarr;<\/span><\/a><\/p>\n","protected":false},"author":1,"featured_media":0,"parent":99,"menu_order":0,"comment_status":"closed","ping_status":"closed","template":"","meta":{"footnotes":""},"class_list":["post-2661","page","type-page","status-publish","hentry"],"_links":{"self":[{"href":"https:\/\/www.topohvar.at\/topo\/wp-json\/wp\/v2\/pages\/2661","targetHints":{"allow":["GET"]}}],"collection":[{"href":"https:\/\/www.topohvar.at\/topo\/wp-json\/wp\/v2\/pages"}],"about":[{"href":"https:\/\/www.topohvar.at\/topo\/wp-json\/wp\/v2\/types\/page"}],"author":[{"embeddable":true,"href":"https:\/\/www.topohvar.at\/topo\/wp-json\/wp\/v2\/users\/1"}],"replies":[{"embeddable":true,"href":"https:\/\/www.topohvar.at\/topo\/wp-json\/wp\/v2\/comments?post=2661"}],"version-history":[{"count":13,"href":"https:\/\/www.topohvar.at\/topo\/wp-json\/wp\/v2\/pages\/2661\/revisions"}],"predecessor-version":[{"id":47993,"href":"https:\/\/www.topohvar.at\/topo\/wp-json\/wp\/v2\/pages\/2661\/revisions\/47993"}],"up":[{"embeddable":true,"href":"https:\/\/www.topohvar.at\/topo\/wp-json\/wp\/v2\/pages\/99"}],"wp:attachment":[{"href":"https:\/\/www.topohvar.at\/topo\/wp-json\/wp\/v2\/media?parent=2661"}],"curies":[{"name":"wp","href":"https:\/\/api.w.org\/{rel}","templated":true}]}}