{"id":2665,"date":"2018-08-03T16:11:53","date_gmt":"2018-08-03T14:11:53","guid":{"rendered":"https:\/\/www.topohvar.at\/?page_id=2665"},"modified":"2021-04-16T10:32:49","modified_gmt":"2021-04-16T08:32:49","slug":"sg-in-26-2","status":"publish","type":"page","link":"https:\/\/www.topohvar.at\/topo\/orte\/sg\/sg-in-26-2\/","title":{"rendered":"STARI GRAD &#8211; Natpis \u00bbna rodna ku\u0107a Jurja \u0160karpe\u00ab"},"content":{"rendered":"<p><a name=\"seite_oben\"><\/a><br \/>\n<img loading=\"lazy\" decoding=\"async\" class=\"alignnone wp-image-2607 size-large\" src=\"https:\/\/www.topohvar.at\/wp-content\/uploads\/2018\/08\/sg-in-26-1-1024x503.jpg\" alt=\"\" width=\"640\" height=\"314\" srcset=\"https:\/\/www.topohvar.at\/wp-content\/uploads\/2018\/08\/sg-in-26-1-1024x503.jpg 1024w, https:\/\/www.topohvar.at\/wp-content\/uploads\/2018\/08\/sg-in-26-1-300x147.jpg 300w, https:\/\/www.topohvar.at\/wp-content\/uploads\/2018\/08\/sg-in-26-1-768x377.jpg 768w\" sizes=\"auto, (max-width: 640px) 100vw, 640px\" \/><\/p>\n<p><strong>Ime \/ Name<br \/>\n<\/strong>Natpis \u00bbna rodna ku\u0107a Jurja \u0160karpe\u00ab \/ Inschrift am Geburtshaus des Georg\u00a0\u0160karpe<\/p>\n<p><strong>Code: <\/strong>SG-IN-26\u00a0 \u00a0 \u00a0 \u00a0 \u00a0 \u00a0 \u00a0 \u00a0 \u00a0 \u00a0 \u00a0 \u00a0 \u00a0 \u00a0 \u00a0 \u00a0 \u00a0 \u00a0\u00a0<strong><a href=\"https:\/\/www.topohvar.at\/orte\/sg\/sg-in-25-2\/\"><img loading=\"lazy\" decoding=\"async\" class=\"alignnone wp-image-533 size-full\" src=\"https:\/\/www.topohvar.at\/wp-content\/uploads\/2018\/07\/push-l-30.jpg\" alt=\"\" width=\"61\" height=\"30\" \/><\/a> <a href=\"https:\/\/www.topohvar.at\/orte\/sg\/\"><img loading=\"lazy\" decoding=\"async\" class=\"alignnone wp-image-535 size-full\" src=\"https:\/\/www.topohvar.at\/wp-content\/uploads\/2018\/07\/push-o-30.jpg\" alt=\"\" width=\"61\" height=\"30\" \/><\/a> <a href=\"https:\/\/www.topohvar.at\/orte\/sg\/sg-in-27-2\/\"><img loading=\"lazy\" decoding=\"async\" class=\"alignnone wp-image-536 size-full\" src=\"https:\/\/www.topohvar.at\/wp-content\/uploads\/2018\/07\/push-r-30.jpg\" alt=\"\" width=\"61\" height=\"30\" \/><\/a><\/strong><\/p>\n<hr \/>\n<p><strong>Adresa \/ Adresse<br \/>\n<\/strong>Stari Grad, Trg Jurja \u0160karpe, rodna ku\u0107a Jurja \u0160karpe \/\u00a0Geburtshaus des Georg\u00a0\u0160karpe<\/p>\n<p><strong>Lokacija \/ Position<a href=\"https:\/\/goo.gl\/maps\/oQ5KWyC6xBXSuJ5z6\"><img loading=\"lazy\" decoding=\"async\" class=\"alignright wp-image-2784\" src=\"https:\/\/www.topohvar.at\/wp-content\/uploads\/2018\/08\/0550.jpg\" alt=\"\" width=\"133\" height=\"100\" \/><\/a><br \/>\n<\/strong><span style=\"color: #3366ff;\"><a style=\"color: #3366ff;\" href=\"https:\/\/goo.gl\/maps\/oQ5KWyC6xBXSuJ5z6\">Latitude: N 43,18346\u00b0\u00a0 \u00a0Longitude: E 16,59952\u00b0<\/a> <\/span><strong><br \/>\n<\/strong>Visina \/ H\u00f6he: 6 m<\/p>\n<p><strong>Katastarska \u010destica \/ Grundst\u00fccke<br \/>\n<\/strong>*537\/1<div class='content-column one_half'><div style=\"padding-right:6px;\"><p><strong>Datum snimanja \/ Erfassungsdatum<br \/>\n<\/strong>19.05.2013 10:21:51<\/p>\n<hr \/>\n<p><strong>Informacije<\/strong><\/p>\n<p>Natpis sa stihom iz 1587. godine:<\/p><\/div><\/div><div class='content-column one_half last_column'><div style=\"padding-right:0px;padding-left:6px;\"><p><strong>Stupanj za\u0161tite \/ Schutzstellung<br \/>\n<\/strong>&#8211;<\/p>\n<hr \/>\n<p><strong>Info<\/strong><\/p>\n<p>Inschrift mit einem Vers aus dem Jahr 1587:<\/p><\/div><\/div><div class='clear_column'><\/div><\/p>\n<p style=\"text-align: center;\">OPRISLAVNI CRIZV UFA<br \/>\nNIE BVD \/\/ NASE IERE BO<br \/>\nG \/\/ ICLOVICH NA TEBI<br \/>\nIZDASE\u00a0 \u00a0 \u00a0 \u00a0 \u00a0 \u00a0 \u00a0 \u00a0 \u00a01587<\/p>\n<div class='content-column one_half'><div style=\"padding-right:6px;\"><p>(= O prislavni kri\u017eu, ufanje bud na\u0161e, jere Bog i \u010dovik na tebi izda\u0161e. 1587)<\/p>\n<p>Sude\u0107i po godini koja je na natpisu uklesana &#8211; 1587., ovaj natpis sigurno je jedan od najstarijih natpisa na hrvatskom jeziku, kako na podru\u010dju otoka Hvara tako i na \u0161irem podru\u010dju Dalmacije.<\/p><\/div><\/div><div class='content-column one_half last_column'><div style=\"padding-right:0px;padding-left:6px;\"><p>(= Oh glorreiches Kreuz sei unsere Hoffnung, weil Gott und der Mann haben dich betrogen?\u00a0 \u00a01587)<\/p>\n<p>Gemessen an dem auf der Inschrift eingravierten Jahr &#8211; 1587 &#8211; ist diese Inschrift sicherlich eine der \u00e4ltesten Inschriften in kroatischer Sprache, sowohl auf der Insel Hvar als auch in der weiteren Umgebung Dalmatiens.<\/p><\/div><\/div><div class='clear_column'><\/div><\/p>\n<p style=\"text-align: right;\"><span style=\"color: #3366ff;\"><a style=\"color: #3366ff;\" href=\"#seite_oben\">natrag na vrh \/ Seitenanfang<\/a><\/span><\/p>\n<hr \/>\n<p><strong>Linkovi \/ Links<\/strong><\/p>\n<p><span style=\"color: #3366ff;\"><a style=\"color: #3366ff;\" href=\"https:\/\/www.topohvar.at\/topo\/orte\/sg\/sg-tg-35-1\/\">Ku\u0107a \u00bbRodna ku\u0107a Jurja \u0160karpe\u00ab \/ Geburtshaus des Georg\u00a0\u0160karpe<\/a><\/span><\/p>\n","protected":false},"excerpt":{"rendered":"<p>Ime \/ Name Natpis \u00bbna rodna ku\u0107a Jurja \u0160karpe\u00ab \/ Inschrift am Geburtshaus des Georg\u00a0\u0160karpe Code: SG-IN-26\u00a0 \u00a0 \u00a0 \u00a0 \u00a0 \u00a0 \u00a0 \u00a0 \u00a0 \u00a0 \u00a0 \u00a0 \u00a0 \u00a0 \u00a0 \u00a0 \u00a0 \u00a0\u00a0 Adresa \/ Adresse Stari Grad, Trg &hellip; <a href=\"https:\/\/www.topohvar.at\/topo\/orte\/sg\/sg-in-26-2\/\">Weiterlesen <span class=\"meta-nav\">&rarr;<\/span><\/a><\/p>\n","protected":false},"author":1,"featured_media":0,"parent":99,"menu_order":0,"comment_status":"closed","ping_status":"closed","template":"","meta":{"footnotes":""},"class_list":["post-2665","page","type-page","status-publish","hentry"],"_links":{"self":[{"href":"https:\/\/www.topohvar.at\/topo\/wp-json\/wp\/v2\/pages\/2665","targetHints":{"allow":["GET"]}}],"collection":[{"href":"https:\/\/www.topohvar.at\/topo\/wp-json\/wp\/v2\/pages"}],"about":[{"href":"https:\/\/www.topohvar.at\/topo\/wp-json\/wp\/v2\/types\/page"}],"author":[{"embeddable":true,"href":"https:\/\/www.topohvar.at\/topo\/wp-json\/wp\/v2\/users\/1"}],"replies":[{"embeddable":true,"href":"https:\/\/www.topohvar.at\/topo\/wp-json\/wp\/v2\/comments?post=2665"}],"version-history":[{"count":16,"href":"https:\/\/www.topohvar.at\/topo\/wp-json\/wp\/v2\/pages\/2665\/revisions"}],"predecessor-version":[{"id":47995,"href":"https:\/\/www.topohvar.at\/topo\/wp-json\/wp\/v2\/pages\/2665\/revisions\/47995"}],"up":[{"embeddable":true,"href":"https:\/\/www.topohvar.at\/topo\/wp-json\/wp\/v2\/pages\/99"}],"wp:attachment":[{"href":"https:\/\/www.topohvar.at\/topo\/wp-json\/wp\/v2\/media?parent=2665"}],"curies":[{"name":"wp","href":"https:\/\/api.w.org\/{rel}","templated":true}]}}