{"id":2671,"date":"2018-08-03T16:12:52","date_gmt":"2018-08-03T14:12:52","guid":{"rendered":"https:\/\/www.topohvar.at\/?page_id=2671"},"modified":"2021-04-16T10:41:07","modified_gmt":"2021-04-16T08:41:07","slug":"sg-in-28-2","status":"publish","type":"page","link":"https:\/\/www.topohvar.at\/topo\/orte\/sg\/sg-in-28-2\/","title":{"rendered":"STARI GRAD &#8211; Natpis \u00bbRimski natpis zakrenuti za 90\u00b0\u00ab"},"content":{"rendered":"<p><a name=\"seite_oben\"><\/a><br \/>\n<img loading=\"lazy\" decoding=\"async\" class=\"alignnone wp-image-2609 size-large\" src=\"https:\/\/www.topohvar.at\/wp-content\/uploads\/2018\/08\/sg-in-28-1-1024x503.jpg\" alt=\"\" width=\"640\" height=\"314\" srcset=\"https:\/\/www.topohvar.at\/wp-content\/uploads\/2018\/08\/sg-in-28-1-1024x503.jpg 1024w, https:\/\/www.topohvar.at\/wp-content\/uploads\/2018\/08\/sg-in-28-1-300x147.jpg 300w, https:\/\/www.topohvar.at\/wp-content\/uploads\/2018\/08\/sg-in-28-1-768x377.jpg 768w\" sizes=\"auto, (max-width: 640px) 100vw, 640px\" \/><\/p>\n<p><strong>Ime \/ Name<br \/>\n<\/strong>Natpis \u00bbRimski natpis zakrenuti za 90\u00b0\u00ab \/ r\u00f6mische Inschrift um 90\u00b0 verdreht<\/p>\n<p><strong>Code: <\/strong>SG-IN-28\u00a0 \u00a0 \u00a0 \u00a0 \u00a0 \u00a0 \u00a0 \u00a0 \u00a0 \u00a0 \u00a0 \u00a0 \u00a0 \u00a0 \u00a0 \u00a0 \u00a0 \u00a0\u00a0<strong><a href=\"https:\/\/www.topohvar.at\/orte\/sg\/sg-in-33-1\/\"><img loading=\"lazy\" decoding=\"async\" class=\"alignnone wp-image-533 size-full\" src=\"https:\/\/www.topohvar.at\/wp-content\/uploads\/2018\/07\/push-l-30.jpg\" alt=\"\" width=\"61\" height=\"30\" \/><\/a> <a href=\"https:\/\/www.topohvar.at\/orte\/sg\/\"><img loading=\"lazy\" decoding=\"async\" class=\"alignnone wp-image-535 size-full\" src=\"https:\/\/www.topohvar.at\/wp-content\/uploads\/2018\/07\/push-o-30.jpg\" alt=\"\" width=\"61\" height=\"30\" \/><\/a> <a href=\"https:\/\/www.topohvar.at\/orte\/sg\/sg-in-11-2\/\"><img loading=\"lazy\" decoding=\"async\" class=\"alignnone wp-image-536 size-full\" src=\"https:\/\/www.topohvar.at\/wp-content\/uploads\/2018\/07\/push-r-30.jpg\" alt=\"\" width=\"61\" height=\"30\" \/><\/a><\/strong><\/p>\n<hr \/>\n<p><strong>Adresa \/ Adresse<br \/>\n<\/strong>Stari Grad, Vagonj 31, ku\u0107a Botteri<\/p>\n<p><strong>Lokacija \/ Position<a href=\"https:\/\/goo.gl\/maps\/eQWfSf8qb5erC8rr6\"><img loading=\"lazy\" decoding=\"async\" class=\"alignright wp-image-2790\" src=\"https:\/\/www.topohvar.at\/wp-content\/uploads\/2018\/08\/1231.jpg\" alt=\"\" width=\"134\" height=\"100\" \/><\/a><br \/>\n<\/strong><span style=\"color: #3366ff;\"><a style=\"color: #3366ff;\" href=\"https:\/\/goo.gl\/maps\/eQWfSf8qb5erC8rr6\">Latitude: N 43,18303\u00b0\u00a0 \u00a0Longitude: E 16,59708\u00b0<\/a> <\/span><strong><br \/>\n<\/strong>Visina \/ H\u00f6he: 4 m<\/p>\n<p><strong>Katastarska \u010destica \/ Grundst\u00fccke<br \/>\n<\/strong>*219\/2<div class='content-column one_half'><div style=\"padding-right:6px;\"><p><strong>Datum snimanja \/ Erfassungsdatum<br \/>\n<\/strong>09.09.2016 09:19:13<\/p>\n<hr \/>\n<p><strong>Informacije<\/strong><\/p>\n<p>Na ku\u0107i Vagonj 31 ugra\u0111en je rimski spolije uvijen za 90 \u00b0 u zid ku\u0107e.<\/p><\/div><\/div><div class='content-column one_half last_column'><div style=\"padding-right:0px;padding-left:6px;\"><p><strong>Stupanj za\u0161tite \/ Schutzstellung<br \/>\n<\/strong>&#8211;<\/p>\n<hr \/>\n<p><strong>Info<\/strong><\/p>\n<p>Am Haus Vagonj 31 ist eine r\u00f6mische Spolie, um 90\u00b0 verdreht in die Hauswand eingemauert.<\/p><\/div><\/div><div class='clear_column'><\/div><\/p>\n<p style=\"text-align: center;\">Natpis: \/ Inschrift:<\/p>\n<p style=\"text-align: center;\">L F VE MENTI MIORU XXV IM LIBERTA \u2026<\/p>\n<div class='content-column one_half'><div style=\"padding-right:6px;\"><p>(= ? Moj duh je ranjiv? ostaviti 25 u slobodi?)<\/p><\/div><\/div><div class='content-column one_half last_column'><div style=\"padding-right:0px;padding-left:6px;\"><p>(= ? mein Geist ist verwundbar ? verlasse 25 in Freiheit ?)<\/p><\/div><\/div><div class='clear_column'><\/div><\/p>\n<hr \/>\n<div class='content-column one_half'><div style=\"padding-right:6px;\"><p>Vagonj je ulica u sredi\u0161njem dijelu Staroga Grada koja se iz pravca juga prema sjeveru spu\u0161ta okomito na Srednju ulicu koju &#8217;sije\u010de&#8216; pod pravim kutem. Ta je ulica puna ostataka pro\u0161losti koje bude zanimanje za neka davno pro\u0161la vremena i doga\u0111aje. Da je &#8218;po Vaganju sve antiko&#8216; kako govore stihovi na\u0161eg pok. sugra\u0111anina, g. Kre\u0161imira (Kre\u0161ota) Dul\u010di\u0107a, svjedo\u010di i ovaj kamen sa anti\u010dkim &#8211; latinskim natpisom, ugra\u0111en u pro\u010delju ku\u0107e Botteri na sredini Vaganja, nasuprot ku\u0107e Pipi-Rokotovih. Tekst na tom kamenu nismo uspjeli prevesti, ali \u010ditaju\u0107i zaklju\u010dujemo da se radi o rimskom nadgrobnom ili drugom prigodnom spomeniku u kojem se(izme\u0111u ostalog) spominju i rije\u010di: menti (od mens ) i liberta(s) &#8211; duh i sloboda.<\/p><\/div><\/div><div class='content-column one_half last_column'><div style=\"padding-right:0px;padding-left:6px;\"><p>Vagonj ist eine Stra\u00dfe im Zentrum von Stari Grad, die von der Srednja-Stra\u00dfe rechtwinkelig nach S\u00fcden abzweigt. Die Stra\u00dfe ist voller historischer Reste, die das Interesse an l\u00e4ngst vergangenen Zeiten und Ereignissen wecken. &#8222;In Vaganj ist alles antik&#8220;, wie die Verse des Stari-Graders Kre\u0161imir (Kre\u0161ot) Dul\u010di\u0107 bezeugen. Dies wird auch an dieser Stein mit einer altlateinischen Inschrift bezeugt, die in die Vorderseite des Botteri-Hauses mitten in Vaganj gegen\u00fcber dem Pipi-Rokotov-Haus eingebaut ist. Der fragmentare Text l\u00e4sst darauf schlie\u00dfen, dass es sich um einen r\u00f6mischen Grabstein oder ein anderes Denkmal handelt, in dem (unter anderem) die W\u00f6rter erw\u00e4hnt werden: Menti (von Geist) und Liberta (s) &#8211; Geist und Freiheit.<\/p><\/div><\/div><div class='clear_column'><\/div><\/p>\n<p style=\"text-align: right;\"><span style=\"color: #3366ff;\"><a style=\"color: #3366ff;\" href=\"#seite_oben\">natrag na vrh \/ Seitenanfang<\/a><\/span><\/p>\n<hr \/>\n<p><strong>Linkovi \/ Links<\/strong><\/p>\n<p>&#8211;<\/p>\n","protected":false},"excerpt":{"rendered":"<p>Ime \/ Name Natpis \u00bbRimski natpis zakrenuti za 90\u00b0\u00ab \/ r\u00f6mische Inschrift um 90\u00b0 verdreht Code: SG-IN-28\u00a0 \u00a0 \u00a0 \u00a0 \u00a0 \u00a0 \u00a0 \u00a0 \u00a0 \u00a0 \u00a0 \u00a0 \u00a0 \u00a0 \u00a0 \u00a0 \u00a0 \u00a0\u00a0 Adresa \/ Adresse Stari Grad, Vagonj &hellip; <a href=\"https:\/\/www.topohvar.at\/topo\/orte\/sg\/sg-in-28-2\/\">Weiterlesen <span class=\"meta-nav\">&rarr;<\/span><\/a><\/p>\n","protected":false},"author":1,"featured_media":0,"parent":99,"menu_order":0,"comment_status":"closed","ping_status":"closed","template":"","meta":{"footnotes":""},"class_list":["post-2671","page","type-page","status-publish","hentry"],"_links":{"self":[{"href":"https:\/\/www.topohvar.at\/topo\/wp-json\/wp\/v2\/pages\/2671","targetHints":{"allow":["GET"]}}],"collection":[{"href":"https:\/\/www.topohvar.at\/topo\/wp-json\/wp\/v2\/pages"}],"about":[{"href":"https:\/\/www.topohvar.at\/topo\/wp-json\/wp\/v2\/types\/page"}],"author":[{"embeddable":true,"href":"https:\/\/www.topohvar.at\/topo\/wp-json\/wp\/v2\/users\/1"}],"replies":[{"embeddable":true,"href":"https:\/\/www.topohvar.at\/topo\/wp-json\/wp\/v2\/comments?post=2671"}],"version-history":[{"count":16,"href":"https:\/\/www.topohvar.at\/topo\/wp-json\/wp\/v2\/pages\/2671\/revisions"}],"predecessor-version":[{"id":47999,"href":"https:\/\/www.topohvar.at\/topo\/wp-json\/wp\/v2\/pages\/2671\/revisions\/47999"}],"up":[{"embeddable":true,"href":"https:\/\/www.topohvar.at\/topo\/wp-json\/wp\/v2\/pages\/99"}],"wp:attachment":[{"href":"https:\/\/www.topohvar.at\/topo\/wp-json\/wp\/v2\/media?parent=2671"}],"curies":[{"name":"wp","href":"https:\/\/api.w.org\/{rel}","templated":true}]}}