{"id":2872,"date":"2018-08-04T17:46:38","date_gmt":"2018-08-04T15:46:38","guid":{"rendered":"https:\/\/www.topohvar.at\/?page_id=2872"},"modified":"2021-04-17T12:50:11","modified_gmt":"2021-04-17T10:50:11","slug":"sg-ip-02-2","status":"publish","type":"page","link":"https:\/\/www.topohvar.at\/topo\/orte\/sg\/sg-ip-02-2\/","title":{"rendered":"STARI GRAD &#8211; Informativna plo\u010da \u00bbStari Grad \/ Povijest \/ Plan\u00ab"},"content":{"rendered":"<p><a name=\"seite_oben\"><\/a><br \/>\n<img loading=\"lazy\" decoding=\"async\" class=\"alignnone wp-image-2856 size-large\" src=\"https:\/\/www.topohvar.at\/wp-content\/uploads\/2018\/08\/SG-IP-02-1-1024x503.jpg\" alt=\"\" width=\"640\" height=\"314\" srcset=\"https:\/\/www.topohvar.at\/wp-content\/uploads\/2018\/08\/SG-IP-02-1-1024x503.jpg 1024w, https:\/\/www.topohvar.at\/wp-content\/uploads\/2018\/08\/SG-IP-02-1-300x147.jpg 300w, https:\/\/www.topohvar.at\/wp-content\/uploads\/2018\/08\/SG-IP-02-1-768x377.jpg 768w\" sizes=\"auto, (max-width: 640px) 100vw, 640px\" \/><\/p>\n<p><strong>Ime \/ Name<br \/>\n<\/strong>Informativna plo\u010da \u00bbStari Grad \/ Povijest \/ Plan\u00ab \/ Infotafel Stadt Stari Grad \/ Geschichte \/Plan<\/p>\n<p><strong>Code: <\/strong>SG-IP-02\u00a0 \u00a0 \u00a0 \u00a0 \u00a0 \u00a0 \u00a0 \u00a0 \u00a0 \u00a0 \u00a0 \u00a0 \u00a0 \u00a0 \u00a0 \u00a0 \u00a0 \u00a0\u00a0<strong><a href=\"https:\/\/www.topohvar.at\/orte\/sg\/sg-ip-13-2\/\"><img loading=\"lazy\" decoding=\"async\" class=\"alignnone wp-image-533 size-full\" src=\"https:\/\/www.topohvar.at\/wp-content\/uploads\/2018\/07\/push-l-30.jpg\" alt=\"\" width=\"61\" height=\"30\" \/><\/a> <a href=\"https:\/\/www.topohvar.at\/orte\/sg\/\"><img loading=\"lazy\" decoding=\"async\" class=\"alignnone wp-image-535 size-full\" src=\"https:\/\/www.topohvar.at\/wp-content\/uploads\/2018\/07\/push-o-30.jpg\" alt=\"\" width=\"61\" height=\"30\" \/><\/a> <a href=\"https:\/\/www.topohvar.at\/orte\/sg\/sg-ip-11-2\/\"><img loading=\"lazy\" decoding=\"async\" class=\"alignnone wp-image-536 size-full\" src=\"https:\/\/www.topohvar.at\/wp-content\/uploads\/2018\/07\/push-r-30.jpg\" alt=\"\" width=\"61\" height=\"30\" \/><\/a>\u00a0<a href=\"https:\/\/www.topohvar.at\/orte\/sg\/sg-is-19-2\/\"><img loading=\"lazy\" decoding=\"async\" class=\"alignnone wp-image-12299 size-full\" src=\"https:\/\/www.topohvar.at\/wp-content\/uploads\/2018\/09\/push-next-30.jpg\" alt=\"\" width=\"61\" height=\"30\" \/><\/a><\/strong><\/p>\n<hr \/>\n<p><strong>Adresa \/ Adresse<br \/>\n<\/strong>Stari Grad,\u00a0Park Vorba<\/p>\n<p><strong>Lokacija \/ Position<a href=\"https:\/\/goo.gl\/maps\/qhsKKesNsSjaSqk8A\"><img loading=\"lazy\" decoding=\"async\" class=\"alignright wp-image-2911\" src=\"https:\/\/www.topohvar.at\/wp-content\/uploads\/2018\/08\/0554.jpg\" alt=\"\" width=\"133\" height=\"100\" \/><\/a><br \/>\n<\/strong><span style=\"color: #3366ff;\"><a style=\"color: #3366ff;\" href=\"https:\/\/goo.gl\/maps\/qhsKKesNsSjaSqk8A\">Latitude: N 43,18430\u00b0\u00a0 \u00a0Longitude: E 16,59974\u00b0<\/a> <\/span><strong><br \/>\n<\/strong>Visina \/ H\u00f6he: 1 m<\/p>\n<p><strong>Katastarska \u010destica \/ Grundst\u00fccke<br \/>\n<\/strong>7111<div class='content-column one_half'><div style=\"padding-right:6px;\"><p><strong>Datum snimanja \/ Erfassungsdatum<br \/>\n<\/strong>02.05.2014 16:49:01<\/p>\n<hr \/>\n<p><strong>Informacije<\/strong><\/p>\n<p>Stari Grad je najstariji grad na otoku Hrvatske. Na mjestu Staroga Grada postoji jo\u0161 u prapovijesti, a u pisanu povijest ulazi 385.\/384. godine pr. Kr. kada\u00a0 kolonisti s gr\u010dkog otoka Parosa u Egejskom moru, utemeljuju polis (grad-dr\u017eavu) Faros.<\/p><\/div><\/div><div class='content-column one_half last_column'><div style=\"padding-right:0px;padding-left:6px;\"><p><strong>Stupanj za\u0161tite \/ Schutzstellung<br \/>\n<\/strong>&#8211;<\/p>\n<hr \/>\n<p><strong>Info<\/strong><\/p>\n<p>Stari Grad ist die \u00e4lteste Stadt auf den Inseln Kroatiens. Bereits in pr\u00e4historischen Zeiten war der Raum Stari Grads besiedelt. Die ersten dokumentierten Spuren stammen aus den Jahren 385 \/ 384 vor Chr., als Siedler der griechischen Insel Pharos in der \u00c4g\u00e4is, die <em>Polis<\/em> (Stadtstaat) <em>Pharos<\/em> gr\u00fcndeten.<\/p><\/div><\/div><div class='clear_column'><\/div><div class='content-column one_half'><div style=\"padding-right:6px;\"><p>Od I. st- pr.Kr. Grad se romanizira, i do kraja antike zove se Farija.<\/p><\/div><\/div><div class='content-column one_half last_column'><div style=\"padding-right:0px;padding-left:6px;\"><p>Seit der Romanisierung im 1. Jh. v. Chr. bis zum Ende der Antike wurde sie <em>Faria<\/em> genannt.<\/p><\/div><\/div><div class='clear_column'><\/div><div class='content-column one_half'><div style=\"padding-right:6px;\"><p>U ranom srednjem vrjeku ime grada, preuzeto od romanskog stanovni\u0161tva, prilago\u0111eno je jeziku novih slavenskih doseljenika te se do kraja XIII. stolje\u0107a far ili Huarr.<\/p><\/div><\/div><div class='content-column one_half last_column'><div style=\"padding-right:0px;padding-left:6px;\"><p>Im fr\u00fchen Mittelalter wurde der Name der Stadt von der r\u00f6mischen Bev\u00f6lkerung in die Sprache der slawischen Einwanderer \u00fcbernommen und angepasst und hie\u00df bis zum Ende des 13. Jh. <em>Huarr<\/em>.<\/p><\/div><\/div><div class='clear_column'><\/div><div class='content-column one_half'><div style=\"padding-right:6px;\"><p>Ime Stari Grad se spominje u Hvarskom statutu iz 1331. godine, kako bi se radikovao od Novograda Grada &#8211; danalnjeg Hvara, koji se po\u0107inje raditi 1278. godine i koji postaje novo sjedi\u0161te Hvarske komune, te cime preuzima anti\u010dko ime glavnog grada otoka.<\/p><\/div><\/div><div class='content-column one_half last_column'><div style=\"padding-right:0px;padding-left:6px;\"><p>Der Name Stari Grad wird erstmals in der Satzung von 1331 erw\u00e4hnt. Damals wurde \u2013 seit 1278 \u2013 an der Stadt <em>Novograd<\/em> der heutigen Stadt <em>Hvar<\/em> gebaut, die der neue Sitz der Hvarer Gemeinde wurde, und den alten Namen der Hauptstadt der Insel \u00fcbernahm.<\/p><\/div><\/div><div class='clear_column'><\/div><div class='content-column one_half'><div style=\"padding-right:6px;\"><p>U renesansi je Stari Grad ladanjsko naselje hvarskih plemi\u0107a, od kojih ga je jedan &#8211; Petar Hektorovi\u0107, pjesnik i graditelj duboko obilje\u010dio. Barokno XVII. i XVIII. st. dala je pe\u010dat ve\u0107ini crkava i gradskih ku\u0107a.<\/p><\/div><\/div><div class='content-column one_half last_column'><div style=\"padding-right:0px;padding-left:6px;\"><p>W\u00e4hrend der Renaissance war Stari Grad Landsitz der Hvarer Aristokratie, von denen <em>Petar Hektorovi\u0107<\/em>, Dichter und Bauherr den Ort nachhaltig gepr\u00e4gt hat. Die Barockzeit des 17. und 18. Jh. dr\u00fcckte den meisten Kirchen und B\u00fcrgerh\u00e4usern ihren Siegel auf.<\/p><\/div><\/div><div class='clear_column'><\/div><div class='content-column one_half'><div style=\"padding-right:6px;\"><p>A XIX st. kada je Stari Grad bio luka s velikom flotom vlastitih jedrenjaka, formiralo je danalnju liniju gradske obale. Tisu\u0107ije\u0107a povijesti ostavila su vidijive tragove u urbanom ??ivu Staro Grada, te je \u0161etnja gradom i okolicim jedinstven susred s pro\u0161lo\u0161\u0107u.<\/p><\/div><\/div><div class='content-column one_half last_column'><div style=\"padding-right:0px;padding-left:6px;\"><p>Im neunzehnten Jahrhundert wo die Stadt einen Hafen mit einer gro\u00dfen Flotte eigener Segelschiffe besa\u00df, wurde die heutige K\u00fcstenlinie gebildet. Die tausendj\u00e4hrige Geschichte hat ihre sichtbaren Spuren in Stari Grad hinterlassen. Ein Spaziergang durch die Stadt und ihre Umgebung ist eine einzigartige Begegnung mit der Vergangenheit.<\/p><\/div><\/div><div class='clear_column'><\/div><\/p>\n<p style=\"text-align: right;\"><a href=\"#seite_oben\">natrag na vrh \/ Seitenanfang<\/a><\/p>\n<hr \/>\n<p><strong>Linkovi \/ Links<\/strong><\/p>\n<p><span style=\"color: #3366ff;\"><a style=\"color: #3366ff;\" href=\"https:\/\/www.topohvar.at\/topo\/orte\/sg\/sg-ov-01-2\/\">Objekt \u00bbPark Vorba\u00ab<\/a><\/span><\/p>\n","protected":false},"excerpt":{"rendered":"<p>Ime \/ Name Informativna plo\u010da \u00bbStari Grad \/ Povijest \/ Plan\u00ab \/ Infotafel Stadt Stari Grad \/ Geschichte \/Plan Code: SG-IP-02\u00a0 \u00a0 \u00a0 \u00a0 \u00a0 \u00a0 \u00a0 \u00a0 \u00a0 \u00a0 \u00a0 \u00a0 \u00a0 \u00a0 \u00a0 \u00a0 \u00a0 \u00a0\u00a0 \u00a0 Adresa &hellip; <a href=\"https:\/\/www.topohvar.at\/topo\/orte\/sg\/sg-ip-02-2\/\">Weiterlesen <span class=\"meta-nav\">&rarr;<\/span><\/a><\/p>\n","protected":false},"author":1,"featured_media":0,"parent":99,"menu_order":0,"comment_status":"closed","ping_status":"closed","template":"","meta":{"footnotes":""},"class_list":["post-2872","page","type-page","status-publish","hentry"],"_links":{"self":[{"href":"https:\/\/www.topohvar.at\/topo\/wp-json\/wp\/v2\/pages\/2872","targetHints":{"allow":["GET"]}}],"collection":[{"href":"https:\/\/www.topohvar.at\/topo\/wp-json\/wp\/v2\/pages"}],"about":[{"href":"https:\/\/www.topohvar.at\/topo\/wp-json\/wp\/v2\/types\/page"}],"author":[{"embeddable":true,"href":"https:\/\/www.topohvar.at\/topo\/wp-json\/wp\/v2\/users\/1"}],"replies":[{"embeddable":true,"href":"https:\/\/www.topohvar.at\/topo\/wp-json\/wp\/v2\/comments?post=2872"}],"version-history":[{"count":17,"href":"https:\/\/www.topohvar.at\/topo\/wp-json\/wp\/v2\/pages\/2872\/revisions"}],"predecessor-version":[{"id":48053,"href":"https:\/\/www.topohvar.at\/topo\/wp-json\/wp\/v2\/pages\/2872\/revisions\/48053"}],"up":[{"embeddable":true,"href":"https:\/\/www.topohvar.at\/topo\/wp-json\/wp\/v2\/pages\/99"}],"wp:attachment":[{"href":"https:\/\/www.topohvar.at\/topo\/wp-json\/wp\/v2\/media?parent=2872"}],"curies":[{"name":"wp","href":"https:\/\/api.w.org\/{rel}","templated":true}]}}