{"id":2888,"date":"2018-08-04T17:51:43","date_gmt":"2018-08-04T15:51:43","guid":{"rendered":"https:\/\/www.topohvar.at\/?page_id=2888"},"modified":"2025-05-18T17:05:20","modified_gmt":"2025-05-18T15:05:20","slug":"sg-ip-10-2","status":"publish","type":"page","link":"https:\/\/www.topohvar.at\/topo\/orte\/sg\/sg-ip-10-2\/","title":{"rendered":"STARI GRAD &#8211; Informativna plo\u010da \u00bbJadasinski put\u00ab"},"content":{"rendered":"<p><a name=\"seite_oben\"><\/a><img loading=\"lazy\" decoding=\"async\" class=\"aligncenter wp-image-69243 size-full\" src=\"https:\/\/www.topohvar.at\/wp-content\/uploads\/2024\/07\/SG-IP-10-2.jpg\" alt=\"\" width=\"1080\" height=\"530\" srcset=\"https:\/\/www.topohvar.at\/wp-content\/uploads\/2024\/07\/SG-IP-10-2.jpg 1080w, https:\/\/www.topohvar.at\/wp-content\/uploads\/2024\/07\/SG-IP-10-2-300x147.jpg 300w, https:\/\/www.topohvar.at\/wp-content\/uploads\/2024\/07\/SG-IP-10-2-1024x503.jpg 1024w, https:\/\/www.topohvar.at\/wp-content\/uploads\/2024\/07\/SG-IP-10-2-768x377.jpg 768w\" sizes=\"auto, (max-width: 1080px) 100vw, 1080px\" \/><\/p>\n<p><strong>Ime \/ Name<br \/>\n<\/strong>Informativna plo\u010da \u00bbJadasinski put\u00ab \/ Infotafel Weg der Jadasiner<\/p>\n<p><strong>Code: <\/strong>SG-IP-10\u00a0 \u00a0 \u00a0 \u00a0 \u00a0 \u00a0 \u00a0 \u00a0 \u00a0 \u00a0 \u00a0 \u00a0 \u00a0 \u00a0 \u00a0 \u00a0 \u00a0 \u00a0\u00a0<strong><a href=\"https:\/\/www.topohvar.at\/orte\/sg\/sg-ip-23-1\/\"><img loading=\"lazy\" decoding=\"async\" class=\"alignnone wp-image-533 size-full\" src=\"https:\/\/www.topohvar.at\/wp-content\/uploads\/2018\/07\/push-l-30.jpg\" alt=\"\" width=\"61\" height=\"30\" \/><\/a> <a href=\"https:\/\/www.topohvar.at\/orte\/sg\/\"><img loading=\"lazy\" decoding=\"async\" class=\"alignnone wp-image-535 size-full\" src=\"https:\/\/www.topohvar.at\/wp-content\/uploads\/2018\/07\/push-o-30.jpg\" alt=\"\" width=\"61\" height=\"30\" \/><\/a> <a href=\"https:\/\/www.topohvar.at\/orte\/sg\/sg-ip-15-1\/\"><img loading=\"lazy\" decoding=\"async\" class=\"alignnone wp-image-536 size-full\" src=\"https:\/\/www.topohvar.at\/wp-content\/uploads\/2018\/07\/push-r-30.jpg\" alt=\"\" width=\"61\" height=\"30\" \/><\/a>\u00a0<a href=\"https:\/\/www.topohvar.at\/orte\/sg\/sg-is-19-2\/\"><img loading=\"lazy\" decoding=\"async\" class=\"alignnone wp-image-12299 size-full\" src=\"https:\/\/www.topohvar.at\/wp-content\/uploads\/2018\/09\/push-next-30.jpg\" alt=\"\" width=\"61\" height=\"30\" \/><\/a>\u00a0<\/strong><\/p>\n<hr \/>\n<p><strong>Adresa \/ Adresse<br \/>\n<\/strong>Stari Grad, Polje \/ Stari Grader Ebene<\/p>\n<p><strong>Lokacija \/ Position<a href=\"https:\/\/goo.gl\/maps\/AcZRwD4SLYngvj5e6\"><img loading=\"lazy\" decoding=\"async\" class=\"alignright wp-image-2934\" src=\"https:\/\/www.topohvar.at\/wp-content\/uploads\/2018\/08\/0562.jpg\" alt=\"\" width=\"133\" height=\"100\" \/><\/a><br \/>\n<\/strong><span style=\"color: #3366ff;\"><a style=\"color: #3366ff;\" href=\"https:\/\/goo.gl\/maps\/AcZRwD4SLYngvj5e6\">Latitude: N 43,17593\u00b0\u00a0 \u00a0Longitude: E 16,60765\u00b0<\/a> <\/span><strong><br \/>\n<\/strong>Visina \/ H\u00f6he: 33 m<\/p>\n<p><strong>Katastarska \u010destica \/ Grundst\u00fccke<br \/>\n<\/strong>4123<div class='content-column one_half'><div style=\"padding-right:6px;\"><p><strong>Datum snimanja \/ Erfassungsdatum<br \/>\n<\/strong>01.10.2013 15:00:00<\/p>\n<hr \/>\n<p><strong>Informacije<\/strong><\/p>\n<p>U Starome Gradu prona\u0111ena je baza spomenika (tropaion) u koju je uklesan natpis koji slavi pobjedu Farana nad Jadasinima: <em>Farani od Jadasina i saveznika oru\u017eje (osvojili).<\/em> Postoje dva tuma\u010denja ovog najstarijeg zabilje\u017eenog povjesnog doga\u0111aja s podru\u010dja Hvarske. Mnogi su ga znastvenici povezali s velikim sukobom izme\u0111u grka i ilirskih plemena 384\/3. pr. Kr., no vjerojatnije je da su Farani u drugoj polovici IV. st. pr. Kr. odbili napad liburnskog plemena Jadasina koji su \u017eivjeli u okolici Jadera (dana\u0161njeg Zadra). Spomenik se nalazi u Arheolo\u0161kom muzeju u Zagrebu, a kopija se mo\u017ee vidjeti u Muzeju Dominikanskog smostana u Starom Gradu. Put vodi lokalitetu <em>Purkin kuk<\/em>, na kojem se nalaze ostaci prapovijesne gomile i gr\u010dke utvrde.<\/p><\/div><\/div><div class='content-column one_half last_column'><div style=\"padding-right:0px;padding-left:6px;\"><p><strong>Stupanj za\u0161tite \/ Schutzstellung<br \/>\n<\/strong>&#8211;<\/p>\n<hr \/>\n<p><strong>Info<\/strong><\/p>\n<p>In Stari Grad wurde der Sockel eines Denkmals (tropaion) mit einer eingravierten Inschrift gefunden, in der ein Sieg der Faraner \u00fcber Jadasina gefeiert wird: <em>Die<\/em> <em>Farani (eroberten) von den Jadasinern und Verb\u00fcndeten Waffen<\/em>. Es gibt zwei Deutungen des \u00e4ltesten \u00fcberlieferten historischen Ereignisses von Hvar. Viele Wissenschaftler verbinden es mit dem gro\u00dfen Konflikt zwischen griechischen und illyrischen St\u00e4mmen im Jahr 384\/383 v. Chr. wahrscheinlicher ist aber, dass die Farer in der zweiten H\u00e4lfte des 4. Jh. v. Chr. den Angriff des liburnischen Stammes Jadasina abwehrten, der um Jadera (heute Zadar) lebte. Das Denkmal befindet sich im Arch\u00e4ologischen Museum Zagreb, eine Kopie kann man im Museum des Dominikanerklosters Stari Grad sehen. Der Weg f\u00fchrt nach <em>Purkin kuk<\/em>, auf dem sich die Reste eines pr\u00e4historischen H\u00fcgels und griechischen Bauwerks befinden.<\/p><\/div><\/div><div class='clear_column'><\/div><div class='content-column one_half'><div style=\"padding-right:6px;\"><p>O osnutku Farosa pi\u0161e Diodor, gr\u010dki\u00a0 povjesni\u010dar sa Sicilije, koji je pisao u 1. stolje\u0107u prije Krista, i koji je jedini anti\u010dki pisani izvor vezan uz datum osnivanja parske kolonije i doga\u0111aja koji su se odigrali nedugo zatim. U 15. knjizi svoje Univerzalne povijesti (<em>Bibliotheke historike<\/em>) on daje prikaz aktivnosti Dionizija Starijeg iz Sirakuze, najmo\u0107nijeg tiranina na Sredozemlju u kasnom 5. i u prvoj polovini 4. stolje\u0107a prije Krista. On pi\u0161e: <em>Dok\u00a0 se to doga\u0111alo <\/em>(tj. kad se Dionizije Stariji udru\u017eio s Molo\u0161anima i Ilirima u Epiru u zapadnoj Gr\u010dkoj, op. p.), <em>Parani prema nekom proro\u010danstvu posla\u0161e koloniju na Jadran, osnovav\u0161i je na otoku zvanom Faros, u suradnji\u00a0 s tiraninom Dionizijem<\/em> (XV, 13, 4). Diodor nastavlja: <em>Na kraju godine (384. pr. n. e., op. p.), u Ateni je arhont bio\u00a0 Diotrephes, a u Rimu\u00a0 su\u00a0 za konzule izabrani Lucije Valerije i Aulus Marius, a u Eleji je\u00a0 proslavljena 99. olimpijada, ona u kojoj je Dikon iz Sirakuze osvojio \u00abstadion\u00bb. Za to vrijeme (384. pr. n. e., op. p.) su Parani koji su naselili Faros dopustili barbarima na otoku da\u00a0 nesmetano ostanu na veoma\u00a0 utvr\u0111enom mjestu, dok su oni utemeljili grad na moru i obzidali ga. Kasnije, barbari s otoka nisu podnosili nazo\u010dnost Grka i pozva\u0161e Ilire s kopna nasuprot otoku.Njih vi\u0161e od\u00a0 deset tisu\u0107a prije\u0111e na Faros s mnogo malih brodova, poduze\u0161e napad i pobi\u0161e mnogo od Grka. No namjesnik\u00a0 Lisosa (danas Lje\u0161 u Albaniji), postavljen od\u00a0 Dionizija, zaplovi\u00a0 s ve\u010dim brojem trirema protiv ilirskih brodica;\u00a0 i jedne potopi, druge zarobi, pobiv\u0161i vi\u0161e od pet tisu\u0107a barbara, zarobiv\u0161i pak oko dvije tisu\u0107e<\/em> (15,14, 1-2).<\/p><\/div><\/div><div class='content-column one_half last_column'><div style=\"padding-right:0px;padding-left:6px;\"><p>Die Gr\u00fcndung von Pharos beschreibt der griechische Historiker Diodor aus Sizilien, der im 1. Jh.v.Chr. Das ist die einzige alte schriftliche Quelle die mit dem Datum der Gr\u00fcndung der Kolonie und den Ereignissen die kurz danach stattfanden verbunden ist. Im 15. Buch seiner Universalgeschichte (Bibliothek Historiker) gibt er einen \u00dcberblick \u00fcber die Aktivit\u00e4ten des Dionysius des \u00c4lteren von Syrakus, dem m\u00e4chtigsten Tyrannen im Mittelmeer im sp\u00e4ten 5. und der ersten H\u00e4lfte des 4. Jahrhunderts vor Christus. Er schreibt: <em>W\u00e4hrend dies geschieht (.. Also wenn Dionysius der \u00c4ltere eine Partnerschaft mit den Molo\u0161anier und Illyrer in Epirus in Westgriechenland eingeht, op. p.), schickten die Paraner sich an, nach einer Prophezeiung eine Kolonie in die Adria zu gr\u00fcnden, Pharos genannt, in Zusammenarbeit mit dem Tyrann Dionysiusus (XV, 13, 4).<\/em> Diodor erz\u00e4hlt weiter: <em>Am Ende des Jahres (384 v.Chr. op. p.), war in Athen der Archon Diotrephes, in Rom waren die Konsuln Lucius Valerius und Aulus Marius gew\u00e4hlt und Gelees feierte die 99. Olympiade, eine, in der Dikon aus Siracusa das &#8222;Stadion&#8220; gewann. W\u00e4hrend dieser Zeit (384 v.Chr. op. p.) siedelten die Paraner auf Pharos und erlaubten den Barbaren auf der Insel auf einen sehr festen Platz ungest\u00f6rt zu bleiben, w\u00e4hrend sie die Stadt am Meer gr\u00fcndeten und sie befestigten. Sp\u00e4ter tolerierten die Barbaren der Insel nicht mehr die Anwesenheit der Griechen und riefen Illyrer vom dem Festland gegen\u00fcber der Insel. Mehr als zehntausend setzten mit vielen kleinen Booten nach Faros \u00fcber, griffen an und t\u00f6teten viele der Griechen. Aber der von Dionysius eingesetzte Gouverneur Lisos (heute Lje\u0161 in Albanien) segelte mit einer gr\u00f6\u00dferen Anzahl Galeeren gegen die illyrischen Boote, die sie zum Teil versenkten, oder kaperten. Sie t\u00f6teten mehr als f\u00fcnftausend Barbaren und fingen ungef\u00e4hr zweitausend (15,14, 1-2).<\/em><\/p><\/div><\/div><div class='clear_column'><\/div><div class='content-column one_half'><div style=\"padding-right:6px;\"><p>Vrlo \u017eivi opis doga\u0111aja osnivanja parske kolonije sadr\u017ei nekoliko va\u017enih podataka. Opis navodi na to da je u po\u010detku bilo dogovora izme\u0111u domorodaca i Grka o mirnom osnivanju grada, a da su godinu dana kasnije doma\u0107i uvidjeli da dogovor nije bio po\u0161tivan (ili su se Grci predomislili u vezi dogovora) i zato su morali napasti novu koloniju. To tako\u0111er pokazuje da je postojao regionalni identitet doma\u0107eg stanovni\u0161tva, tako da su domorodci s Hvara mogli pozvati svoje susjede s kopna upomo\u0107. Pokazuje se tako\u0111er da je Dionizije bio zbilja gospodar Sredozemlja u tom razdoblju i da je ta bitka bila dovoljno va\u017ena za Diodora da bi o njoj pisao tri stolje\u0107a kasnije. Ali ono \u0161to nedostaje u zapisu jest: za\u0161to je Dionizije pomogao Paranima da se nasele na Hvaru? Je li to bilo zbog udaljenosti kolonije od mati\u010dnog otoka &#8211; Paros je, naime, udaljen od Hvara nekih 700 nauti\u010dkih milja? Jesu li Parani odlu\u010dili da \u0107e biti bolje ako obve\u017eu Dionizija (\u010diji je u\u010ditelj bio Filist, u\u010denik Euenosa, pitagorejskog filozofa s Parosa) i ako mu plate za taj trud? Ne znamo. Arheolo\u0161ki nalazi, ukazuju da je bio potreban znatan novac da se izgrade gradske zidine, da se napravi to\u010dna podjela zemlje na plodnom teritoriju &#8211; <em>hori<\/em>, kako bi rekli stari Grci &#8211; i da se izgrade kule za obranu. Faros je, k tome, u samom po\u010detku svog postojanja, kovao vlastiti novac u srebru i bronci. Sve to ukazuje da je Paros mogao pokriti to ulaganje i poslati nekih 1000 svojih stanovnika na Hvar. Kao i u mnogim drugim slu\u010dajevima gr\u010dke kolonizacijske aktivnosti, do\u0161lo je do sukoba izme\u0111u doma\u0107ih i prido\u0161lica, i Dionizije je to te\u0161ko kaznio. Ono \u0161to tako\u0111er ne mo\u017eemo utvrditi iz Diodorova teksta jest &#8211; gdje se nalazilo <em>izvanredno dobro utvr\u0111eno\u00a0 mjesto<\/em>, koje on spominje kao mjesto gdje su domorodci ostali nedirnuti. Mnoga su mjesta bila ponu\u0111ena kao rje\u0161enje, ali sada izgleda vjerojatnim da bi polo\u017eaj dana\u0161njega grada Hvara mogao biti to <em>izvanredno dobro utvr\u0111eno mjesto<\/em>.<\/p><\/div><\/div><div class='content-column one_half last_column'><div style=\"padding-right:0px;padding-left:6px;\"><p>Die sehr lebendige Beschreibung des Ereignisses der Gr\u00fcndung der Kolonien enth\u00e4lt einige wichtige Daten. Die Beschreibung legt nahe, dass es am Anfang eine Vereinbarung zwischen den Einheimischen und Griechen zur friedlichen Gr\u00fcndung der Stadt gab. Ein Jahr sp\u00e4ter erkannten die Einheimischen, dass die Einigung nicht eingehalten wurde (oder die Griechen ihre Meinung \u00fcber die Verinbarung \u00e4nderten) und begannen deshalb die neue Kolonie zu attackieren. Es zeigte sich auch, dass es eine regionale Identit\u00e4t der lokalen Bev\u00f6lkerung gab, so dass die Bewohner von Hvar ihre Nachbarn auf dem Festland um Hilfe rufen konnten. Es stellt sich heraus, dass Dionysius wirklich der Meister des Mittelmeers in dieser Zeit war und dass dieser Kampf f\u00fcr Dioden wichtig genug war um dar\u00fcber drei Jahrhunderte sp\u00e4ter zu schreiben. Was aber in der Beschreibung fehlt: Warum half Dionysius den Paranern sich auf der Insel Hvar niederzulassen? War es wegen der Entfernung der Kolonie von der Hauptinsel Paros &#8211; in der Tat sind das rund 700 nautische Meilen? Haben die Parani entschieden, dass es besser w\u00e4re, wenn sie Dionysius (dessen Lehrer Filist war, ein Sch\u00fcler des Euenosa dem pythagoreischen Philosophen aus Paros) f\u00fcr diesen Aufwand bezahlen? Wir wissen es nicht. Arch\u00e4ologische Funde zeigen, dass es erhebliche Geldmittel brauchen w\u00fcrde, um die Stadtmauer zu bauen und eine exakte Landteilung in fruchtbares Gebiet &#8211; Hori, wie die alten Griechen zu sagen -zu vollziehen und T\u00fcrme zur Verteidigung zu bauen. Au\u00dferdem pr\u00e4gte Faros zu Beginn seine M\u00fcnzen in Silber und Bronze selbst. All das zeigt, dass Paros diese Investition abdecken und etwa 1000 Einwohner nach Hvar schicken konnte. Wie in vielen anderen F\u00e4llen griechischer Kolonisation gab es Konflikte zwischen dem Einheimischen und Zuwanderern, und Dionysius bestrafte dies streng. Was auch nicht aus Text des Diodor hervorgeht ist jener Ort an dem die Einheimischen in Frieden gelassen wurden. Viele Orte wurden als L\u00f6sung angeboten, aber es ist wahrscheinlich, dass es die heutigen Stadt Hvar, ein au\u00dfergew\u00f6hnlich gut befetigter Ort sein k\u00f6nnte.<\/p><\/div><\/div><div class='clear_column'><\/div><div class='content-column one_half'><div style=\"padding-right:6px;\"><p>Slika gore desno:<\/p>\n<p>Natpis iz Farosa koji govori o pobjedi Farana nad Jadasinima i njihovim saveznicima, IV. stolje\u0107e prije Krista.<\/p><\/div><\/div><div class='content-column one_half last_column'><div style=\"padding-right:0px;padding-left:6px;\"><p>Bild rechts oben:<\/p>\n<p>Die Inschrift aus Faros, die vom Sieg Farans \u00fcber die Jadasier und ihre Verb\u00fcndeten spricht, IV. Jh.v.Chr.<\/p><\/div><\/div><div class='clear_column'><\/div><\/p>\n<p style=\"text-align: right;\"><a href=\"#seite_oben\">natrag na vrh \/ Seitenanfang<\/a><\/p>\n<hr \/>\n<p><strong>Linkovi \/ Links<\/strong><\/p>\n<p>&#8211;<\/p>\n","protected":false},"excerpt":{"rendered":"<p>Ime \/ Name Informativna plo\u010da \u00bbJadasinski put\u00ab \/ Infotafel Weg der Jadasiner Code: SG-IP-10\u00a0 \u00a0 \u00a0 \u00a0 \u00a0 \u00a0 \u00a0 \u00a0 \u00a0 \u00a0 \u00a0 \u00a0 \u00a0 \u00a0 \u00a0 \u00a0 \u00a0 \u00a0\u00a0 \u00a0\u00a0 Adresa \/ Adresse Stari Grad, Polje \/ Stari &hellip; <a href=\"https:\/\/www.topohvar.at\/topo\/orte\/sg\/sg-ip-10-2\/\">Weiterlesen <span class=\"meta-nav\">&rarr;<\/span><\/a><\/p>\n","protected":false},"author":1,"featured_media":0,"parent":99,"menu_order":0,"comment_status":"closed","ping_status":"closed","template":"","meta":{"footnotes":""},"class_list":["post-2888","page","type-page","status-publish","hentry"],"_links":{"self":[{"href":"https:\/\/www.topohvar.at\/topo\/wp-json\/wp\/v2\/pages\/2888","targetHints":{"allow":["GET"]}}],"collection":[{"href":"https:\/\/www.topohvar.at\/topo\/wp-json\/wp\/v2\/pages"}],"about":[{"href":"https:\/\/www.topohvar.at\/topo\/wp-json\/wp\/v2\/types\/page"}],"author":[{"embeddable":true,"href":"https:\/\/www.topohvar.at\/topo\/wp-json\/wp\/v2\/users\/1"}],"replies":[{"embeddable":true,"href":"https:\/\/www.topohvar.at\/topo\/wp-json\/wp\/v2\/comments?post=2888"}],"version-history":[{"count":22,"href":"https:\/\/www.topohvar.at\/topo\/wp-json\/wp\/v2\/pages\/2888\/revisions"}],"predecessor-version":[{"id":71968,"href":"https:\/\/www.topohvar.at\/topo\/wp-json\/wp\/v2\/pages\/2888\/revisions\/71968"}],"up":[{"embeddable":true,"href":"https:\/\/www.topohvar.at\/topo\/wp-json\/wp\/v2\/pages\/99"}],"wp:attachment":[{"href":"https:\/\/www.topohvar.at\/topo\/wp-json\/wp\/v2\/media?parent=2888"}],"curies":[{"name":"wp","href":"https:\/\/api.w.org\/{rel}","templated":true}]}}