{"id":29153,"date":"2020-01-22T16:44:11","date_gmt":"2020-01-22T15:44:11","guid":{"rendered":"https:\/\/www.topohvar.at\/topo\/?page_id=29153"},"modified":"2021-11-26T20:24:02","modified_gmt":"2021-11-26T19:24:02","slug":"hv-tg-18-1","status":"publish","type":"page","link":"https:\/\/www.topohvar.at\/topo\/orte\/hv\/hv-tg-18-1\/","title":{"rendered":"HVAR &#8211; Ku\u0107a \u00bbRoi\u0107\u00ab"},"content":{"rendered":"<p><a name=\"seite_oben\"><\/a><br \/>\n<img loading=\"lazy\" decoding=\"async\" class=\"alignnone wp-image-387 size-full\" src=\"https:\/\/www.topohvar.at\/wp-content\/uploads\/2018\/07\/00-00-00-1.jpg\" alt=\"\" width=\"114\" height=\"56\" \/><\/p>\n<p><strong>Ime \/ Name<br \/>\n<\/strong>Ku\u0107a \/ Haus \u00bbRoi\u0107\u00ab<\/p>\n<p><strong>Code: <\/strong>HV-TG-18\u00a0 \u00a0 \u00a0 \u00a0 \u00a0 \u00a0 \u00a0 \u00a0 \u00a0 \u00a0 \u00a0 \u00a0 \u00a0 \u00a0 \u00a0 \u00a0 \u00a0 \u00a0\u00a0<a href=\"https:\/\/www.topohvar.at\/hv-tg-90-1\/\"><img loading=\"lazy\" decoding=\"async\" class=\"alignnone wp-image-12300 size-full\" src=\"https:\/\/www.topohvar.at\/wp-content\/uploads\/2018\/09\/push-vor-30.jpg\" alt=\"\" width=\"61\" height=\"30\" \/><\/a>\u00a0<strong><a href=\"https:\/\/www.topohvar.at\/orte\/hv\/hv-tg-79-1\/\"><img loading=\"lazy\" decoding=\"async\" class=\"alignnone wp-image-533 size-full\" src=\"https:\/\/www.topohvar.at\/wp-content\/uploads\/2018\/07\/push-l-30.jpg\" alt=\"\" width=\"61\" height=\"30\" \/><\/a> <a href=\"https:\/\/www.topohvar.at\/orte\/hv\/\"><img loading=\"lazy\" decoding=\"async\" class=\"alignnone wp-image-535 size-full\" src=\"https:\/\/www.topohvar.at\/wp-content\/uploads\/2018\/07\/push-o-30.jpg\" alt=\"\" width=\"61\" height=\"30\" \/><\/a> <a href=\"https:\/\/www.topohvar.at\/orte\/hv\/hv-tg-64-1\/\"><img loading=\"lazy\" decoding=\"async\" class=\"alignnone wp-image-536 size-full\" src=\"https:\/\/www.topohvar.at\/wp-content\/uploads\/2018\/07\/push-r-30.jpg\" alt=\"\" width=\"61\" height=\"30\" \/><\/a>\u00a0<a href=\"https:\/\/www.topohvar.at\/hv-tg-63-1\/\"><img loading=\"lazy\" decoding=\"async\" class=\"alignnone wp-image-12299 size-full\" src=\"https:\/\/www.topohvar.at\/wp-content\/uploads\/2018\/09\/push-next-30.jpg\" alt=\"\" width=\"61\" height=\"30\" \/><\/a><\/strong><\/p>\n<hr \/>\n<p><strong>Adresa \/ Adresse<br \/>\n<\/strong>Grad Hvar, Ulica Hanibala Luci\u0107a<\/p>\n<p><strong>Lokacija <\/strong><strong>\/ Position<a href=\"https:\/\/goo.gl\/maps\/CJgQL3zdptii64Qo8\"><img loading=\"lazy\" decoding=\"async\" class=\"alignright wp-image-34338\" src=\"https:\/\/www.topohvar.at\/wp-content\/uploads\/2020\/03\/2137.jpg\" alt=\"\" width=\"134\" height=\"100\" \/><\/a><br \/>\n<\/strong><span style=\"color: #3366ff;\"><a style=\"color: #3366ff;\" href=\"https:\/\/goo.gl\/maps\/CJgQL3zdptii64Qo8\">Latitude: N 43,17204\u00b0\u00a0 \u00a0Longitude: E 16,44499\u00b0<\/a> <\/span><strong><br \/>\n<\/strong>Visina \/ H\u00f6he: 5 m<\/p>\n<p><strong>Katastarska <\/strong><strong>\u010d<\/strong><strong>estica<\/strong><strong> \/ Grundst\u00fccke<br \/>\n<\/strong>*665(?)<div class='content-column one_half'><div style=\"padding-right:6px;\"><p><strong>Datum snimanja \/ Erfassungsdatum<br \/>\n<\/strong>01.01.2000 00:00:00<\/p>\n<hr \/>\n<p><strong>Informacije<\/strong><\/p>\n<p>Ku\u0107a Roi\u0107 nalazi se nedaleko ljetnikovca Luci\u0107a. Prostorna organizacija je sli\u010dna Luci\u0107evoj: ogra\u0111eni vrt se pru\u017ea od ku\u0107e na jugu do anti\u010dkog puta prema Starom Gradu na sjeveru.<\/p><\/div><\/div><div class='content-column one_half last_column'><div style=\"padding-right:0px;padding-left:6px;\"><p><strong>Stupanj za\u0161tite<\/strong><strong> \/ Schutzstellung<br \/>\n<\/strong>&#8211;<strong><br \/>\n<\/strong><\/p>\n<hr \/>\n<p><strong>Info<\/strong><\/p>\n<p>Haus \u00bbRoic\u00ab befindet sich in der N\u00e4he des Herrenhauses Luci\u0107. Die r\u00e4umliche Organisation \u00e4hnelt der von Luci\u0107: Der umz\u00e4unte Garten erstreckt sich vom Haus im S\u00fcden bis zur alten Stra\u00dfe nach Stari Grad im Norden.<\/p><\/div><\/div><div class='clear_column'><\/div><div class='content-column one_half'><div style=\"padding-right:6px;\"><p>Vrt je 1657. godine na polo\u017eju Gornji Dolac dobio na obradivanje Luka Roi\u0107, a prema Santinijevoj veduti iz 1668. godine, ovaj sklop je pribli\u017eno definiran. Krajem 17. stolje\u0107a na ovom mjestu spominje se ku\u0107a kanonika don Marina Roi\u0107a.<\/p><\/div><\/div><div class='content-column one_half last_column'><div style=\"padding-right:0px;padding-left:6px;\"><p>Im Jahr 1657 wurde ein Garten in Gornji Dolac zur Kultivierung an Luka Roi\u0107 \u00fcbergeben. Gem\u00e4\u00df Santinis Veduten aus dem Jahr 1668 ist dieses Anwesen beschrieben. Ende des 17. Jahrhunderts wird hier das Haus des Kanonikus Don Marin Roi\u0107 erw\u00e4hnt.<\/p><\/div><\/div><div class='clear_column'><\/div><div class='content-column one_half'><div style=\"padding-right:6px;\"><p>Ku\u0107a je jednokatnica, izvorno samostalana, kojoj je u 19. stolje\u0107u dogradena dvokatnica uz isto\u010dno pro\u010delje. Uz sjeverno pro\u010delje ku\u0107e postojala je prizemnica, okomito postavljena u odnosu na ku\u0107u i od nje odvojena uskim prolazom. Sa\u010duvana su dvori\u0161na vrata izme\u0111u glavne ku\u0107e i prizemnice koja su, bila glavni ulaz u sklop.<\/p><\/div><\/div><div class='content-column one_half last_column'><div style=\"padding-right:0px;padding-left:6px;\"><p>Das Haus ist ein einst\u00f6ckiges Geb\u00e4ude, urspr\u00fcnglich ein Einfamilienhaus, das im 19. Jahrhundert entlang der Ostfassade aufgestockt wurde. An die Nordfassade des Hauses ist ein eingescho\u00dfiges Geb\u00e4ude angebaut, das senkrecht zum Haus situiert, und durch einen schmalen Durchgang von diesem getrennt ist. Die Hoft\u00fcre zwischen dem Haupthaus und dem Anbau, der Haupteingang des Komplexes, blieb erhalten.<\/p><\/div><\/div><div class='clear_column'><\/div><div class='content-column one_half'><div style=\"padding-right:6px;\"><p>Krajem 18. stolje\u0107a spominje se vrt ovog ljetnikovca kao &#8222;Orto Roich&#8220;, a od izvornog hortikulturnog ure\u0111enja sa\u010duvan je samo ulomak ravne \u0161etnice, pruzene okomito na ljetnikovac.<\/p><\/div><\/div><div class='content-column one_half last_column'><div style=\"padding-right:0px;padding-left:6px;\"><p>Ende des 18. Jahrhunderts wurde der Garten dieses Herrenhauses als &#8222;Orto Roich&#8220; bezeichnet. Von der urspr\u00fcnglichen Gartengestaltung ist nur ein Teil eines geraden Weges erhalten, der sich senkrecht zum Herrenhaus erstreckt.<\/p><\/div><\/div><div class='clear_column'><\/div><div class='content-column one_half'><div style=\"padding-right:6px;\"><p>Osim zanimljivog kruni\u0161ta zdenca u dvori\u0161tu ku\u0107e, donedavno je stajala okrugla kamena kruna bunara na sjevernoj strani vrta.<\/p><\/div><\/div><div class='content-column one_half last_column'><div style=\"padding-right:0px;padding-left:6px;\"><p>Neben der interessanten Brunnenkrone im Hof \u200b\u200bdes Hauses befand sich bis vor kurzem eine runde Steinkrone an der Nordseite des Gartens.<\/p><\/div><\/div><div class='clear_column'><\/div><\/p>\n<p style=\"text-align: right;\"><span style=\"color: #3366ff;\"><a style=\"color: #3366ff;\" href=\"#seite_oben\">natrag na vrh \/ Seitenanfang<\/a><\/span><\/p>\n<p style=\"text-align: center;\"><em>(Ladanjska izgradnja prostora hvarske komune: Nik\u0161a Petri\u0107 &#8211; Ambroz Tudor)<\/em><\/p>\n<hr \/>\n<p><strong>Linkovi \/ Links<\/strong><\/p>\n<p><span style=\"color: #3366ff;\">&#8211;<\/span><\/p>\n","protected":false},"excerpt":{"rendered":"<p>Ime \/ Name Ku\u0107a \/ Haus \u00bbRoi\u0107\u00ab Code: HV-TG-18\u00a0 \u00a0 \u00a0 \u00a0 \u00a0 \u00a0 \u00a0 \u00a0 \u00a0 \u00a0 \u00a0 \u00a0 \u00a0 \u00a0 \u00a0 \u00a0 \u00a0 \u00a0\u00a0\u00a0 \u00a0 Adresa \/ Adresse Grad Hvar, Ulica Hanibala Luci\u0107a Lokacija \/ Position Latitude: N &hellip; <a href=\"https:\/\/www.topohvar.at\/topo\/orte\/hv\/hv-tg-18-1\/\">Weiterlesen <span class=\"meta-nav\">&rarr;<\/span><\/a><\/p>\n","protected":false},"author":1,"featured_media":0,"parent":80,"menu_order":0,"comment_status":"closed","ping_status":"closed","template":"","meta":{"footnotes":""},"class_list":["post-29153","page","type-page","status-publish","hentry"],"_links":{"self":[{"href":"https:\/\/www.topohvar.at\/topo\/wp-json\/wp\/v2\/pages\/29153","targetHints":{"allow":["GET"]}}],"collection":[{"href":"https:\/\/www.topohvar.at\/topo\/wp-json\/wp\/v2\/pages"}],"about":[{"href":"https:\/\/www.topohvar.at\/topo\/wp-json\/wp\/v2\/types\/page"}],"author":[{"embeddable":true,"href":"https:\/\/www.topohvar.at\/topo\/wp-json\/wp\/v2\/users\/1"}],"replies":[{"embeddable":true,"href":"https:\/\/www.topohvar.at\/topo\/wp-json\/wp\/v2\/comments?post=29153"}],"version-history":[{"count":13,"href":"https:\/\/www.topohvar.at\/topo\/wp-json\/wp\/v2\/pages\/29153\/revisions"}],"predecessor-version":[{"id":53755,"href":"https:\/\/www.topohvar.at\/topo\/wp-json\/wp\/v2\/pages\/29153\/revisions\/53755"}],"up":[{"embeddable":true,"href":"https:\/\/www.topohvar.at\/topo\/wp-json\/wp\/v2\/pages\/80"}],"wp:attachment":[{"href":"https:\/\/www.topohvar.at\/topo\/wp-json\/wp\/v2\/media?parent=29153"}],"curies":[{"name":"wp","href":"https:\/\/api.w.org\/{rel}","templated":true}]}}